{"id":596,"date":"2023-11-22T14:26:25","date_gmt":"2023-11-22T14:26:25","guid":{"rendered":"https:\/\/www.mayodarkskypark.ie\/ar-sceal\/"},"modified":"2025-01-09T08:24:34","modified_gmt":"2025-01-09T08:24:34","slug":"ar-sceal","status":"publish","type":"page","link":"https:\/\/www.mayodarkskypark.ie\/ga\/faoi\/ar-sceal\/","title":{"rendered":"\u00c1r sc\u00e9al"},"content":{"rendered":"\n<h1 class=\"wp-block-heading\">\u00c1r <mark style=\"background-color:rgba(0, 0, 0, 0)\" class=\"has-inline-color has-ast-global-color-1-color\">sc\u00e9al<\/mark><\/h1>\n\n<div class=\"wp-block-columns is-layout-flex wp-container-core-columns-is-layout-e0e4babd wp-block-columns-is-layout-flex\" style=\"padding-right:0;padding-left:0\">\n<div class=\"wp-block-column is-layout-flow wp-block-column-is-layout-flow\">\n<p>I m\u00ed na Bealtaine 2016, bronnadh caighde\u00e1n Sraith \u00d3ir de Ph\u00e1irc Idirn\u00e1isi\u00fanta Sp\u00e9ire Dorcha ar Ph\u00e1irc Sp\u00e9ire Dorcha Mhaigh Eo ag P\u00e1irc N\u00e1isi\u00fanta N\u00e9ifinne Fi\u00e1ine (P\u00e1irc N\u00e1isi\u00fanta Bhaile Chruaich roimhe seo). T\u00e1 pr\u00f3iseas deimhnithe na sp\u00e9ire dorcha bunaithe ar chl\u00e1ir chaomhantais, mar Shu\u00edomhanna Oidhreachta Domhanda UNESCO agus Anaclanna Bithsf\u00e9ir.<\/p>\n\n\n\n<p>Is \u00e9 an gradam Sraith \u00d3ir an gradam is airde agus is f\u00e9idir a fh\u00e1il, rud a chialla\u00edonn go bhfuil aitheantas idirn\u00e1isi\u00fanta anois ag Maigh Eo mar cheann de na h\u00e1iteanna is fearr ar domhan le hiontais na ho\u00edche a fheice\u00e1il.<\/p>\n\n\n\n<p>Is sampla iontach \u00ed P\u00e1irc Dorcha Mhaigh Eo de thionscadal comhoibr\u00edoch idir \u00e1r bpobail, an tSeirbh\u00eds P\u00e1irceanna N\u00e1isi\u00fanta &amp; Fiadh\u00falra, Coillte, Campas Mhaigh Eo ATU, Forbairt Iardheisceart Mhaigh Eo agus Comhairle Contae Mhaigh Eo. T\u00e1imid an-bhr\u00f3d\u00fail as an gcomhph\u00e1irt\u00edocht l\u00e1idir a crutha\u00edodh idir daoine \u00e1iti\u00fala agus gn\u00edomhaireachta\u00ed st\u00e1it a d\u2019oibrigh le ch\u00e9ile ar an tionscadal seo. Th\u00f3g s\u00e9 breis is dh\u00e1 bhliain le hullmh\u00fa iarratas sp\u00e9ire dorcha \u00f3n gc\u00e9ad thaighde a rinneadh in 2013.<\/p>\n\n\n\n<p>T\u00e1 freagracht fhoirmi\u00fail as creidi\u00fan\u00fa Ph\u00e1irc Sp\u00e9ire Dorcha Mhaigh Eo faoi bhainist\u00edocht na Seirbh\u00edse P\u00e1irceanna N\u00e1isi\u00fanta &amp; Fiadh\u00falra, a bhfuil gealltanas tugtha acu do phlean soilsithe freagrach do Ph\u00e1irc Sp\u00e9ire Dorcha Mhaigh Eo.<\/p>\n\n\n\n<figure class=\"wp-block-image alignwide size-large\"><img loading=\"lazy\" decoding=\"async\" width=\"1024\" height=\"341\" src=\"https:\/\/www.mayodarkskypark.ie\/wp-content\/uploads\/2023\/11\/Our-Story-1024x341.jpg\" alt=\"Cruinni&#xFA; Sp&#xE9;ire Dorcha Mhaigh Eo agus Gradam Idirn&#xE1;isi&#xFA;nta um Sp&#xE9;ire Dorcha\" class=\"wp-image-60\" srcset=\"https:\/\/www.mayodarkskypark.ie\/wp-content\/uploads\/2023\/11\/Our-Story-1024x341.jpg 1024w, https:\/\/www.mayodarkskypark.ie\/wp-content\/uploads\/2023\/11\/Our-Story-300x100.jpg 300w, https:\/\/www.mayodarkskypark.ie\/wp-content\/uploads\/2023\/11\/Our-Story-768x256.jpg 768w, https:\/\/www.mayodarkskypark.ie\/wp-content\/uploads\/2023\/11\/Our-Story.jpg 1200w\" sizes=\"auto, (max-width: 1024px) 100vw, 1024px\" \/><\/figure>\n\n\n\n<p>Cuireann \u00e1r bhfoireann an-taith\u00ed ag P\u00e1irc N\u00e1isi\u00fanta N\u00e9ifinne Fi\u00e1ine f\u00e1ilte roimh chuairteoir\u00ed chuig an bP\u00e1irc Sp\u00e9ire Dorcha agus na h\u00e1iseanna den scoth at\u00e1 ar f\u00e1il (seice\u00e1il uaireanta oscailte s\u00e9as\u00faracha). Re\u00e1cht\u00e1lann \u00e1r dtreoraithe an Cl\u00e1r Oideachais Sp\u00e9ire Dorcha don bhliain (t\u00e1 \u00e1irithint riachtanach roimh r\u00e9) agus is f\u00e9idir cainteanna Sp\u00e9ire Dorcha agus imeachta\u00ed R\u00e9alt\u00f3ireachta a eagr\u00fa tr\u00edd \u00e1r n-oifigeach forbartha sp\u00e9ire dorcha.<\/p>\n\n\n\n<p>C\u00e9 go nd\u00fanann Ionad Cuairteoir\u00ed Bhaile Chruaich le linn roinnt m\u00edonna an gheimhridh, t\u00e1 na point\u00ed f\u00e9achana laistigh de Ph\u00e1irc Sp\u00e9ire Dorcha f\u00f3s ar oscailt don phobal ar feadh na bliana (f\u00e9ach ar \u00e1r rann\u00e1n Tabhair Cuairt le haghaidh tuilleadh eolais). <\/p>\n<\/div>\n<\/div>\n","protected":false},"excerpt":{"rendered":"<p>\u00c1r sc\u00e9al I m\u00ed na Bealtaine 2016, bronnadh caighde\u00e1n Sraith \u00d3ir de Ph\u00e1irc Idirn\u00e1isi\u00fanta Sp\u00e9ire Dorcha ar Ph\u00e1irc Sp\u00e9ire Dorcha Mhaigh Eo ag P\u00e1irc N\u00e1isi\u00fanta N\u00e9ifinne Fi\u00e1ine (P\u00e1irc N\u00e1isi\u00fanta Bhaile Chruaich roimhe seo). T\u00e1 pr\u00f3iseas deimhnithe na sp\u00e9ire dorcha bunaithe ar chl\u00e1ir chaomhantais, mar Shu\u00edomhanna Oidhreachta Domhanda UNESCO agus Anaclanna Bithsf\u00e9ir. Is \u00e9 an gradam [&hellip;]<\/p>\n","protected":false},"author":1,"featured_media":0,"parent":598,"menu_order":0,"comment_status":"closed","ping_status":"closed","template":"","meta":{"_uag_custom_page_level_css":"","site-sidebar-layout":"default","site-content-layout":"","ast-site-content-layout":"default","site-content-style":"default","site-sidebar-style":"default","ast-global-header-display":"","ast-banner-title-visibility":"","ast-main-header-display":"","ast-hfb-above-header-display":"","ast-hfb-below-header-display":"","ast-hfb-mobile-header-display":"","site-post-title":"disabled","ast-breadcrumbs-content":"","ast-featured-img":"","footer-sml-layout":"","ast-disable-related-posts":"","theme-transparent-header-meta":"","adv-header-id-meta":"","stick-header-meta":"","header-above-stick-meta":"","header-main-stick-meta":"","header-below-stick-meta":"","astra-migrate-meta-layouts":"default","ast-page-background-enabled":"default","ast-page-background-meta":{"desktop":{"background-color":"var(--ast-global-color-4)","background-image":"","background-repeat":"repeat","background-position":"center center","background-size":"auto","background-attachment":"scroll","background-type":"","background-media":"","overlay-type":"","overlay-color":"","overlay-opacity":"","overlay-gradient":""},"tablet":{"background-color":"","background-image":"","background-repeat":"repeat","background-position":"center center","background-size":"auto","background-attachment":"scroll","background-type":"","background-media":"","overlay-type":"","overlay-color":"","overlay-opacity":"","overlay-gradient":""},"mobile":{"background-color":"","background-image":"","background-repeat":"repeat","background-position":"center center","background-size":"auto","background-attachment":"scroll","background-type":"","background-media":"","overlay-type":"","overlay-color":"","overlay-opacity":"","overlay-gradient":""}},"ast-content-background-meta":{"desktop":{"background-color":"var(--ast-global-color-5)","background-image":"","background-repeat":"repeat","background-position":"center center","background-size":"auto","background-attachment":"scroll","background-type":"","background-media":"","overlay-type":"","overlay-color":"","overlay-opacity":"","overlay-gradient":""},"tablet":{"background-color":"var(--ast-global-color-5)","background-image":"","background-repeat":"repeat","background-position":"center center","background-size":"auto","background-attachment":"scroll","background-type":"","background-media":"","overlay-type":"","overlay-color":"","overlay-opacity":"","overlay-gradient":""},"mobile":{"background-color":"var(--ast-global-color-5)","background-image":"","background-repeat":"repeat","background-position":"center center","background-size":"auto","background-attachment":"scroll","background-type":"","background-media":"","overlay-type":"","overlay-color":"","overlay-opacity":"","overlay-gradient":""}},"footnotes":""},"class_list":["post-596","page","type-page","status-publish","hentry"],"yoast_head":"<!-- This site is optimized with the Yoast SEO plugin v27.3 - https:\/\/yoast.com\/product\/yoast-seo-wordpress\/ -->\n<title>\u00c1r sc\u00e9al - P\u00e1irc Sp\u00e9ire Dorcha Mhaigh Eo<\/title>\n<meta name=\"robots\" content=\"index, follow, max-snippet:-1, max-image-preview:large, max-video-preview:-1\" \/>\n<link rel=\"canonical\" href=\"https:\/\/www.mayodarkskypark.ie\/ga\/faoi\/ar-sceal\/\" \/>\n<meta property=\"og:locale\" content=\"ga_IE\" \/>\n<meta property=\"og:type\" content=\"article\" \/>\n<meta property=\"og:title\" content=\"\u00c1r sc\u00e9al - P\u00e1irc Sp\u00e9ire Dorcha Mhaigh Eo\" \/>\n<meta property=\"og:description\" content=\"\u00c1r sc\u00e9al I m\u00ed na Bealtaine 2016, bronnadh caighde\u00e1n Sraith \u00d3ir de Ph\u00e1irc Idirn\u00e1isi\u00fanta Sp\u00e9ire Dorcha ar Ph\u00e1irc Sp\u00e9ire Dorcha Mhaigh Eo ag P\u00e1irc N\u00e1isi\u00fanta N\u00e9ifinne Fi\u00e1ine (P\u00e1irc N\u00e1isi\u00fanta Bhaile Chruaich roimhe seo). T\u00e1 pr\u00f3iseas deimhnithe na sp\u00e9ire dorcha bunaithe ar chl\u00e1ir chaomhantais, mar Shu\u00edomhanna Oidhreachta Domhanda UNESCO agus Anaclanna Bithsf\u00e9ir. Is \u00e9 an gradam [&hellip;]\" \/>\n<meta property=\"og:url\" content=\"https:\/\/www.mayodarkskypark.ie\/ga\/faoi\/ar-sceal\/\" \/>\n<meta property=\"og:site_name\" content=\"P\u00e1irc Sp\u00e9ire Dorcha Mhaigh Eo\" \/>\n<meta property=\"article:publisher\" content=\"https:\/\/www.facebook.com\/mayodarkskies\/\" \/>\n<meta property=\"article:modified_time\" content=\"2025-01-09T08:24:34+00:00\" \/>\n<meta property=\"og:image\" content=\"https:\/\/www.mayodarkskypark.ie\/wp-content\/uploads\/2023\/11\/Our-Story.jpg\" \/>\n\t<meta property=\"og:image:width\" content=\"1200\" \/>\n\t<meta property=\"og:image:height\" content=\"400\" \/>\n\t<meta property=\"og:image:type\" content=\"image\/jpeg\" \/>\n<meta name=\"twitter:card\" content=\"summary_large_image\" \/>\n<meta name=\"twitter:label1\" content=\"Est. reading time\" \/>\n\t<meta name=\"twitter:data1\" content=\"2 minutes\" \/>\n<script type=\"application\/ld+json\" class=\"yoast-schema-graph\">{\"@context\":\"https:\\\/\\\/schema.org\",\"@graph\":[{\"@type\":\"WebPage\",\"@id\":\"https:\\\/\\\/www.mayodarkskypark.ie\\\/ga\\\/faoi\\\/ar-sceal\\\/\",\"url\":\"https:\\\/\\\/www.mayodarkskypark.ie\\\/ga\\\/faoi\\\/ar-sceal\\\/\",\"name\":\"\u00c1r sc\u00e9al - P\u00e1irc Sp\u00e9ire Dorcha Mhaigh Eo\",\"isPartOf\":{\"@id\":\"https:\\\/\\\/www.mayodarkskypark.ie\\\/#website\"},\"primaryImageOfPage\":{\"@id\":\"https:\\\/\\\/www.mayodarkskypark.ie\\\/ga\\\/faoi\\\/ar-sceal\\\/#primaryimage\"},\"image\":{\"@id\":\"https:\\\/\\\/www.mayodarkskypark.ie\\\/ga\\\/faoi\\\/ar-sceal\\\/#primaryimage\"},\"thumbnailUrl\":\"https:\\\/\\\/www.mayodarkskypark.ie\\\/wp-content\\\/uploads\\\/2023\\\/11\\\/Our-Story-1024x341.jpg\",\"datePublished\":\"2023-11-22T14:26:25+00:00\",\"dateModified\":\"2025-01-09T08:24:34+00:00\",\"breadcrumb\":{\"@id\":\"https:\\\/\\\/www.mayodarkskypark.ie\\\/ga\\\/faoi\\\/ar-sceal\\\/#breadcrumb\"},\"inLanguage\":\"ga-IE\",\"potentialAction\":[{\"@type\":\"ReadAction\",\"target\":[\"https:\\\/\\\/www.mayodarkskypark.ie\\\/ga\\\/faoi\\\/ar-sceal\\\/\"]}]},{\"@type\":\"ImageObject\",\"inLanguage\":\"ga-IE\",\"@id\":\"https:\\\/\\\/www.mayodarkskypark.ie\\\/ga\\\/faoi\\\/ar-sceal\\\/#primaryimage\",\"url\":\"https:\\\/\\\/www.mayodarkskypark.ie\\\/wp-content\\\/uploads\\\/2023\\\/11\\\/Our-Story-1024x341.jpg\",\"contentUrl\":\"https:\\\/\\\/www.mayodarkskypark.ie\\\/wp-content\\\/uploads\\\/2023\\\/11\\\/Our-Story-1024x341.jpg\"},{\"@type\":\"BreadcrumbList\",\"@id\":\"https:\\\/\\\/www.mayodarkskypark.ie\\\/ga\\\/faoi\\\/ar-sceal\\\/#breadcrumb\",\"itemListElement\":[{\"@type\":\"ListItem\",\"position\":1,\"name\":\"Home\",\"item\":\"https:\\\/\\\/www.mayodarkskypark.ie\\\/ga\\\/\"},{\"@type\":\"ListItem\",\"position\":2,\"name\":\"Faoi\",\"item\":\"https:\\\/\\\/www.mayodarkskypark.ie\\\/about\\\/\"},{\"@type\":\"ListItem\",\"position\":3,\"name\":\"\u00c1r sc\u00e9al\"}]},{\"@type\":\"WebSite\",\"@id\":\"https:\\\/\\\/www.mayodarkskypark.ie\\\/#website\",\"url\":\"https:\\\/\\\/www.mayodarkskypark.ie\\\/\",\"name\":\"Mayo Dark Sky Park\",\"description\":\"International Dark Sky Place of the Year 2024\",\"publisher\":{\"@id\":\"https:\\\/\\\/www.mayodarkskypark.ie\\\/#organization\"},\"potentialAction\":[{\"@type\":\"SearchAction\",\"target\":{\"@type\":\"EntryPoint\",\"urlTemplate\":\"https:\\\/\\\/www.mayodarkskypark.ie\\\/?s={search_term_string}\"},\"query-input\":{\"@type\":\"PropertyValueSpecification\",\"valueRequired\":true,\"valueName\":\"search_term_string\"}}],\"inLanguage\":\"ga-IE\"},{\"@type\":\"Organization\",\"@id\":\"https:\\\/\\\/www.mayodarkskypark.ie\\\/#organization\",\"name\":\"Mayo Dark Sky Park\",\"url\":\"https:\\\/\\\/www.mayodarkskypark.ie\\\/\",\"logo\":{\"@type\":\"ImageObject\",\"inLanguage\":\"ga-IE\",\"@id\":\"https:\\\/\\\/www.mayodarkskypark.ie\\\/#\\\/schema\\\/logo\\\/image\\\/\",\"url\":\"https:\\\/\\\/www.mayodarkskypark.ie\\\/wp-content\\\/uploads\\\/2023\\\/11\\\/mayo-dark-sky-park.png\",\"contentUrl\":\"https:\\\/\\\/www.mayodarkskypark.ie\\\/wp-content\\\/uploads\\\/2023\\\/11\\\/mayo-dark-sky-park.png\",\"width\":246,\"height\":70,\"caption\":\"Mayo Dark Sky Park\"},\"image\":{\"@id\":\"https:\\\/\\\/www.mayodarkskypark.ie\\\/#\\\/schema\\\/logo\\\/image\\\/\"},\"sameAs\":[\"https:\\\/\\\/www.facebook.com\\\/mayodarkskies\\\/\"]}]}<\/script>\n<!-- \/ Yoast SEO plugin. -->","yoast_head_json":{"title":"\u00c1r sc\u00e9al - P\u00e1irc Sp\u00e9ire Dorcha Mhaigh Eo","robots":{"index":"index","follow":"follow","max-snippet":"max-snippet:-1","max-image-preview":"max-image-preview:large","max-video-preview":"max-video-preview:-1"},"canonical":"https:\/\/www.mayodarkskypark.ie\/ga\/faoi\/ar-sceal\/","og_locale":"ga_IE","og_type":"article","og_title":"\u00c1r sc\u00e9al - P\u00e1irc Sp\u00e9ire Dorcha Mhaigh Eo","og_description":"\u00c1r sc\u00e9al I m\u00ed na Bealtaine 2016, bronnadh caighde\u00e1n Sraith \u00d3ir de Ph\u00e1irc Idirn\u00e1isi\u00fanta Sp\u00e9ire Dorcha ar Ph\u00e1irc Sp\u00e9ire Dorcha Mhaigh Eo ag P\u00e1irc N\u00e1isi\u00fanta N\u00e9ifinne Fi\u00e1ine (P\u00e1irc N\u00e1isi\u00fanta Bhaile Chruaich roimhe seo). T\u00e1 pr\u00f3iseas deimhnithe na sp\u00e9ire dorcha bunaithe ar chl\u00e1ir chaomhantais, mar Shu\u00edomhanna Oidhreachta Domhanda UNESCO agus Anaclanna Bithsf\u00e9ir. Is \u00e9 an gradam [&hellip;]","og_url":"https:\/\/www.mayodarkskypark.ie\/ga\/faoi\/ar-sceal\/","og_site_name":"P\u00e1irc Sp\u00e9ire Dorcha Mhaigh Eo","article_publisher":"https:\/\/www.facebook.com\/mayodarkskies\/","article_modified_time":"2025-01-09T08:24:34+00:00","og_image":[{"width":1200,"height":400,"url":"https:\/\/www.mayodarkskypark.ie\/wp-content\/uploads\/2023\/11\/Our-Story.jpg","type":"image\/jpeg"}],"twitter_card":"summary_large_image","twitter_misc":{"Est. reading time":"2 minutes"},"schema":{"@context":"https:\/\/schema.org","@graph":[{"@type":"WebPage","@id":"https:\/\/www.mayodarkskypark.ie\/ga\/faoi\/ar-sceal\/","url":"https:\/\/www.mayodarkskypark.ie\/ga\/faoi\/ar-sceal\/","name":"\u00c1r sc\u00e9al - P\u00e1irc Sp\u00e9ire Dorcha Mhaigh Eo","isPartOf":{"@id":"https:\/\/www.mayodarkskypark.ie\/#website"},"primaryImageOfPage":{"@id":"https:\/\/www.mayodarkskypark.ie\/ga\/faoi\/ar-sceal\/#primaryimage"},"image":{"@id":"https:\/\/www.mayodarkskypark.ie\/ga\/faoi\/ar-sceal\/#primaryimage"},"thumbnailUrl":"https:\/\/www.mayodarkskypark.ie\/wp-content\/uploads\/2023\/11\/Our-Story-1024x341.jpg","datePublished":"2023-11-22T14:26:25+00:00","dateModified":"2025-01-09T08:24:34+00:00","breadcrumb":{"@id":"https:\/\/www.mayodarkskypark.ie\/ga\/faoi\/ar-sceal\/#breadcrumb"},"inLanguage":"ga-IE","potentialAction":[{"@type":"ReadAction","target":["https:\/\/www.mayodarkskypark.ie\/ga\/faoi\/ar-sceal\/"]}]},{"@type":"ImageObject","inLanguage":"ga-IE","@id":"https:\/\/www.mayodarkskypark.ie\/ga\/faoi\/ar-sceal\/#primaryimage","url":"https:\/\/www.mayodarkskypark.ie\/wp-content\/uploads\/2023\/11\/Our-Story-1024x341.jpg","contentUrl":"https:\/\/www.mayodarkskypark.ie\/wp-content\/uploads\/2023\/11\/Our-Story-1024x341.jpg"},{"@type":"BreadcrumbList","@id":"https:\/\/www.mayodarkskypark.ie\/ga\/faoi\/ar-sceal\/#breadcrumb","itemListElement":[{"@type":"ListItem","position":1,"name":"Home","item":"https:\/\/www.mayodarkskypark.ie\/ga\/"},{"@type":"ListItem","position":2,"name":"Faoi","item":"https:\/\/www.mayodarkskypark.ie\/about\/"},{"@type":"ListItem","position":3,"name":"\u00c1r sc\u00e9al"}]},{"@type":"WebSite","@id":"https:\/\/www.mayodarkskypark.ie\/#website","url":"https:\/\/www.mayodarkskypark.ie\/","name":"Mayo Dark Sky Park","description":"International Dark Sky Place of the Year 2024","publisher":{"@id":"https:\/\/www.mayodarkskypark.ie\/#organization"},"potentialAction":[{"@type":"SearchAction","target":{"@type":"EntryPoint","urlTemplate":"https:\/\/www.mayodarkskypark.ie\/?s={search_term_string}"},"query-input":{"@type":"PropertyValueSpecification","valueRequired":true,"valueName":"search_term_string"}}],"inLanguage":"ga-IE"},{"@type":"Organization","@id":"https:\/\/www.mayodarkskypark.ie\/#organization","name":"Mayo Dark Sky Park","url":"https:\/\/www.mayodarkskypark.ie\/","logo":{"@type":"ImageObject","inLanguage":"ga-IE","@id":"https:\/\/www.mayodarkskypark.ie\/#\/schema\/logo\/image\/","url":"https:\/\/www.mayodarkskypark.ie\/wp-content\/uploads\/2023\/11\/mayo-dark-sky-park.png","contentUrl":"https:\/\/www.mayodarkskypark.ie\/wp-content\/uploads\/2023\/11\/mayo-dark-sky-park.png","width":246,"height":70,"caption":"Mayo Dark Sky Park"},"image":{"@id":"https:\/\/www.mayodarkskypark.ie\/#\/schema\/logo\/image\/"},"sameAs":["https:\/\/www.facebook.com\/mayodarkskies\/"]}]}},"spectra_custom_meta":{"adv-header-id-meta":[""],"stick-header-meta":[""],"site-post-title":["disabled"],"theme-transparent-header-meta":[""],"_top_nav_excluded":[""],"_cms_nav_minihome":[""],"_last_translation_edit_mode":["translation-editor"],"_wp_page_template":[""],"_tribe_ticket_capacity":["0"],"_tribe_ticket_version":["5.13.4"],"_uag_css_file_name":["uag-css-596.css"],"_uag_page_assets":["a:9:{s:3:\"css\";s:263:\".uag-blocks-common-selector{z-index:var(--z-index-desktop) !important}@media (max-width: 976px){.uag-blocks-common-selector{z-index:var(--z-index-tablet) !important}}@media (max-width: 767px){.uag-blocks-common-selector{z-index:var(--z-index-mobile) !important}}\n\";s:2:\"js\";s:0:\"\";s:18:\"current_block_list\";a:10:{i:0;s:12:\"core\/heading\";i:1;s:12:\"core\/columns\";i:2;s:11:\"core\/column\";i:3;s:14:\"core\/paragraph\";i:4;s:10:\"core\/image\";i:5;s:10:\"core\/group\";i:6;s:12:\"core\/buttons\";i:7;s:11:\"core\/button\";i:9;s:9:\"core\/html\";i:10;s:11:\"core\/spacer\";}s:8:\"uag_flag\";b:0;s:11:\"uag_version\";s:10:\"1776262563\";s:6:\"gfonts\";a:0:{}s:10:\"gfonts_url\";s:0:\"\";s:12:\"gfonts_files\";a:0:{}s:14:\"uag_faq_layout\";b:0;}"]},"uagb_featured_image_src":{"full":false,"thumbnail":false,"medium":false,"medium_large":false,"large":false,"1536x1536":false,"2048x2048":false},"uagb_author_info":{"display_name":"Robert Lockwood","author_link":"https:\/\/www.mayodarkskypark.ie\/ga\/author\/robert-lockwood\/"},"uagb_comment_info":0,"uagb_excerpt":"\u00c1r sc\u00e9al I m\u00ed na Bealtaine 2016, bronnadh caighde\u00e1n Sraith \u00d3ir de Ph\u00e1irc Idirn\u00e1isi\u00fanta Sp\u00e9ire Dorcha ar Ph\u00e1irc Sp\u00e9ire Dorcha Mhaigh Eo ag P\u00e1irc N\u00e1isi\u00fanta N\u00e9ifinne Fi\u00e1ine (P\u00e1irc N\u00e1isi\u00fanta Bhaile Chruaich roimhe seo). T\u00e1 pr\u00f3iseas deimhnithe na sp\u00e9ire dorcha bunaithe ar chl\u00e1ir chaomhantais, mar Shu\u00edomhanna Oidhreachta Domhanda UNESCO agus Anaclanna Bithsf\u00e9ir. Is \u00e9 an gradam&hellip;","_links":{"self":[{"href":"https:\/\/www.mayodarkskypark.ie\/ga\/wp-json\/wp\/v2\/pages\/596","targetHints":{"allow":["GET"]}}],"collection":[{"href":"https:\/\/www.mayodarkskypark.ie\/ga\/wp-json\/wp\/v2\/pages"}],"about":[{"href":"https:\/\/www.mayodarkskypark.ie\/ga\/wp-json\/wp\/v2\/types\/page"}],"author":[{"embeddable":true,"href":"https:\/\/www.mayodarkskypark.ie\/ga\/wp-json\/wp\/v2\/users\/1"}],"replies":[{"embeddable":true,"href":"https:\/\/www.mayodarkskypark.ie\/ga\/wp-json\/wp\/v2\/comments?post=596"}],"version-history":[{"count":2,"href":"https:\/\/www.mayodarkskypark.ie\/ga\/wp-json\/wp\/v2\/pages\/596\/revisions"}],"predecessor-version":[{"id":1711,"href":"https:\/\/www.mayodarkskypark.ie\/ga\/wp-json\/wp\/v2\/pages\/596\/revisions\/1711"}],"up":[{"embeddable":true,"href":"https:\/\/www.mayodarkskypark.ie\/ga\/wp-json\/wp\/v2\/pages\/598"}],"wp:attachment":[{"href":"https:\/\/www.mayodarkskypark.ie\/ga\/wp-json\/wp\/v2\/media?parent=596"}],"curies":[{"name":"wp","href":"https:\/\/api.w.org\/{rel}","templated":true}]}}