{"id":603,"date":"2023-11-23T16:47:49","date_gmt":"2023-11-23T16:47:49","guid":{"rendered":"https:\/\/www.mayodarkskypark.ie\/faoi\/glac-pairt\/"},"modified":"2024-01-09T09:14:05","modified_gmt":"2024-01-09T09:14:05","slug":"glac-pairt","status":"publish","type":"page","link":"https:\/\/www.mayodarkskypark.ie\/ga\/faoi\/glac-pairt\/","title":{"rendered":"Glac p\u00e1irt"},"content":{"rendered":"\n<h1 class=\"wp-block-heading\">Glac <mark style=\"background-color:rgba(0, 0, 0, 0)\" class=\"has-inline-color has-ast-global-color-1-color\">p\u00e1irt<\/mark><\/h1>\n\n<div class=\"wp-block-columns is-layout-flex wp-container-core-columns-is-layout-e0e4babd wp-block-columns-is-layout-flex\" style=\"padding-right:0;padding-left:0\">\n<div class=\"wp-block-column is-layout-flow wp-block-column-is-layout-flow\">\n<p>Oibr\u00edmid go dl\u00fath len\u00e1r ngr\u00fapa\u00ed pobail timpeall ar Ph\u00e1irc Sp\u00e9ire Dorcha agus spreagaimid rannph\u00e1irt\u00edocht \u00e1iti\u00fail. Is gr\u00fapa oibrithe deonacha iad Cairde Sp\u00e9artha Dorcha Mhaigh Eo at\u00e1 anois ina ambasad\u00f3ir\u00ed do Ph\u00e1irc Sp\u00e9ire Dorcha Mhaigh Eo.<\/p>\n\n\n\n<p>Is guth pobail iad ar an tionscadal Sp\u00e9ire Dorcha agus oibr\u00edonn siad le Comhairle Contae Mhaigh Eo agus le h\u00fadar\u00e1is eile chun feasacht a ard\u00fa ar thruailli\u00fa solais agus chun cabhr\u00fa le coincheap na Sp\u00e9artha Dorcha a fhorbairt le go mbainfidh gach duine taitneamh as.<\/p>\n\n\n\n<p>Eagra\u00edtear tionscadail mar Fhaireach\u00e1n ar Thruailli\u00fa Solais na nEola\u00ed Saor\u00e1nach agus an Cl\u00e1r Ambasad\u00f3ra Sp\u00e9ire Dorcha tr\u00ed Chairde Sp\u00e9artha Dorcha Mhaigh Eo.<\/p>\n\n\n\n<figure class=\"wp-block-image alignwide size-large\"><img loading=\"lazy\" decoding=\"async\" width=\"1024\" height=\"341\" src=\"https:\/\/www.mayodarkskypark.ie\/wp-content\/uploads\/2023\/11\/amb-1024x341.jpg\" alt=\"Cairde na Sp&#xE9;artha Dorcha Mhaigh Eo\" class=\"wp-image-101\" srcset=\"https:\/\/www.mayodarkskypark.ie\/wp-content\/uploads\/2023\/11\/amb-1024x341.jpg 1024w, https:\/\/www.mayodarkskypark.ie\/wp-content\/uploads\/2023\/11\/amb-300x100.jpg 300w, https:\/\/www.mayodarkskypark.ie\/wp-content\/uploads\/2023\/11\/amb-768x256.jpg 768w, https:\/\/www.mayodarkskypark.ie\/wp-content\/uploads\/2023\/11\/amb.jpg 1200w\" sizes=\"auto, (max-width: 1024px) 100vw, 1024px\" \/><figcaption class=\"wp-element-caption\"><em>D\u2019eagraigh Cairde na P\u00e1irce Dorcha Sp\u00e9artha Mhaigh Eo r\u00e9alteolaithe \u00f3 R\u00e9adlann Chaisle\u00e1in na Carraige Duibhe chun c\u00farsa tosaigh ar amharc ar na r\u00e9alta\u00ed a shol\u00e1thar do bhaill \u00e1r gcl\u00e1r Ambasad\u00f3ra Sp\u00e9ire Dorcha. Thug an tAire St\u00e1it um Fhorbairt Eacnama\u00edoch R\u00e9igi\u00fanach Michael Ring cuairt air chun a thaca\u00edocht lean\u00fanach do Ph\u00e1irc Sp\u00e9ire Dorcha Mhaigh Eo a l\u00e9iri\u00fa.<\/em><\/figcaption><\/figure>\n\n\n\n<h2 class=\"wp-block-heading\">Eola\u00edocht na Saor\u00e1nach<\/h2>\n\n\n\n<p>T\u00e1 go leor tionscadal eola\u00edochta saor\u00e1nach ar si\u00fal a bhaineann le Sp\u00e9artha Dorcha, agus baineann siad seo le tomhais agus ini\u00fachta\u00ed truaillithe solais. T\u00e1 P\u00e1irc Sp\u00e9ire Dorcha Mhaigh Eo bu\u00edoch d\u2019aon ghr\u00fapa pobail n\u00f3 daoine aonair ar mian leo p\u00e1irt a ghlacadh sna tionscadail seo i Maigh Eo. Seo iad na tionscadail is suntasa\u00ed a bhfuil baint ag Maigh Eo leo go dt\u00ed seo:<\/p>\n\n\n\n<p><a href=\"https:\/\/globeatnight.org\/\" target=\"_blank\" rel=\"noreferrer noopener\"><strong>An Cruinneog san O\u00edche<\/strong><\/a><\/p>\n\n\n\n<p>Is \u00e9ard at\u00e1 sa chl\u00e1r An Cruinneog san O\u00edche n\u00e1 feachtas idirn\u00e1isi\u00fanta eola\u00edochta-saor\u00e1nach chun feasacht an phobail a ard\u00fa ar thionchar an truaillithe solais tr\u00ed chuireadh a thabhairt d\u2019eolaithe saor\u00e1nach gile sp\u00e9ire na ho\u00edche a thomhas agus a gcuid tuairim\u00ed a chur isteach \u00f3 r\u00edomhaire n\u00f3 \u00f3 ghuth\u00e1n cliste.<\/p>\n\n\n\n<p><strong><a href=\"https:\/\/nachtlicht-buehne.de\/nightlights\" target=\"_blank\" rel=\"noreferrer noopener\">Tionscadal Soilse O\u00edche<\/a><\/strong><\/p>\n\n\n\n<p>Is cl\u00e1r comhoibrithe f\u00edorluachmhar \u00e9 seo agus cabhr\u00f3idh s\u00e9 linn leis an sprioc Maigh Eo a leathn\u00fa go Contae Sp\u00e9ire Dorcha. Is cuid de thaighde idirn\u00e1isi\u00fanta \u00e9 freisin agus chuir Maigh Eo leis an gcl\u00e1r p\u00edol\u00f3tach roimhe seo agus tugadh cuireadh d\u00f3 \u00e9 sin a dh\u00e9anamh ar\u00eds sa tionscadal leathnaithe. Teasta\u00edonn f\u00edse\u00e1n teagaisc gr\u00e9as\u00e1n-bhunaithe 20 n\u00f3im\u00e9ad uaidh agus roinnt treoirl\u00ednte:<\/p>\n\n\n\n<p>C\u00e9im 1: D\u00e9an an f\u00edse\u00e1n teagaisc (t\u00f3gann s\u00e9 ~20 n\u00f3im\u00e9ad)<\/p>\n\n\n\n<p>C\u00e9im 2: Faigh an app ar an bhf\u00f3n &amp; cl\u00e1raigh<\/p>\n\n\n\n<p>C\u00e9im 3: Cinntigh go bhfuil an aip ag obair ar do ghuth\u00e1n (seice\u00e1il na Ceisteanna Coitianta mura dtaispe\u00e1nann s\u00e9 do shu\u00edomh)<\/p>\n\n\n\n<p>C\u00e9im 4: D\u00e9an suirbh\u00e9 ar shoilse (an tsr\u00e1id ch\u00e9anna dh\u00e1 uair ar a laghad agus uair an chloig ar a laghad idir comhaireamh)<\/p>\n\n\n\n<p>C\u00e9im 5 (roghnach): Seice\u00e1il do thionchar pearsanta ar staitistic\u00ed forioml\u00e1na an tionscadail<\/p>\n\n\n\n<p>Faigh gach rud sa nasc seo \u2013 <a href=\"https:\/\/nachtlicht-buehne.de\/nightlights\" target=\"_blank\" rel=\"noreferrer noopener\">Nachlight Buehne Nightslights<\/a><\/p>\n\n\n\n<p><strong><a href=\"http:\/\/www.cpre.org.uk\" target=\"_blank\" rel=\"noreferrer noopener\">Comhaireamh R\u00e9alta CPRE<\/a><\/strong><\/p>\n\n\n\n<p>C\u00e9 go bhfuil s\u00e9 curtha ar sos do 2023, shroich an tionscadal Eola\u00edochta Saor\u00e1nach seo na m\u00edlte duine sa RA agus in 2023 leathna\u00edodh \u00e9 chun \u00c9ire a chuimsi\u00fa. Is uirlis \u00fas\u00e1ideach \u00ed chun c\u00e1il\u00edocht r\u00e9alteola\u00edoch na sp\u00e9artha o\u00edche a mheas agus chun teaghlaigh agus daoine \u00f3ga a spreagadh chun p\u00e1irt a ghlacadh i R\u00e9alt\u00f3ireacht. <\/p>\n\n\n\n<h2 class=\"wp-block-heading\">Cl\u00e1ir Oili\u00fana Sp\u00e9ire Dorcha <\/h2>\n\n\n\n<h3 class=\"wp-block-heading\">Cl\u00e1r Ambasad\u00f3ra na Sp\u00e9ire Dorcha \u201cCarpe Noctem\u201d<\/h3>\n\n\n\n<p>Deartha don abhc\u00f3ide pobail agus d\u00f3ibh si\u00fad ar sp\u00e9is leo cabhr\u00fa le Maigh Eo a bheith mar cheann scr\u00edbe, saor \u00f3 thruailli\u00fa solais agus dea-chleachtais soilsithe a chur chun cinn do phobail faoi na sp\u00e9artha dorcha.<\/p>\n\n\n\n<p>Seo an \u00e9abhl\u00f3id is d\u00e9ana\u00ed ar an mbunchl\u00e1r do phobail a seoladh in 2017. Faigheann Ambasad\u00f3ir\u00ed na Sp\u00e9ire Dorcha l\u00e1 ioml\u00e1n oili\u00fana ar \u00e1iteanna sa sp\u00e9ir dhorcha agus ar riachtanais chreidi\u00fanaithe, ar thionchar truaillithe solais agus ar roinnt eolais theicni\u00fail maidir le soilsi\u00fa, conas truailli\u00fa solais a laghd\u00fa agus conas dul i dteagmh\u00e1il le geallsealbh\u00f3ir\u00ed \u00e1iti\u00fala chomh maith le roinnt acmhainn\u00ed bun\u00fasacha r\u00e9alt\u00f3ireachta.<\/p>\n\n\n\n<p>Iarrtar ar ambasad\u00f3ir\u00ed a chr\u00edochna\u00edonn cl\u00e1r oili\u00fana Carpe Noctem an tionscadal sp\u00e9ire dorcha a chur chun cinn do ghr\u00fapa\u00ed \u00e1iti\u00fala agus do ph\u00e1irtithe leasmhara tr\u00ed fhaisn\u00e9is a shol\u00e1thar maidir le soilsi\u00fa n\u00edos fearr agus truailli\u00fa solais a laghd\u00fa.<\/p>\n\n\n\n<p>Is c\u00farsa deimhnithe \u00e9 an Cl\u00e1r agus t\u00e1 s\u00e9 deartha chun cabhr\u00fa le daoine \u00e1iti\u00fala foghlaim faoi chusp\u00f3ir\u00ed agus spriocanna Ph\u00e1irc Sp\u00e9ire Dorcha agus conas is f\u00e9idir leo cur le feasacht ar thruailli\u00fa solais a ard\u00fa.<\/p>\n\n\n\n<h3 class=\"wp-block-heading\">Traen\u00e1il Seaimp\u00edn\u00ed Sp\u00e9ire Dorcha<\/h3>\n\n\n\n<p> Deartha don tr\u00e1d\u00e1il f\u00e1ilteachais dul i ngleic le turas\u00f3ireacht sp\u00e9ire dorcha d\u00e1 ngn\u00f3 agus spreagadh a thabhairt do nu\u00e1la\u00edochta\u00ed nua san \u00e9iceathuras\u00f3ireacht lasmuigh den s\u00e9as\u00far. Cuireann an c\u00farsa Seaimp\u00edn\u00ed oili\u00faint ar f\u00e1il d\u2019fhoireann tr\u00e1d\u00e1la \u00e1iti\u00fail agus seirbh\u00edse custaim\u00e9ara a d\u2019fh\u00e9adfadh idirghn\u00edomh\u00fa le cuairteoir\u00ed chuig P\u00e1irc Sp\u00e9ire Dorcha Mhaigh Eo.<\/p>\n\n\n\n<p>Ceardlann leathlae a chuims\u00edonn r\u00e9amhr\u00e1 bun\u00fasach ar r\u00e9alt\u00f3ireacht agus acmhainn\u00ed do chomhph\u00e1irtithe turas\u00f3ireachta ionas go mbeidh a fhios ag lucht na tr\u00e1d\u00e1la cad \u00e9 an Ph\u00e1irc Sp\u00e9ire Dorcha agus cad is f\u00e9idir le cuairteoir\u00ed a bheith ag s\u00fail lena fheice\u00e1il. T\u00e1 an cheardlann deartha chun muin\u00edn a choth\u00fa i measc rannph\u00e1irtithe a mb\u00edonn orthu d\u00e9ile\u00e1il leis an bpobal i gcoitinne, ach nach saineolaithe iad f\u00e9in ar sp\u00e9ir na ho\u00edche.<\/p>\n\n\n\n<p>Pl\u00e9ifidh na ceardlanna freisin nu\u00e1la\u00edochta\u00ed i dturas\u00f3ireacht na sp\u00e9ire dorcha agus coth\u00f3far smaointe nua do ghn\u00f3lachta\u00ed le bheith p\u00e1irteach i dtionscnamh na sp\u00e9ire dorcha. Tarla\u00edonn an c\u00farsa seo go luath san earrach de ghn\u00e1th.<\/p>\n\n\n\n<p>Iarraimid ar gach rannph\u00e1irt\u00ed gealltanas a thabhairt d\u2019aon ghn\u00edomh amh\u00e1in do na sp\u00e9artha dorcha mar thoradh ar Mhaigh Eo.<\/p>\n\n\n\n<p><a href=\"https:\/\/www.mayodarkskypark.ie\/what-s-on\/mdsp-admin\/dark-sky-champions2023\">Seaimp\u00edn\u00ed Sp\u00e9ire Dorcha 2023<\/a><\/p>\n\n\n\n<p>M\u00e1s mian leat a bheith p\u00e1irteach in aon cheann de na tionscadail pobail; d\u00e9an teagmh\u00e1il le <a href=\"mailto:mayodarksky@gmail.com\">mayodarksky@gmail.com<\/a><\/p>\n<\/div>\n<\/div>\n","protected":false},"excerpt":{"rendered":"<p>Glac p\u00e1irt Oibr\u00edmid go dl\u00fath len\u00e1r ngr\u00fapa\u00ed pobail timpeall ar Ph\u00e1irc Sp\u00e9ire Dorcha agus spreagaimid rannph\u00e1irt\u00edocht \u00e1iti\u00fail. Is gr\u00fapa oibrithe deonacha iad Cairde Sp\u00e9artha Dorcha Mhaigh Eo at\u00e1 anois ina ambasad\u00f3ir\u00ed do Ph\u00e1irc Sp\u00e9ire Dorcha Mhaigh Eo. Is guth pobail iad ar an tionscadal Sp\u00e9ire Dorcha agus oibr\u00edonn siad le Comhairle Contae Mhaigh Eo agus [&hellip;]<\/p>\n","protected":false},"author":1,"featured_media":475,"parent":598,"menu_order":0,"comment_status":"closed","ping_status":"closed","template":"","meta":{"_uag_custom_page_level_css":"","site-sidebar-layout":"default","site-content-layout":"","ast-site-content-layout":"default","site-content-style":"default","site-sidebar-style":"default","ast-global-header-display":"","ast-banner-title-visibility":"","ast-main-header-display":"","ast-hfb-above-header-display":"","ast-hfb-below-header-display":"","ast-hfb-mobile-header-display":"","site-post-title":"disabled","ast-breadcrumbs-content":"","ast-featured-img":"","footer-sml-layout":"","ast-disable-related-posts":"","theme-transparent-header-meta":"","adv-header-id-meta":"96","stick-header-meta":"","header-above-stick-meta":"","header-main-stick-meta":"","header-below-stick-meta":"","astra-migrate-meta-layouts":"default","ast-page-background-enabled":"default","ast-page-background-meta":{"desktop":{"background-color":"var(--ast-global-color-4)","background-image":"","background-repeat":"repeat","background-position":"center center","background-size":"auto","background-attachment":"scroll","background-type":"","background-media":"","overlay-type":"","overlay-color":"","overlay-opacity":"","overlay-gradient":""},"tablet":{"background-color":"","background-image":"","background-repeat":"repeat","background-position":"center center","background-size":"auto","background-attachment":"scroll","background-type":"","background-media":"","overlay-type":"","overlay-color":"","overlay-opacity":"","overlay-gradient":""},"mobile":{"background-color":"","background-image":"","background-repeat":"repeat","background-position":"center center","background-size":"auto","background-attachment":"scroll","background-type":"","background-media":"","overlay-type":"","overlay-color":"","overlay-opacity":"","overlay-gradient":""}},"ast-content-background-meta":{"desktop":{"background-color":"var(--ast-global-color-5)","background-image":"","background-repeat":"repeat","background-position":"center center","background-size":"auto","background-attachment":"scroll","background-type":"","background-media":"","overlay-type":"","overlay-color":"","overlay-opacity":"","overlay-gradient":""},"tablet":{"background-color":"var(--ast-global-color-5)","background-image":"","background-repeat":"repeat","background-position":"center center","background-size":"auto","background-attachment":"scroll","background-type":"","background-media":"","overlay-type":"","overlay-color":"","overlay-opacity":"","overlay-gradient":""},"mobile":{"background-color":"var(--ast-global-color-5)","background-image":"","background-repeat":"repeat","background-position":"center center","background-size":"auto","background-attachment":"scroll","background-type":"","background-media":"","overlay-type":"","overlay-color":"","overlay-opacity":"","overlay-gradient":""}},"footnotes":""},"class_list":["post-603","page","type-page","status-publish","has-post-thumbnail","hentry"],"yoast_head":"<!-- This site is optimized with the Yoast SEO plugin v27.3 - https:\/\/yoast.com\/product\/yoast-seo-wordpress\/ -->\n<title>Glac p\u00e1irt - P\u00e1irc Sp\u00e9ire Dorcha Mhaigh Eo<\/title>\n<meta name=\"robots\" content=\"index, follow, max-snippet:-1, max-image-preview:large, max-video-preview:-1\" \/>\n<link rel=\"canonical\" href=\"https:\/\/www.mayodarkskypark.ie\/ga\/faoi\/glac-pairt\/\" \/>\n<meta property=\"og:locale\" content=\"ga_IE\" \/>\n<meta property=\"og:type\" content=\"article\" \/>\n<meta property=\"og:title\" content=\"Glac p\u00e1irt - P\u00e1irc Sp\u00e9ire Dorcha Mhaigh Eo\" \/>\n<meta property=\"og:description\" content=\"Glac p\u00e1irt Oibr\u00edmid go dl\u00fath len\u00e1r ngr\u00fapa\u00ed pobail timpeall ar Ph\u00e1irc Sp\u00e9ire Dorcha agus spreagaimid rannph\u00e1irt\u00edocht \u00e1iti\u00fail. Is gr\u00fapa oibrithe deonacha iad Cairde Sp\u00e9artha Dorcha Mhaigh Eo at\u00e1 anois ina ambasad\u00f3ir\u00ed do Ph\u00e1irc Sp\u00e9ire Dorcha Mhaigh Eo. Is guth pobail iad ar an tionscadal Sp\u00e9ire Dorcha agus oibr\u00edonn siad le Comhairle Contae Mhaigh Eo agus [&hellip;]\" \/>\n<meta property=\"og:url\" content=\"https:\/\/www.mayodarkskypark.ie\/ga\/faoi\/glac-pairt\/\" \/>\n<meta property=\"og:site_name\" content=\"P\u00e1irc Sp\u00e9ire Dorcha Mhaigh Eo\" \/>\n<meta property=\"article:publisher\" content=\"https:\/\/www.facebook.com\/mayodarkskies\/\" \/>\n<meta property=\"article:modified_time\" content=\"2024-01-09T09:14:05+00:00\" \/>\n<meta property=\"og:image\" content=\"https:\/\/www.mayodarkskypark.ie\/wp-content\/uploads\/2023\/11\/Banner02.jpg\" \/>\n\t<meta property=\"og:image:width\" content=\"1200\" \/>\n\t<meta property=\"og:image:height\" content=\"265\" \/>\n\t<meta property=\"og:image:type\" content=\"image\/jpeg\" \/>\n<meta name=\"twitter:card\" content=\"summary_large_image\" \/>\n<meta name=\"twitter:label1\" content=\"Est. reading time\" \/>\n\t<meta name=\"twitter:data1\" content=\"5 minutes\" \/>\n<script type=\"application\/ld+json\" class=\"yoast-schema-graph\">{\"@context\":\"https:\\\/\\\/schema.org\",\"@graph\":[{\"@type\":\"WebPage\",\"@id\":\"https:\\\/\\\/www.mayodarkskypark.ie\\\/ga\\\/faoi\\\/glac-pairt\\\/\",\"url\":\"https:\\\/\\\/www.mayodarkskypark.ie\\\/ga\\\/faoi\\\/glac-pairt\\\/\",\"name\":\"Glac p\u00e1irt - P\u00e1irc Sp\u00e9ire Dorcha Mhaigh Eo\",\"isPartOf\":{\"@id\":\"https:\\\/\\\/www.mayodarkskypark.ie\\\/#website\"},\"primaryImageOfPage\":{\"@id\":\"https:\\\/\\\/www.mayodarkskypark.ie\\\/ga\\\/faoi\\\/glac-pairt\\\/#primaryimage\"},\"image\":{\"@id\":\"https:\\\/\\\/www.mayodarkskypark.ie\\\/ga\\\/faoi\\\/glac-pairt\\\/#primaryimage\"},\"thumbnailUrl\":\"https:\\\/\\\/www.mayodarkskypark.ie\\\/wp-content\\\/uploads\\\/2023\\\/11\\\/Banner02.jpg\",\"datePublished\":\"2023-11-23T16:47:49+00:00\",\"dateModified\":\"2024-01-09T09:14:05+00:00\",\"breadcrumb\":{\"@id\":\"https:\\\/\\\/www.mayodarkskypark.ie\\\/ga\\\/faoi\\\/glac-pairt\\\/#breadcrumb\"},\"inLanguage\":\"ga-IE\",\"potentialAction\":[{\"@type\":\"ReadAction\",\"target\":[\"https:\\\/\\\/www.mayodarkskypark.ie\\\/ga\\\/faoi\\\/glac-pairt\\\/\"]}]},{\"@type\":\"ImageObject\",\"inLanguage\":\"ga-IE\",\"@id\":\"https:\\\/\\\/www.mayodarkskypark.ie\\\/ga\\\/faoi\\\/glac-pairt\\\/#primaryimage\",\"url\":\"https:\\\/\\\/www.mayodarkskypark.ie\\\/wp-content\\\/uploads\\\/2023\\\/11\\\/Banner02.jpg\",\"contentUrl\":\"https:\\\/\\\/www.mayodarkskypark.ie\\\/wp-content\\\/uploads\\\/2023\\\/11\\\/Banner02.jpg\",\"width\":1200,\"height\":265},{\"@type\":\"BreadcrumbList\",\"@id\":\"https:\\\/\\\/www.mayodarkskypark.ie\\\/ga\\\/faoi\\\/glac-pairt\\\/#breadcrumb\",\"itemListElement\":[{\"@type\":\"ListItem\",\"position\":1,\"name\":\"Home\",\"item\":\"https:\\\/\\\/www.mayodarkskypark.ie\\\/ga\\\/\"},{\"@type\":\"ListItem\",\"position\":2,\"name\":\"Faoi\",\"item\":\"https:\\\/\\\/www.mayodarkskypark.ie\\\/about\\\/\"},{\"@type\":\"ListItem\",\"position\":3,\"name\":\"Glac p\u00e1irt\"}]},{\"@type\":\"WebSite\",\"@id\":\"https:\\\/\\\/www.mayodarkskypark.ie\\\/#website\",\"url\":\"https:\\\/\\\/www.mayodarkskypark.ie\\\/\",\"name\":\"Mayo Dark Sky Park\",\"description\":\"International Dark Sky Place of the Year 2024\",\"publisher\":{\"@id\":\"https:\\\/\\\/www.mayodarkskypark.ie\\\/#organization\"},\"potentialAction\":[{\"@type\":\"SearchAction\",\"target\":{\"@type\":\"EntryPoint\",\"urlTemplate\":\"https:\\\/\\\/www.mayodarkskypark.ie\\\/?s={search_term_string}\"},\"query-input\":{\"@type\":\"PropertyValueSpecification\",\"valueRequired\":true,\"valueName\":\"search_term_string\"}}],\"inLanguage\":\"ga-IE\"},{\"@type\":\"Organization\",\"@id\":\"https:\\\/\\\/www.mayodarkskypark.ie\\\/#organization\",\"name\":\"Mayo Dark Sky Park\",\"url\":\"https:\\\/\\\/www.mayodarkskypark.ie\\\/\",\"logo\":{\"@type\":\"ImageObject\",\"inLanguage\":\"ga-IE\",\"@id\":\"https:\\\/\\\/www.mayodarkskypark.ie\\\/#\\\/schema\\\/logo\\\/image\\\/\",\"url\":\"https:\\\/\\\/www.mayodarkskypark.ie\\\/wp-content\\\/uploads\\\/2023\\\/11\\\/mayo-dark-sky-park.png\",\"contentUrl\":\"https:\\\/\\\/www.mayodarkskypark.ie\\\/wp-content\\\/uploads\\\/2023\\\/11\\\/mayo-dark-sky-park.png\",\"width\":246,\"height\":70,\"caption\":\"Mayo Dark Sky Park\"},\"image\":{\"@id\":\"https:\\\/\\\/www.mayodarkskypark.ie\\\/#\\\/schema\\\/logo\\\/image\\\/\"},\"sameAs\":[\"https:\\\/\\\/www.facebook.com\\\/mayodarkskies\\\/\"]}]}<\/script>\n<!-- \/ Yoast SEO plugin. -->","yoast_head_json":{"title":"Glac p\u00e1irt - P\u00e1irc Sp\u00e9ire Dorcha Mhaigh Eo","robots":{"index":"index","follow":"follow","max-snippet":"max-snippet:-1","max-image-preview":"max-image-preview:large","max-video-preview":"max-video-preview:-1"},"canonical":"https:\/\/www.mayodarkskypark.ie\/ga\/faoi\/glac-pairt\/","og_locale":"ga_IE","og_type":"article","og_title":"Glac p\u00e1irt - P\u00e1irc Sp\u00e9ire Dorcha Mhaigh Eo","og_description":"Glac p\u00e1irt Oibr\u00edmid go dl\u00fath len\u00e1r ngr\u00fapa\u00ed pobail timpeall ar Ph\u00e1irc Sp\u00e9ire Dorcha agus spreagaimid rannph\u00e1irt\u00edocht \u00e1iti\u00fail. Is gr\u00fapa oibrithe deonacha iad Cairde Sp\u00e9artha Dorcha Mhaigh Eo at\u00e1 anois ina ambasad\u00f3ir\u00ed do Ph\u00e1irc Sp\u00e9ire Dorcha Mhaigh Eo. Is guth pobail iad ar an tionscadal Sp\u00e9ire Dorcha agus oibr\u00edonn siad le Comhairle Contae Mhaigh Eo agus [&hellip;]","og_url":"https:\/\/www.mayodarkskypark.ie\/ga\/faoi\/glac-pairt\/","og_site_name":"P\u00e1irc Sp\u00e9ire Dorcha Mhaigh Eo","article_publisher":"https:\/\/www.facebook.com\/mayodarkskies\/","article_modified_time":"2024-01-09T09:14:05+00:00","og_image":[{"width":1200,"height":265,"url":"https:\/\/www.mayodarkskypark.ie\/wp-content\/uploads\/2023\/11\/Banner02.jpg","type":"image\/jpeg"}],"twitter_card":"summary_large_image","twitter_misc":{"Est. reading time":"5 minutes"},"schema":{"@context":"https:\/\/schema.org","@graph":[{"@type":"WebPage","@id":"https:\/\/www.mayodarkskypark.ie\/ga\/faoi\/glac-pairt\/","url":"https:\/\/www.mayodarkskypark.ie\/ga\/faoi\/glac-pairt\/","name":"Glac p\u00e1irt - P\u00e1irc Sp\u00e9ire Dorcha Mhaigh Eo","isPartOf":{"@id":"https:\/\/www.mayodarkskypark.ie\/#website"},"primaryImageOfPage":{"@id":"https:\/\/www.mayodarkskypark.ie\/ga\/faoi\/glac-pairt\/#primaryimage"},"image":{"@id":"https:\/\/www.mayodarkskypark.ie\/ga\/faoi\/glac-pairt\/#primaryimage"},"thumbnailUrl":"https:\/\/www.mayodarkskypark.ie\/wp-content\/uploads\/2023\/11\/Banner02.jpg","datePublished":"2023-11-23T16:47:49+00:00","dateModified":"2024-01-09T09:14:05+00:00","breadcrumb":{"@id":"https:\/\/www.mayodarkskypark.ie\/ga\/faoi\/glac-pairt\/#breadcrumb"},"inLanguage":"ga-IE","potentialAction":[{"@type":"ReadAction","target":["https:\/\/www.mayodarkskypark.ie\/ga\/faoi\/glac-pairt\/"]}]},{"@type":"ImageObject","inLanguage":"ga-IE","@id":"https:\/\/www.mayodarkskypark.ie\/ga\/faoi\/glac-pairt\/#primaryimage","url":"https:\/\/www.mayodarkskypark.ie\/wp-content\/uploads\/2023\/11\/Banner02.jpg","contentUrl":"https:\/\/www.mayodarkskypark.ie\/wp-content\/uploads\/2023\/11\/Banner02.jpg","width":1200,"height":265},{"@type":"BreadcrumbList","@id":"https:\/\/www.mayodarkskypark.ie\/ga\/faoi\/glac-pairt\/#breadcrumb","itemListElement":[{"@type":"ListItem","position":1,"name":"Home","item":"https:\/\/www.mayodarkskypark.ie\/ga\/"},{"@type":"ListItem","position":2,"name":"Faoi","item":"https:\/\/www.mayodarkskypark.ie\/about\/"},{"@type":"ListItem","position":3,"name":"Glac p\u00e1irt"}]},{"@type":"WebSite","@id":"https:\/\/www.mayodarkskypark.ie\/#website","url":"https:\/\/www.mayodarkskypark.ie\/","name":"Mayo Dark Sky Park","description":"International Dark Sky Place of the Year 2024","publisher":{"@id":"https:\/\/www.mayodarkskypark.ie\/#organization"},"potentialAction":[{"@type":"SearchAction","target":{"@type":"EntryPoint","urlTemplate":"https:\/\/www.mayodarkskypark.ie\/?s={search_term_string}"},"query-input":{"@type":"PropertyValueSpecification","valueRequired":true,"valueName":"search_term_string"}}],"inLanguage":"ga-IE"},{"@type":"Organization","@id":"https:\/\/www.mayodarkskypark.ie\/#organization","name":"Mayo Dark Sky Park","url":"https:\/\/www.mayodarkskypark.ie\/","logo":{"@type":"ImageObject","inLanguage":"ga-IE","@id":"https:\/\/www.mayodarkskypark.ie\/#\/schema\/logo\/image\/","url":"https:\/\/www.mayodarkskypark.ie\/wp-content\/uploads\/2023\/11\/mayo-dark-sky-park.png","contentUrl":"https:\/\/www.mayodarkskypark.ie\/wp-content\/uploads\/2023\/11\/mayo-dark-sky-park.png","width":246,"height":70,"caption":"Mayo Dark Sky Park"},"image":{"@id":"https:\/\/www.mayodarkskypark.ie\/#\/schema\/logo\/image\/"},"sameAs":["https:\/\/www.facebook.com\/mayodarkskies\/"]}]}},"spectra_custom_meta":{"stick-header-meta":[""],"site-post-title":["disabled"],"ast-featured-img":[""],"theme-transparent-header-meta":[""],"_top_nav_excluded":[""],"_cms_nav_minihome":[""],"_thumbnail_id":["475"],"_last_translation_edit_mode":["translation-editor"],"_wp_page_template":[""],"cmplz_hide_cookiebanner":[""],"adv-header-id-meta":["96"],"ast-banner-title-visibility":[""],"_tribe_ticket_capacity":["0"],"_tribe_ticket_version":["5.13.3.1"],"_uag_css_file_name":["uag-css-603.css"],"_uag_page_assets":["a:9:{s:3:\"css\";s:263:\".uag-blocks-common-selector{z-index:var(--z-index-desktop) !important}@media (max-width: 976px){.uag-blocks-common-selector{z-index:var(--z-index-tablet) !important}}@media (max-width: 767px){.uag-blocks-common-selector{z-index:var(--z-index-mobile) !important}}\n\";s:2:\"js\";s:0:\"\";s:18:\"current_block_list\";a:10:{i:0;s:12:\"core\/heading\";i:1;s:12:\"core\/columns\";i:2;s:11:\"core\/column\";i:3;s:14:\"core\/paragraph\";i:4;s:10:\"core\/image\";i:5;s:10:\"core\/group\";i:6;s:12:\"core\/buttons\";i:7;s:11:\"core\/button\";i:9;s:9:\"core\/html\";i:10;s:11:\"core\/spacer\";}s:8:\"uag_flag\";b:0;s:11:\"uag_version\";s:10:\"1776262563\";s:6:\"gfonts\";a:0:{}s:10:\"gfonts_url\";s:0:\"\";s:12:\"gfonts_files\";a:0:{}s:14:\"uag_faq_layout\";b:0;}"]},"uagb_featured_image_src":{"full":["https:\/\/www.mayodarkskypark.ie\/wp-content\/uploads\/2023\/11\/Banner02.jpg",1200,265,false],"thumbnail":["https:\/\/www.mayodarkskypark.ie\/wp-content\/uploads\/2023\/11\/Banner02-150x150.jpg",150,150,true],"medium":["https:\/\/www.mayodarkskypark.ie\/wp-content\/uploads\/2023\/11\/Banner02-300x66.jpg",300,66,true],"medium_large":["https:\/\/www.mayodarkskypark.ie\/wp-content\/uploads\/2023\/11\/Banner02-768x170.jpg",768,170,true],"large":["https:\/\/www.mayodarkskypark.ie\/wp-content\/uploads\/2023\/11\/Banner02-1024x226.jpg",1024,226,true],"1536x1536":["https:\/\/www.mayodarkskypark.ie\/wp-content\/uploads\/2023\/11\/Banner02.jpg",1200,265,false],"2048x2048":["https:\/\/www.mayodarkskypark.ie\/wp-content\/uploads\/2023\/11\/Banner02.jpg",1200,265,false]},"uagb_author_info":{"display_name":"Robert Lockwood","author_link":"https:\/\/www.mayodarkskypark.ie\/ga\/author\/robert-lockwood\/"},"uagb_comment_info":0,"uagb_excerpt":"Glac p\u00e1irt Oibr\u00edmid go dl\u00fath len\u00e1r ngr\u00fapa\u00ed pobail timpeall ar Ph\u00e1irc Sp\u00e9ire Dorcha agus spreagaimid rannph\u00e1irt\u00edocht \u00e1iti\u00fail. Is gr\u00fapa oibrithe deonacha iad Cairde Sp\u00e9artha Dorcha Mhaigh Eo at\u00e1 anois ina ambasad\u00f3ir\u00ed do Ph\u00e1irc Sp\u00e9ire Dorcha Mhaigh Eo. Is guth pobail iad ar an tionscadal Sp\u00e9ire Dorcha agus oibr\u00edonn siad le Comhairle Contae Mhaigh Eo agus&hellip;","_links":{"self":[{"href":"https:\/\/www.mayodarkskypark.ie\/ga\/wp-json\/wp\/v2\/pages\/603","targetHints":{"allow":["GET"]}}],"collection":[{"href":"https:\/\/www.mayodarkskypark.ie\/ga\/wp-json\/wp\/v2\/pages"}],"about":[{"href":"https:\/\/www.mayodarkskypark.ie\/ga\/wp-json\/wp\/v2\/types\/page"}],"author":[{"embeddable":true,"href":"https:\/\/www.mayodarkskypark.ie\/ga\/wp-json\/wp\/v2\/users\/1"}],"replies":[{"embeddable":true,"href":"https:\/\/www.mayodarkskypark.ie\/ga\/wp-json\/wp\/v2\/comments?post=603"}],"version-history":[{"count":5,"href":"https:\/\/www.mayodarkskypark.ie\/ga\/wp-json\/wp\/v2\/pages\/603\/revisions"}],"predecessor-version":[{"id":713,"href":"https:\/\/www.mayodarkskypark.ie\/ga\/wp-json\/wp\/v2\/pages\/603\/revisions\/713"}],"up":[{"embeddable":true,"href":"https:\/\/www.mayodarkskypark.ie\/ga\/wp-json\/wp\/v2\/pages\/598"}],"wp:featuredmedia":[{"embeddable":true,"href":"https:\/\/www.mayodarkskypark.ie\/ga\/wp-json\/wp\/v2\/media\/475"}],"wp:attachment":[{"href":"https:\/\/www.mayodarkskypark.ie\/ga\/wp-json\/wp\/v2\/media?parent=603"}],"curies":[{"name":"wp","href":"https:\/\/api.w.org\/{rel}","templated":true}]}}