{"id":605,"date":"2023-11-23T17:04:25","date_gmt":"2023-11-23T17:04:25","guid":{"rendered":"https:\/\/www.mayodarkskypark.ie\/faoi\/ceisteanna-coitianta\/"},"modified":"2025-01-09T08:19:21","modified_gmt":"2025-01-09T08:19:21","slug":"ceisteanna-coitianta","status":"publish","type":"page","link":"https:\/\/www.mayodarkskypark.ie\/ga\/faoi\/ceisteanna-coitianta\/","title":{"rendered":"Ceisteanna Coitianta"},"content":{"rendered":"\n<h1 class=\"wp-block-heading\">Ceisteanna <mark style=\"background-color:rgba(0, 0, 0, 0)\" class=\"has-inline-color has-ast-global-color-1-color\">Coitianta<\/mark><\/h1>\n\n<div class=\"wp-block-columns is-layout-flex wp-container-core-columns-is-layout-e0e4babd wp-block-columns-is-layout-flex\" style=\"padding-right:0;padding-left:0\">\n<div class=\"wp-block-column is-layout-flow wp-block-column-is-layout-flow\">\n<div class=\"wp-block-aab-accordion-block aab__accordion_container  active__accordion_container_817463b3\" style=\"border:1px solid #cccccc;margin-top:0px;margin-bottom:15px;border-radius:0px\"><div class=\"aab__accordion_head aab_right_icon\" data-active=\"true\" style=\"color:#ffffff;background-color:#767b2b;padding:10px 15px 10px 15px\"><div class=\"aab__accordion_heading aab_right_icon\"><h2 class=\"aab__accordion_title\" style=\"margin:0;color:#ffffff\">What is a Dark Sky Park?<\/h2><\/div><div class=\"aab__accordion_icon\" style=\"color:#ffffff;background-color:transparent\"><span class=\"aab__icon dashicons dashicons-arrow-up-alt2\"><\/span><\/div><\/div><div class=\"aab__accordion_body aab__accordion_body--show active__accordion_817463b3\" role=\"region\" style=\"background-color:transparent;border-top:1px solid #cccccc;padding:10px 15px 10px 15px\">\n<p>T\u00e1 n\u00edos m\u00f3 i gceist le P\u00e1irc Sp\u00e9ire Dorcha n\u00e1 d\u00edreach dorcha, is \u00e1it \u00ed ina nd\u00e9antar sp\u00e9artha r\u00e9altacha eisceacht\u00fala a chosaint agus a luach\u00e1il mar acmhainn th\u00e1bhachtach oideachais, chult\u00fartha, radhairc agus n\u00e1d\u00fartha. Tr\u00edn\u00e1r sp\u00e9artha dorcha a chosaint cabhra\u00edmid le h\u00e9iceach\u00f3rais agus leis an bhfiadh\u00falra, meallaimid turas\u00f3ireacht lasmuigh den s\u00e9as\u00far agus laghda\u00edtear \u00e1r lorg carb\u00f3in.<\/p>\n\n\n\n<p>I m\u00ed na Bealtaine 2016, bhronn an Cumann <a href=\"http:\/\/darksky.org\/idsp\/parks\/\" target=\"_blank\" rel=\"noreferrer noopener\">Idirn\u00e1isi\u00fanta na Sp\u00e9ire Dorcha<\/a> caighde\u00e1n Sraith \u00d3ir de Ph\u00e1irc Idirn\u00e1isi\u00fanta na Sp\u00e9ire Dorcha orainn. T\u00e1 an pr\u00f3iseas deimhnithe bunaithe ar chl\u00e1ir chaomhnaithe, mar Shu\u00edomhanna Oidhreachta Domhanda UNESCO agus Anaclanna Bithsf\u00e9ir.<\/p>\n\n\n\n<p>Is \u00e9 an gradam Sraith \u00d3ir an gradam is airde agus is f\u00e9idir a fh\u00e1il, rud a chialla\u00edonn go bhfuil aitheantas idirn\u00e1isi\u00fanta anois ag Maigh Eo mar cheann de na h\u00e1iteanna is fearr ar domhan le hiontais na ho\u00edche a fheice\u00e1il.<\/p>\n<\/div><\/div>\n\n\n\n<div class=\"wp-block-aab-accordion-block aab__accordion_container\" style=\"border:1px solid #cccccc;margin-top:0px;margin-bottom:15px;border-radius:0px\"><div class=\"aab__accordion_head aab_right_icon\" data-active=\"false\" style=\"color:#ffffff;background-color:#767b2b;padding:10px 15px 10px 15px\"><div class=\"aab__accordion_heading aab_right_icon\"><h2 class=\"aab__accordion_title\" style=\"margin:0;color:#ffffff\">What is the International Dark Sky Association?<\/h2><\/div><div class=\"aab__accordion_icon\" style=\"color:#ffffff;background-color:transparent\"><span class=\"aab__icon dashicons dashicons-arrow-down-alt2\"><\/span><\/div><\/div><div class=\"aab__accordion_body \" role=\"region\" style=\"background-color:transparent;border-top:1px solid #cccccc;padding:10px 15px 10px 15px\">\n<p>\u00d3 1988, t\u00e1 an Cumann <a href=\"http:\/\/darksky.org\/\" target=\"_blank\" rel=\"noreferrer noopener\">Idirn\u00e1isi\u00fanta um Sp\u00e9ire Dorcha (IDA)<\/a> (eagra\u00edocht neamhbhrab\u00fais at\u00e1 bunaithe i SAM) ag obair chun an timpeallacht o\u00edche agus \u00e1r n-oidhreacht sp\u00e9artha dorcha a chaomhn\u00fa agus a chosaint tr\u00ed shoilsi\u00fa allamuigh at\u00e1 freagrach don chomhshaol. Is \u00e9 an IDA an t-\u00fadar\u00e1s domhanda aitheanta ar thruailli\u00fa solais.<\/p>\n<\/div><\/div>\n\n\n\n<div class=\"wp-block-aab-accordion-block aab__accordion_container\" style=\"border:1px solid #cccccc;margin-top:0px;margin-bottom:15px;border-radius:0px\"><div class=\"aab__accordion_head aab_right_icon\" data-active=\"false\" style=\"color:#ffffff;background-color:#767b2b;padding:10px 15px 10px 15px\"><div class=\"aab__accordion_heading aab_right_icon\"><h2 class=\"aab__accordion_title\" style=\"margin:0;color:#ffffff\">Why are Dark Skies Important?<\/h2><\/div><div class=\"aab__accordion_icon\" style=\"color:#ffffff;background-color:transparent\"><span class=\"aab__icon dashicons dashicons-arrow-down-alt2\"><\/span><\/div><\/div><div class=\"aab__accordion_body \" role=\"region\" style=\"background-color:transparent;border-top:1px solid #cccccc;padding:10px 15px 10px 15px\">\n<p>N\u00ed fheicfidh na milli\u00fain leana\u00ed ar fud an domhain Bealach na B\u00f3 Finne mar gheall ar <a href=\"https:\/\/www.mayodarkskypark.ie\/ga\/foghlaim\/truailliu-solais\/\" data-type=\"page\" data-id=\"177\">thruailli\u00fa solais<\/a> (\u00fas\u00e1id mh\u00edchu\u00ed n\u00f3 iomarcach as solas saorga). N\u00ed hamh\u00e1in go th\u00f3gann truailli\u00fa solais \u00e1r amharc ar na r\u00e9alta\u00ed, cuireann s\u00e9 airgead am\u00fa agus b\u00edonn drochthionchar aige ar \u00e1r sl\u00e1inte, ar \u00e1r bhfiadh\u00falra agus ar an gcomhshaol. Caomhna\u00edonn \u00e1iteanna na Sp\u00e9ire Dorcha na sp\u00e9artha r\u00e9altacha, spreagann siad an chruthaitheacht agus athcheangala\u00edonn siad sinn le h\u00e1illeacht n\u00e1d\u00fartha na ho\u00edche.<\/p>\n<\/div><\/div>\n\n\n\n<div class=\"wp-block-aab-accordion-block aab__accordion_container\" style=\"border:1px solid #cccccc;margin-top:0px;margin-bottom:15px;border-radius:0px\"><div class=\"aab__accordion_head aab_right_icon\" data-active=\"false\" style=\"color:#ffffff;background-color:#767b2b;padding:10px 15px 10px 15px\"><div class=\"aab__accordion_heading aab_right_icon\"><h2 class=\"aab__accordion_title\" style=\"margin:0;color:#ffffff\">If I live near a Dark Sky Park, Will I be asked to turn off the lights?<\/h2><\/div><div class=\"aab__accordion_icon\" style=\"color:#ffffff;background-color:transparent\"><span class=\"aab__icon dashicons dashicons-arrow-down-alt2\"><\/span><\/div><\/div><div class=\"aab__accordion_body \" role=\"region\" style=\"background-color:transparent;border-top:1px solid #cccccc;padding:10px 15px 10px 15px\">\n<p>N\u00ed hea. N\u00edlimid ag iarraidh ar ch\u00f3naitheoir\u00ed solas a mh\u00fachadh n\u00e1 athruithe nach bhfuil g\u00e1 leo a dh\u00e9anamh. Ina \u00e1it sin, t\u00e1 s\u00fail againn daoine a spreagadh chun soilsi\u00fa n\u00edos l\u00fa agus\/n\u00f3 soilsi\u00fa n\u00edos oiri\u00fana\u00ed a \u00fas\u00e1id de r\u00e9ir mar is g\u00e1. T\u00e1 tuilleadh sonra\u00ed curtha ar f\u00e1il againn in\u00e1r rann\u00e1n ar <a href=\"https:\/\/www.mayodarkskypark.ie\/ga\/foghlaim\/truailliu-solais\/\" data-type=\"page\" data-id=\"177\">Thruailli\u00fa Solais<\/a> mar aon le <a href=\"https:\/\/www.mayodarkskypark.ie\/wp-content\/uploads\/2023\/11\/MDSP-LightPollution-v1.pdf\" target=\"_blank\" rel=\"noreferrer noopener\">treoir is f\u00e9idir a \u00edosl\u00f3d\u00e1il<\/a>.<\/p>\n<\/div><\/div>\n\n\n\n<div class=\"wp-block-aab-accordion-block aab__accordion_container\" style=\"border:1px solid #cccccc;margin-top:0px;margin-bottom:15px;border-radius:0px\"><div class=\"aab__accordion_head aab_right_icon\" data-active=\"false\" style=\"color:#ffffff;background-color:#767b2b;padding:10px 15px 10px 15px\"><div class=\"aab__accordion_heading aab_right_icon\"><h2 class=\"aab__accordion_title\" style=\"margin:0;color:#ffffff\">How will it affect me?<\/h2><\/div><div class=\"aab__accordion_icon\" style=\"color:#ffffff;background-color:transparent\"><span class=\"aab__icon dashicons dashicons-arrow-down-alt2\"><\/span><\/div><\/div><div class=\"aab__accordion_body \" role=\"region\" style=\"background-color:transparent;border-top:1px solid #cccccc;padding:10px 15px 10px 15px\">\n<p>Cuirfimid na deiseanna at\u00e1 ar f\u00e1il do ghn\u00f3lachta\u00ed agus do phobail \u00e1iti\u00fala chun cinn tr\u00ed thionscadal na sp\u00e9ire dorcha mar mhargadh turas\u00f3ireachta m\u00e9adaithe agus s\u00e9as\u00far turas\u00f3ireachta n\u00edos faide, bunaithe ar r\u00e9alteola\u00edocht agus l\u00e9irthuiscint ar an timpeallacht o\u00edche, go h\u00e1irithe le linn m\u00edonna ci\u00faine an gheimhridh.<\/p>\n<\/div><\/div>\n<\/div>\n<\/div>\n","protected":false},"excerpt":{"rendered":"<p>Ceisteanna Coitianta<\/p>\n","protected":false},"author":1,"featured_media":477,"parent":598,"menu_order":0,"comment_status":"closed","ping_status":"closed","template":"","meta":{"_uag_custom_page_level_css":"","site-sidebar-layout":"default","site-content-layout":"","ast-site-content-layout":"default","site-content-style":"default","site-sidebar-style":"default","ast-global-header-display":"","ast-banner-title-visibility":"","ast-main-header-display":"","ast-hfb-above-header-display":"","ast-hfb-below-header-display":"","ast-hfb-mobile-header-display":"","site-post-title":"disabled","ast-breadcrumbs-content":"","ast-featured-img":"","footer-sml-layout":"","ast-disable-related-posts":"","theme-transparent-header-meta":"","adv-header-id-meta":"","stick-header-meta":"","header-above-stick-meta":"","header-main-stick-meta":"","header-below-stick-meta":"","astra-migrate-meta-layouts":"default","ast-page-background-enabled":"default","ast-page-background-meta":{"desktop":{"background-color":"var(--ast-global-color-4)","background-image":"","background-repeat":"repeat","background-position":"center center","background-size":"auto","background-attachment":"scroll","background-type":"","background-media":"","overlay-type":"","overlay-color":"","overlay-opacity":"","overlay-gradient":""},"tablet":{"background-color":"","background-image":"","background-repeat":"repeat","background-position":"center center","background-size":"auto","background-attachment":"scroll","background-type":"","background-media":"","overlay-type":"","overlay-color":"","overlay-opacity":"","overlay-gradient":""},"mobile":{"background-color":"","background-image":"","background-repeat":"repeat","background-position":"center center","background-size":"auto","background-attachment":"scroll","background-type":"","background-media":"","overlay-type":"","overlay-color":"","overlay-opacity":"","overlay-gradient":""}},"ast-content-background-meta":{"desktop":{"background-color":"var(--ast-global-color-5)","background-image":"","background-repeat":"repeat","background-position":"center center","background-size":"auto","background-attachment":"scroll","background-type":"","background-media":"","overlay-type":"","overlay-color":"","overlay-opacity":"","overlay-gradient":""},"tablet":{"background-color":"var(--ast-global-color-5)","background-image":"","background-repeat":"repeat","background-position":"center center","background-size":"auto","background-attachment":"scroll","background-type":"","background-media":"","overlay-type":"","overlay-color":"","overlay-opacity":"","overlay-gradient":""},"mobile":{"background-color":"var(--ast-global-color-5)","background-image":"","background-repeat":"repeat","background-position":"center center","background-size":"auto","background-attachment":"scroll","background-type":"","background-media":"","overlay-type":"","overlay-color":"","overlay-opacity":"","overlay-gradient":""}},"footnotes":""},"class_list":["post-605","page","type-page","status-publish","has-post-thumbnail","hentry"],"yoast_head":"<!-- This site is optimized with the Yoast SEO plugin v27.3 - https:\/\/yoast.com\/product\/yoast-seo-wordpress\/ -->\n<title>Ceisteanna Coitianta - P\u00e1irc Sp\u00e9ire Dorcha Mhaigh Eo<\/title>\n<meta name=\"robots\" content=\"index, follow, max-snippet:-1, max-image-preview:large, max-video-preview:-1\" \/>\n<link rel=\"canonical\" href=\"https:\/\/www.mayodarkskypark.ie\/ga\/faoi\/ceisteanna-coitianta\/\" \/>\n<meta property=\"og:locale\" content=\"ga_IE\" \/>\n<meta property=\"og:type\" content=\"article\" \/>\n<meta property=\"og:title\" content=\"Ceisteanna Coitianta - P\u00e1irc Sp\u00e9ire Dorcha Mhaigh Eo\" \/>\n<meta property=\"og:description\" content=\"Ceisteanna Coitianta\" \/>\n<meta property=\"og:url\" content=\"https:\/\/www.mayodarkskypark.ie\/ga\/faoi\/ceisteanna-coitianta\/\" \/>\n<meta property=\"og:site_name\" content=\"P\u00e1irc Sp\u00e9ire Dorcha Mhaigh Eo\" \/>\n<meta property=\"article:publisher\" content=\"https:\/\/www.facebook.com\/mayodarkskies\/\" \/>\n<meta property=\"article:modified_time\" content=\"2025-01-09T08:19:21+00:00\" \/>\n<meta property=\"og:image\" content=\"https:\/\/www.mayodarkskypark.ie\/wp-content\/uploads\/2023\/11\/Banner03.jpg\" \/>\n\t<meta property=\"og:image:width\" content=\"1200\" \/>\n\t<meta property=\"og:image:height\" content=\"265\" \/>\n\t<meta property=\"og:image:type\" content=\"image\/jpeg\" \/>\n<meta name=\"twitter:card\" content=\"summary_large_image\" \/>\n<meta name=\"twitter:label1\" content=\"Est. reading time\" \/>\n\t<meta name=\"twitter:data1\" content=\"3 minutes\" \/>\n<script type=\"application\/ld+json\" class=\"yoast-schema-graph\">{\"@context\":\"https:\\\/\\\/schema.org\",\"@graph\":[{\"@type\":\"WebPage\",\"@id\":\"https:\\\/\\\/www.mayodarkskypark.ie\\\/ga\\\/faoi\\\/ceisteanna-coitianta\\\/\",\"url\":\"https:\\\/\\\/www.mayodarkskypark.ie\\\/ga\\\/faoi\\\/ceisteanna-coitianta\\\/\",\"name\":\"Ceisteanna Coitianta - P\u00e1irc Sp\u00e9ire Dorcha Mhaigh Eo\",\"isPartOf\":{\"@id\":\"https:\\\/\\\/www.mayodarkskypark.ie\\\/#website\"},\"primaryImageOfPage\":{\"@id\":\"https:\\\/\\\/www.mayodarkskypark.ie\\\/ga\\\/faoi\\\/ceisteanna-coitianta\\\/#primaryimage\"},\"image\":{\"@id\":\"https:\\\/\\\/www.mayodarkskypark.ie\\\/ga\\\/faoi\\\/ceisteanna-coitianta\\\/#primaryimage\"},\"thumbnailUrl\":\"https:\\\/\\\/www.mayodarkskypark.ie\\\/wp-content\\\/uploads\\\/2023\\\/11\\\/Banner03.jpg\",\"datePublished\":\"2023-11-23T17:04:25+00:00\",\"dateModified\":\"2025-01-09T08:19:21+00:00\",\"breadcrumb\":{\"@id\":\"https:\\\/\\\/www.mayodarkskypark.ie\\\/ga\\\/faoi\\\/ceisteanna-coitianta\\\/#breadcrumb\"},\"inLanguage\":\"ga-IE\",\"potentialAction\":[{\"@type\":\"ReadAction\",\"target\":[\"https:\\\/\\\/www.mayodarkskypark.ie\\\/ga\\\/faoi\\\/ceisteanna-coitianta\\\/\"]}]},{\"@type\":\"ImageObject\",\"inLanguage\":\"ga-IE\",\"@id\":\"https:\\\/\\\/www.mayodarkskypark.ie\\\/ga\\\/faoi\\\/ceisteanna-coitianta\\\/#primaryimage\",\"url\":\"https:\\\/\\\/www.mayodarkskypark.ie\\\/wp-content\\\/uploads\\\/2023\\\/11\\\/Banner03.jpg\",\"contentUrl\":\"https:\\\/\\\/www.mayodarkskypark.ie\\\/wp-content\\\/uploads\\\/2023\\\/11\\\/Banner03.jpg\",\"width\":1200,\"height\":265},{\"@type\":\"BreadcrumbList\",\"@id\":\"https:\\\/\\\/www.mayodarkskypark.ie\\\/ga\\\/faoi\\\/ceisteanna-coitianta\\\/#breadcrumb\",\"itemListElement\":[{\"@type\":\"ListItem\",\"position\":1,\"name\":\"Home\",\"item\":\"https:\\\/\\\/www.mayodarkskypark.ie\\\/ga\\\/\"},{\"@type\":\"ListItem\",\"position\":2,\"name\":\"Faoi\",\"item\":\"https:\\\/\\\/www.mayodarkskypark.ie\\\/about\\\/\"},{\"@type\":\"ListItem\",\"position\":3,\"name\":\"Ceisteanna Coitianta\"}]},{\"@type\":\"WebSite\",\"@id\":\"https:\\\/\\\/www.mayodarkskypark.ie\\\/#website\",\"url\":\"https:\\\/\\\/www.mayodarkskypark.ie\\\/\",\"name\":\"Mayo Dark Sky Park\",\"description\":\"International Dark Sky Place of the Year 2024\",\"publisher\":{\"@id\":\"https:\\\/\\\/www.mayodarkskypark.ie\\\/#organization\"},\"potentialAction\":[{\"@type\":\"SearchAction\",\"target\":{\"@type\":\"EntryPoint\",\"urlTemplate\":\"https:\\\/\\\/www.mayodarkskypark.ie\\\/?s={search_term_string}\"},\"query-input\":{\"@type\":\"PropertyValueSpecification\",\"valueRequired\":true,\"valueName\":\"search_term_string\"}}],\"inLanguage\":\"ga-IE\"},{\"@type\":\"Organization\",\"@id\":\"https:\\\/\\\/www.mayodarkskypark.ie\\\/#organization\",\"name\":\"Mayo Dark Sky Park\",\"url\":\"https:\\\/\\\/www.mayodarkskypark.ie\\\/\",\"logo\":{\"@type\":\"ImageObject\",\"inLanguage\":\"ga-IE\",\"@id\":\"https:\\\/\\\/www.mayodarkskypark.ie\\\/#\\\/schema\\\/logo\\\/image\\\/\",\"url\":\"https:\\\/\\\/www.mayodarkskypark.ie\\\/wp-content\\\/uploads\\\/2023\\\/11\\\/mayo-dark-sky-park.png\",\"contentUrl\":\"https:\\\/\\\/www.mayodarkskypark.ie\\\/wp-content\\\/uploads\\\/2023\\\/11\\\/mayo-dark-sky-park.png\",\"width\":246,\"height\":70,\"caption\":\"Mayo Dark Sky Park\"},\"image\":{\"@id\":\"https:\\\/\\\/www.mayodarkskypark.ie\\\/#\\\/schema\\\/logo\\\/image\\\/\"},\"sameAs\":[\"https:\\\/\\\/www.facebook.com\\\/mayodarkskies\\\/\"]}]}<\/script>\n<!-- \/ Yoast SEO plugin. -->","yoast_head_json":{"title":"Ceisteanna Coitianta - P\u00e1irc Sp\u00e9ire Dorcha Mhaigh Eo","robots":{"index":"index","follow":"follow","max-snippet":"max-snippet:-1","max-image-preview":"max-image-preview:large","max-video-preview":"max-video-preview:-1"},"canonical":"https:\/\/www.mayodarkskypark.ie\/ga\/faoi\/ceisteanna-coitianta\/","og_locale":"ga_IE","og_type":"article","og_title":"Ceisteanna Coitianta - P\u00e1irc Sp\u00e9ire Dorcha Mhaigh Eo","og_description":"Ceisteanna Coitianta","og_url":"https:\/\/www.mayodarkskypark.ie\/ga\/faoi\/ceisteanna-coitianta\/","og_site_name":"P\u00e1irc Sp\u00e9ire Dorcha Mhaigh Eo","article_publisher":"https:\/\/www.facebook.com\/mayodarkskies\/","article_modified_time":"2025-01-09T08:19:21+00:00","og_image":[{"width":1200,"height":265,"url":"https:\/\/www.mayodarkskypark.ie\/wp-content\/uploads\/2023\/11\/Banner03.jpg","type":"image\/jpeg"}],"twitter_card":"summary_large_image","twitter_misc":{"Est. reading time":"3 minutes"},"schema":{"@context":"https:\/\/schema.org","@graph":[{"@type":"WebPage","@id":"https:\/\/www.mayodarkskypark.ie\/ga\/faoi\/ceisteanna-coitianta\/","url":"https:\/\/www.mayodarkskypark.ie\/ga\/faoi\/ceisteanna-coitianta\/","name":"Ceisteanna Coitianta - P\u00e1irc Sp\u00e9ire Dorcha Mhaigh Eo","isPartOf":{"@id":"https:\/\/www.mayodarkskypark.ie\/#website"},"primaryImageOfPage":{"@id":"https:\/\/www.mayodarkskypark.ie\/ga\/faoi\/ceisteanna-coitianta\/#primaryimage"},"image":{"@id":"https:\/\/www.mayodarkskypark.ie\/ga\/faoi\/ceisteanna-coitianta\/#primaryimage"},"thumbnailUrl":"https:\/\/www.mayodarkskypark.ie\/wp-content\/uploads\/2023\/11\/Banner03.jpg","datePublished":"2023-11-23T17:04:25+00:00","dateModified":"2025-01-09T08:19:21+00:00","breadcrumb":{"@id":"https:\/\/www.mayodarkskypark.ie\/ga\/faoi\/ceisteanna-coitianta\/#breadcrumb"},"inLanguage":"ga-IE","potentialAction":[{"@type":"ReadAction","target":["https:\/\/www.mayodarkskypark.ie\/ga\/faoi\/ceisteanna-coitianta\/"]}]},{"@type":"ImageObject","inLanguage":"ga-IE","@id":"https:\/\/www.mayodarkskypark.ie\/ga\/faoi\/ceisteanna-coitianta\/#primaryimage","url":"https:\/\/www.mayodarkskypark.ie\/wp-content\/uploads\/2023\/11\/Banner03.jpg","contentUrl":"https:\/\/www.mayodarkskypark.ie\/wp-content\/uploads\/2023\/11\/Banner03.jpg","width":1200,"height":265},{"@type":"BreadcrumbList","@id":"https:\/\/www.mayodarkskypark.ie\/ga\/faoi\/ceisteanna-coitianta\/#breadcrumb","itemListElement":[{"@type":"ListItem","position":1,"name":"Home","item":"https:\/\/www.mayodarkskypark.ie\/ga\/"},{"@type":"ListItem","position":2,"name":"Faoi","item":"https:\/\/www.mayodarkskypark.ie\/about\/"},{"@type":"ListItem","position":3,"name":"Ceisteanna Coitianta"}]},{"@type":"WebSite","@id":"https:\/\/www.mayodarkskypark.ie\/#website","url":"https:\/\/www.mayodarkskypark.ie\/","name":"Mayo Dark Sky Park","description":"International Dark Sky Place of the Year 2024","publisher":{"@id":"https:\/\/www.mayodarkskypark.ie\/#organization"},"potentialAction":[{"@type":"SearchAction","target":{"@type":"EntryPoint","urlTemplate":"https:\/\/www.mayodarkskypark.ie\/?s={search_term_string}"},"query-input":{"@type":"PropertyValueSpecification","valueRequired":true,"valueName":"search_term_string"}}],"inLanguage":"ga-IE"},{"@type":"Organization","@id":"https:\/\/www.mayodarkskypark.ie\/#organization","name":"Mayo Dark Sky Park","url":"https:\/\/www.mayodarkskypark.ie\/","logo":{"@type":"ImageObject","inLanguage":"ga-IE","@id":"https:\/\/www.mayodarkskypark.ie\/#\/schema\/logo\/image\/","url":"https:\/\/www.mayodarkskypark.ie\/wp-content\/uploads\/2023\/11\/mayo-dark-sky-park.png","contentUrl":"https:\/\/www.mayodarkskypark.ie\/wp-content\/uploads\/2023\/11\/mayo-dark-sky-park.png","width":246,"height":70,"caption":"Mayo Dark Sky Park"},"image":{"@id":"https:\/\/www.mayodarkskypark.ie\/#\/schema\/logo\/image\/"},"sameAs":["https:\/\/www.facebook.com\/mayodarkskies\/"]}]}},"spectra_custom_meta":{"adv-header-id-meta":[""],"stick-header-meta":[""],"site-post-title":["disabled"],"ast-featured-img":[""],"theme-transparent-header-meta":[""],"_top_nav_excluded":[""],"_cms_nav_minihome":[""],"_thumbnail_id":["477"],"_last_translation_edit_mode":["translation-editor"],"_tribe_ticket_capacity":["0"],"_tribe_ticket_version":["5.13.4"],"ast-banner-title-visibility":[""],"_uag_css_file_name":["uag-css-605.css"],"_uag_page_assets":["a:9:{s:3:\"css\";s:263:\".uag-blocks-common-selector{z-index:var(--z-index-desktop) !important}@media (max-width: 976px){.uag-blocks-common-selector{z-index:var(--z-index-tablet) !important}}@media (max-width: 767px){.uag-blocks-common-selector{z-index:var(--z-index-mobile) !important}}\n\";s:2:\"js\";s:0:\"\";s:18:\"current_block_list\";a:11:{i:0;s:12:\"core\/heading\";i:1;s:12:\"core\/columns\";i:2;s:11:\"core\/column\";i:3;s:19:\"aab\/accordion-block\";i:4;s:14:\"core\/paragraph\";i:5;s:10:\"core\/group\";i:6;s:12:\"core\/buttons\";i:7;s:11:\"core\/button\";i:9;s:10:\"core\/image\";i:11;s:9:\"core\/html\";i:12;s:11:\"core\/spacer\";}s:8:\"uag_flag\";b:0;s:11:\"uag_version\";s:10:\"1775050265\";s:6:\"gfonts\";a:0:{}s:10:\"gfonts_url\";s:0:\"\";s:12:\"gfonts_files\";a:0:{}s:14:\"uag_faq_layout\";b:0;}"]},"uagb_featured_image_src":{"full":["https:\/\/www.mayodarkskypark.ie\/wp-content\/uploads\/2023\/11\/Banner03.jpg",1200,265,false],"thumbnail":["https:\/\/www.mayodarkskypark.ie\/wp-content\/uploads\/2023\/11\/Banner03-150x150.jpg",150,150,true],"medium":["https:\/\/www.mayodarkskypark.ie\/wp-content\/uploads\/2023\/11\/Banner03-300x66.jpg",300,66,true],"medium_large":["https:\/\/www.mayodarkskypark.ie\/wp-content\/uploads\/2023\/11\/Banner03-768x170.jpg",768,170,true],"large":["https:\/\/www.mayodarkskypark.ie\/wp-content\/uploads\/2023\/11\/Banner03-1024x226.jpg",1024,226,true],"1536x1536":["https:\/\/www.mayodarkskypark.ie\/wp-content\/uploads\/2023\/11\/Banner03.jpg",1200,265,false],"2048x2048":["https:\/\/www.mayodarkskypark.ie\/wp-content\/uploads\/2023\/11\/Banner03.jpg",1200,265,false]},"uagb_author_info":{"display_name":"Robert Lockwood","author_link":"https:\/\/www.mayodarkskypark.ie\/ga\/author\/robert-lockwood\/"},"uagb_comment_info":0,"uagb_excerpt":"Ceisteanna Coitianta","_links":{"self":[{"href":"https:\/\/www.mayodarkskypark.ie\/ga\/wp-json\/wp\/v2\/pages\/605","targetHints":{"allow":["GET"]}}],"collection":[{"href":"https:\/\/www.mayodarkskypark.ie\/ga\/wp-json\/wp\/v2\/pages"}],"about":[{"href":"https:\/\/www.mayodarkskypark.ie\/ga\/wp-json\/wp\/v2\/types\/page"}],"author":[{"embeddable":true,"href":"https:\/\/www.mayodarkskypark.ie\/ga\/wp-json\/wp\/v2\/users\/1"}],"replies":[{"embeddable":true,"href":"https:\/\/www.mayodarkskypark.ie\/ga\/wp-json\/wp\/v2\/comments?post=605"}],"version-history":[{"count":2,"href":"https:\/\/www.mayodarkskypark.ie\/ga\/wp-json\/wp\/v2\/pages\/605\/revisions"}],"predecessor-version":[{"id":1710,"href":"https:\/\/www.mayodarkskypark.ie\/ga\/wp-json\/wp\/v2\/pages\/605\/revisions\/1710"}],"up":[{"embeddable":true,"href":"https:\/\/www.mayodarkskypark.ie\/ga\/wp-json\/wp\/v2\/pages\/598"}],"wp:featuredmedia":[{"embeddable":true,"href":"https:\/\/www.mayodarkskypark.ie\/ga\/wp-json\/wp\/v2\/media\/477"}],"wp:attachment":[{"href":"https:\/\/www.mayodarkskypark.ie\/ga\/wp-json\/wp\/v2\/media?parent=605"}],"curies":[{"name":"wp","href":"https:\/\/api.w.org\/{rel}","templated":true}]}}