{"id":607,"date":"2023-11-28T11:25:11","date_gmt":"2023-11-28T11:25:11","guid":{"rendered":"https:\/\/www.mayodarkskypark.ie\/tabhair-cuairt\/ca-bhfuil-muid\/"},"modified":"2023-12-28T09:09:07","modified_gmt":"2023-12-28T09:09:07","slug":"ca-bhfuil-muid","status":"publish","type":"page","link":"https:\/\/www.mayodarkskypark.ie\/ga\/tabhair-cuairt\/ca-bhfuil-muid\/","title":{"rendered":"C\u00e1 bhfuil muid?"},"content":{"rendered":"\n<h1 class=\"wp-block-heading\">C\u00e1 bhfuil <mark style=\"background-color:rgba(0, 0, 0, 0)\" class=\"has-inline-color has-ast-global-color-1-color\">muid?<\/mark><\/h1>\n\n<div class=\"wp-block-columns is-layout-flex wp-container-core-columns-is-layout-e0e4babd wp-block-columns-is-layout-flex\" style=\"padding-right:0;padding-left:0\">\n<div class=\"wp-block-column is-layout-flow wp-block-column-is-layout-flow\">\n<p><strong>Tabhair faoi deara le do thoil nach gceada\u00edtear Camp\u00e1il agus Tinte Campa i bP\u00e1irc na Sp\u00e9ire Dorcha faoi l\u00e1thair. D\u00e9an tagairt do <a href=\"https:\/\/www.nationalparks.ie\/wild-nephin\/things-to-do\/#camping\">pholasa\u00ed na P\u00e1irce N\u00e1isi\u00fanta anseo le do thoil<\/a>. <\/strong><br\/><br\/>T\u00e1 P\u00e1irc Sp\u00e9ire Dorcha Mhaigh Eo suite i gcro\u00edl\u00e1r chuid Bay Coast de Shl\u00ed an Atlantaigh Fhi\u00e1in. Is \u00e9ard at\u00e1 i P\u00e1irc N\u00e1isi\u00fanta N\u00e9ifinne Fi\u00e1ine n\u00e1 an t\u00edrdhreach cosanta de bhratphortach, sl\u00e9ibhte agus foraoiseacht Atlantach agus cuireann s\u00e9 radharc iontach ar f\u00e1il san o\u00edche saor \u00f3 thruailli\u00fa solais.<br\/><br\/>Cuireann P\u00e1irc Sp\u00e9ire Dorcha Mhaigh Eo raon leathan \u00e1iseanna ar f\u00e1il do chuairteoir\u00ed chuig an r\u00e9igi\u00fan. Ar an taobh thiar t\u00e1 Ionad Cuairteoir\u00ed Bhaile Chruaich, at\u00e1 suite i sr\u00e1idbhaile Bhaile Chruaich ar bh\u00f3thar an N59 idir An Mhala Raithn\u00ed agus Bangor Erris.<br\/><\/p>\n\n\n\n<h4 class=\"wp-block-heading\">Seoladh an Ionaid Chuairteoir\u00ed:<\/h4>\n\n\n\n<p>P\u00e1irc N\u00e1isi\u00fanta N\u00e9ifinne Fi\u00e1ine <\/p>\n\n\n\n<p>Ionad Cuairteoir\u00ed Bhaile Chruaich,<\/p>\n\n\n\n<p>An tSeirbh\u00eds P\u00e1irceanna N\u00e1isi\u00fanta &amp; Fiadh\u00falra,<br\/>An Roinn Tith\u00edochta, Rialtais \u00c1it\u00fail agus Oidhreachta,<br\/>Sr\u00e1idbhaile Bhaile Chruaich,<br\/>Contae Mhaigh Eo.<br\/>F\u00f3n: <a href=\"tel:+3539849888\">+353 (0)98 49 888<\/a><br\/>R\u00edomhphost: <a href=\"https:\/\/www.mayodarkskypark.ie\/ballycroyvisitorcentre@housing.gov.ie\">ballycroyvisitorcentre@housing.gov.ie<\/a><br\/>Comhordan\u00e1id\u00ed GPS: 54.024505, -9.823505<\/p>\n\n\n\n<h4 class=\"wp-block-heading\">Iompar poibl\u00ed<\/h4>\n\n\n\n<p>Seans go mbeidh na naisc seo \u00fas\u00e1ideach agus t\u00fa ag plean\u00e1il do thuras:<br\/><a href=\"https:\/\/www.buseireann.ie\">Bus \u00c9ireann<\/a><br\/><a href=\"https:\/\/www.irishrail.ie\/\">Iarnr\u00f3d \u00c9ireann<\/a> <em>(is \u00e9 an st\u00e1isi\u00fan traenach is gaire n\u00e1 Cathair na Mart timpeall 45km \u00f3 Bhaile Chruaich)<\/em><\/p>\n\n\n\n<h4 class=\"wp-block-heading\">L\u00e9arsc\u00e1ileanna<\/h4>\n\n\n\n<p>Molaimid na l\u00e9arsc\u00e1ileanna seo a leanas chun cuairt a thabhairt ar Ph\u00e1irc N\u00e1isi\u00fanta Bhaile Chruaich agus ar N\u00e9ifinn Fi\u00e1ine.<\/p>\n\n\n\n<p>Discovery Series 23 agus 30 (Sc\u00e1la 1:50,000) ar f\u00e1il \u00f3 <a href=\"https:\/\/store.osi.ie\/\">Shuirbh\u00e9ireacht Ordan\u00e1is \u00c9ireann<\/a>.<br\/>L\u00e9arsc\u00e1il N\u00e9ifinn Fi\u00e1ine (Sc\u00e1la 1:25,000) ar f\u00e1il \u00f3 <a href=\"https:\/\/www.eastwestmapping.ie\/shop\/\">Mhap\u00e1il Thoir Thiar<\/a>.<\/p>\n\n\n\n<div class=\"wp-block-buttons is-layout-flex wp-block-buttons-is-layout-flex\">\n<div class=\"wp-block-button has-custom-font-size has-medium-font-size\"><a class=\"wp-block-button__link wp-element-button\"><img loading=\"lazy\" decoding=\"async\" width=\"30\" height=\"36\" class=\"wp-image-139\" style=\"width: 30px;\" src=\"https:\/\/www.mayodarkskypark.ie\/wp-content\/uploads\/2023\/11\/map-pin.png\" alt=\"Pointe Tagartha Eanga&#xED;\"\/> F\u00e9ach ar an L\u00e9arsc\u00e1il<\/a><\/div>\n<\/div>\n<\/div>\n<\/div>\n","protected":false},"excerpt":{"rendered":"<p>C\u00e1 bhfuil muid? Tabhair faoi deara le do thoil nach gceada\u00edtear Camp\u00e1il agus Tinte Campa i bP\u00e1irc na Sp\u00e9ire Dorcha faoi l\u00e1thair. D\u00e9an tagairt do pholasa\u00ed na P\u00e1irce N\u00e1isi\u00fanta anseo le do thoil. T\u00e1 P\u00e1irc Sp\u00e9ire Dorcha Mhaigh Eo suite i gcro\u00edl\u00e1r chuid Bay Coast de Shl\u00ed an Atlantaigh Fhi\u00e1in. Is \u00e9ard at\u00e1 i P\u00e1irc [&hellip;]<\/p>\n","protected":false},"author":1,"featured_media":478,"parent":601,"menu_order":0,"comment_status":"closed","ping_status":"closed","template":"","meta":{"_uag_custom_page_level_css":"","site-sidebar-layout":"default","site-content-layout":"","ast-site-content-layout":"default","site-content-style":"default","site-sidebar-style":"default","ast-global-header-display":"","ast-banner-title-visibility":"","ast-main-header-display":"","ast-hfb-above-header-display":"","ast-hfb-below-header-display":"","ast-hfb-mobile-header-display":"","site-post-title":"disabled","ast-breadcrumbs-content":"","ast-featured-img":"","footer-sml-layout":"","ast-disable-related-posts":"","theme-transparent-header-meta":"","adv-header-id-meta":"","stick-header-meta":"","header-above-stick-meta":"","header-main-stick-meta":"","header-below-stick-meta":"","astra-migrate-meta-layouts":"default","ast-page-background-enabled":"default","ast-page-background-meta":{"desktop":{"background-color":"var(--ast-global-color-4)","background-image":"","background-repeat":"repeat","background-position":"center center","background-size":"auto","background-attachment":"scroll","background-type":"","background-media":"","overlay-type":"","overlay-color":"","overlay-opacity":"","overlay-gradient":""},"tablet":{"background-color":"","background-image":"","background-repeat":"repeat","background-position":"center center","background-size":"auto","background-attachment":"scroll","background-type":"","background-media":"","overlay-type":"","overlay-color":"","overlay-opacity":"","overlay-gradient":""},"mobile":{"background-color":"","background-image":"","background-repeat":"repeat","background-position":"center center","background-size":"auto","background-attachment":"scroll","background-type":"","background-media":"","overlay-type":"","overlay-color":"","overlay-opacity":"","overlay-gradient":""}},"ast-content-background-meta":{"desktop":{"background-color":"var(--ast-global-color-5)","background-image":"","background-repeat":"repeat","background-position":"center center","background-size":"auto","background-attachment":"scroll","background-type":"","background-media":"","overlay-type":"","overlay-color":"","overlay-opacity":"","overlay-gradient":""},"tablet":{"background-color":"var(--ast-global-color-5)","background-image":"","background-repeat":"repeat","background-position":"center center","background-size":"auto","background-attachment":"scroll","background-type":"","background-media":"","overlay-type":"","overlay-color":"","overlay-opacity":"","overlay-gradient":""},"mobile":{"background-color":"var(--ast-global-color-5)","background-image":"","background-repeat":"repeat","background-position":"center center","background-size":"auto","background-attachment":"scroll","background-type":"","background-media":"","overlay-type":"","overlay-color":"","overlay-opacity":"","overlay-gradient":""}},"footnotes":""},"class_list":["post-607","page","type-page","status-publish","has-post-thumbnail","hentry"],"yoast_head":"<!-- This site is optimized with the Yoast SEO plugin v27.4 - https:\/\/yoast.com\/product\/yoast-seo-wordpress\/ -->\n<title>C\u00e1 bhfuil muid? - P\u00e1irc Sp\u00e9ire Dorcha Mhaigh Eo<\/title>\n<meta name=\"robots\" content=\"index, follow, max-snippet:-1, max-image-preview:large, max-video-preview:-1\" \/>\n<link rel=\"canonical\" href=\"https:\/\/www.mayodarkskypark.ie\/visit\/find-us\/\" \/>\n<meta property=\"og:locale\" content=\"ga_IE\" \/>\n<meta property=\"og:type\" content=\"article\" \/>\n<meta property=\"og:title\" content=\"C\u00e1 bhfuil muid? - P\u00e1irc Sp\u00e9ire Dorcha Mhaigh Eo\" \/>\n<meta property=\"og:description\" content=\"C\u00e1 bhfuil muid? Tabhair faoi deara le do thoil nach gceada\u00edtear Camp\u00e1il agus Tinte Campa i bP\u00e1irc na Sp\u00e9ire Dorcha faoi l\u00e1thair. D\u00e9an tagairt do pholasa\u00ed na P\u00e1irce N\u00e1isi\u00fanta anseo le do thoil. T\u00e1 P\u00e1irc Sp\u00e9ire Dorcha Mhaigh Eo suite i gcro\u00edl\u00e1r chuid Bay Coast de Shl\u00ed an Atlantaigh Fhi\u00e1in. Is \u00e9ard at\u00e1 i P\u00e1irc [&hellip;]\" \/>\n<meta property=\"og:url\" content=\"https:\/\/www.mayodarkskypark.ie\/visit\/find-us\/\" \/>\n<meta property=\"og:site_name\" content=\"P\u00e1irc Sp\u00e9ire Dorcha Mhaigh Eo\" \/>\n<meta property=\"article:publisher\" content=\"https:\/\/www.facebook.com\/mayodarkskies\/\" \/>\n<meta property=\"article:modified_time\" content=\"2023-12-28T09:09:07+00:00\" \/>\n<meta property=\"og:image\" content=\"https:\/\/www.mayodarkskypark.ie\/wp-content\/uploads\/2023\/11\/Banner04.jpg\" \/>\n\t<meta property=\"og:image:width\" content=\"1200\" \/>\n\t<meta property=\"og:image:height\" content=\"265\" \/>\n\t<meta property=\"og:image:type\" content=\"image\/jpeg\" \/>\n<meta name=\"twitter:card\" content=\"summary_large_image\" \/>\n<meta name=\"twitter:label1\" content=\"Est. reading time\" \/>\n\t<meta name=\"twitter:data1\" content=\"2 minutes\" \/>\n<script type=\"application\/ld+json\" class=\"yoast-schema-graph\">{\"@context\":\"https:\\\/\\\/schema.org\",\"@graph\":[{\"@type\":\"WebPage\",\"@id\":\"https:\\\/\\\/www.mayodarkskypark.ie\\\/visit\\\/find-us\\\/\",\"url\":\"https:\\\/\\\/www.mayodarkskypark.ie\\\/visit\\\/find-us\\\/\",\"name\":\"C\u00e1 bhfuil muid? - P\u00e1irc Sp\u00e9ire Dorcha Mhaigh Eo\",\"isPartOf\":{\"@id\":\"https:\\\/\\\/www.mayodarkskypark.ie\\\/#website\"},\"primaryImageOfPage\":{\"@id\":\"https:\\\/\\\/www.mayodarkskypark.ie\\\/visit\\\/find-us\\\/#primaryimage\"},\"image\":{\"@id\":\"https:\\\/\\\/www.mayodarkskypark.ie\\\/visit\\\/find-us\\\/#primaryimage\"},\"thumbnailUrl\":\"https:\\\/\\\/www.mayodarkskypark.ie\\\/wp-content\\\/uploads\\\/2023\\\/11\\\/Banner04.jpg\",\"datePublished\":\"2023-11-28T11:25:11+00:00\",\"dateModified\":\"2023-12-28T09:09:07+00:00\",\"breadcrumb\":{\"@id\":\"https:\\\/\\\/www.mayodarkskypark.ie\\\/visit\\\/find-us\\\/#breadcrumb\"},\"inLanguage\":\"ga-IE\",\"potentialAction\":[{\"@type\":\"ReadAction\",\"target\":[\"https:\\\/\\\/www.mayodarkskypark.ie\\\/visit\\\/find-us\\\/\"]}]},{\"@type\":\"ImageObject\",\"inLanguage\":\"ga-IE\",\"@id\":\"https:\\\/\\\/www.mayodarkskypark.ie\\\/visit\\\/find-us\\\/#primaryimage\",\"url\":\"https:\\\/\\\/www.mayodarkskypark.ie\\\/wp-content\\\/uploads\\\/2023\\\/11\\\/Banner04.jpg\",\"contentUrl\":\"https:\\\/\\\/www.mayodarkskypark.ie\\\/wp-content\\\/uploads\\\/2023\\\/11\\\/Banner04.jpg\",\"width\":1200,\"height\":265},{\"@type\":\"BreadcrumbList\",\"@id\":\"https:\\\/\\\/www.mayodarkskypark.ie\\\/visit\\\/find-us\\\/#breadcrumb\",\"itemListElement\":[{\"@type\":\"ListItem\",\"position\":1,\"name\":\"Home\",\"item\":\"https:\\\/\\\/www.mayodarkskypark.ie\\\/ga\\\/\"},{\"@type\":\"ListItem\",\"position\":2,\"name\":\"Tabhair Cuairt\",\"item\":\"https:\\\/\\\/www.mayodarkskypark.ie\\\/visit\\\/\"},{\"@type\":\"ListItem\",\"position\":3,\"name\":\"C\u00e1 bhfuil muid?\"}]},{\"@type\":\"WebSite\",\"@id\":\"https:\\\/\\\/www.mayodarkskypark.ie\\\/#website\",\"url\":\"https:\\\/\\\/www.mayodarkskypark.ie\\\/\",\"name\":\"Mayo Dark Sky Park\",\"description\":\"International Dark Sky Place of the Year 2024\",\"publisher\":{\"@id\":\"https:\\\/\\\/www.mayodarkskypark.ie\\\/#organization\"},\"potentialAction\":[{\"@type\":\"SearchAction\",\"target\":{\"@type\":\"EntryPoint\",\"urlTemplate\":\"https:\\\/\\\/www.mayodarkskypark.ie\\\/?s={search_term_string}\"},\"query-input\":{\"@type\":\"PropertyValueSpecification\",\"valueRequired\":true,\"valueName\":\"search_term_string\"}}],\"inLanguage\":\"ga-IE\"},{\"@type\":\"Organization\",\"@id\":\"https:\\\/\\\/www.mayodarkskypark.ie\\\/#organization\",\"name\":\"Mayo Dark Sky Park\",\"url\":\"https:\\\/\\\/www.mayodarkskypark.ie\\\/\",\"logo\":{\"@type\":\"ImageObject\",\"inLanguage\":\"ga-IE\",\"@id\":\"https:\\\/\\\/www.mayodarkskypark.ie\\\/#\\\/schema\\\/logo\\\/image\\\/\",\"url\":\"https:\\\/\\\/www.mayodarkskypark.ie\\\/wp-content\\\/uploads\\\/2023\\\/11\\\/mayo-dark-sky-park.png\",\"contentUrl\":\"https:\\\/\\\/www.mayodarkskypark.ie\\\/wp-content\\\/uploads\\\/2023\\\/11\\\/mayo-dark-sky-park.png\",\"width\":246,\"height\":70,\"caption\":\"Mayo Dark Sky Park\"},\"image\":{\"@id\":\"https:\\\/\\\/www.mayodarkskypark.ie\\\/#\\\/schema\\\/logo\\\/image\\\/\"},\"sameAs\":[\"https:\\\/\\\/www.facebook.com\\\/mayodarkskies\\\/\"]}]}<\/script>\n<!-- \/ Yoast SEO plugin. -->","yoast_head_json":{"title":"C\u00e1 bhfuil muid? - P\u00e1irc Sp\u00e9ire Dorcha Mhaigh Eo","robots":{"index":"index","follow":"follow","max-snippet":"max-snippet:-1","max-image-preview":"max-image-preview:large","max-video-preview":"max-video-preview:-1"},"canonical":"https:\/\/www.mayodarkskypark.ie\/visit\/find-us\/","og_locale":"ga_IE","og_type":"article","og_title":"C\u00e1 bhfuil muid? - P\u00e1irc Sp\u00e9ire Dorcha Mhaigh Eo","og_description":"C\u00e1 bhfuil muid? Tabhair faoi deara le do thoil nach gceada\u00edtear Camp\u00e1il agus Tinte Campa i bP\u00e1irc na Sp\u00e9ire Dorcha faoi l\u00e1thair. D\u00e9an tagairt do pholasa\u00ed na P\u00e1irce N\u00e1isi\u00fanta anseo le do thoil. T\u00e1 P\u00e1irc Sp\u00e9ire Dorcha Mhaigh Eo suite i gcro\u00edl\u00e1r chuid Bay Coast de Shl\u00ed an Atlantaigh Fhi\u00e1in. Is \u00e9ard at\u00e1 i P\u00e1irc [&hellip;]","og_url":"https:\/\/www.mayodarkskypark.ie\/visit\/find-us\/","og_site_name":"P\u00e1irc Sp\u00e9ire Dorcha Mhaigh Eo","article_publisher":"https:\/\/www.facebook.com\/mayodarkskies\/","article_modified_time":"2023-12-28T09:09:07+00:00","og_image":[{"width":1200,"height":265,"url":"https:\/\/www.mayodarkskypark.ie\/wp-content\/uploads\/2023\/11\/Banner04.jpg","type":"image\/jpeg"}],"twitter_card":"summary_large_image","twitter_misc":{"Est. reading time":"2 minutes"},"schema":{"@context":"https:\/\/schema.org","@graph":[{"@type":"WebPage","@id":"https:\/\/www.mayodarkskypark.ie\/visit\/find-us\/","url":"https:\/\/www.mayodarkskypark.ie\/visit\/find-us\/","name":"C\u00e1 bhfuil muid? - P\u00e1irc Sp\u00e9ire Dorcha Mhaigh Eo","isPartOf":{"@id":"https:\/\/www.mayodarkskypark.ie\/#website"},"primaryImageOfPage":{"@id":"https:\/\/www.mayodarkskypark.ie\/visit\/find-us\/#primaryimage"},"image":{"@id":"https:\/\/www.mayodarkskypark.ie\/visit\/find-us\/#primaryimage"},"thumbnailUrl":"https:\/\/www.mayodarkskypark.ie\/wp-content\/uploads\/2023\/11\/Banner04.jpg","datePublished":"2023-11-28T11:25:11+00:00","dateModified":"2023-12-28T09:09:07+00:00","breadcrumb":{"@id":"https:\/\/www.mayodarkskypark.ie\/visit\/find-us\/#breadcrumb"},"inLanguage":"ga-IE","potentialAction":[{"@type":"ReadAction","target":["https:\/\/www.mayodarkskypark.ie\/visit\/find-us\/"]}]},{"@type":"ImageObject","inLanguage":"ga-IE","@id":"https:\/\/www.mayodarkskypark.ie\/visit\/find-us\/#primaryimage","url":"https:\/\/www.mayodarkskypark.ie\/wp-content\/uploads\/2023\/11\/Banner04.jpg","contentUrl":"https:\/\/www.mayodarkskypark.ie\/wp-content\/uploads\/2023\/11\/Banner04.jpg","width":1200,"height":265},{"@type":"BreadcrumbList","@id":"https:\/\/www.mayodarkskypark.ie\/visit\/find-us\/#breadcrumb","itemListElement":[{"@type":"ListItem","position":1,"name":"Home","item":"https:\/\/www.mayodarkskypark.ie\/ga\/"},{"@type":"ListItem","position":2,"name":"Tabhair Cuairt","item":"https:\/\/www.mayodarkskypark.ie\/visit\/"},{"@type":"ListItem","position":3,"name":"C\u00e1 bhfuil muid?"}]},{"@type":"WebSite","@id":"https:\/\/www.mayodarkskypark.ie\/#website","url":"https:\/\/www.mayodarkskypark.ie\/","name":"Mayo Dark Sky Park","description":"International Dark Sky Place of the Year 2024","publisher":{"@id":"https:\/\/www.mayodarkskypark.ie\/#organization"},"potentialAction":[{"@type":"SearchAction","target":{"@type":"EntryPoint","urlTemplate":"https:\/\/www.mayodarkskypark.ie\/?s={search_term_string}"},"query-input":{"@type":"PropertyValueSpecification","valueRequired":true,"valueName":"search_term_string"}}],"inLanguage":"ga-IE"},{"@type":"Organization","@id":"https:\/\/www.mayodarkskypark.ie\/#organization","name":"Mayo Dark Sky Park","url":"https:\/\/www.mayodarkskypark.ie\/","logo":{"@type":"ImageObject","inLanguage":"ga-IE","@id":"https:\/\/www.mayodarkskypark.ie\/#\/schema\/logo\/image\/","url":"https:\/\/www.mayodarkskypark.ie\/wp-content\/uploads\/2023\/11\/mayo-dark-sky-park.png","contentUrl":"https:\/\/www.mayodarkskypark.ie\/wp-content\/uploads\/2023\/11\/mayo-dark-sky-park.png","width":246,"height":70,"caption":"Mayo Dark Sky Park"},"image":{"@id":"https:\/\/www.mayodarkskypark.ie\/#\/schema\/logo\/image\/"},"sameAs":["https:\/\/www.facebook.com\/mayodarkskies\/"]}]}},"spectra_custom_meta":{"adv-header-id-meta":[""],"stick-header-meta":[""],"site-post-title":["disabled"],"ast-featured-img":[""],"theme-transparent-header-meta":[""],"_top_nav_excluded":[""],"_cms_nav_minihome":[""],"_thumbnail_id":["478"],"_last_translation_edit_mode":["translation-editor"],"ast-banner-title-visibility":[""],"_wp_page_template":[""],"_tribe_ticket_capacity":["0"],"_tribe_ticket_version":["5.13.4"],"_uag_css_file_name":["uag-css-607.css"],"_uagb_previous_block_counts":["a:90:{s:21:\"uagb\/advanced-heading\";i:0;s:15:\"uagb\/blockquote\";i:0;s:12:\"uagb\/buttons\";i:0;s:18:\"uagb\/buttons-child\";i:0;s:19:\"uagb\/call-to-action\";i:0;s:15:\"uagb\/cf7-styler\";i:0;s:11:\"uagb\/column\";i:0;s:12:\"uagb\/columns\";i:0;s:14:\"uagb\/container\";i:0;s:21:\"uagb\/content-timeline\";i:0;s:27:\"uagb\/content-timeline-child\";i:0;s:14:\"uagb\/countdown\";i:0;s:12:\"uagb\/counter\";i:0;s:8:\"uagb\/faq\";i:0;s:14:\"uagb\/faq-child\";i:0;s:10:\"uagb\/forms\";i:0;s:17:\"uagb\/forms-accept\";i:0;s:19:\"uagb\/forms-checkbox\";i:0;s:15:\"uagb\/forms-date\";i:0;s:16:\"uagb\/forms-email\";i:0;s:17:\"uagb\/forms-hidden\";i:0;s:15:\"uagb\/forms-name\";i:0;s:16:\"uagb\/forms-phone\";i:0;s:16:\"uagb\/forms-radio\";i:0;s:17:\"uagb\/forms-select\";i:0;s:19:\"uagb\/forms-textarea\";i:0;s:17:\"uagb\/forms-toggle\";i:0;s:14:\"uagb\/forms-url\";i:0;s:14:\"uagb\/gf-styler\";i:0;s:15:\"uagb\/google-map\";i:0;s:11:\"uagb\/how-to\";i:0;s:16:\"uagb\/how-to-step\";i:0;s:9:\"uagb\/icon\";i:0;s:14:\"uagb\/icon-list\";i:0;s:20:\"uagb\/icon-list-child\";i:0;s:10:\"uagb\/image\";i:0;s:18:\"uagb\/image-gallery\";i:0;s:13:\"uagb\/info-box\";i:0;s:18:\"uagb\/inline-notice\";i:0;s:11:\"uagb\/lottie\";i:0;s:21:\"uagb\/marketing-button\";i:0;s:10:\"uagb\/modal\";i:0;s:18:\"uagb\/popup-builder\";i:0;s:16:\"uagb\/post-button\";i:0;s:18:\"uagb\/post-carousel\";i:0;s:17:\"uagb\/post-excerpt\";i:0;s:14:\"uagb\/post-grid\";i:0;s:15:\"uagb\/post-image\";i:0;s:17:\"uagb\/post-masonry\";i:0;s:14:\"uagb\/post-meta\";i:0;s:18:\"uagb\/post-taxonomy\";i:0;s:18:\"uagb\/post-timeline\";i:0;s:15:\"uagb\/post-title\";i:0;s:20:\"uagb\/restaurant-menu\";i:0;s:26:\"uagb\/restaurant-menu-child\";i:0;s:11:\"uagb\/review\";i:0;s:12:\"uagb\/section\";i:0;s:14:\"uagb\/separator\";i:0;s:11:\"uagb\/slider\";i:0;s:17:\"uagb\/slider-child\";i:0;s:17:\"uagb\/social-share\";i:0;s:23:\"uagb\/social-share-child\";i:0;s:16:\"uagb\/star-rating\";i:0;s:23:\"uagb\/sure-cart-checkout\";i:0;s:22:\"uagb\/sure-cart-product\";i:0;s:15:\"uagb\/sure-forms\";i:0;s:22:\"uagb\/table-of-contents\";i:0;s:9:\"uagb\/tabs\";i:0;s:15:\"uagb\/tabs-child\";i:0;s:18:\"uagb\/taxonomy-list\";i:0;s:9:\"uagb\/team\";i:0;s:16:\"uagb\/testimonial\";i:0;s:14:\"uagb\/wp-search\";i:0;s:19:\"uagb\/instagram-feed\";i:0;s:10:\"uagb\/login\";i:0;s:17:\"uagb\/loop-builder\";i:0;s:18:\"uagb\/loop-category\";i:0;s:20:\"uagb\/loop-pagination\";i:0;s:15:\"uagb\/loop-reset\";i:0;s:16:\"uagb\/loop-search\";i:0;s:14:\"uagb\/loop-sort\";i:0;s:17:\"uagb\/loop-wrapper\";i:0;s:13:\"uagb\/register\";i:0;s:19:\"uagb\/register-email\";i:0;s:24:\"uagb\/register-first-name\";i:0;s:23:\"uagb\/register-last-name\";i:0;s:22:\"uagb\/register-password\";i:0;s:30:\"uagb\/register-reenter-password\";i:0;s:19:\"uagb\/register-terms\";i:0;s:22:\"uagb\/register-username\";i:0;}"],"_uag_page_assets":["a:9:{s:3:\"css\";s:260:\".uag-blocks-common-selector{z-index:var(--z-index-desktop) !important}@media(max-width: 976px){.uag-blocks-common-selector{z-index:var(--z-index-tablet) !important}}@media(max-width: 767px){.uag-blocks-common-selector{z-index:var(--z-index-mobile) !important}}\";s:2:\"js\";s:0:\"\";s:18:\"current_block_list\";a:10:{i:0;s:12:\"core\/heading\";i:1;s:12:\"core\/columns\";i:2;s:11:\"core\/column\";i:3;s:14:\"core\/paragraph\";i:4;s:12:\"core\/buttons\";i:5;s:11:\"core\/button\";i:6;s:10:\"core\/group\";i:8;s:10:\"core\/image\";i:10;s:9:\"core\/html\";i:11;s:11:\"core\/spacer\";}s:8:\"uag_flag\";b:0;s:11:\"uag_version\";s:10:\"1776864362\";s:6:\"gfonts\";a:0:{}s:10:\"gfonts_url\";s:0:\"\";s:12:\"gfonts_files\";a:0:{}s:14:\"uag_faq_layout\";b:0;}"]},"uagb_featured_image_src":{"full":["https:\/\/www.mayodarkskypark.ie\/wp-content\/uploads\/2023\/11\/Banner04.jpg",1200,265,false],"thumbnail":["https:\/\/www.mayodarkskypark.ie\/wp-content\/uploads\/2023\/11\/Banner04-150x150.jpg",150,150,true],"medium":["https:\/\/www.mayodarkskypark.ie\/wp-content\/uploads\/2023\/11\/Banner04-300x66.jpg",300,66,true],"medium_large":["https:\/\/www.mayodarkskypark.ie\/wp-content\/uploads\/2023\/11\/Banner04-768x170.jpg",768,170,true],"large":["https:\/\/www.mayodarkskypark.ie\/wp-content\/uploads\/2023\/11\/Banner04-1024x226.jpg",1024,226,true],"1536x1536":["https:\/\/www.mayodarkskypark.ie\/wp-content\/uploads\/2023\/11\/Banner04.jpg",1200,265,false],"2048x2048":["https:\/\/www.mayodarkskypark.ie\/wp-content\/uploads\/2023\/11\/Banner04.jpg",1200,265,false]},"uagb_author_info":{"display_name":"Robert Lockwood","author_link":"https:\/\/www.mayodarkskypark.ie\/ga\/author\/robert-lockwood\/"},"uagb_comment_info":0,"uagb_excerpt":"C\u00e1 bhfuil muid? Tabhair faoi deara le do thoil nach gceada\u00edtear Camp\u00e1il agus Tinte Campa i bP\u00e1irc na Sp\u00e9ire Dorcha faoi l\u00e1thair. D\u00e9an tagairt do pholasa\u00ed na P\u00e1irce N\u00e1isi\u00fanta anseo le do thoil. T\u00e1 P\u00e1irc Sp\u00e9ire Dorcha Mhaigh Eo suite i gcro\u00edl\u00e1r chuid Bay Coast de Shl\u00ed an Atlantaigh Fhi\u00e1in. Is \u00e9ard at\u00e1 i P\u00e1irc&hellip;","_links":{"self":[{"href":"https:\/\/www.mayodarkskypark.ie\/ga\/wp-json\/wp\/v2\/pages\/607","targetHints":{"allow":["GET"]}}],"collection":[{"href":"https:\/\/www.mayodarkskypark.ie\/ga\/wp-json\/wp\/v2\/pages"}],"about":[{"href":"https:\/\/www.mayodarkskypark.ie\/ga\/wp-json\/wp\/v2\/types\/page"}],"author":[{"embeddable":true,"href":"https:\/\/www.mayodarkskypark.ie\/ga\/wp-json\/wp\/v2\/users\/1"}],"replies":[{"embeddable":true,"href":"https:\/\/www.mayodarkskypark.ie\/ga\/wp-json\/wp\/v2\/comments?post=607"}],"version-history":[{"count":1,"href":"https:\/\/www.mayodarkskypark.ie\/ga\/wp-json\/wp\/v2\/pages\/607\/revisions"}],"predecessor-version":[{"id":608,"href":"https:\/\/www.mayodarkskypark.ie\/ga\/wp-json\/wp\/v2\/pages\/607\/revisions\/608"}],"up":[{"embeddable":true,"href":"https:\/\/www.mayodarkskypark.ie\/ga\/wp-json\/wp\/v2\/pages\/601"}],"wp:featuredmedia":[{"embeddable":true,"href":"https:\/\/www.mayodarkskypark.ie\/ga\/wp-json\/wp\/v2\/media\/478"}],"wp:attachment":[{"href":"https:\/\/www.mayodarkskypark.ie\/ga\/wp-json\/wp\/v2\/media?parent=607"}],"curies":[{"name":"wp","href":"https:\/\/api.w.org\/{rel}","templated":true}]}}