{"id":611,"date":"2023-11-28T12:51:23","date_gmt":"2023-11-28T12:51:23","guid":{"rendered":"https:\/\/www.mayodarkskypark.ie\/tabhair-cuairt\/aiseanna-ionad-cuairteoiri-bhaile-chruaich\/"},"modified":"2025-01-09T09:17:59","modified_gmt":"2025-01-09T09:17:59","slug":"aiseanna-ionad-cuairteoiri-bhaile-chruaich","status":"publish","type":"page","link":"https:\/\/www.mayodarkskypark.ie\/ga\/tabhair-cuairt\/aiseanna-ionad-cuairteoiri-bhaile-chruaich\/","title":{"rendered":"\u00c1iseanna Ionad Cuairteoir\u00ed Bhaile Chruaich"},"content":{"rendered":"\n<h1 class=\"wp-block-heading\">\u00c1iseanna Ionad Cuairteoir\u00ed <mark style=\"background-color:rgba(0, 0, 0, 0)\" class=\"has-inline-color has-ast-global-color-1-color\">Bhaile Chruaich<\/mark><\/h1>\n\n<div class=\"wp-block-columns is-layout-flex wp-container-core-columns-is-layout-e0e4babd wp-block-columns-is-layout-flex\" style=\"padding-right:0;padding-left:0\">\n<div class=\"wp-block-column is-layout-flow wp-block-column-is-layout-flow\">\n<p>Cuireann Ionad Cuairteoir\u00ed Bhaile Chruaich ag P\u00e1irc N\u00e1isi\u00fanta N\u00e9ifinne Fi\u00e1ine \u00e1iseanna den scoth ar f\u00e1il chomh maith le cl\u00e1r oideachais, taispe\u00e1ntas l\u00e9irmh\u00ednithe agus faisn\u00e9is ar na Sp\u00e9artha Dorcha.<\/p>\n\n\n\n<p>Cuireann Ginger and Wild Caf\u00e9 bia \u00far de dh\u00e9ant\u00fas baile ar f\u00e1il gach l\u00e1 i su\u00edomh uath\u00fail le radharcanna iontacha ar Ch\u00f3sta an Atlantaigh Fhi\u00e1in.<\/p>\n\n\n\n<p>B\u00edonn Ionad Cuairteoir\u00ed Bhaile Chruaich ar oscailt \u00f3 mh\u00ed Feabhra go Samhain, seacht l\u00e1 na seachtaine \u00f3 10.00 go 17.30. Lasmuigh de na hamanna seo, t\u00e1 f\u00e1ilte f\u00f3s roimh chuairteoir\u00ed teacht agus ini\u00fachadh a dh\u00e9anamh ar shu\u00edomhanna Ph\u00e1irc na Sp\u00e9ire Dorcha (b\u00ed tuisceanach ar ch\u00f3naitheoir\u00ed \u00e1iti\u00fala agus iad ag tabhairt ar cuairt san o\u00edche le do thoil).<\/p>\n\n\n\n<figure class=\"wp-block-image alignwide size-large\"><img loading=\"lazy\" decoding=\"async\" width=\"1024\" height=\"341\" src=\"https:\/\/www.mayodarkskypark.ie\/wp-content\/uploads\/2023\/11\/Visitor-Centre-1024x341.jpg\" alt=\"Ionad Cuairteoir&#xED; Bhaile Chruaich\" class=\"wp-image-150\" srcset=\"https:\/\/www.mayodarkskypark.ie\/wp-content\/uploads\/2023\/11\/Visitor-Centre-1024x341.jpg 1024w, https:\/\/www.mayodarkskypark.ie\/wp-content\/uploads\/2023\/11\/Visitor-Centre-300x100.jpg 300w, https:\/\/www.mayodarkskypark.ie\/wp-content\/uploads\/2023\/11\/Visitor-Centre-768x256.jpg 768w, https:\/\/www.mayodarkskypark.ie\/wp-content\/uploads\/2023\/11\/Visitor-Centre.jpg 1200w\" sizes=\"auto, (max-width: 1024px) 100vw, 1024px\" \/><\/figure>\n<\/div>\n<\/div>\n\n<figure class=\"wp-block-image size-large\"><img loading=\"lazy\" decoding=\"async\" width=\"679\" height=\"1024\" src=\"https:\/\/www.mayodarkskypark.ie\/wp-content\/uploads\/2024\/02\/Visitor-Centre-by-Brian-Wilson-non-watermark-viz_centre-679x1024.jpg\" alt=\"Ionad Cuairteoir&#xED; Bhaile Chruaich\" class=\"wp-image-782\" srcset=\"https:\/\/www.mayodarkskypark.ie\/wp-content\/uploads\/2024\/02\/Visitor-Centre-by-Brian-Wilson-non-watermark-viz_centre-679x1024.jpg 679w, https:\/\/www.mayodarkskypark.ie\/wp-content\/uploads\/2024\/02\/Visitor-Centre-by-Brian-Wilson-non-watermark-viz_centre-199x300.jpg 199w, https:\/\/www.mayodarkskypark.ie\/wp-content\/uploads\/2024\/02\/Visitor-Centre-by-Brian-Wilson-non-watermark-viz_centre-768x1159.jpg 768w, https:\/\/www.mayodarkskypark.ie\/wp-content\/uploads\/2024\/02\/Visitor-Centre-by-Brian-Wilson-non-watermark-viz_centre-1018x1536.jpg 1018w, https:\/\/www.mayodarkskypark.ie\/wp-content\/uploads\/2024\/02\/Visitor-Centre-by-Brian-Wilson-non-watermark-viz_centre.jpg 1357w\" sizes=\"auto, (max-width: 679px) 100vw, 679px\" \/><\/figure>\n","protected":false},"excerpt":{"rendered":"<p>\u00c1iseanna Ionad Cuairteoir\u00ed Bhaile Chruaich Cuireann Ionad Cuairteoir\u00ed Bhaile Chruaich ag P\u00e1irc N\u00e1isi\u00fanta N\u00e9ifinne Fi\u00e1ine \u00e1iseanna den scoth ar f\u00e1il chomh maith le cl\u00e1r oideachais, taispe\u00e1ntas l\u00e9irmh\u00ednithe agus faisn\u00e9is ar na Sp\u00e9artha Dorcha. Cuireann Ginger and Wild Caf\u00e9 bia \u00far de dh\u00e9ant\u00fas baile ar f\u00e1il gach l\u00e1 i su\u00edomh uath\u00fail le radharcanna iontacha ar Ch\u00f3sta [&hellip;]<\/p>\n","protected":false},"author":1,"featured_media":1654,"parent":601,"menu_order":0,"comment_status":"closed","ping_status":"closed","template":"","meta":{"_uag_custom_page_level_css":"","site-sidebar-layout":"default","site-content-layout":"","ast-site-content-layout":"default","site-content-style":"default","site-sidebar-style":"default","ast-global-header-display":"","ast-banner-title-visibility":"","ast-main-header-display":"","ast-hfb-above-header-display":"","ast-hfb-below-header-display":"","ast-hfb-mobile-header-display":"","site-post-title":"disabled","ast-breadcrumbs-content":"","ast-featured-img":"","footer-sml-layout":"","ast-disable-related-posts":"","theme-transparent-header-meta":"","adv-header-id-meta":"","stick-header-meta":"","header-above-stick-meta":"","header-main-stick-meta":"","header-below-stick-meta":"","astra-migrate-meta-layouts":"default","ast-page-background-enabled":"default","ast-page-background-meta":{"desktop":{"background-color":"var(--ast-global-color-4)","background-image":"","background-repeat":"repeat","background-position":"center center","background-size":"auto","background-attachment":"scroll","background-type":"","background-media":"","overlay-type":"","overlay-color":"","overlay-opacity":"","overlay-gradient":""},"tablet":{"background-color":"","background-image":"","background-repeat":"repeat","background-position":"center center","background-size":"auto","background-attachment":"scroll","background-type":"","background-media":"","overlay-type":"","overlay-color":"","overlay-opacity":"","overlay-gradient":""},"mobile":{"background-color":"","background-image":"","background-repeat":"repeat","background-position":"center center","background-size":"auto","background-attachment":"scroll","background-type":"","background-media":"","overlay-type":"","overlay-color":"","overlay-opacity":"","overlay-gradient":""}},"ast-content-background-meta":{"desktop":{"background-color":"var(--ast-global-color-5)","background-image":"","background-repeat":"repeat","background-position":"center center","background-size":"auto","background-attachment":"scroll","background-type":"","background-media":"","overlay-type":"","overlay-color":"","overlay-opacity":"","overlay-gradient":""},"tablet":{"background-color":"var(--ast-global-color-5)","background-image":"","background-repeat":"repeat","background-position":"center center","background-size":"auto","background-attachment":"scroll","background-type":"","background-media":"","overlay-type":"","overlay-color":"","overlay-opacity":"","overlay-gradient":""},"mobile":{"background-color":"var(--ast-global-color-5)","background-image":"","background-repeat":"repeat","background-position":"center center","background-size":"auto","background-attachment":"scroll","background-type":"","background-media":"","overlay-type":"","overlay-color":"","overlay-opacity":"","overlay-gradient":""}},"footnotes":""},"class_list":["post-611","page","type-page","status-publish","has-post-thumbnail","hentry"],"yoast_head":"<!-- This site is optimized with the Yoast SEO plugin v27.3 - https:\/\/yoast.com\/product\/yoast-seo-wordpress\/ -->\n<title>\u00c1iseanna Ionad Cuairteoir\u00ed Bhaile Chruaich - P\u00e1irc Sp\u00e9ire Dorcha Mhaigh Eo<\/title>\n<meta name=\"robots\" content=\"index, follow, max-snippet:-1, max-image-preview:large, max-video-preview:-1\" \/>\n<link rel=\"canonical\" href=\"https:\/\/www.mayodarkskypark.ie\/ga\/tabhair-cuairt\/aiseanna-ionad-cuairteoiri-bhaile-chruaich\/\" \/>\n<meta property=\"og:locale\" content=\"ga_IE\" \/>\n<meta property=\"og:type\" content=\"article\" \/>\n<meta property=\"og:title\" content=\"\u00c1iseanna Ionad Cuairteoir\u00ed Bhaile Chruaich - P\u00e1irc Sp\u00e9ire Dorcha Mhaigh Eo\" \/>\n<meta property=\"og:description\" content=\"\u00c1iseanna Ionad Cuairteoir\u00ed Bhaile Chruaich Cuireann Ionad Cuairteoir\u00ed Bhaile Chruaich ag P\u00e1irc N\u00e1isi\u00fanta N\u00e9ifinne Fi\u00e1ine \u00e1iseanna den scoth ar f\u00e1il chomh maith le cl\u00e1r oideachais, taispe\u00e1ntas l\u00e9irmh\u00ednithe agus faisn\u00e9is ar na Sp\u00e9artha Dorcha. Cuireann Ginger and Wild Caf\u00e9 bia \u00far de dh\u00e9ant\u00fas baile ar f\u00e1il gach l\u00e1 i su\u00edomh uath\u00fail le radharcanna iontacha ar Ch\u00f3sta [&hellip;]\" \/>\n<meta property=\"og:url\" content=\"https:\/\/www.mayodarkskypark.ie\/ga\/tabhair-cuairt\/aiseanna-ionad-cuairteoiri-bhaile-chruaich\/\" \/>\n<meta property=\"og:site_name\" content=\"P\u00e1irc Sp\u00e9ire Dorcha Mhaigh Eo\" \/>\n<meta property=\"article:publisher\" content=\"https:\/\/www.facebook.com\/mayodarkskies\/\" \/>\n<meta property=\"article:modified_time\" content=\"2025-01-09T09:17:59+00:00\" \/>\n<meta property=\"og:image\" content=\"https:\/\/www.mayodarkskypark.ie\/wp-content\/uploads\/2024\/12\/Josh-Matthews-Mayo-DSP-4-LakeReflectionBigAurora-scaled-e1735584259984.jpg\" \/>\n\t<meta property=\"og:image:width\" content=\"2560\" \/>\n\t<meta property=\"og:image:height\" content=\"1440\" \/>\n\t<meta property=\"og:image:type\" content=\"image\/jpeg\" \/>\n<meta name=\"twitter:card\" content=\"summary_large_image\" \/>\n<meta name=\"twitter:label1\" content=\"Est. reading time\" \/>\n\t<meta name=\"twitter:data1\" content=\"1 minute\" \/>\n<script type=\"application\/ld+json\" class=\"yoast-schema-graph\">{\"@context\":\"https:\\\/\\\/schema.org\",\"@graph\":[{\"@type\":\"WebPage\",\"@id\":\"https:\\\/\\\/www.mayodarkskypark.ie\\\/ga\\\/tabhair-cuairt\\\/aiseanna-ionad-cuairteoiri-bhaile-chruaich\\\/\",\"url\":\"https:\\\/\\\/www.mayodarkskypark.ie\\\/ga\\\/tabhair-cuairt\\\/aiseanna-ionad-cuairteoiri-bhaile-chruaich\\\/\",\"name\":\"\u00c1iseanna Ionad Cuairteoir\u00ed Bhaile Chruaich - P\u00e1irc Sp\u00e9ire Dorcha Mhaigh Eo\",\"isPartOf\":{\"@id\":\"https:\\\/\\\/www.mayodarkskypark.ie\\\/#website\"},\"primaryImageOfPage\":{\"@id\":\"https:\\\/\\\/www.mayodarkskypark.ie\\\/ga\\\/tabhair-cuairt\\\/aiseanna-ionad-cuairteoiri-bhaile-chruaich\\\/#primaryimage\"},\"image\":{\"@id\":\"https:\\\/\\\/www.mayodarkskypark.ie\\\/ga\\\/tabhair-cuairt\\\/aiseanna-ionad-cuairteoiri-bhaile-chruaich\\\/#primaryimage\"},\"thumbnailUrl\":\"https:\\\/\\\/www.mayodarkskypark.ie\\\/wp-content\\\/uploads\\\/2024\\\/12\\\/Josh-Matthews-Mayo-DSP-4-LakeReflectionBigAurora-scaled-e1735584259984.jpg\",\"datePublished\":\"2023-11-28T12:51:23+00:00\",\"dateModified\":\"2025-01-09T09:17:59+00:00\",\"breadcrumb\":{\"@id\":\"https:\\\/\\\/www.mayodarkskypark.ie\\\/ga\\\/tabhair-cuairt\\\/aiseanna-ionad-cuairteoiri-bhaile-chruaich\\\/#breadcrumb\"},\"inLanguage\":\"ga-IE\",\"potentialAction\":[{\"@type\":\"ReadAction\",\"target\":[\"https:\\\/\\\/www.mayodarkskypark.ie\\\/ga\\\/tabhair-cuairt\\\/aiseanna-ionad-cuairteoiri-bhaile-chruaich\\\/\"]}]},{\"@type\":\"ImageObject\",\"inLanguage\":\"ga-IE\",\"@id\":\"https:\\\/\\\/www.mayodarkskypark.ie\\\/ga\\\/tabhair-cuairt\\\/aiseanna-ionad-cuairteoiri-bhaile-chruaich\\\/#primaryimage\",\"url\":\"https:\\\/\\\/www.mayodarkskypark.ie\\\/wp-content\\\/uploads\\\/2024\\\/12\\\/Josh-Matthews-Mayo-DSP-4-LakeReflectionBigAurora-scaled-e1735584259984.jpg\",\"contentUrl\":\"https:\\\/\\\/www.mayodarkskypark.ie\\\/wp-content\\\/uploads\\\/2024\\\/12\\\/Josh-Matthews-Mayo-DSP-4-LakeReflectionBigAurora-scaled-e1735584259984.jpg\",\"width\":2560,\"height\":1440,\"caption\":\"Lake Reflection Aurora\"},{\"@type\":\"BreadcrumbList\",\"@id\":\"https:\\\/\\\/www.mayodarkskypark.ie\\\/ga\\\/tabhair-cuairt\\\/aiseanna-ionad-cuairteoiri-bhaile-chruaich\\\/#breadcrumb\",\"itemListElement\":[{\"@type\":\"ListItem\",\"position\":1,\"name\":\"Home\",\"item\":\"https:\\\/\\\/www.mayodarkskypark.ie\\\/ga\\\/\"},{\"@type\":\"ListItem\",\"position\":2,\"name\":\"Tabhair Cuairt\",\"item\":\"https:\\\/\\\/www.mayodarkskypark.ie\\\/visit\\\/\"},{\"@type\":\"ListItem\",\"position\":3,\"name\":\"\u00c1iseanna Ionad Cuairteoir\u00ed Bhaile Chruaich\"}]},{\"@type\":\"WebSite\",\"@id\":\"https:\\\/\\\/www.mayodarkskypark.ie\\\/#website\",\"url\":\"https:\\\/\\\/www.mayodarkskypark.ie\\\/\",\"name\":\"Mayo Dark Sky Park\",\"description\":\"International Dark Sky Place of the Year 2024\",\"publisher\":{\"@id\":\"https:\\\/\\\/www.mayodarkskypark.ie\\\/#organization\"},\"potentialAction\":[{\"@type\":\"SearchAction\",\"target\":{\"@type\":\"EntryPoint\",\"urlTemplate\":\"https:\\\/\\\/www.mayodarkskypark.ie\\\/?s={search_term_string}\"},\"query-input\":{\"@type\":\"PropertyValueSpecification\",\"valueRequired\":true,\"valueName\":\"search_term_string\"}}],\"inLanguage\":\"ga-IE\"},{\"@type\":\"Organization\",\"@id\":\"https:\\\/\\\/www.mayodarkskypark.ie\\\/#organization\",\"name\":\"Mayo Dark Sky Park\",\"url\":\"https:\\\/\\\/www.mayodarkskypark.ie\\\/\",\"logo\":{\"@type\":\"ImageObject\",\"inLanguage\":\"ga-IE\",\"@id\":\"https:\\\/\\\/www.mayodarkskypark.ie\\\/#\\\/schema\\\/logo\\\/image\\\/\",\"url\":\"https:\\\/\\\/www.mayodarkskypark.ie\\\/wp-content\\\/uploads\\\/2023\\\/11\\\/mayo-dark-sky-park.png\",\"contentUrl\":\"https:\\\/\\\/www.mayodarkskypark.ie\\\/wp-content\\\/uploads\\\/2023\\\/11\\\/mayo-dark-sky-park.png\",\"width\":246,\"height\":70,\"caption\":\"Mayo Dark Sky Park\"},\"image\":{\"@id\":\"https:\\\/\\\/www.mayodarkskypark.ie\\\/#\\\/schema\\\/logo\\\/image\\\/\"},\"sameAs\":[\"https:\\\/\\\/www.facebook.com\\\/mayodarkskies\\\/\"]}]}<\/script>\n<!-- \/ Yoast SEO plugin. -->","yoast_head_json":{"title":"\u00c1iseanna Ionad Cuairteoir\u00ed Bhaile Chruaich - P\u00e1irc Sp\u00e9ire Dorcha Mhaigh Eo","robots":{"index":"index","follow":"follow","max-snippet":"max-snippet:-1","max-image-preview":"max-image-preview:large","max-video-preview":"max-video-preview:-1"},"canonical":"https:\/\/www.mayodarkskypark.ie\/ga\/tabhair-cuairt\/aiseanna-ionad-cuairteoiri-bhaile-chruaich\/","og_locale":"ga_IE","og_type":"article","og_title":"\u00c1iseanna Ionad Cuairteoir\u00ed Bhaile Chruaich - P\u00e1irc Sp\u00e9ire Dorcha Mhaigh Eo","og_description":"\u00c1iseanna Ionad Cuairteoir\u00ed Bhaile Chruaich Cuireann Ionad Cuairteoir\u00ed Bhaile Chruaich ag P\u00e1irc N\u00e1isi\u00fanta N\u00e9ifinne Fi\u00e1ine \u00e1iseanna den scoth ar f\u00e1il chomh maith le cl\u00e1r oideachais, taispe\u00e1ntas l\u00e9irmh\u00ednithe agus faisn\u00e9is ar na Sp\u00e9artha Dorcha. Cuireann Ginger and Wild Caf\u00e9 bia \u00far de dh\u00e9ant\u00fas baile ar f\u00e1il gach l\u00e1 i su\u00edomh uath\u00fail le radharcanna iontacha ar Ch\u00f3sta [&hellip;]","og_url":"https:\/\/www.mayodarkskypark.ie\/ga\/tabhair-cuairt\/aiseanna-ionad-cuairteoiri-bhaile-chruaich\/","og_site_name":"P\u00e1irc Sp\u00e9ire Dorcha Mhaigh Eo","article_publisher":"https:\/\/www.facebook.com\/mayodarkskies\/","article_modified_time":"2025-01-09T09:17:59+00:00","og_image":[{"width":2560,"height":1440,"url":"https:\/\/www.mayodarkskypark.ie\/wp-content\/uploads\/2024\/12\/Josh-Matthews-Mayo-DSP-4-LakeReflectionBigAurora-scaled-e1735584259984.jpg","type":"image\/jpeg"}],"twitter_card":"summary_large_image","twitter_misc":{"Est. reading time":"1 minute"},"schema":{"@context":"https:\/\/schema.org","@graph":[{"@type":"WebPage","@id":"https:\/\/www.mayodarkskypark.ie\/ga\/tabhair-cuairt\/aiseanna-ionad-cuairteoiri-bhaile-chruaich\/","url":"https:\/\/www.mayodarkskypark.ie\/ga\/tabhair-cuairt\/aiseanna-ionad-cuairteoiri-bhaile-chruaich\/","name":"\u00c1iseanna Ionad Cuairteoir\u00ed Bhaile Chruaich - P\u00e1irc Sp\u00e9ire Dorcha Mhaigh Eo","isPartOf":{"@id":"https:\/\/www.mayodarkskypark.ie\/#website"},"primaryImageOfPage":{"@id":"https:\/\/www.mayodarkskypark.ie\/ga\/tabhair-cuairt\/aiseanna-ionad-cuairteoiri-bhaile-chruaich\/#primaryimage"},"image":{"@id":"https:\/\/www.mayodarkskypark.ie\/ga\/tabhair-cuairt\/aiseanna-ionad-cuairteoiri-bhaile-chruaich\/#primaryimage"},"thumbnailUrl":"https:\/\/www.mayodarkskypark.ie\/wp-content\/uploads\/2024\/12\/Josh-Matthews-Mayo-DSP-4-LakeReflectionBigAurora-scaled-e1735584259984.jpg","datePublished":"2023-11-28T12:51:23+00:00","dateModified":"2025-01-09T09:17:59+00:00","breadcrumb":{"@id":"https:\/\/www.mayodarkskypark.ie\/ga\/tabhair-cuairt\/aiseanna-ionad-cuairteoiri-bhaile-chruaich\/#breadcrumb"},"inLanguage":"ga-IE","potentialAction":[{"@type":"ReadAction","target":["https:\/\/www.mayodarkskypark.ie\/ga\/tabhair-cuairt\/aiseanna-ionad-cuairteoiri-bhaile-chruaich\/"]}]},{"@type":"ImageObject","inLanguage":"ga-IE","@id":"https:\/\/www.mayodarkskypark.ie\/ga\/tabhair-cuairt\/aiseanna-ionad-cuairteoiri-bhaile-chruaich\/#primaryimage","url":"https:\/\/www.mayodarkskypark.ie\/wp-content\/uploads\/2024\/12\/Josh-Matthews-Mayo-DSP-4-LakeReflectionBigAurora-scaled-e1735584259984.jpg","contentUrl":"https:\/\/www.mayodarkskypark.ie\/wp-content\/uploads\/2024\/12\/Josh-Matthews-Mayo-DSP-4-LakeReflectionBigAurora-scaled-e1735584259984.jpg","width":2560,"height":1440,"caption":"Lake Reflection Aurora"},{"@type":"BreadcrumbList","@id":"https:\/\/www.mayodarkskypark.ie\/ga\/tabhair-cuairt\/aiseanna-ionad-cuairteoiri-bhaile-chruaich\/#breadcrumb","itemListElement":[{"@type":"ListItem","position":1,"name":"Home","item":"https:\/\/www.mayodarkskypark.ie\/ga\/"},{"@type":"ListItem","position":2,"name":"Tabhair Cuairt","item":"https:\/\/www.mayodarkskypark.ie\/visit\/"},{"@type":"ListItem","position":3,"name":"\u00c1iseanna Ionad Cuairteoir\u00ed Bhaile Chruaich"}]},{"@type":"WebSite","@id":"https:\/\/www.mayodarkskypark.ie\/#website","url":"https:\/\/www.mayodarkskypark.ie\/","name":"Mayo Dark Sky Park","description":"International Dark Sky Place of the Year 2024","publisher":{"@id":"https:\/\/www.mayodarkskypark.ie\/#organization"},"potentialAction":[{"@type":"SearchAction","target":{"@type":"EntryPoint","urlTemplate":"https:\/\/www.mayodarkskypark.ie\/?s={search_term_string}"},"query-input":{"@type":"PropertyValueSpecification","valueRequired":true,"valueName":"search_term_string"}}],"inLanguage":"ga-IE"},{"@type":"Organization","@id":"https:\/\/www.mayodarkskypark.ie\/#organization","name":"Mayo Dark Sky Park","url":"https:\/\/www.mayodarkskypark.ie\/","logo":{"@type":"ImageObject","inLanguage":"ga-IE","@id":"https:\/\/www.mayodarkskypark.ie\/#\/schema\/logo\/image\/","url":"https:\/\/www.mayodarkskypark.ie\/wp-content\/uploads\/2023\/11\/mayo-dark-sky-park.png","contentUrl":"https:\/\/www.mayodarkskypark.ie\/wp-content\/uploads\/2023\/11\/mayo-dark-sky-park.png","width":246,"height":70,"caption":"Mayo Dark Sky Park"},"image":{"@id":"https:\/\/www.mayodarkskypark.ie\/#\/schema\/logo\/image\/"},"sameAs":["https:\/\/www.facebook.com\/mayodarkskies\/"]}]}},"spectra_custom_meta":{"adv-header-id-meta":[""],"stick-header-meta":[""],"site-post-title":["disabled"],"ast-featured-img":[""],"theme-transparent-header-meta":[""],"_top_nav_excluded":[""],"_cms_nav_minihome":[""],"_thumbnail_id":["1654"],"_last_translation_edit_mode":["translation-editor"],"_tribe_ticket_capacity":["0"],"_tribe_ticket_version":["5.13.4"],"ast-banner-title-visibility":[""],"_wp_page_template":[""],"_uag_css_file_name":["uag-css-611.css"],"_uag_page_assets":["a:9:{s:3:\"css\";s:263:\".uag-blocks-common-selector{z-index:var(--z-index-desktop) !important}@media (max-width: 976px){.uag-blocks-common-selector{z-index:var(--z-index-tablet) !important}}@media (max-width: 767px){.uag-blocks-common-selector{z-index:var(--z-index-mobile) !important}}\n\";s:2:\"js\";s:0:\"\";s:18:\"current_block_list\";a:10:{i:0;s:12:\"core\/heading\";i:1;s:12:\"core\/columns\";i:2;s:11:\"core\/column\";i:3;s:14:\"core\/paragraph\";i:4;s:10:\"core\/image\";i:5;s:10:\"core\/group\";i:6;s:12:\"core\/buttons\";i:7;s:11:\"core\/button\";i:9;s:9:\"core\/html\";i:10;s:11:\"core\/spacer\";}s:8:\"uag_flag\";b:0;s:11:\"uag_version\";s:10:\"1776262563\";s:6:\"gfonts\";a:0:{}s:10:\"gfonts_url\";s:0:\"\";s:12:\"gfonts_files\";a:0:{}s:14:\"uag_faq_layout\";b:0;}"]},"uagb_featured_image_src":{"full":["https:\/\/www.mayodarkskypark.ie\/wp-content\/uploads\/2024\/12\/Josh-Matthews-Mayo-DSP-4-LakeReflectionBigAurora-scaled-e1735584259984.jpg",2560,1440,false],"thumbnail":["https:\/\/www.mayodarkskypark.ie\/wp-content\/uploads\/2024\/12\/Josh-Matthews-Mayo-DSP-4-LakeReflectionBigAurora-150x150.jpg",150,150,true],"medium":["https:\/\/www.mayodarkskypark.ie\/wp-content\/uploads\/2024\/12\/Josh-Matthews-Mayo-DSP-4-LakeReflectionBigAurora-300x169.jpg",300,169,true],"medium_large":["https:\/\/www.mayodarkskypark.ie\/wp-content\/uploads\/2024\/12\/Josh-Matthews-Mayo-DSP-4-LakeReflectionBigAurora-768x432.jpg",768,432,true],"large":["https:\/\/www.mayodarkskypark.ie\/wp-content\/uploads\/2024\/12\/Josh-Matthews-Mayo-DSP-4-LakeReflectionBigAurora-1024x576.jpg",1024,576,true],"1536x1536":["https:\/\/www.mayodarkskypark.ie\/wp-content\/uploads\/2024\/12\/Josh-Matthews-Mayo-DSP-4-LakeReflectionBigAurora-1536x864.jpg",1536,864,true],"2048x2048":["https:\/\/www.mayodarkskypark.ie\/wp-content\/uploads\/2024\/12\/Josh-Matthews-Mayo-DSP-4-LakeReflectionBigAurora-2048x1152.jpg",2048,1152,true]},"uagb_author_info":{"display_name":"Robert Lockwood","author_link":"https:\/\/www.mayodarkskypark.ie\/ga\/author\/robert-lockwood\/"},"uagb_comment_info":0,"uagb_excerpt":"\u00c1iseanna Ionad Cuairteoir\u00ed Bhaile Chruaich Cuireann Ionad Cuairteoir\u00ed Bhaile Chruaich ag P\u00e1irc N\u00e1isi\u00fanta N\u00e9ifinne Fi\u00e1ine \u00e1iseanna den scoth ar f\u00e1il chomh maith le cl\u00e1r oideachais, taispe\u00e1ntas l\u00e9irmh\u00ednithe agus faisn\u00e9is ar na Sp\u00e9artha Dorcha. Cuireann Ginger and Wild Caf\u00e9 bia \u00far de dh\u00e9ant\u00fas baile ar f\u00e1il gach l\u00e1 i su\u00edomh uath\u00fail le radharcanna iontacha ar Ch\u00f3sta&hellip;","_links":{"self":[{"href":"https:\/\/www.mayodarkskypark.ie\/ga\/wp-json\/wp\/v2\/pages\/611","targetHints":{"allow":["GET"]}}],"collection":[{"href":"https:\/\/www.mayodarkskypark.ie\/ga\/wp-json\/wp\/v2\/pages"}],"about":[{"href":"https:\/\/www.mayodarkskypark.ie\/ga\/wp-json\/wp\/v2\/types\/page"}],"author":[{"embeddable":true,"href":"https:\/\/www.mayodarkskypark.ie\/ga\/wp-json\/wp\/v2\/users\/1"}],"replies":[{"embeddable":true,"href":"https:\/\/www.mayodarkskypark.ie\/ga\/wp-json\/wp\/v2\/comments?post=611"}],"version-history":[{"count":2,"href":"https:\/\/www.mayodarkskypark.ie\/ga\/wp-json\/wp\/v2\/pages\/611\/revisions"}],"predecessor-version":[{"id":1719,"href":"https:\/\/www.mayodarkskypark.ie\/ga\/wp-json\/wp\/v2\/pages\/611\/revisions\/1719"}],"up":[{"embeddable":true,"href":"https:\/\/www.mayodarkskypark.ie\/ga\/wp-json\/wp\/v2\/pages\/601"}],"wp:featuredmedia":[{"embeddable":true,"href":"https:\/\/www.mayodarkskypark.ie\/ga\/wp-json\/wp\/v2\/media\/1654"}],"wp:attachment":[{"href":"https:\/\/www.mayodarkskypark.ie\/ga\/wp-json\/wp\/v2\/media?parent=611"}],"curies":[{"name":"wp","href":"https:\/\/api.w.org\/{rel}","templated":true}]}}