{"id":619,"date":"2023-11-28T14:04:50","date_gmt":"2023-11-28T14:04:50","guid":{"rendered":"https:\/\/www.mayodarkskypark.ie\/foghlaim\/grupai-turais\/"},"modified":"2025-01-09T08:56:26","modified_gmt":"2025-01-09T08:56:26","slug":"grupai-turais","status":"publish","type":"page","link":"https:\/\/www.mayodarkskypark.ie\/ga\/foghlaim\/grupai-turais\/","title":{"rendered":"Gr\u00fapa\u00ed &amp; Turais"},"content":{"rendered":"\n<h1 class=\"wp-block-heading\">Gr\u00fapa\u00ed <mark style=\"background-color:rgba(0, 0, 0, 0)\" class=\"has-inline-color has-ast-global-color-1-color\">&amp; Turais<\/mark><\/h1>\n\n<div class=\"wp-block-columns is-layout-flex wp-container-core-columns-is-layout-e0e4babd wp-block-columns-is-layout-flex\" style=\"padding-right:0;padding-left:0\">\n<div class=\"wp-block-column is-layout-flow wp-block-column-is-layout-flow\">\n<p>Cuirimid seirbh\u00eds\u00ed saor in aisce ar f\u00e1il do gach gr\u00fapa leasmhara. T\u00e1 cl\u00e1ir speisialta ar f\u00e1il againn agus is f\u00e9idir linn cuairteanna a shaincheapadh chun freastal ar riachtanais. D\u2019fh\u00e9adfadh cainteanna, si\u00fal\u00f3id\u00ed agus gn\u00edomha\u00edochta\u00ed laistigh agus lasmuigh a bheith i gceist leis seo.<\/p>\n\n\n\n<ol class=\"wp-block-list\">\n<li>Cuirimid seirbh\u00eds OUTREACH ar f\u00e1il do ghr\u00fapa\u00ed pobail maidir le h\u00e9ifeachta\u00ed Truaillithe Solais agus na bearta simpl\u00ed is f\u00e9idir leatsa agus le do phobal a ghlacadh chun a \u00e9ifeachta\u00ed a laghd\u00fa.<\/li>\n\n\n\n<li>TABHAIR CUAIRT AR BHAILE CHRUAICH le haghaidh Turas Treoraithe ar shu\u00edomh an ionaid chuairteoir\u00ed agus foghlaim faoi Ph\u00e1irc Sp\u00e9ire Dorcha Mhaigh Eo.<\/li>\n\n\n\n<li>D\u00e9an ini\u00fachadh ar an o\u00edche le treoraithe Oideachais na P\u00e1irce N\u00e1isi\u00fanta? Cuirimid gn\u00edomha\u00edochta\u00ed ar f\u00e1il ar n\u00f3s Si\u00fal\u00f3id\u00ed Ialt\u00f3g, Seisi\u00fain maidir le Leamhan a cheapadh i ngaiste agus Si\u00fal\u00f3id\u00ed Fiadh\u00falra O\u00edche.<\/li>\n\n\n\n<li>Cuir Caint in \u00e1irithe ar Ph\u00e1irc Sp\u00e9ire Dorcha Mhaigh Eo, Seisi\u00fan R\u00e9alt\u00f3ireachta n\u00f3 Si\u00fal\u00f3id Sp\u00e9ire Dorcha len\u00e1r nOifigeach Forbartha um Sp\u00e9ire Dorcha. Braitheann na coinn\u00edollacha maidir le r\u00e9alt\u00f3ireacht ar an aimsir. Is \u00e9 an t-am is fearr chun taitneamh a bhaint as sp\u00e9artha na ho\u00edche n\u00e1 m\u00edonna an gheimhridh (taobh amuigh den bhuaicsh\u00e9as\u00far).<\/li>\n<\/ol>\n\n\n\n<h2 class=\"wp-block-heading\">Conas \u00c1irithint a Dh\u00e9anamh<\/h2>\n\n\n\n<p>T\u00e1 Ionad Cuairteoir\u00ed Bhaile Chruaich ar oscailt 10rn go 5.30in \u00f3 Feabhra go Samhain.<\/p>\n\n\n\n<p>Glacfar \u00e1irithint\u00ed tr\u00ed: <a href=\"mailto:ballycroyvisitorcentre@npws.gov.ie\">ballycroyvisitorcentre@npws.gov.ie<\/a><\/p>\n\n\n\n<p>Chun teagmh\u00e1il a dh\u00e9anamh len\u00e1r nOifigeach Forbartha Sp\u00e9ire Dorcha, seol r\u00edomhphost chuig: <a href=\"mailto:mayodarkskypark@npws.gov.ie\">mayodarkskypark@npws.gov.ie<\/a><\/p>\n<\/div>\n<\/div>\n","protected":false},"excerpt":{"rendered":"<p>Gr\u00fapa\u00ed &amp; Turais Cuirimid seirbh\u00eds\u00ed saor in aisce ar f\u00e1il do gach gr\u00fapa leasmhara. T\u00e1 cl\u00e1ir speisialta ar f\u00e1il againn agus is f\u00e9idir linn cuairteanna a shaincheapadh chun freastal ar riachtanais. D\u2019fh\u00e9adfadh cainteanna, si\u00fal\u00f3id\u00ed agus gn\u00edomha\u00edochta\u00ed laistigh agus lasmuigh a bheith i gceist leis seo. Conas \u00c1irithint a Dh\u00e9anamh T\u00e1 Ionad Cuairteoir\u00ed Bhaile Chruaich ar [&hellip;]<\/p>\n","protected":false},"author":1,"featured_media":478,"parent":600,"menu_order":0,"comment_status":"closed","ping_status":"closed","template":"","meta":{"_uag_custom_page_level_css":"","site-sidebar-layout":"default","site-content-layout":"","ast-site-content-layout":"default","site-content-style":"default","site-sidebar-style":"default","ast-global-header-display":"","ast-banner-title-visibility":"","ast-main-header-display":"","ast-hfb-above-header-display":"","ast-hfb-below-header-display":"","ast-hfb-mobile-header-display":"","site-post-title":"disabled","ast-breadcrumbs-content":"","ast-featured-img":"","footer-sml-layout":"","ast-disable-related-posts":"","theme-transparent-header-meta":"","adv-header-id-meta":"","stick-header-meta":"","header-above-stick-meta":"","header-main-stick-meta":"","header-below-stick-meta":"","astra-migrate-meta-layouts":"default","ast-page-background-enabled":"default","ast-page-background-meta":{"desktop":{"background-color":"var(--ast-global-color-4)","background-image":"","background-repeat":"repeat","background-position":"center center","background-size":"auto","background-attachment":"scroll","background-type":"","background-media":"","overlay-type":"","overlay-color":"","overlay-opacity":"","overlay-gradient":""},"tablet":{"background-color":"","background-image":"","background-repeat":"repeat","background-position":"center center","background-size":"auto","background-attachment":"scroll","background-type":"","background-media":"","overlay-type":"","overlay-color":"","overlay-opacity":"","overlay-gradient":""},"mobile":{"background-color":"","background-image":"","background-repeat":"repeat","background-position":"center center","background-size":"auto","background-attachment":"scroll","background-type":"","background-media":"","overlay-type":"","overlay-color":"","overlay-opacity":"","overlay-gradient":""}},"ast-content-background-meta":{"desktop":{"background-color":"var(--ast-global-color-5)","background-image":"","background-repeat":"repeat","background-position":"center center","background-size":"auto","background-attachment":"scroll","background-type":"","background-media":"","overlay-type":"","overlay-color":"","overlay-opacity":"","overlay-gradient":""},"tablet":{"background-color":"var(--ast-global-color-5)","background-image":"","background-repeat":"repeat","background-position":"center center","background-size":"auto","background-attachment":"scroll","background-type":"","background-media":"","overlay-type":"","overlay-color":"","overlay-opacity":"","overlay-gradient":""},"mobile":{"background-color":"var(--ast-global-color-5)","background-image":"","background-repeat":"repeat","background-position":"center center","background-size":"auto","background-attachment":"scroll","background-type":"","background-media":"","overlay-type":"","overlay-color":"","overlay-opacity":"","overlay-gradient":""}},"footnotes":""},"class_list":["post-619","page","type-page","status-publish","has-post-thumbnail","hentry"],"yoast_head":"<!-- This site is optimized with the Yoast SEO plugin v27.3 - https:\/\/yoast.com\/product\/yoast-seo-wordpress\/ -->\n<title>Gr\u00fapa\u00ed &amp; Turais - P\u00e1irc Sp\u00e9ire Dorcha Mhaigh Eo<\/title>\n<meta name=\"robots\" content=\"index, follow, max-snippet:-1, max-image-preview:large, max-video-preview:-1\" \/>\n<link rel=\"canonical\" href=\"https:\/\/www.mayodarkskypark.ie\/ga\/foghlaim\/grupai-turais\/\" \/>\n<meta property=\"og:locale\" content=\"ga_IE\" \/>\n<meta property=\"og:type\" content=\"article\" \/>\n<meta property=\"og:title\" content=\"Gr\u00fapa\u00ed &amp; Turais - P\u00e1irc Sp\u00e9ire Dorcha Mhaigh Eo\" \/>\n<meta property=\"og:description\" content=\"Gr\u00fapa\u00ed &amp; Turais Cuirimid seirbh\u00eds\u00ed saor in aisce ar f\u00e1il do gach gr\u00fapa leasmhara. T\u00e1 cl\u00e1ir speisialta ar f\u00e1il againn agus is f\u00e9idir linn cuairteanna a shaincheapadh chun freastal ar riachtanais. D\u2019fh\u00e9adfadh cainteanna, si\u00fal\u00f3id\u00ed agus gn\u00edomha\u00edochta\u00ed laistigh agus lasmuigh a bheith i gceist leis seo. Conas \u00c1irithint a Dh\u00e9anamh T\u00e1 Ionad Cuairteoir\u00ed Bhaile Chruaich ar [&hellip;]\" \/>\n<meta property=\"og:url\" content=\"https:\/\/www.mayodarkskypark.ie\/ga\/foghlaim\/grupai-turais\/\" \/>\n<meta property=\"og:site_name\" content=\"P\u00e1irc Sp\u00e9ire Dorcha Mhaigh Eo\" \/>\n<meta property=\"article:publisher\" content=\"https:\/\/www.facebook.com\/mayodarkskies\/\" \/>\n<meta property=\"article:modified_time\" content=\"2025-01-09T08:56:26+00:00\" \/>\n<meta property=\"og:image\" content=\"https:\/\/www.mayodarkskypark.ie\/wp-content\/uploads\/2023\/11\/Banner04.jpg\" \/>\n\t<meta property=\"og:image:width\" content=\"1200\" \/>\n\t<meta property=\"og:image:height\" content=\"265\" \/>\n\t<meta property=\"og:image:type\" content=\"image\/jpeg\" \/>\n<meta name=\"twitter:card\" content=\"summary_large_image\" \/>\n<meta name=\"twitter:label1\" content=\"Est. reading time\" \/>\n\t<meta name=\"twitter:data1\" content=\"1 minute\" \/>\n<script type=\"application\/ld+json\" class=\"yoast-schema-graph\">{\"@context\":\"https:\\\/\\\/schema.org\",\"@graph\":[{\"@type\":\"WebPage\",\"@id\":\"https:\\\/\\\/www.mayodarkskypark.ie\\\/ga\\\/foghlaim\\\/grupai-turais\\\/\",\"url\":\"https:\\\/\\\/www.mayodarkskypark.ie\\\/ga\\\/foghlaim\\\/grupai-turais\\\/\",\"name\":\"Gr\u00fapa\u00ed &amp; Turais - P\u00e1irc Sp\u00e9ire Dorcha Mhaigh Eo\",\"isPartOf\":{\"@id\":\"https:\\\/\\\/www.mayodarkskypark.ie\\\/#website\"},\"primaryImageOfPage\":{\"@id\":\"https:\\\/\\\/www.mayodarkskypark.ie\\\/ga\\\/foghlaim\\\/grupai-turais\\\/#primaryimage\"},\"image\":{\"@id\":\"https:\\\/\\\/www.mayodarkskypark.ie\\\/ga\\\/foghlaim\\\/grupai-turais\\\/#primaryimage\"},\"thumbnailUrl\":\"https:\\\/\\\/www.mayodarkskypark.ie\\\/wp-content\\\/uploads\\\/2023\\\/11\\\/Banner04.jpg\",\"datePublished\":\"2023-11-28T14:04:50+00:00\",\"dateModified\":\"2025-01-09T08:56:26+00:00\",\"breadcrumb\":{\"@id\":\"https:\\\/\\\/www.mayodarkskypark.ie\\\/ga\\\/foghlaim\\\/grupai-turais\\\/#breadcrumb\"},\"inLanguage\":\"ga-IE\",\"potentialAction\":[{\"@type\":\"ReadAction\",\"target\":[\"https:\\\/\\\/www.mayodarkskypark.ie\\\/ga\\\/foghlaim\\\/grupai-turais\\\/\"]}]},{\"@type\":\"ImageObject\",\"inLanguage\":\"ga-IE\",\"@id\":\"https:\\\/\\\/www.mayodarkskypark.ie\\\/ga\\\/foghlaim\\\/grupai-turais\\\/#primaryimage\",\"url\":\"https:\\\/\\\/www.mayodarkskypark.ie\\\/wp-content\\\/uploads\\\/2023\\\/11\\\/Banner04.jpg\",\"contentUrl\":\"https:\\\/\\\/www.mayodarkskypark.ie\\\/wp-content\\\/uploads\\\/2023\\\/11\\\/Banner04.jpg\",\"width\":1200,\"height\":265},{\"@type\":\"BreadcrumbList\",\"@id\":\"https:\\\/\\\/www.mayodarkskypark.ie\\\/ga\\\/foghlaim\\\/grupai-turais\\\/#breadcrumb\",\"itemListElement\":[{\"@type\":\"ListItem\",\"position\":1,\"name\":\"Home\",\"item\":\"https:\\\/\\\/www.mayodarkskypark.ie\\\/ga\\\/\"},{\"@type\":\"ListItem\",\"position\":2,\"name\":\"Foghlaim\",\"item\":\"https:\\\/\\\/www.mayodarkskypark.ie\\\/learn\\\/\"},{\"@type\":\"ListItem\",\"position\":3,\"name\":\"Gr\u00fapa\u00ed &amp; Turais\"}]},{\"@type\":\"WebSite\",\"@id\":\"https:\\\/\\\/www.mayodarkskypark.ie\\\/#website\",\"url\":\"https:\\\/\\\/www.mayodarkskypark.ie\\\/\",\"name\":\"Mayo Dark Sky Park\",\"description\":\"International Dark Sky Place of the Year 2024\",\"publisher\":{\"@id\":\"https:\\\/\\\/www.mayodarkskypark.ie\\\/#organization\"},\"potentialAction\":[{\"@type\":\"SearchAction\",\"target\":{\"@type\":\"EntryPoint\",\"urlTemplate\":\"https:\\\/\\\/www.mayodarkskypark.ie\\\/?s={search_term_string}\"},\"query-input\":{\"@type\":\"PropertyValueSpecification\",\"valueRequired\":true,\"valueName\":\"search_term_string\"}}],\"inLanguage\":\"ga-IE\"},{\"@type\":\"Organization\",\"@id\":\"https:\\\/\\\/www.mayodarkskypark.ie\\\/#organization\",\"name\":\"Mayo Dark Sky Park\",\"url\":\"https:\\\/\\\/www.mayodarkskypark.ie\\\/\",\"logo\":{\"@type\":\"ImageObject\",\"inLanguage\":\"ga-IE\",\"@id\":\"https:\\\/\\\/www.mayodarkskypark.ie\\\/#\\\/schema\\\/logo\\\/image\\\/\",\"url\":\"https:\\\/\\\/www.mayodarkskypark.ie\\\/wp-content\\\/uploads\\\/2023\\\/11\\\/mayo-dark-sky-park.png\",\"contentUrl\":\"https:\\\/\\\/www.mayodarkskypark.ie\\\/wp-content\\\/uploads\\\/2023\\\/11\\\/mayo-dark-sky-park.png\",\"width\":246,\"height\":70,\"caption\":\"Mayo Dark Sky Park\"},\"image\":{\"@id\":\"https:\\\/\\\/www.mayodarkskypark.ie\\\/#\\\/schema\\\/logo\\\/image\\\/\"},\"sameAs\":[\"https:\\\/\\\/www.facebook.com\\\/mayodarkskies\\\/\"]}]}<\/script>\n<!-- \/ Yoast SEO plugin. -->","yoast_head_json":{"title":"Gr\u00fapa\u00ed &amp; Turais - P\u00e1irc Sp\u00e9ire Dorcha Mhaigh Eo","robots":{"index":"index","follow":"follow","max-snippet":"max-snippet:-1","max-image-preview":"max-image-preview:large","max-video-preview":"max-video-preview:-1"},"canonical":"https:\/\/www.mayodarkskypark.ie\/ga\/foghlaim\/grupai-turais\/","og_locale":"ga_IE","og_type":"article","og_title":"Gr\u00fapa\u00ed &amp; Turais - P\u00e1irc Sp\u00e9ire Dorcha Mhaigh Eo","og_description":"Gr\u00fapa\u00ed &amp; Turais Cuirimid seirbh\u00eds\u00ed saor in aisce ar f\u00e1il do gach gr\u00fapa leasmhara. T\u00e1 cl\u00e1ir speisialta ar f\u00e1il againn agus is f\u00e9idir linn cuairteanna a shaincheapadh chun freastal ar riachtanais. D\u2019fh\u00e9adfadh cainteanna, si\u00fal\u00f3id\u00ed agus gn\u00edomha\u00edochta\u00ed laistigh agus lasmuigh a bheith i gceist leis seo. Conas \u00c1irithint a Dh\u00e9anamh T\u00e1 Ionad Cuairteoir\u00ed Bhaile Chruaich ar [&hellip;]","og_url":"https:\/\/www.mayodarkskypark.ie\/ga\/foghlaim\/grupai-turais\/","og_site_name":"P\u00e1irc Sp\u00e9ire Dorcha Mhaigh Eo","article_publisher":"https:\/\/www.facebook.com\/mayodarkskies\/","article_modified_time":"2025-01-09T08:56:26+00:00","og_image":[{"width":1200,"height":265,"url":"https:\/\/www.mayodarkskypark.ie\/wp-content\/uploads\/2023\/11\/Banner04.jpg","type":"image\/jpeg"}],"twitter_card":"summary_large_image","twitter_misc":{"Est. reading time":"1 minute"},"schema":{"@context":"https:\/\/schema.org","@graph":[{"@type":"WebPage","@id":"https:\/\/www.mayodarkskypark.ie\/ga\/foghlaim\/grupai-turais\/","url":"https:\/\/www.mayodarkskypark.ie\/ga\/foghlaim\/grupai-turais\/","name":"Gr\u00fapa\u00ed &amp; Turais - P\u00e1irc Sp\u00e9ire Dorcha Mhaigh Eo","isPartOf":{"@id":"https:\/\/www.mayodarkskypark.ie\/#website"},"primaryImageOfPage":{"@id":"https:\/\/www.mayodarkskypark.ie\/ga\/foghlaim\/grupai-turais\/#primaryimage"},"image":{"@id":"https:\/\/www.mayodarkskypark.ie\/ga\/foghlaim\/grupai-turais\/#primaryimage"},"thumbnailUrl":"https:\/\/www.mayodarkskypark.ie\/wp-content\/uploads\/2023\/11\/Banner04.jpg","datePublished":"2023-11-28T14:04:50+00:00","dateModified":"2025-01-09T08:56:26+00:00","breadcrumb":{"@id":"https:\/\/www.mayodarkskypark.ie\/ga\/foghlaim\/grupai-turais\/#breadcrumb"},"inLanguage":"ga-IE","potentialAction":[{"@type":"ReadAction","target":["https:\/\/www.mayodarkskypark.ie\/ga\/foghlaim\/grupai-turais\/"]}]},{"@type":"ImageObject","inLanguage":"ga-IE","@id":"https:\/\/www.mayodarkskypark.ie\/ga\/foghlaim\/grupai-turais\/#primaryimage","url":"https:\/\/www.mayodarkskypark.ie\/wp-content\/uploads\/2023\/11\/Banner04.jpg","contentUrl":"https:\/\/www.mayodarkskypark.ie\/wp-content\/uploads\/2023\/11\/Banner04.jpg","width":1200,"height":265},{"@type":"BreadcrumbList","@id":"https:\/\/www.mayodarkskypark.ie\/ga\/foghlaim\/grupai-turais\/#breadcrumb","itemListElement":[{"@type":"ListItem","position":1,"name":"Home","item":"https:\/\/www.mayodarkskypark.ie\/ga\/"},{"@type":"ListItem","position":2,"name":"Foghlaim","item":"https:\/\/www.mayodarkskypark.ie\/learn\/"},{"@type":"ListItem","position":3,"name":"Gr\u00fapa\u00ed &amp; Turais"}]},{"@type":"WebSite","@id":"https:\/\/www.mayodarkskypark.ie\/#website","url":"https:\/\/www.mayodarkskypark.ie\/","name":"Mayo Dark Sky Park","description":"International Dark Sky Place of the Year 2024","publisher":{"@id":"https:\/\/www.mayodarkskypark.ie\/#organization"},"potentialAction":[{"@type":"SearchAction","target":{"@type":"EntryPoint","urlTemplate":"https:\/\/www.mayodarkskypark.ie\/?s={search_term_string}"},"query-input":{"@type":"PropertyValueSpecification","valueRequired":true,"valueName":"search_term_string"}}],"inLanguage":"ga-IE"},{"@type":"Organization","@id":"https:\/\/www.mayodarkskypark.ie\/#organization","name":"Mayo Dark Sky Park","url":"https:\/\/www.mayodarkskypark.ie\/","logo":{"@type":"ImageObject","inLanguage":"ga-IE","@id":"https:\/\/www.mayodarkskypark.ie\/#\/schema\/logo\/image\/","url":"https:\/\/www.mayodarkskypark.ie\/wp-content\/uploads\/2023\/11\/mayo-dark-sky-park.png","contentUrl":"https:\/\/www.mayodarkskypark.ie\/wp-content\/uploads\/2023\/11\/mayo-dark-sky-park.png","width":246,"height":70,"caption":"Mayo Dark Sky Park"},"image":{"@id":"https:\/\/www.mayodarkskypark.ie\/#\/schema\/logo\/image\/"},"sameAs":["https:\/\/www.facebook.com\/mayodarkskies\/"]}]}},"spectra_custom_meta":{"adv-header-id-meta":[""],"stick-header-meta":[""],"site-post-title":["disabled"],"ast-featured-img":[""],"theme-transparent-header-meta":[""],"_top_nav_excluded":[""],"_cms_nav_minihome":[""],"_last_translation_edit_mode":["translation-editor"],"_wp_page_template":[""],"_thumbnail_id":["478"],"_tribe_ticket_capacity":["0"],"_tribe_ticket_version":["5.13.4"],"ast-banner-title-visibility":[""],"_uag_css_file_name":["uag-css-619.css"],"_uag_page_assets":["a:9:{s:3:\"css\";s:263:\".uag-blocks-common-selector{z-index:var(--z-index-desktop) !important}@media (max-width: 976px){.uag-blocks-common-selector{z-index:var(--z-index-tablet) !important}}@media (max-width: 767px){.uag-blocks-common-selector{z-index:var(--z-index-mobile) !important}}\n\";s:2:\"js\";s:0:\"\";s:18:\"current_block_list\";a:12:{i:0;s:12:\"core\/heading\";i:1;s:12:\"core\/columns\";i:2;s:11:\"core\/column\";i:3;s:14:\"core\/paragraph\";i:4;s:9:\"core\/list\";i:5;s:14:\"core\/list-item\";i:6;s:10:\"core\/group\";i:7;s:12:\"core\/buttons\";i:8;s:11:\"core\/button\";i:10;s:10:\"core\/image\";i:12;s:9:\"core\/html\";i:13;s:11:\"core\/spacer\";}s:8:\"uag_flag\";b:0;s:11:\"uag_version\";s:10:\"1775050265\";s:6:\"gfonts\";a:0:{}s:10:\"gfonts_url\";s:0:\"\";s:12:\"gfonts_files\";a:0:{}s:14:\"uag_faq_layout\";b:0;}"]},"uagb_featured_image_src":{"full":["https:\/\/www.mayodarkskypark.ie\/wp-content\/uploads\/2023\/11\/Banner04.jpg",1200,265,false],"thumbnail":["https:\/\/www.mayodarkskypark.ie\/wp-content\/uploads\/2023\/11\/Banner04-150x150.jpg",150,150,true],"medium":["https:\/\/www.mayodarkskypark.ie\/wp-content\/uploads\/2023\/11\/Banner04-300x66.jpg",300,66,true],"medium_large":["https:\/\/www.mayodarkskypark.ie\/wp-content\/uploads\/2023\/11\/Banner04-768x170.jpg",768,170,true],"large":["https:\/\/www.mayodarkskypark.ie\/wp-content\/uploads\/2023\/11\/Banner04-1024x226.jpg",1024,226,true],"1536x1536":["https:\/\/www.mayodarkskypark.ie\/wp-content\/uploads\/2023\/11\/Banner04.jpg",1200,265,false],"2048x2048":["https:\/\/www.mayodarkskypark.ie\/wp-content\/uploads\/2023\/11\/Banner04.jpg",1200,265,false]},"uagb_author_info":{"display_name":"Robert Lockwood","author_link":"https:\/\/www.mayodarkskypark.ie\/ga\/author\/robert-lockwood\/"},"uagb_comment_info":0,"uagb_excerpt":"Gr\u00fapa\u00ed &amp; Turais Cuirimid seirbh\u00eds\u00ed saor in aisce ar f\u00e1il do gach gr\u00fapa leasmhara. T\u00e1 cl\u00e1ir speisialta ar f\u00e1il againn agus is f\u00e9idir linn cuairteanna a shaincheapadh chun freastal ar riachtanais. D\u2019fh\u00e9adfadh cainteanna, si\u00fal\u00f3id\u00ed agus gn\u00edomha\u00edochta\u00ed laistigh agus lasmuigh a bheith i gceist leis seo. Conas \u00c1irithint a Dh\u00e9anamh T\u00e1 Ionad Cuairteoir\u00ed Bhaile Chruaich ar&hellip;","_links":{"self":[{"href":"https:\/\/www.mayodarkskypark.ie\/ga\/wp-json\/wp\/v2\/pages\/619","targetHints":{"allow":["GET"]}}],"collection":[{"href":"https:\/\/www.mayodarkskypark.ie\/ga\/wp-json\/wp\/v2\/pages"}],"about":[{"href":"https:\/\/www.mayodarkskypark.ie\/ga\/wp-json\/wp\/v2\/types\/page"}],"author":[{"embeddable":true,"href":"https:\/\/www.mayodarkskypark.ie\/ga\/wp-json\/wp\/v2\/users\/1"}],"replies":[{"embeddable":true,"href":"https:\/\/www.mayodarkskypark.ie\/ga\/wp-json\/wp\/v2\/comments?post=619"}],"version-history":[{"count":1,"href":"https:\/\/www.mayodarkskypark.ie\/ga\/wp-json\/wp\/v2\/pages\/619\/revisions"}],"predecessor-version":[{"id":620,"href":"https:\/\/www.mayodarkskypark.ie\/ga\/wp-json\/wp\/v2\/pages\/619\/revisions\/620"}],"up":[{"embeddable":true,"href":"https:\/\/www.mayodarkskypark.ie\/ga\/wp-json\/wp\/v2\/pages\/600"}],"wp:featuredmedia":[{"embeddable":true,"href":"https:\/\/www.mayodarkskypark.ie\/ga\/wp-json\/wp\/v2\/media\/478"}],"wp:attachment":[{"href":"https:\/\/www.mayodarkskypark.ie\/ga\/wp-json\/wp\/v2\/media?parent=619"}],"curies":[{"name":"wp","href":"https:\/\/api.w.org\/{rel}","templated":true}]}}