{"id":621,"date":"2023-11-28T14:04:50","date_gmt":"2023-11-28T14:04:50","guid":{"rendered":"https:\/\/www.mayodarkskypark.ie\/foghlaim\/cultur-oidhreacht\/"},"modified":"2025-01-09T08:54:13","modified_gmt":"2025-01-09T08:54:13","slug":"cultur-oidhreacht","status":"publish","type":"page","link":"https:\/\/www.mayodarkskypark.ie\/ga\/foghlaim\/cultur-oidhreacht\/","title":{"rendered":"Cult\u00far &amp; Oidhreacht"},"content":{"rendered":"\n<h1 class=\"wp-block-heading\">Cult\u00far <mark style=\"background-color:rgba(0, 0, 0, 0)\" class=\"has-inline-color has-ast-global-color-1-color\">&amp; Oidhreacht<\/mark><\/h1>\n\n<div class=\"wp-block-columns is-layout-flex wp-container-core-columns-is-layout-e0e4babd wp-block-columns-is-layout-flex\" style=\"padding-right:0;padding-left:0\">\n<div class=\"wp-block-column is-layout-flow wp-block-column-is-layout-flow\">\n<h2 class=\"wp-block-heading\">Cult\u00far<\/h2>\n\n\n\n<p>Thar na m\u00edlte bliain, spreag na r\u00e9alta\u00ed eala\u00edont\u00f3ir\u00ed, eolaithe, taisc\u00e9alaithe, scr\u00edbhneoir\u00ed &amp; ceolt\u00f3ir\u00ed ar fud an domhain. Seans nach gcruth\u00f3fa\u00ed saothair ar n\u00f3s Starry Starry Night le Vincent van Gogh, d\u00e1 mbeadh radharc an eala\u00edont\u00f3ra ar sp\u00e9ir na ho\u00edche doil\u00e9ir.<\/p>\n\n\n\n<p>\u201c\u00d3 mo thaobhsa n\u00edl eolas ar bith agam le cinnteacht ar bith, ach cuireann radharc na r\u00e9alta briongl\u00f3id orm.\u201d \u2014 Vincent van Gogh<\/p>\n\n\n\n<p>Is \u00e9 sp\u00e9ir n\u00e1d\u00fartha na ho\u00edche \u00e1r n-oidhreacht choiteann agus uil\u00edoch, ach t\u00e1 s\u00e9 ag \u00e9ir\u00ed anaithnid go tapa ag na gl\u00fanta is d\u00e9ana\u00ed.<\/p>\n\n\n\n<p>Anseo i Maigh Eo, t\u00e1 s\u00e9 beartaithe againn sp\u00e9ir na ho\u00edche agus \u00e1r n-oidhreacht o\u00edche a chaomhn\u00fa agus a chosaint chun samhla\u00edocht na ngl\u00fan at\u00e1 le teacht a chur chun cinn. T\u00e1imid tiomanta do phlean fairsing Bainist\u00edochta Solasdhreach don r\u00e9admhaoin agus freisin d&#8217;ullmh\u00fa cl\u00e1r bliant\u00fail d&#8217;imeachta\u00ed for-rochtana deartha chun b\u00e9im a chur ar luach cult\u00fartha \u00e1r n-oidhreacht sp\u00e9ir na ho\u00edche.<\/p>\n\n\n\n<figure class=\"wp-block-image alignwide size-large\"><img loading=\"lazy\" decoding=\"async\" width=\"1024\" height=\"341\" src=\"https:\/\/www.mayodarkskypark.ie\/wp-content\/uploads\/2023\/11\/CultureHeritage-1024x341.jpg\" alt=\"P&#xE9;inte&#xE1;il Van Gogh (Cl&#xE9;), Radharc Mhaigh Eo (Sa l&#xE1;r agus Ar dheis)\" class=\"wp-image-257\" srcset=\"https:\/\/www.mayodarkskypark.ie\/wp-content\/uploads\/2023\/11\/CultureHeritage-1024x341.jpg 1024w, https:\/\/www.mayodarkskypark.ie\/wp-content\/uploads\/2023\/11\/CultureHeritage-300x100.jpg 300w, https:\/\/www.mayodarkskypark.ie\/wp-content\/uploads\/2023\/11\/CultureHeritage-768x256.jpg 768w, https:\/\/www.mayodarkskypark.ie\/wp-content\/uploads\/2023\/11\/CultureHeritage.jpg 1200w\" sizes=\"auto, (max-width: 1024px) 100vw, 1024px\" \/><\/figure>\n\n\n\n<h2 class=\"wp-block-heading\">Oidhreacht<\/h2>\n\n\n\n<p>Fuair \u00e1r sinsir taith\u00ed ar sp\u00e9ir na ho\u00edche agus na r\u00e9alta\u00ed ann. Bhain siad \u00fas\u00e1id as na r\u00e9alta\u00ed le haghaidh loingseoireachta, t\u00e1scair\u00ed ama agus s\u00e9as\u00faracha agus uaireanta th\u00f3g siad strucht\u00fair le hail\u00ednithe r\u00e9alteola\u00edocha ar ch\u00faiseanna \u00e9ags\u00fala.<\/p>\n\n\n\n<p>Arda\u00edonn Caomhn\u00fa Sp\u00e9ir Dhorcha, go h\u00e1irithe i dt\u00edrdhreacha a bhfuil comhph\u00e1irt seand\u00e1la\u00edochta r\u00e9amhstairi\u00fail acu, an t\u00e1bhacht a bhaineann le t\u00edrdhreacha d\u00e1 leith\u00e9id le bheith ina s\u00f3cmhainn chult\u00fartha ag leibh\u00e9al n\u00e1isi\u00fanta agus idirn\u00e1isi\u00fanta.<\/p>\n\n\n\n<p>I Maigh Eo t\u00e1 sampla\u00ed againn den chaoi ar cheangail \u00e1r sinsir a saol leis an sp\u00e9ir le s\u00e9adchomhartha\u00ed oidhreachta ar n\u00f3s Cloch Boheh. Anseo is f\u00e9idir leat an feinim\u00e9an \u2018Rolling Sun\u2019 a fheice\u00e1il (a d\u2019aimsigh an stara\u00ed d\u00e9anach Gerry Bracken go luath sna 1990id\u00ed). S\u00e9adchomhartha \u00f3n gCr\u00e9-umhaois is ea Cloch Boheh, marc\u00e1ilte le heala\u00edn rac-cheoil cup\u00e1in, \u00f3nar f\u00e9idir leat an ghrian ag dul a fheice\u00e1il le feice\u00e1il ag \u201crolladh\u201d s\u00edos c\u00f3n thiar Chruach Ph\u00e1draig ar dh\u00e1 dh\u00e1ta in aghaidh na bliana; 18 Aibre\u00e1n agus 24 L\u00fanasa. L\u00e9ir\u00edonn na d\u00e1ta\u00ed t\u00fas agus deireadh sh\u00e9as\u00far an fh\u00f3mhair agus b\u2019fh\u00e9idir f\u00e9ilire talmha\u00edochta d\u00e1r r\u00e9amhtheachtaithe.<\/p>\n\n\n\n<p>T\u00e1 luach na hOidhreachta R\u00e9alteola\u00edochta aitheanta ag UNESCO tr\u00edna shu\u00edomh \u201cTairseach chuig Oidhreacht na R\u00e9alteola\u00edochta\u201d at\u00e1 ann chun feasacht a ard\u00fa ar th\u00e1bhacht na hoidhreachta r\u00e9alteola\u00edochta agus chun iarrachta\u00ed a \u00e9asc\u00fa chun an oidhreacht sin a aithint, a chosaint agus a chaomhn\u00fa.<\/p>\n<\/div>\n<\/div>\n","protected":false},"excerpt":{"rendered":"<p>Cult\u00far &amp; Oidhreacht Cult\u00far Thar na m\u00edlte bliain, spreag na r\u00e9alta\u00ed eala\u00edont\u00f3ir\u00ed, eolaithe, taisc\u00e9alaithe, scr\u00edbhneoir\u00ed &amp; ceolt\u00f3ir\u00ed ar fud an domhain. Seans nach gcruth\u00f3fa\u00ed saothair ar n\u00f3s Starry Starry Night le Vincent van Gogh, d\u00e1 mbeadh radharc an eala\u00edont\u00f3ra ar sp\u00e9ir na ho\u00edche doil\u00e9ir. \u201c\u00d3 mo thaobhsa n\u00edl eolas ar bith agam le cinnteacht ar [&hellip;]<\/p>\n","protected":false},"author":1,"featured_media":1654,"parent":600,"menu_order":0,"comment_status":"closed","ping_status":"closed","template":"","meta":{"_uag_custom_page_level_css":"","site-sidebar-layout":"default","site-content-layout":"","ast-site-content-layout":"default","site-content-style":"default","site-sidebar-style":"default","ast-global-header-display":"","ast-banner-title-visibility":"","ast-main-header-display":"","ast-hfb-above-header-display":"","ast-hfb-below-header-display":"","ast-hfb-mobile-header-display":"","site-post-title":"disabled","ast-breadcrumbs-content":"","ast-featured-img":"","footer-sml-layout":"","ast-disable-related-posts":"","theme-transparent-header-meta":"","adv-header-id-meta":"","stick-header-meta":"","header-above-stick-meta":"","header-main-stick-meta":"","header-below-stick-meta":"","astra-migrate-meta-layouts":"default","ast-page-background-enabled":"default","ast-page-background-meta":{"desktop":{"background-color":"var(--ast-global-color-4)","background-image":"","background-repeat":"repeat","background-position":"center center","background-size":"auto","background-attachment":"scroll","background-type":"","background-media":"","overlay-type":"","overlay-color":"","overlay-opacity":"","overlay-gradient":""},"tablet":{"background-color":"","background-image":"","background-repeat":"repeat","background-position":"center center","background-size":"auto","background-attachment":"scroll","background-type":"","background-media":"","overlay-type":"","overlay-color":"","overlay-opacity":"","overlay-gradient":""},"mobile":{"background-color":"","background-image":"","background-repeat":"repeat","background-position":"center center","background-size":"auto","background-attachment":"scroll","background-type":"","background-media":"","overlay-type":"","overlay-color":"","overlay-opacity":"","overlay-gradient":""}},"ast-content-background-meta":{"desktop":{"background-color":"var(--ast-global-color-5)","background-image":"","background-repeat":"repeat","background-position":"center center","background-size":"auto","background-attachment":"scroll","background-type":"","background-media":"","overlay-type":"","overlay-color":"","overlay-opacity":"","overlay-gradient":""},"tablet":{"background-color":"var(--ast-global-color-5)","background-image":"","background-repeat":"repeat","background-position":"center center","background-size":"auto","background-attachment":"scroll","background-type":"","background-media":"","overlay-type":"","overlay-color":"","overlay-opacity":"","overlay-gradient":""},"mobile":{"background-color":"var(--ast-global-color-5)","background-image":"","background-repeat":"repeat","background-position":"center center","background-size":"auto","background-attachment":"scroll","background-type":"","background-media":"","overlay-type":"","overlay-color":"","overlay-opacity":"","overlay-gradient":""}},"footnotes":""},"class_list":["post-621","page","type-page","status-publish","has-post-thumbnail","hentry"],"yoast_head":"<!-- This site is optimized with the Yoast SEO plugin v27.3 - https:\/\/yoast.com\/product\/yoast-seo-wordpress\/ -->\n<title>Cult\u00far &amp; Oidhreacht - P\u00e1irc Sp\u00e9ire Dorcha Mhaigh Eo<\/title>\n<meta name=\"robots\" content=\"index, follow, max-snippet:-1, max-image-preview:large, max-video-preview:-1\" \/>\n<link rel=\"canonical\" href=\"https:\/\/www.mayodarkskypark.ie\/ga\/foghlaim\/cultur-oidhreacht\/\" \/>\n<meta property=\"og:locale\" content=\"ga_IE\" \/>\n<meta property=\"og:type\" content=\"article\" \/>\n<meta property=\"og:title\" content=\"Cult\u00far &amp; Oidhreacht - P\u00e1irc Sp\u00e9ire Dorcha Mhaigh Eo\" \/>\n<meta property=\"og:description\" content=\"Cult\u00far &amp; Oidhreacht Cult\u00far Thar na m\u00edlte bliain, spreag na r\u00e9alta\u00ed eala\u00edont\u00f3ir\u00ed, eolaithe, taisc\u00e9alaithe, scr\u00edbhneoir\u00ed &amp; ceolt\u00f3ir\u00ed ar fud an domhain. Seans nach gcruth\u00f3fa\u00ed saothair ar n\u00f3s Starry Starry Night le Vincent van Gogh, d\u00e1 mbeadh radharc an eala\u00edont\u00f3ra ar sp\u00e9ir na ho\u00edche doil\u00e9ir. \u201c\u00d3 mo thaobhsa n\u00edl eolas ar bith agam le cinnteacht ar [&hellip;]\" \/>\n<meta property=\"og:url\" content=\"https:\/\/www.mayodarkskypark.ie\/ga\/foghlaim\/cultur-oidhreacht\/\" \/>\n<meta property=\"og:site_name\" content=\"P\u00e1irc Sp\u00e9ire Dorcha Mhaigh Eo\" \/>\n<meta property=\"article:publisher\" content=\"https:\/\/www.facebook.com\/mayodarkskies\/\" \/>\n<meta property=\"article:modified_time\" content=\"2025-01-09T08:54:13+00:00\" \/>\n<meta property=\"og:image\" content=\"https:\/\/www.mayodarkskypark.ie\/wp-content\/uploads\/2024\/12\/Josh-Matthews-Mayo-DSP-4-LakeReflectionBigAurora-scaled-e1735584259984.jpg\" \/>\n\t<meta property=\"og:image:width\" content=\"2560\" \/>\n\t<meta property=\"og:image:height\" content=\"1440\" \/>\n\t<meta property=\"og:image:type\" content=\"image\/jpeg\" \/>\n<meta name=\"twitter:card\" content=\"summary_large_image\" \/>\n<meta name=\"twitter:label1\" content=\"Est. reading time\" \/>\n\t<meta name=\"twitter:data1\" content=\"2 minutes\" \/>\n<script type=\"application\/ld+json\" class=\"yoast-schema-graph\">{\"@context\":\"https:\\\/\\\/schema.org\",\"@graph\":[{\"@type\":\"WebPage\",\"@id\":\"https:\\\/\\\/www.mayodarkskypark.ie\\\/ga\\\/foghlaim\\\/cultur-oidhreacht\\\/\",\"url\":\"https:\\\/\\\/www.mayodarkskypark.ie\\\/ga\\\/foghlaim\\\/cultur-oidhreacht\\\/\",\"name\":\"Cult\u00far &amp; Oidhreacht - P\u00e1irc Sp\u00e9ire Dorcha Mhaigh Eo\",\"isPartOf\":{\"@id\":\"https:\\\/\\\/www.mayodarkskypark.ie\\\/#website\"},\"primaryImageOfPage\":{\"@id\":\"https:\\\/\\\/www.mayodarkskypark.ie\\\/ga\\\/foghlaim\\\/cultur-oidhreacht\\\/#primaryimage\"},\"image\":{\"@id\":\"https:\\\/\\\/www.mayodarkskypark.ie\\\/ga\\\/foghlaim\\\/cultur-oidhreacht\\\/#primaryimage\"},\"thumbnailUrl\":\"https:\\\/\\\/www.mayodarkskypark.ie\\\/wp-content\\\/uploads\\\/2024\\\/12\\\/Josh-Matthews-Mayo-DSP-4-LakeReflectionBigAurora-scaled-e1735584259984.jpg\",\"datePublished\":\"2023-11-28T14:04:50+00:00\",\"dateModified\":\"2025-01-09T08:54:13+00:00\",\"breadcrumb\":{\"@id\":\"https:\\\/\\\/www.mayodarkskypark.ie\\\/ga\\\/foghlaim\\\/cultur-oidhreacht\\\/#breadcrumb\"},\"inLanguage\":\"ga-IE\",\"potentialAction\":[{\"@type\":\"ReadAction\",\"target\":[\"https:\\\/\\\/www.mayodarkskypark.ie\\\/ga\\\/foghlaim\\\/cultur-oidhreacht\\\/\"]}]},{\"@type\":\"ImageObject\",\"inLanguage\":\"ga-IE\",\"@id\":\"https:\\\/\\\/www.mayodarkskypark.ie\\\/ga\\\/foghlaim\\\/cultur-oidhreacht\\\/#primaryimage\",\"url\":\"https:\\\/\\\/www.mayodarkskypark.ie\\\/wp-content\\\/uploads\\\/2024\\\/12\\\/Josh-Matthews-Mayo-DSP-4-LakeReflectionBigAurora-scaled-e1735584259984.jpg\",\"contentUrl\":\"https:\\\/\\\/www.mayodarkskypark.ie\\\/wp-content\\\/uploads\\\/2024\\\/12\\\/Josh-Matthews-Mayo-DSP-4-LakeReflectionBigAurora-scaled-e1735584259984.jpg\",\"width\":2560,\"height\":1440,\"caption\":\"Lake Reflection Aurora\"},{\"@type\":\"BreadcrumbList\",\"@id\":\"https:\\\/\\\/www.mayodarkskypark.ie\\\/ga\\\/foghlaim\\\/cultur-oidhreacht\\\/#breadcrumb\",\"itemListElement\":[{\"@type\":\"ListItem\",\"position\":1,\"name\":\"Home\",\"item\":\"https:\\\/\\\/www.mayodarkskypark.ie\\\/ga\\\/\"},{\"@type\":\"ListItem\",\"position\":2,\"name\":\"Foghlaim\",\"item\":\"https:\\\/\\\/www.mayodarkskypark.ie\\\/learn\\\/\"},{\"@type\":\"ListItem\",\"position\":3,\"name\":\"Cult\u00far &amp; Oidhreacht\"}]},{\"@type\":\"WebSite\",\"@id\":\"https:\\\/\\\/www.mayodarkskypark.ie\\\/#website\",\"url\":\"https:\\\/\\\/www.mayodarkskypark.ie\\\/\",\"name\":\"Mayo Dark Sky Park\",\"description\":\"International Dark Sky Place of the Year 2024\",\"publisher\":{\"@id\":\"https:\\\/\\\/www.mayodarkskypark.ie\\\/#organization\"},\"potentialAction\":[{\"@type\":\"SearchAction\",\"target\":{\"@type\":\"EntryPoint\",\"urlTemplate\":\"https:\\\/\\\/www.mayodarkskypark.ie\\\/?s={search_term_string}\"},\"query-input\":{\"@type\":\"PropertyValueSpecification\",\"valueRequired\":true,\"valueName\":\"search_term_string\"}}],\"inLanguage\":\"ga-IE\"},{\"@type\":\"Organization\",\"@id\":\"https:\\\/\\\/www.mayodarkskypark.ie\\\/#organization\",\"name\":\"Mayo Dark Sky Park\",\"url\":\"https:\\\/\\\/www.mayodarkskypark.ie\\\/\",\"logo\":{\"@type\":\"ImageObject\",\"inLanguage\":\"ga-IE\",\"@id\":\"https:\\\/\\\/www.mayodarkskypark.ie\\\/#\\\/schema\\\/logo\\\/image\\\/\",\"url\":\"https:\\\/\\\/www.mayodarkskypark.ie\\\/wp-content\\\/uploads\\\/2023\\\/11\\\/mayo-dark-sky-park.png\",\"contentUrl\":\"https:\\\/\\\/www.mayodarkskypark.ie\\\/wp-content\\\/uploads\\\/2023\\\/11\\\/mayo-dark-sky-park.png\",\"width\":246,\"height\":70,\"caption\":\"Mayo Dark Sky Park\"},\"image\":{\"@id\":\"https:\\\/\\\/www.mayodarkskypark.ie\\\/#\\\/schema\\\/logo\\\/image\\\/\"},\"sameAs\":[\"https:\\\/\\\/www.facebook.com\\\/mayodarkskies\\\/\"]}]}<\/script>\n<!-- \/ Yoast SEO plugin. -->","yoast_head_json":{"title":"Cult\u00far &amp; Oidhreacht - P\u00e1irc Sp\u00e9ire Dorcha Mhaigh Eo","robots":{"index":"index","follow":"follow","max-snippet":"max-snippet:-1","max-image-preview":"max-image-preview:large","max-video-preview":"max-video-preview:-1"},"canonical":"https:\/\/www.mayodarkskypark.ie\/ga\/foghlaim\/cultur-oidhreacht\/","og_locale":"ga_IE","og_type":"article","og_title":"Cult\u00far &amp; Oidhreacht - P\u00e1irc Sp\u00e9ire Dorcha Mhaigh Eo","og_description":"Cult\u00far &amp; Oidhreacht Cult\u00far Thar na m\u00edlte bliain, spreag na r\u00e9alta\u00ed eala\u00edont\u00f3ir\u00ed, eolaithe, taisc\u00e9alaithe, scr\u00edbhneoir\u00ed &amp; ceolt\u00f3ir\u00ed ar fud an domhain. Seans nach gcruth\u00f3fa\u00ed saothair ar n\u00f3s Starry Starry Night le Vincent van Gogh, d\u00e1 mbeadh radharc an eala\u00edont\u00f3ra ar sp\u00e9ir na ho\u00edche doil\u00e9ir. \u201c\u00d3 mo thaobhsa n\u00edl eolas ar bith agam le cinnteacht ar [&hellip;]","og_url":"https:\/\/www.mayodarkskypark.ie\/ga\/foghlaim\/cultur-oidhreacht\/","og_site_name":"P\u00e1irc Sp\u00e9ire Dorcha Mhaigh Eo","article_publisher":"https:\/\/www.facebook.com\/mayodarkskies\/","article_modified_time":"2025-01-09T08:54:13+00:00","og_image":[{"width":2560,"height":1440,"url":"https:\/\/www.mayodarkskypark.ie\/wp-content\/uploads\/2024\/12\/Josh-Matthews-Mayo-DSP-4-LakeReflectionBigAurora-scaled-e1735584259984.jpg","type":"image\/jpeg"}],"twitter_card":"summary_large_image","twitter_misc":{"Est. reading time":"2 minutes"},"schema":{"@context":"https:\/\/schema.org","@graph":[{"@type":"WebPage","@id":"https:\/\/www.mayodarkskypark.ie\/ga\/foghlaim\/cultur-oidhreacht\/","url":"https:\/\/www.mayodarkskypark.ie\/ga\/foghlaim\/cultur-oidhreacht\/","name":"Cult\u00far &amp; Oidhreacht - P\u00e1irc Sp\u00e9ire Dorcha Mhaigh Eo","isPartOf":{"@id":"https:\/\/www.mayodarkskypark.ie\/#website"},"primaryImageOfPage":{"@id":"https:\/\/www.mayodarkskypark.ie\/ga\/foghlaim\/cultur-oidhreacht\/#primaryimage"},"image":{"@id":"https:\/\/www.mayodarkskypark.ie\/ga\/foghlaim\/cultur-oidhreacht\/#primaryimage"},"thumbnailUrl":"https:\/\/www.mayodarkskypark.ie\/wp-content\/uploads\/2024\/12\/Josh-Matthews-Mayo-DSP-4-LakeReflectionBigAurora-scaled-e1735584259984.jpg","datePublished":"2023-11-28T14:04:50+00:00","dateModified":"2025-01-09T08:54:13+00:00","breadcrumb":{"@id":"https:\/\/www.mayodarkskypark.ie\/ga\/foghlaim\/cultur-oidhreacht\/#breadcrumb"},"inLanguage":"ga-IE","potentialAction":[{"@type":"ReadAction","target":["https:\/\/www.mayodarkskypark.ie\/ga\/foghlaim\/cultur-oidhreacht\/"]}]},{"@type":"ImageObject","inLanguage":"ga-IE","@id":"https:\/\/www.mayodarkskypark.ie\/ga\/foghlaim\/cultur-oidhreacht\/#primaryimage","url":"https:\/\/www.mayodarkskypark.ie\/wp-content\/uploads\/2024\/12\/Josh-Matthews-Mayo-DSP-4-LakeReflectionBigAurora-scaled-e1735584259984.jpg","contentUrl":"https:\/\/www.mayodarkskypark.ie\/wp-content\/uploads\/2024\/12\/Josh-Matthews-Mayo-DSP-4-LakeReflectionBigAurora-scaled-e1735584259984.jpg","width":2560,"height":1440,"caption":"Lake Reflection Aurora"},{"@type":"BreadcrumbList","@id":"https:\/\/www.mayodarkskypark.ie\/ga\/foghlaim\/cultur-oidhreacht\/#breadcrumb","itemListElement":[{"@type":"ListItem","position":1,"name":"Home","item":"https:\/\/www.mayodarkskypark.ie\/ga\/"},{"@type":"ListItem","position":2,"name":"Foghlaim","item":"https:\/\/www.mayodarkskypark.ie\/learn\/"},{"@type":"ListItem","position":3,"name":"Cult\u00far &amp; Oidhreacht"}]},{"@type":"WebSite","@id":"https:\/\/www.mayodarkskypark.ie\/#website","url":"https:\/\/www.mayodarkskypark.ie\/","name":"Mayo Dark Sky Park","description":"International Dark Sky Place of the Year 2024","publisher":{"@id":"https:\/\/www.mayodarkskypark.ie\/#organization"},"potentialAction":[{"@type":"SearchAction","target":{"@type":"EntryPoint","urlTemplate":"https:\/\/www.mayodarkskypark.ie\/?s={search_term_string}"},"query-input":{"@type":"PropertyValueSpecification","valueRequired":true,"valueName":"search_term_string"}}],"inLanguage":"ga-IE"},{"@type":"Organization","@id":"https:\/\/www.mayodarkskypark.ie\/#organization","name":"Mayo Dark Sky Park","url":"https:\/\/www.mayodarkskypark.ie\/","logo":{"@type":"ImageObject","inLanguage":"ga-IE","@id":"https:\/\/www.mayodarkskypark.ie\/#\/schema\/logo\/image\/","url":"https:\/\/www.mayodarkskypark.ie\/wp-content\/uploads\/2023\/11\/mayo-dark-sky-park.png","contentUrl":"https:\/\/www.mayodarkskypark.ie\/wp-content\/uploads\/2023\/11\/mayo-dark-sky-park.png","width":246,"height":70,"caption":"Mayo Dark Sky Park"},"image":{"@id":"https:\/\/www.mayodarkskypark.ie\/#\/schema\/logo\/image\/"},"sameAs":["https:\/\/www.facebook.com\/mayodarkskies\/"]}]}},"spectra_custom_meta":{"adv-header-id-meta":[""],"stick-header-meta":[""],"site-post-title":["disabled"],"ast-featured-img":[""],"theme-transparent-header-meta":[""],"_top_nav_excluded":[""],"_cms_nav_minihome":[""],"_thumbnail_id":["1654"],"_last_translation_edit_mode":["translation-editor"],"_tribe_ticket_capacity":["0"],"_tribe_ticket_version":["5.13.4"],"ast-banner-title-visibility":[""],"_wp_page_template":[""],"_uag_css_file_name":["uag-css-621.css"],"_uag_page_assets":["a:9:{s:3:\"css\";s:263:\".uag-blocks-common-selector{z-index:var(--z-index-desktop) !important}@media (max-width: 976px){.uag-blocks-common-selector{z-index:var(--z-index-tablet) !important}}@media (max-width: 767px){.uag-blocks-common-selector{z-index:var(--z-index-mobile) !important}}\n\";s:2:\"js\";s:0:\"\";s:18:\"current_block_list\";a:10:{i:0;s:12:\"core\/heading\";i:1;s:12:\"core\/columns\";i:2;s:11:\"core\/column\";i:3;s:14:\"core\/paragraph\";i:4;s:10:\"core\/image\";i:5;s:10:\"core\/group\";i:6;s:12:\"core\/buttons\";i:7;s:11:\"core\/button\";i:9;s:9:\"core\/html\";i:10;s:11:\"core\/spacer\";}s:8:\"uag_flag\";b:0;s:11:\"uag_version\";s:10:\"1776262563\";s:6:\"gfonts\";a:0:{}s:10:\"gfonts_url\";s:0:\"\";s:12:\"gfonts_files\";a:0:{}s:14:\"uag_faq_layout\";b:0;}"]},"uagb_featured_image_src":{"full":["https:\/\/www.mayodarkskypark.ie\/wp-content\/uploads\/2024\/12\/Josh-Matthews-Mayo-DSP-4-LakeReflectionBigAurora-scaled-e1735584259984.jpg",2560,1440,false],"thumbnail":["https:\/\/www.mayodarkskypark.ie\/wp-content\/uploads\/2024\/12\/Josh-Matthews-Mayo-DSP-4-LakeReflectionBigAurora-150x150.jpg",150,150,true],"medium":["https:\/\/www.mayodarkskypark.ie\/wp-content\/uploads\/2024\/12\/Josh-Matthews-Mayo-DSP-4-LakeReflectionBigAurora-300x169.jpg",300,169,true],"medium_large":["https:\/\/www.mayodarkskypark.ie\/wp-content\/uploads\/2024\/12\/Josh-Matthews-Mayo-DSP-4-LakeReflectionBigAurora-768x432.jpg",768,432,true],"large":["https:\/\/www.mayodarkskypark.ie\/wp-content\/uploads\/2024\/12\/Josh-Matthews-Mayo-DSP-4-LakeReflectionBigAurora-1024x576.jpg",1024,576,true],"1536x1536":["https:\/\/www.mayodarkskypark.ie\/wp-content\/uploads\/2024\/12\/Josh-Matthews-Mayo-DSP-4-LakeReflectionBigAurora-1536x864.jpg",1536,864,true],"2048x2048":["https:\/\/www.mayodarkskypark.ie\/wp-content\/uploads\/2024\/12\/Josh-Matthews-Mayo-DSP-4-LakeReflectionBigAurora-2048x1152.jpg",2048,1152,true]},"uagb_author_info":{"display_name":"Robert Lockwood","author_link":"https:\/\/www.mayodarkskypark.ie\/ga\/author\/robert-lockwood\/"},"uagb_comment_info":0,"uagb_excerpt":"Cult\u00far &amp; Oidhreacht Cult\u00far Thar na m\u00edlte bliain, spreag na r\u00e9alta\u00ed eala\u00edont\u00f3ir\u00ed, eolaithe, taisc\u00e9alaithe, scr\u00edbhneoir\u00ed &amp; ceolt\u00f3ir\u00ed ar fud an domhain. Seans nach gcruth\u00f3fa\u00ed saothair ar n\u00f3s Starry Starry Night le Vincent van Gogh, d\u00e1 mbeadh radharc an eala\u00edont\u00f3ra ar sp\u00e9ir na ho\u00edche doil\u00e9ir. \u201c\u00d3 mo thaobhsa n\u00edl eolas ar bith agam le cinnteacht ar&hellip;","_links":{"self":[{"href":"https:\/\/www.mayodarkskypark.ie\/ga\/wp-json\/wp\/v2\/pages\/621","targetHints":{"allow":["GET"]}}],"collection":[{"href":"https:\/\/www.mayodarkskypark.ie\/ga\/wp-json\/wp\/v2\/pages"}],"about":[{"href":"https:\/\/www.mayodarkskypark.ie\/ga\/wp-json\/wp\/v2\/types\/page"}],"author":[{"embeddable":true,"href":"https:\/\/www.mayodarkskypark.ie\/ga\/wp-json\/wp\/v2\/users\/1"}],"replies":[{"embeddable":true,"href":"https:\/\/www.mayodarkskypark.ie\/ga\/wp-json\/wp\/v2\/comments?post=621"}],"version-history":[{"count":1,"href":"https:\/\/www.mayodarkskypark.ie\/ga\/wp-json\/wp\/v2\/pages\/621\/revisions"}],"predecessor-version":[{"id":622,"href":"https:\/\/www.mayodarkskypark.ie\/ga\/wp-json\/wp\/v2\/pages\/621\/revisions\/622"}],"up":[{"embeddable":true,"href":"https:\/\/www.mayodarkskypark.ie\/ga\/wp-json\/wp\/v2\/pages\/600"}],"wp:featuredmedia":[{"embeddable":true,"href":"https:\/\/www.mayodarkskypark.ie\/ga\/wp-json\/wp\/v2\/media\/1654"}],"wp:attachment":[{"href":"https:\/\/www.mayodarkskypark.ie\/ga\/wp-json\/wp\/v2\/media?parent=621"}],"curies":[{"name":"wp","href":"https:\/\/api.w.org\/{rel}","templated":true}]}}