{"id":623,"date":"2023-11-28T14:04:51","date_gmt":"2023-11-28T14:04:51","guid":{"rendered":"https:\/\/www.mayodarkskypark.ie\/foghlaim\/fiadhulra-oiche\/"},"modified":"2025-01-09T09:03:26","modified_gmt":"2025-01-09T09:03:26","slug":"fiadhulra-oiche","status":"publish","type":"page","link":"https:\/\/www.mayodarkskypark.ie\/ga\/foghlaim\/fiadhulra-oiche\/","title":{"rendered":"Fiadh\u00falra O\u00edche"},"content":{"rendered":"\n<h1 class=\"wp-block-heading\">Fiadh\u00falra <mark style=\"background-color:rgba(0, 0, 0, 0)\" class=\"has-inline-color has-ast-global-color-1-color\">O\u00edche<\/mark><\/h1>\n\n<div class=\"wp-block-columns is-layout-flex wp-container-core-columns-is-layout-e0e4babd wp-block-columns-is-layout-flex\" style=\"padding-right:0;padding-left:0\">\n<div class=\"wp-block-column is-layout-flow wp-block-column-is-layout-flow\">\n<p>Braitheann planda\u00ed agus ainmhithe ar thimthriall solais agus rithim dorcha laeth\u00fail an Domhain chun iompra\u00edochta\u00ed a chotha\u00edonn an bheatha a rial\u00fa amhail at\u00e1irgeadh, coth\u00fa, codladh agus cosaint \u00f3 chreachad\u00f3ir\u00ed. Tugann fianaise eola\u00edoch le fios go mb\u00edonn tionchar di\u00faltach ag solas saorga san o\u00edche ar go leor cr\u00e9at\u00fair lena n-\u00e1ir\u00edtear amfaibiaigh, \u00e9in, mamaigh, feithid\u00ed, planda\u00ed agus speicis mhuir\u00ed.<br\/><br\/>Tarraing\u00edtear go leor feithid\u00ed chun solais, ach is f\u00e9idir le soilse saorga mhealladh marfach a chruth\u00fa. B\u00edonn tionchar di\u00faltach ag laghd\u00fa ar dhaonra\u00ed feithid\u00ed ar gach speiceas a bh\u00edonn ag brath ar fheithid\u00ed le haghaidh bia n\u00f3 pailni\u00fa. Codla\u00edonn mamaigh o\u00edche sa l\u00e1 agus b\u00edonn siad gn\u00edomhach san o\u00edche. Cuireann truailli\u00fa solais isteach ar a dtimpeallacht o\u00edche.<\/p>\n\n\n\n<h2 class=\"wp-block-heading\">N\u00e1d\u00far san o\u00edche<\/h2>\n\n\n\n<p>Is \u00e1it iontach \u00e9 dorchadas n\u00e1d\u00fartha Ph\u00e1irc Sp\u00e9ire Dorcha Mhaigh Eo d\u2019fhiadh\u00falra o\u00edche \u00e9ags\u00fala. M\u00e1 t\u00e1 an t-\u00e1dh ort, seans go bhfeicfidh t\u00fa n\u00f3 go gcloisfidh t\u00fa \u00e1r gcairde ainmhithe ina ngn\u00e1th\u00f3ga n\u00e1d\u00fartha, ach t\u00e1 siad an-ch\u00fathail, mar sin d\u00e9an iarracht gan cur isteach orthu.<\/p>\n\n\n\n<p>B\u00ed i do bhleachtaire d\u00falra san o\u00edche agus lorg leideanna ar an talamh mar loirg, cleit\u00ed n\u00f3 duilleoga agus cn\u00f3nna gr\u00e1inse\u00e1ilte. Tr\u00ed \u00fas\u00e1id a bhaint as t\u00f3irse solas dearg, \u00edoslaghd\u00f3idh t\u00fa suaitheadh chomh maith le do fh\u00eds o\u00edche n\u00e1d\u00fartha f\u00e9in a fheabhs\u00fa.<\/p>\n\n\n\n<figure class=\"wp-block-image alignwide size-large\"><img loading=\"lazy\" decoding=\"async\" width=\"1024\" height=\"341\" src=\"https:\/\/www.mayodarkskypark.ie\/wp-content\/uploads\/2023\/11\/Nocturnal-Wildlife-1024x341.jpg\" alt=\"Ialt&#xF3;g Leisler (Cl&#xE9;) agus Leamhan T&#xED;ograch Garra&#xED; (Ar dheis)\" class=\"wp-image-259\" srcset=\"https:\/\/www.mayodarkskypark.ie\/wp-content\/uploads\/2023\/11\/Nocturnal-Wildlife-1024x341.jpg 1024w, https:\/\/www.mayodarkskypark.ie\/wp-content\/uploads\/2023\/11\/Nocturnal-Wildlife-300x100.jpg 300w, https:\/\/www.mayodarkskypark.ie\/wp-content\/uploads\/2023\/11\/Nocturnal-Wildlife-768x256.jpg 768w, https:\/\/www.mayodarkskypark.ie\/wp-content\/uploads\/2023\/11\/Nocturnal-Wildlife.jpg 1200w\" sizes=\"auto, (max-width: 1024px) 100vw, 1024px\" \/><\/figure>\n\n\n\n<h2 class=\"wp-block-heading\">Cad le breathn\u00fa amach d\u00f3<\/h2>\n\n\n\n<p>Ar chonair an \u201cT\u00f3char Daithi B\u00e1n\u201d ag <a href=\"https:\/\/www.mayodarkskypark.ie\/ga\/tabhair-cuairt\/pointi-amhairc-na-speire-dorcha\/#ballycroy\" data-type=\"page\" data-id=\"128\">Ionad Cuairteoir\u00ed Ph\u00e1irc N\u00e1isi\u00fanta Bhaile Chruaich<\/a>, \u00e9ist le fuaim \u201ctick, tick, tick\u201d an ialt\u00f3g is m\u00f3 in \u00c9irinn, ialt\u00f3g Leisler (Nyctalus leisleri), agus \u00e9 ag foth\u00fa ar leamhain le linn titim na ho\u00edche.<\/p>\n\n\n\n<p>Is pailneoir t\u00e1bhachtach planda\u00ed \u00e9 an Leamhan T\u00edograch Garra\u00ed (Arctia caja) mar go mbail\u00edonn a cholainn ghruagacha pailin \u00f3 na bl\u00e1thanna a thuirling\u00edonn s\u00e9.<\/p>\n\n\n\n<p><strong>An raibh a fhios agat ?<\/strong> Tarraing\u00edonn solas saorga leamhain \u00f3n r\u00f3l t\u00e1bhachtach at\u00e1 acu maidir le planda\u00ed a phailni\u00fa agus toisc go cheapann s\u00e9 go bhfuil an solas an ghealach.<\/p>\n\n\n\n<p>Agus t\u00fa ag tabhairt cuairt ar <a href=\"https:\/\/www.mayodarkskypark.ie\/ga\/tabhair-cuairt\/pointi-amhairc-na-speire-dorcha\/#claggan\" data-type=\"page\" data-id=\"128\">Chos\u00e1n C\u00f3sta Shliabh na Cloigne<\/a> tr\u00e1thn\u00f3na geimhridh, b\u2019fh\u00e9idir go bhfeicfe\u00e1 sc\u00e1thchruth Piard\u00e1la\u00ed tr\u00e1 (Arenaria interpres) agus \u00ed ag sn\u00edomh thar chlocha ar an gcladach ag lag tr\u00e1 ag cuardach a shuip\u00e9ar de Dreancaid Mhara (Talitrus saltator).<\/p>\n\n\n\n<p><strong>An raibh a fhios agat ?<\/strong> \u00das\u00e1ideann \u00e9in imirceacha o\u00edche na r\u00e9alta\u00ed cos\u00fail le l\u00e9arsc\u00e1il b\u00f3thair chun cabhr\u00fa leo dul trasna na sp\u00e9artha.<\/p>\n\n\n\n<p>Ag baint \u00fas\u00e1id as a gcuid boladh agus \u00e9isteachta den scoth, D\u00e9anann broic (Meles meles) suas le 200 p\u00e9ist tal\u00fan in aghaidh na ho\u00edche a sheilg. Seans go n-aimseoidh t\u00fa a gcuid loirg in aice le <a href=\"https:\/\/www.mayodarkskypark.ie\/ga\/tabhair-cuairt\/pointi-amhairc-na-speire-dorcha\/#praeger\">Robert Lloyd Praegar Bothy<\/a> i Leitir Caoin. T\u00e1 siad i gc\u00f3na\u00ed ag feabhs\u00fa a dtithe faoi thalamh (brocacha) tr\u00ed thochailt, ghlanadh agus leapacha nua a thabhairt isteach.<\/p>\n\n\n\n<p>Os a choinne sin, eitl\u00edonn an Creabhar do-ghlactha (Scolopax rusticola) amach as na coillte le linn d\u00f3 a bheith ag ithe p\u00e9isteanna tal\u00fan i r\u00e9itigh.<\/p>\n\n\n\n<p>An raibh a fhios agat? Tagann p\u00e9isteanna tal\u00fan chun solais san o\u00edche, ag sol\u00e1thar foinse bia den scoth don fhiadh\u00falra o\u00edche.<\/p>\n<\/div>\n<\/div>\n","protected":false},"excerpt":{"rendered":"<p>Fiadh\u00falra O\u00edche Braitheann planda\u00ed agus ainmhithe ar thimthriall solais agus rithim dorcha laeth\u00fail an Domhain chun iompra\u00edochta\u00ed a chotha\u00edonn an bheatha a rial\u00fa amhail at\u00e1irgeadh, coth\u00fa, codladh agus cosaint \u00f3 chreachad\u00f3ir\u00ed. Tugann fianaise eola\u00edoch le fios go mb\u00edonn tionchar di\u00faltach ag solas saorga san o\u00edche ar go leor cr\u00e9at\u00fair lena n-\u00e1ir\u00edtear amfaibiaigh, \u00e9in, mamaigh, feithid\u00ed, [&hellip;]<\/p>\n","protected":false},"author":1,"featured_media":477,"parent":600,"menu_order":0,"comment_status":"closed","ping_status":"closed","template":"","meta":{"_uag_custom_page_level_css":"","site-sidebar-layout":"default","site-content-layout":"","ast-site-content-layout":"default","site-content-style":"default","site-sidebar-style":"default","ast-global-header-display":"","ast-banner-title-visibility":"","ast-main-header-display":"","ast-hfb-above-header-display":"","ast-hfb-below-header-display":"","ast-hfb-mobile-header-display":"","site-post-title":"disabled","ast-breadcrumbs-content":"","ast-featured-img":"","footer-sml-layout":"","ast-disable-related-posts":"","theme-transparent-header-meta":"","adv-header-id-meta":"","stick-header-meta":"","header-above-stick-meta":"","header-main-stick-meta":"","header-below-stick-meta":"","astra-migrate-meta-layouts":"default","ast-page-background-enabled":"default","ast-page-background-meta":{"desktop":{"background-color":"var(--ast-global-color-4)","background-image":"","background-repeat":"repeat","background-position":"center center","background-size":"auto","background-attachment":"scroll","background-type":"","background-media":"","overlay-type":"","overlay-color":"","overlay-opacity":"","overlay-gradient":""},"tablet":{"background-color":"","background-image":"","background-repeat":"repeat","background-position":"center center","background-size":"auto","background-attachment":"scroll","background-type":"","background-media":"","overlay-type":"","overlay-color":"","overlay-opacity":"","overlay-gradient":""},"mobile":{"background-color":"","background-image":"","background-repeat":"repeat","background-position":"center center","background-size":"auto","background-attachment":"scroll","background-type":"","background-media":"","overlay-type":"","overlay-color":"","overlay-opacity":"","overlay-gradient":""}},"ast-content-background-meta":{"desktop":{"background-color":"var(--ast-global-color-5)","background-image":"","background-repeat":"repeat","background-position":"center center","background-size":"auto","background-attachment":"scroll","background-type":"","background-media":"","overlay-type":"","overlay-color":"","overlay-opacity":"","overlay-gradient":""},"tablet":{"background-color":"var(--ast-global-color-5)","background-image":"","background-repeat":"repeat","background-position":"center center","background-size":"auto","background-attachment":"scroll","background-type":"","background-media":"","overlay-type":"","overlay-color":"","overlay-opacity":"","overlay-gradient":""},"mobile":{"background-color":"var(--ast-global-color-5)","background-image":"","background-repeat":"repeat","background-position":"center center","background-size":"auto","background-attachment":"scroll","background-type":"","background-media":"","overlay-type":"","overlay-color":"","overlay-opacity":"","overlay-gradient":""}},"footnotes":""},"class_list":["post-623","page","type-page","status-publish","has-post-thumbnail","hentry"],"yoast_head":"<!-- This site is optimized with the Yoast SEO plugin v27.3 - https:\/\/yoast.com\/product\/yoast-seo-wordpress\/ -->\n<title>Fiadh\u00falra O\u00edche - P\u00e1irc Sp\u00e9ire Dorcha Mhaigh Eo<\/title>\n<meta name=\"robots\" content=\"index, follow, max-snippet:-1, max-image-preview:large, max-video-preview:-1\" \/>\n<link rel=\"canonical\" href=\"https:\/\/www.mayodarkskypark.ie\/ga\/foghlaim\/fiadhulra-oiche\/\" \/>\n<meta property=\"og:locale\" content=\"ga_IE\" \/>\n<meta property=\"og:type\" content=\"article\" \/>\n<meta property=\"og:title\" content=\"Fiadh\u00falra O\u00edche - P\u00e1irc Sp\u00e9ire Dorcha Mhaigh Eo\" \/>\n<meta property=\"og:description\" content=\"Fiadh\u00falra O\u00edche Braitheann planda\u00ed agus ainmhithe ar thimthriall solais agus rithim dorcha laeth\u00fail an Domhain chun iompra\u00edochta\u00ed a chotha\u00edonn an bheatha a rial\u00fa amhail at\u00e1irgeadh, coth\u00fa, codladh agus cosaint \u00f3 chreachad\u00f3ir\u00ed. Tugann fianaise eola\u00edoch le fios go mb\u00edonn tionchar di\u00faltach ag solas saorga san o\u00edche ar go leor cr\u00e9at\u00fair lena n-\u00e1ir\u00edtear amfaibiaigh, \u00e9in, mamaigh, feithid\u00ed, [&hellip;]\" \/>\n<meta property=\"og:url\" content=\"https:\/\/www.mayodarkskypark.ie\/ga\/foghlaim\/fiadhulra-oiche\/\" \/>\n<meta property=\"og:site_name\" content=\"P\u00e1irc Sp\u00e9ire Dorcha Mhaigh Eo\" \/>\n<meta property=\"article:publisher\" content=\"https:\/\/www.facebook.com\/mayodarkskies\/\" \/>\n<meta property=\"article:modified_time\" content=\"2025-01-09T09:03:26+00:00\" \/>\n<meta property=\"og:image\" content=\"https:\/\/www.mayodarkskypark.ie\/wp-content\/uploads\/2023\/11\/Banner03.jpg\" \/>\n\t<meta property=\"og:image:width\" content=\"1200\" \/>\n\t<meta property=\"og:image:height\" content=\"265\" \/>\n\t<meta property=\"og:image:type\" content=\"image\/jpeg\" \/>\n<meta name=\"twitter:card\" content=\"summary_large_image\" \/>\n<meta name=\"twitter:label1\" content=\"Est. reading time\" \/>\n\t<meta name=\"twitter:data1\" content=\"3 minutes\" \/>\n<script type=\"application\/ld+json\" class=\"yoast-schema-graph\">{\"@context\":\"https:\\\/\\\/schema.org\",\"@graph\":[{\"@type\":\"WebPage\",\"@id\":\"https:\\\/\\\/www.mayodarkskypark.ie\\\/ga\\\/foghlaim\\\/fiadhulra-oiche\\\/\",\"url\":\"https:\\\/\\\/www.mayodarkskypark.ie\\\/ga\\\/foghlaim\\\/fiadhulra-oiche\\\/\",\"name\":\"Fiadh\u00falra O\u00edche - P\u00e1irc Sp\u00e9ire Dorcha Mhaigh Eo\",\"isPartOf\":{\"@id\":\"https:\\\/\\\/www.mayodarkskypark.ie\\\/#website\"},\"primaryImageOfPage\":{\"@id\":\"https:\\\/\\\/www.mayodarkskypark.ie\\\/ga\\\/foghlaim\\\/fiadhulra-oiche\\\/#primaryimage\"},\"image\":{\"@id\":\"https:\\\/\\\/www.mayodarkskypark.ie\\\/ga\\\/foghlaim\\\/fiadhulra-oiche\\\/#primaryimage\"},\"thumbnailUrl\":\"https:\\\/\\\/www.mayodarkskypark.ie\\\/wp-content\\\/uploads\\\/2023\\\/11\\\/Banner03.jpg\",\"datePublished\":\"2023-11-28T14:04:51+00:00\",\"dateModified\":\"2025-01-09T09:03:26+00:00\",\"breadcrumb\":{\"@id\":\"https:\\\/\\\/www.mayodarkskypark.ie\\\/ga\\\/foghlaim\\\/fiadhulra-oiche\\\/#breadcrumb\"},\"inLanguage\":\"ga-IE\",\"potentialAction\":[{\"@type\":\"ReadAction\",\"target\":[\"https:\\\/\\\/www.mayodarkskypark.ie\\\/ga\\\/foghlaim\\\/fiadhulra-oiche\\\/\"]}]},{\"@type\":\"ImageObject\",\"inLanguage\":\"ga-IE\",\"@id\":\"https:\\\/\\\/www.mayodarkskypark.ie\\\/ga\\\/foghlaim\\\/fiadhulra-oiche\\\/#primaryimage\",\"url\":\"https:\\\/\\\/www.mayodarkskypark.ie\\\/wp-content\\\/uploads\\\/2023\\\/11\\\/Banner03.jpg\",\"contentUrl\":\"https:\\\/\\\/www.mayodarkskypark.ie\\\/wp-content\\\/uploads\\\/2023\\\/11\\\/Banner03.jpg\",\"width\":1200,\"height\":265},{\"@type\":\"BreadcrumbList\",\"@id\":\"https:\\\/\\\/www.mayodarkskypark.ie\\\/ga\\\/foghlaim\\\/fiadhulra-oiche\\\/#breadcrumb\",\"itemListElement\":[{\"@type\":\"ListItem\",\"position\":1,\"name\":\"Home\",\"item\":\"https:\\\/\\\/www.mayodarkskypark.ie\\\/ga\\\/\"},{\"@type\":\"ListItem\",\"position\":2,\"name\":\"Foghlaim\",\"item\":\"https:\\\/\\\/www.mayodarkskypark.ie\\\/learn\\\/\"},{\"@type\":\"ListItem\",\"position\":3,\"name\":\"Fiadh\u00falra O\u00edche\"}]},{\"@type\":\"WebSite\",\"@id\":\"https:\\\/\\\/www.mayodarkskypark.ie\\\/#website\",\"url\":\"https:\\\/\\\/www.mayodarkskypark.ie\\\/\",\"name\":\"Mayo Dark Sky Park\",\"description\":\"International Dark Sky Place of the Year 2024\",\"publisher\":{\"@id\":\"https:\\\/\\\/www.mayodarkskypark.ie\\\/#organization\"},\"potentialAction\":[{\"@type\":\"SearchAction\",\"target\":{\"@type\":\"EntryPoint\",\"urlTemplate\":\"https:\\\/\\\/www.mayodarkskypark.ie\\\/?s={search_term_string}\"},\"query-input\":{\"@type\":\"PropertyValueSpecification\",\"valueRequired\":true,\"valueName\":\"search_term_string\"}}],\"inLanguage\":\"ga-IE\"},{\"@type\":\"Organization\",\"@id\":\"https:\\\/\\\/www.mayodarkskypark.ie\\\/#organization\",\"name\":\"Mayo Dark Sky Park\",\"url\":\"https:\\\/\\\/www.mayodarkskypark.ie\\\/\",\"logo\":{\"@type\":\"ImageObject\",\"inLanguage\":\"ga-IE\",\"@id\":\"https:\\\/\\\/www.mayodarkskypark.ie\\\/#\\\/schema\\\/logo\\\/image\\\/\",\"url\":\"https:\\\/\\\/www.mayodarkskypark.ie\\\/wp-content\\\/uploads\\\/2023\\\/11\\\/mayo-dark-sky-park.png\",\"contentUrl\":\"https:\\\/\\\/www.mayodarkskypark.ie\\\/wp-content\\\/uploads\\\/2023\\\/11\\\/mayo-dark-sky-park.png\",\"width\":246,\"height\":70,\"caption\":\"Mayo Dark Sky Park\"},\"image\":{\"@id\":\"https:\\\/\\\/www.mayodarkskypark.ie\\\/#\\\/schema\\\/logo\\\/image\\\/\"},\"sameAs\":[\"https:\\\/\\\/www.facebook.com\\\/mayodarkskies\\\/\"]}]}<\/script>\n<!-- \/ Yoast SEO plugin. -->","yoast_head_json":{"title":"Fiadh\u00falra O\u00edche - P\u00e1irc Sp\u00e9ire Dorcha Mhaigh Eo","robots":{"index":"index","follow":"follow","max-snippet":"max-snippet:-1","max-image-preview":"max-image-preview:large","max-video-preview":"max-video-preview:-1"},"canonical":"https:\/\/www.mayodarkskypark.ie\/ga\/foghlaim\/fiadhulra-oiche\/","og_locale":"ga_IE","og_type":"article","og_title":"Fiadh\u00falra O\u00edche - P\u00e1irc Sp\u00e9ire Dorcha Mhaigh Eo","og_description":"Fiadh\u00falra O\u00edche Braitheann planda\u00ed agus ainmhithe ar thimthriall solais agus rithim dorcha laeth\u00fail an Domhain chun iompra\u00edochta\u00ed a chotha\u00edonn an bheatha a rial\u00fa amhail at\u00e1irgeadh, coth\u00fa, codladh agus cosaint \u00f3 chreachad\u00f3ir\u00ed. Tugann fianaise eola\u00edoch le fios go mb\u00edonn tionchar di\u00faltach ag solas saorga san o\u00edche ar go leor cr\u00e9at\u00fair lena n-\u00e1ir\u00edtear amfaibiaigh, \u00e9in, mamaigh, feithid\u00ed, [&hellip;]","og_url":"https:\/\/www.mayodarkskypark.ie\/ga\/foghlaim\/fiadhulra-oiche\/","og_site_name":"P\u00e1irc Sp\u00e9ire Dorcha Mhaigh Eo","article_publisher":"https:\/\/www.facebook.com\/mayodarkskies\/","article_modified_time":"2025-01-09T09:03:26+00:00","og_image":[{"width":1200,"height":265,"url":"https:\/\/www.mayodarkskypark.ie\/wp-content\/uploads\/2023\/11\/Banner03.jpg","type":"image\/jpeg"}],"twitter_card":"summary_large_image","twitter_misc":{"Est. reading time":"3 minutes"},"schema":{"@context":"https:\/\/schema.org","@graph":[{"@type":"WebPage","@id":"https:\/\/www.mayodarkskypark.ie\/ga\/foghlaim\/fiadhulra-oiche\/","url":"https:\/\/www.mayodarkskypark.ie\/ga\/foghlaim\/fiadhulra-oiche\/","name":"Fiadh\u00falra O\u00edche - P\u00e1irc Sp\u00e9ire Dorcha Mhaigh Eo","isPartOf":{"@id":"https:\/\/www.mayodarkskypark.ie\/#website"},"primaryImageOfPage":{"@id":"https:\/\/www.mayodarkskypark.ie\/ga\/foghlaim\/fiadhulra-oiche\/#primaryimage"},"image":{"@id":"https:\/\/www.mayodarkskypark.ie\/ga\/foghlaim\/fiadhulra-oiche\/#primaryimage"},"thumbnailUrl":"https:\/\/www.mayodarkskypark.ie\/wp-content\/uploads\/2023\/11\/Banner03.jpg","datePublished":"2023-11-28T14:04:51+00:00","dateModified":"2025-01-09T09:03:26+00:00","breadcrumb":{"@id":"https:\/\/www.mayodarkskypark.ie\/ga\/foghlaim\/fiadhulra-oiche\/#breadcrumb"},"inLanguage":"ga-IE","potentialAction":[{"@type":"ReadAction","target":["https:\/\/www.mayodarkskypark.ie\/ga\/foghlaim\/fiadhulra-oiche\/"]}]},{"@type":"ImageObject","inLanguage":"ga-IE","@id":"https:\/\/www.mayodarkskypark.ie\/ga\/foghlaim\/fiadhulra-oiche\/#primaryimage","url":"https:\/\/www.mayodarkskypark.ie\/wp-content\/uploads\/2023\/11\/Banner03.jpg","contentUrl":"https:\/\/www.mayodarkskypark.ie\/wp-content\/uploads\/2023\/11\/Banner03.jpg","width":1200,"height":265},{"@type":"BreadcrumbList","@id":"https:\/\/www.mayodarkskypark.ie\/ga\/foghlaim\/fiadhulra-oiche\/#breadcrumb","itemListElement":[{"@type":"ListItem","position":1,"name":"Home","item":"https:\/\/www.mayodarkskypark.ie\/ga\/"},{"@type":"ListItem","position":2,"name":"Foghlaim","item":"https:\/\/www.mayodarkskypark.ie\/learn\/"},{"@type":"ListItem","position":3,"name":"Fiadh\u00falra O\u00edche"}]},{"@type":"WebSite","@id":"https:\/\/www.mayodarkskypark.ie\/#website","url":"https:\/\/www.mayodarkskypark.ie\/","name":"Mayo Dark Sky Park","description":"International Dark Sky Place of the Year 2024","publisher":{"@id":"https:\/\/www.mayodarkskypark.ie\/#organization"},"potentialAction":[{"@type":"SearchAction","target":{"@type":"EntryPoint","urlTemplate":"https:\/\/www.mayodarkskypark.ie\/?s={search_term_string}"},"query-input":{"@type":"PropertyValueSpecification","valueRequired":true,"valueName":"search_term_string"}}],"inLanguage":"ga-IE"},{"@type":"Organization","@id":"https:\/\/www.mayodarkskypark.ie\/#organization","name":"Mayo Dark Sky Park","url":"https:\/\/www.mayodarkskypark.ie\/","logo":{"@type":"ImageObject","inLanguage":"ga-IE","@id":"https:\/\/www.mayodarkskypark.ie\/#\/schema\/logo\/image\/","url":"https:\/\/www.mayodarkskypark.ie\/wp-content\/uploads\/2023\/11\/mayo-dark-sky-park.png","contentUrl":"https:\/\/www.mayodarkskypark.ie\/wp-content\/uploads\/2023\/11\/mayo-dark-sky-park.png","width":246,"height":70,"caption":"Mayo Dark Sky Park"},"image":{"@id":"https:\/\/www.mayodarkskypark.ie\/#\/schema\/logo\/image\/"},"sameAs":["https:\/\/www.facebook.com\/mayodarkskies\/"]}]}},"spectra_custom_meta":{"adv-header-id-meta":[""],"stick-header-meta":[""],"site-post-title":["disabled"],"ast-featured-img":[""],"theme-transparent-header-meta":[""],"_top_nav_excluded":[""],"_cms_nav_minihome":[""],"_thumbnail_id":["477"],"_last_translation_edit_mode":["translation-editor"],"_tribe_ticket_capacity":["0"],"_tribe_ticket_version":["5.13.4"],"ast-banner-title-visibility":[""],"_uag_css_file_name":["uag-css-623.css"],"_uag_page_assets":["a:9:{s:3:\"css\";s:263:\".uag-blocks-common-selector{z-index:var(--z-index-desktop) !important}@media (max-width: 976px){.uag-blocks-common-selector{z-index:var(--z-index-tablet) !important}}@media (max-width: 767px){.uag-blocks-common-selector{z-index:var(--z-index-mobile) !important}}\n\";s:2:\"js\";s:0:\"\";s:18:\"current_block_list\";a:10:{i:0;s:12:\"core\/heading\";i:1;s:12:\"core\/columns\";i:2;s:11:\"core\/column\";i:3;s:14:\"core\/paragraph\";i:4;s:10:\"core\/image\";i:5;s:10:\"core\/group\";i:6;s:12:\"core\/buttons\";i:7;s:11:\"core\/button\";i:9;s:9:\"core\/html\";i:10;s:11:\"core\/spacer\";}s:8:\"uag_flag\";b:0;s:11:\"uag_version\";s:10:\"1776089062\";s:6:\"gfonts\";a:0:{}s:10:\"gfonts_url\";s:0:\"\";s:12:\"gfonts_files\";a:0:{}s:14:\"uag_faq_layout\";b:0;}"]},"uagb_featured_image_src":{"full":["https:\/\/www.mayodarkskypark.ie\/wp-content\/uploads\/2023\/11\/Banner03.jpg",1200,265,false],"thumbnail":["https:\/\/www.mayodarkskypark.ie\/wp-content\/uploads\/2023\/11\/Banner03-150x150.jpg",150,150,true],"medium":["https:\/\/www.mayodarkskypark.ie\/wp-content\/uploads\/2023\/11\/Banner03-300x66.jpg",300,66,true],"medium_large":["https:\/\/www.mayodarkskypark.ie\/wp-content\/uploads\/2023\/11\/Banner03-768x170.jpg",768,170,true],"large":["https:\/\/www.mayodarkskypark.ie\/wp-content\/uploads\/2023\/11\/Banner03-1024x226.jpg",1024,226,true],"1536x1536":["https:\/\/www.mayodarkskypark.ie\/wp-content\/uploads\/2023\/11\/Banner03.jpg",1200,265,false],"2048x2048":["https:\/\/www.mayodarkskypark.ie\/wp-content\/uploads\/2023\/11\/Banner03.jpg",1200,265,false]},"uagb_author_info":{"display_name":"Robert Lockwood","author_link":"https:\/\/www.mayodarkskypark.ie\/ga\/author\/robert-lockwood\/"},"uagb_comment_info":0,"uagb_excerpt":"Fiadh\u00falra O\u00edche Braitheann planda\u00ed agus ainmhithe ar thimthriall solais agus rithim dorcha laeth\u00fail an Domhain chun iompra\u00edochta\u00ed a chotha\u00edonn an bheatha a rial\u00fa amhail at\u00e1irgeadh, coth\u00fa, codladh agus cosaint \u00f3 chreachad\u00f3ir\u00ed. Tugann fianaise eola\u00edoch le fios go mb\u00edonn tionchar di\u00faltach ag solas saorga san o\u00edche ar go leor cr\u00e9at\u00fair lena n-\u00e1ir\u00edtear amfaibiaigh, \u00e9in, mamaigh, feithid\u00ed,&hellip;","_links":{"self":[{"href":"https:\/\/www.mayodarkskypark.ie\/ga\/wp-json\/wp\/v2\/pages\/623","targetHints":{"allow":["GET"]}}],"collection":[{"href":"https:\/\/www.mayodarkskypark.ie\/ga\/wp-json\/wp\/v2\/pages"}],"about":[{"href":"https:\/\/www.mayodarkskypark.ie\/ga\/wp-json\/wp\/v2\/types\/page"}],"author":[{"embeddable":true,"href":"https:\/\/www.mayodarkskypark.ie\/ga\/wp-json\/wp\/v2\/users\/1"}],"replies":[{"embeddable":true,"href":"https:\/\/www.mayodarkskypark.ie\/ga\/wp-json\/wp\/v2\/comments?post=623"}],"version-history":[{"count":2,"href":"https:\/\/www.mayodarkskypark.ie\/ga\/wp-json\/wp\/v2\/pages\/623\/revisions"}],"predecessor-version":[{"id":1717,"href":"https:\/\/www.mayodarkskypark.ie\/ga\/wp-json\/wp\/v2\/pages\/623\/revisions\/1717"}],"up":[{"embeddable":true,"href":"https:\/\/www.mayodarkskypark.ie\/ga\/wp-json\/wp\/v2\/pages\/600"}],"wp:featuredmedia":[{"embeddable":true,"href":"https:\/\/www.mayodarkskypark.ie\/ga\/wp-json\/wp\/v2\/media\/477"}],"wp:attachment":[{"href":"https:\/\/www.mayodarkskypark.ie\/ga\/wp-json\/wp\/v2\/media?parent=623"}],"curies":[{"name":"wp","href":"https:\/\/api.w.org\/{rel}","templated":true}]}}