{"id":627,"date":"2023-11-28T14:04:50","date_gmt":"2023-11-28T14:04:50","guid":{"rendered":"https:\/\/www.mayodarkskypark.ie\/foghlaim\/an-raibh-a-fhios-agat\/"},"modified":"2025-01-09T08:54:59","modified_gmt":"2025-01-09T08:54:59","slug":"an-raibh-a-fhios-agat","status":"publish","type":"page","link":"https:\/\/www.mayodarkskypark.ie\/ga\/foghlaim\/an-raibh-a-fhios-agat\/","title":{"rendered":"An raibh a fhios agat"},"content":{"rendered":"\n<h1 class=\"wp-block-heading\">An raibh a fhios <mark style=\"background-color:rgba(0, 0, 0, 0)\" class=\"has-inline-color has-ast-global-color-1-color\">agat<\/mark><\/h1>\n\n<div class=\"wp-block-columns is-layout-flex wp-container-core-columns-is-layout-e0e4babd wp-block-columns-is-layout-flex\" style=\"padding-right:0;padding-left:0\">\n<div class=\"wp-block-column is-layout-flow wp-block-column-is-layout-flow\">\n<p><strong>Tiocfaidh Vega in ionad Polaris<\/strong> mar an R\u00e9alta Thuaidh i gceann thart ar 13,000 bliain mar gheall ar shuaitheadh i ais an domhain.<\/p>\n\n\n\n<p><strong>Bealach na B\u00f3 Finne \u2013<\/strong> Mar gheall ar thruailli\u00fa solais, n\u00edl radharc na B\u00f3 Finne \u2013 \u00e1r r\u00e9altra f\u00e9in \u2013 le feice\u00e1il a thuilleadh ag n\u00edos m\u00f3 n\u00e1 trian de dhaonra an domhain.<\/p>\n\n\n\n<p><strong>Ar o\u00edche ghlan<\/strong> anseo i Maigh Eo, feiceann t\u00fa os cionn 4,500 r\u00e9alta ag lasadh, Bealach na B\u00f3 Finne, agus fi\u00fa dreigecheathanna! <\/p>\n\n\n\n<p><strong>Agus t\u00fa ag seasamh<\/strong> go f\u00f3ill faoi l\u00e1thair, t\u00e1 t\u00fa ag bogadh ar 1,600 km in aghaidh na huaire mar gheall ar rothl\u00fa an Domhain.<\/p>\n\n\n\n<p>T\u00f3gann <strong>gathanna na gr\u00e9ine<\/strong> ocht n\u00f3im\u00e9ad chun sinn a shroicheadh ar luas an tsolais (300,000 km in aghaidh an tsoicind).<\/p>\n\n\n\n<p><strong>Amthaisteal \u00e1 dh\u00e9anamh<\/strong>\u2026B&#8217;fh\u00e9idir gur th\u00f3g s\u00e9 na m\u00edlte bliain ar an solas a fheiceann t\u00fa \u00f3 r\u00e9alta at\u00e1 ag glioscarnach t\u00fa a shroicheadh, mar sin nuair a fh\u00e9achann t\u00fa ar na r\u00e9alta\u00ed, t\u00e1 t\u00fa ag breathn\u00fa siar in am! In sp\u00e9artha dorcha Mhaigh Eo feiceann t\u00fa R\u00e9altra Andraim\u00e9ide a d\u2019fh\u00e1g a solas 2.5 milli\u00fan bliain \u00f3 shin!!!<\/p>\n\n\n\n<p><strong>Ainmn\u00edtear dreigecheathanna<\/strong> i ndiaidh na r\u00e9altbhu\u00edonta a ndealra\u00edonn s\u00e9 gur as a dtagann siad. Mar sin is cos\u00fail go dtagann Peirsid\u00ed \u00f3 Pheirs\u00e9as. Cuardaigh \u00e9 seo i m\u00ed L\u00fanasa!<\/p>\n\n\n\n<p><strong>Is \u00e9ard is solasbhliain<\/strong> ann n\u00e1 mar a thomhaiseann r\u00e9alteolaithe fad sa sp\u00e1s. Is \u00e9 luas an tsolais n\u00e1 300,000km in aghaidh an tsoicind! Is f\u00e9idir leis taisteal seacht n-uaire timpeall an domhain i gceann soicind!<\/p>\n\n\n\n<h2 class=\"wp-block-heading\">\u00cdosluchtaigh <mark style=\"background-color:rgba(0, 0, 0, 0)\" class=\"has-inline-color has-ast-global-color-1-color\">m\u00edreanna<\/mark><\/h2>\n\n\n\n<div class=\"wp-block-columns is-layout-flex wp-container-core-columns-is-layout-28f84493 wp-block-columns-is-layout-flex\">\n<div class=\"wp-block-column is-layout-flow wp-block-column-is-layout-flow\"><a href=\"https:\/\/www.mayodarkskypark.ie\/wp-content\/uploads\/2023\/11\/MDSP-LightPollution-v1.pdf\" rel=\"noreferrer noopener\"   class=\"wp-block-tiptip-hyperlink-group-block\" target=\"_blank\">\n<figure class=\"wp-block-image size-large\"><img decoding=\"async\" src=\"https:\/\/www.mayodarkskypark.ie\/wp-content\/uploads\/2023\/11\/Icon-LightPollution.jpg\" alt=\"Truailli&#xFA; Solais\"\/><\/figure>\n\n<p class=\"has-text-align-center\">Truailli\u00fa Solais<\/p>\n<\/a><\/div>\n\n\n\n<div class=\"wp-block-column is-layout-flow wp-block-column-is-layout-flow\"><a href=\"https:\/\/www.mayodarkskypark.ie\/wp-content\/uploads\/2023\/11\/MDSP-MoonJournal-v1.pdf\" rel=\"noreferrer noopener\"   class=\"wp-block-tiptip-hyperlink-group-block\" target=\"_blank\">\n<figure class=\"wp-block-image size-large\"><img decoding=\"async\" src=\"https:\/\/www.mayodarkskypark.ie\/wp-content\/uploads\/2023\/11\/Icon-MoonJournal.jpg\" alt=\"Iris Geala&#xED;\"\/><\/figure>\n\n<p class=\"has-text-align-center\">Iris Geala\u00ed<\/p>\n<\/a><\/div>\n\n\n\n<div class=\"wp-block-column is-layout-flow wp-block-column-is-layout-flow\"><a href=\"https:\/\/www.mayodarkskypark.ie\/wp-content\/uploads\/2023\/11\/MDSP-Planisphere-v1.pdf\" rel=\"noreferrer noopener\"   class=\"wp-block-tiptip-hyperlink-group-block\" target=\"_blank\">\n<figure class=\"wp-block-image size-large\"><img decoding=\"async\" src=\"https:\/\/www.mayodarkskypark.ie\/wp-content\/uploads\/2023\/11\/Icon-Planisphere.jpg\" alt=\"Pl&#xE1;naisf&#xE9;ar\"\/><\/figure>\n\n<p class=\"has-text-align-center\">Pl\u00e1naisf\u00e9ar<\/p>\n<\/a><\/div>\n\n\n\n<div class=\"wp-block-column is-layout-flow wp-block-column-is-layout-flow\"><a href=\"https:\/\/www.mayodarkskypark.ie\/wp-content\/uploads\/2023\/11\/MDSP-Starchart-v1.pdf\" rel=\"noreferrer noopener\"   class=\"wp-block-tiptip-hyperlink-group-block\" target=\"_blank\">\n<figure class=\"wp-block-image size-large\"><img decoding=\"async\" src=\"https:\/\/www.mayodarkskypark.ie\/wp-content\/uploads\/2023\/11\/Icon-Starchart.jpg\" alt=\"Cairt r&#xE9;alta\"\/><\/figure>\n\n<p class=\"has-text-align-center\">Cairt r\u00e9alta<\/p>\n<\/a><\/div>\n\n\n\n<div class=\"wp-block-column is-layout-flow wp-block-column-is-layout-flow\"><a href=\"https:\/\/www.mayodarkskypark.ie\/wp-content\/uploads\/2023\/11\/MDSP-Constellations-v1.pdf\" rel=\"noreferrer noopener\"   class=\"wp-block-tiptip-hyperlink-group-block\" target=\"_blank\">\n<figure class=\"wp-block-image size-large\"><img decoding=\"async\" src=\"https:\/\/www.mayodarkskypark.ie\/wp-content\/uploads\/2023\/11\/Icon-Constellations.jpg\" alt=\"R&#xE9;altbhu&#xED;ona\"\/><\/figure>\n\n<p class=\"has-text-align-center\">R\u00e9altbhu\u00edona<\/p>\n<\/a><\/div>\n<\/div>\n\n\n\n<h2 class=\"wp-block-heading\">C\u00f3isir <mark style=\"background-color:rgba(0, 0, 0, 0)\" class=\"has-inline-color has-ast-global-color-1-color\">R\u00e9alta<\/mark><\/h2>\n\n\n\n<p>C\u00e9n f\u00e1th nach mbainfidh t\u00fa an leas is fearr as sp\u00e9artha an gheimhridh agus &#8220;C\u00f3isir R\u00e9alta&#8221; a re\u00e1cht\u00e1il le cairde agus le teaghlach.<\/p>\n\n\n\n<p>Is iontach an spraoi \u00e9 c\u00f3isir le t\u00e9ama r\u00e9alta a \u00f3st\u00e1il agus n\u00ed g\u00e1 ach beag\u00e1n ullmh\u00fach\u00e1in a dh\u00e9anamh. T\u00e1 r\u00e9alt\u00f3ireacht ag brath ar sp\u00e9artha glan \u2013 is f\u00e9idir an aimsir a sheice\u00e1il len\u00e1r nasc.<\/p>\n\n\n\n<p>T\u00e1 <a href=\"https:\/\/www.mayodarkskypark.ie\/ga\/faigh-amach\/realtoireacht\/\" data-type=\"page\" data-id=\"193\">seicliosta r\u00e9alt\u00f3ireachta<\/a> ullmhaithe againn agus is f\u00e9idir leat \u00e1r <a href=\"https:\/\/www.mayodarkskypark.ie\/wp-content\/uploads\/2023\/11\/MDSP-Starchart-v1.pdf\" target=\"_blank\" rel=\"noreferrer noopener\">l\u00e9arsc\u00e1ileanna r\u00e9alta<\/a> agus\/n\u00f3 <a href=\"https:\/\/www.mayodarkskypark.ie\/wp-content\/uploads\/2023\/11\/MDSP-Planisphere-v1.pdf\">pl\u00e1naisf\u00e9ar<\/a> a \u00edosl\u00f3d\u00e1il freisin chun tuairim a fh\u00e1il ar cad ba cheart duit a fheice\u00e1il.<\/p>\n\n\n\n<p>N\u00edl s\u00e9 riachtanach teileasc\u00f3p a \u00fas\u00e1id (ach m\u00e1 taith\u00ed \u00e9igin agat f\u00e9in n\u00f3 ag aoi cheana f\u00e9in), ach molaimid go mbeadh p\u00e9ire amh\u00e1in ar a laghad de dh\u00e9sh\u00failigh agat chun cur le do thaith\u00ed r\u00e9alt\u00f3ireachta.<\/p>\n\n\n\n<p>Seice\u00e1il do threoracha &#8211; le comp\u00e1s n\u00f3 le d&#8217;fh\u00f3n. M\u00e1 bh\u00edonn t\u00fa ar an eolas faoin treo ar cheart aghaidh a thabhairt ar radharc thuaidh n\u00f3 theas, s\u00e1bh\u00e1lfaidh t\u00fa am agus t\u00fa ag seice\u00e1il do l\u00e9arsc\u00e1ileanna r\u00e9alta.<\/p>\n\n\n\n<p>B\u00ed cinnte go dtabharfaidh d\u2019a\u00edonna neart \u00e9ada\u00ed te, b\u00edodh blainc\u00e9ad sp\u00e1rtha n\u00f3 c\u00eddeog orthu le go mbeidh siad bogthe.<\/p>\n\n\n\n<p>Ullmhaigh roghchl\u00e1r &#8220;R\u00e9alta&#8221; le haghaidh spraoi. D\u2019fh\u00e9adf\u00e1 briosca\u00ed i gcruth r\u00e9alta, moon pies, sail\u00e9ad ruach\u00e1in, n\u00f3 fi\u00fa \u201csoup\u2019ernova\u201d te a thairiscint do d\u2019a\u00edonna!<\/p>\n\n\n\n<p>Feabhsaigh an t-atmaisf\u00e9ar le roinnt fuaimrian sp\u00e1is n\u00f3 r\u00e9alta. Is f\u00e9idir leat liosta seinm t\u00e9amach a chruth\u00fa go h\u00e9asca tr\u00ed cheol a chuardach leis na focail \u201cgealach\u201d n\u00f3 \u201cr\u00e9alta\u00ed\u201d sa teideal n\u00f3 seanchean\u00e1in cos\u00fail le \u201cVincent\u201d le Don McLean a roghn\u00fa. Sampla\u00ed; \u201cMoondance\u201d le Van Morrison, \u201cStardust\u201d le Nat King Cole.<\/p>\n<\/div>\n<\/div>\n","protected":false},"excerpt":{"rendered":"<p>An raibh a fhios agat Tiocfaidh Vega in ionad Polaris mar an R\u00e9alta Thuaidh i gceann thart ar 13,000 bliain mar gheall ar shuaitheadh i ais an domhain. Bealach na B\u00f3 Finne \u2013 Mar gheall ar thruailli\u00fa solais, n\u00edl radharc na B\u00f3 Finne \u2013 \u00e1r r\u00e9altra f\u00e9in \u2013 le feice\u00e1il a thuilleadh ag n\u00edos m\u00f3 [&hellip;]<\/p>\n","protected":false},"author":1,"featured_media":467,"parent":600,"menu_order":0,"comment_status":"closed","ping_status":"closed","template":"","meta":{"_uag_custom_page_level_css":"","site-sidebar-layout":"default","site-content-layout":"","ast-site-content-layout":"default","site-content-style":"default","site-sidebar-style":"default","ast-global-header-display":"","ast-banner-title-visibility":"","ast-main-header-display":"","ast-hfb-above-header-display":"","ast-hfb-below-header-display":"","ast-hfb-mobile-header-display":"","site-post-title":"disabled","ast-breadcrumbs-content":"","ast-featured-img":"","footer-sml-layout":"","ast-disable-related-posts":"","theme-transparent-header-meta":"","adv-header-id-meta":"","stick-header-meta":"","header-above-stick-meta":"","header-main-stick-meta":"","header-below-stick-meta":"","astra-migrate-meta-layouts":"default","ast-page-background-enabled":"default","ast-page-background-meta":{"desktop":{"background-color":"var(--ast-global-color-4)","background-image":"","background-repeat":"repeat","background-position":"center center","background-size":"auto","background-attachment":"scroll","background-type":"","background-media":"","overlay-type":"","overlay-color":"","overlay-opacity":"","overlay-gradient":""},"tablet":{"background-color":"","background-image":"","background-repeat":"repeat","background-position":"center center","background-size":"auto","background-attachment":"scroll","background-type":"","background-media":"","overlay-type":"","overlay-color":"","overlay-opacity":"","overlay-gradient":""},"mobile":{"background-color":"","background-image":"","background-repeat":"repeat","background-position":"center center","background-size":"auto","background-attachment":"scroll","background-type":"","background-media":"","overlay-type":"","overlay-color":"","overlay-opacity":"","overlay-gradient":""}},"ast-content-background-meta":{"desktop":{"background-color":"var(--ast-global-color-5)","background-image":"","background-repeat":"repeat","background-position":"center center","background-size":"auto","background-attachment":"scroll","background-type":"","background-media":"","overlay-type":"","overlay-color":"","overlay-opacity":"","overlay-gradient":""},"tablet":{"background-color":"var(--ast-global-color-5)","background-image":"","background-repeat":"repeat","background-position":"center center","background-size":"auto","background-attachment":"scroll","background-type":"","background-media":"","overlay-type":"","overlay-color":"","overlay-opacity":"","overlay-gradient":""},"mobile":{"background-color":"var(--ast-global-color-5)","background-image":"","background-repeat":"repeat","background-position":"center center","background-size":"auto","background-attachment":"scroll","background-type":"","background-media":"","overlay-type":"","overlay-color":"","overlay-opacity":"","overlay-gradient":""}},"footnotes":""},"class_list":["post-627","page","type-page","status-publish","has-post-thumbnail","hentry"],"yoast_head":"<!-- This site is optimized with the Yoast SEO plugin v27.3 - https:\/\/yoast.com\/product\/yoast-seo-wordpress\/ -->\n<title>An raibh a fhios agat - P\u00e1irc Sp\u00e9ire Dorcha Mhaigh Eo<\/title>\n<meta name=\"robots\" content=\"index, follow, max-snippet:-1, max-image-preview:large, max-video-preview:-1\" \/>\n<link rel=\"canonical\" href=\"https:\/\/www.mayodarkskypark.ie\/ga\/foghlaim\/an-raibh-a-fhios-agat\/\" \/>\n<meta property=\"og:locale\" content=\"ga_IE\" \/>\n<meta property=\"og:type\" content=\"article\" \/>\n<meta property=\"og:title\" content=\"An raibh a fhios agat - P\u00e1irc Sp\u00e9ire Dorcha Mhaigh Eo\" \/>\n<meta property=\"og:description\" content=\"An raibh a fhios agat Tiocfaidh Vega in ionad Polaris mar an R\u00e9alta Thuaidh i gceann thart ar 13,000 bliain mar gheall ar shuaitheadh i ais an domhain. Bealach na B\u00f3 Finne \u2013 Mar gheall ar thruailli\u00fa solais, n\u00edl radharc na B\u00f3 Finne \u2013 \u00e1r r\u00e9altra f\u00e9in \u2013 le feice\u00e1il a thuilleadh ag n\u00edos m\u00f3 [&hellip;]\" \/>\n<meta property=\"og:url\" content=\"https:\/\/www.mayodarkskypark.ie\/ga\/foghlaim\/an-raibh-a-fhios-agat\/\" \/>\n<meta property=\"og:site_name\" content=\"P\u00e1irc Sp\u00e9ire Dorcha Mhaigh Eo\" \/>\n<meta property=\"article:publisher\" content=\"https:\/\/www.facebook.com\/mayodarkskies\/\" \/>\n<meta property=\"article:modified_time\" content=\"2025-01-09T08:54:59+00:00\" \/>\n<meta property=\"og:image\" content=\"https:\/\/www.mayodarkskypark.ie\/wp-content\/uploads\/2023\/11\/slide04-1.jpg\" \/>\n\t<meta property=\"og:image:width\" content=\"1200\" \/>\n\t<meta property=\"og:image:height\" content=\"400\" \/>\n\t<meta property=\"og:image:type\" content=\"image\/jpeg\" \/>\n<meta name=\"twitter:card\" content=\"summary_large_image\" \/>\n<meta name=\"twitter:label1\" content=\"Est. reading time\" \/>\n\t<meta name=\"twitter:data1\" content=\"3 minutes\" \/>\n<script type=\"application\/ld+json\" class=\"yoast-schema-graph\">{\"@context\":\"https:\\\/\\\/schema.org\",\"@graph\":[{\"@type\":\"WebPage\",\"@id\":\"https:\\\/\\\/www.mayodarkskypark.ie\\\/ga\\\/foghlaim\\\/an-raibh-a-fhios-agat\\\/\",\"url\":\"https:\\\/\\\/www.mayodarkskypark.ie\\\/ga\\\/foghlaim\\\/an-raibh-a-fhios-agat\\\/\",\"name\":\"An raibh a fhios agat - P\u00e1irc Sp\u00e9ire Dorcha Mhaigh Eo\",\"isPartOf\":{\"@id\":\"https:\\\/\\\/www.mayodarkskypark.ie\\\/#website\"},\"primaryImageOfPage\":{\"@id\":\"https:\\\/\\\/www.mayodarkskypark.ie\\\/ga\\\/foghlaim\\\/an-raibh-a-fhios-agat\\\/#primaryimage\"},\"image\":{\"@id\":\"https:\\\/\\\/www.mayodarkskypark.ie\\\/ga\\\/foghlaim\\\/an-raibh-a-fhios-agat\\\/#primaryimage\"},\"thumbnailUrl\":\"https:\\\/\\\/www.mayodarkskypark.ie\\\/wp-content\\\/uploads\\\/2023\\\/11\\\/slide04-1.jpg\",\"datePublished\":\"2023-11-28T14:04:50+00:00\",\"dateModified\":\"2025-01-09T08:54:59+00:00\",\"breadcrumb\":{\"@id\":\"https:\\\/\\\/www.mayodarkskypark.ie\\\/ga\\\/foghlaim\\\/an-raibh-a-fhios-agat\\\/#breadcrumb\"},\"inLanguage\":\"ga-IE\",\"potentialAction\":[{\"@type\":\"ReadAction\",\"target\":[\"https:\\\/\\\/www.mayodarkskypark.ie\\\/ga\\\/foghlaim\\\/an-raibh-a-fhios-agat\\\/\"]}]},{\"@type\":\"ImageObject\",\"inLanguage\":\"ga-IE\",\"@id\":\"https:\\\/\\\/www.mayodarkskypark.ie\\\/ga\\\/foghlaim\\\/an-raibh-a-fhios-agat\\\/#primaryimage\",\"url\":\"https:\\\/\\\/www.mayodarkskypark.ie\\\/wp-content\\\/uploads\\\/2023\\\/11\\\/slide04-1.jpg\",\"contentUrl\":\"https:\\\/\\\/www.mayodarkskypark.ie\\\/wp-content\\\/uploads\\\/2023\\\/11\\\/slide04-1.jpg\",\"width\":1200,\"height\":400},{\"@type\":\"BreadcrumbList\",\"@id\":\"https:\\\/\\\/www.mayodarkskypark.ie\\\/ga\\\/foghlaim\\\/an-raibh-a-fhios-agat\\\/#breadcrumb\",\"itemListElement\":[{\"@type\":\"ListItem\",\"position\":1,\"name\":\"Home\",\"item\":\"https:\\\/\\\/www.mayodarkskypark.ie\\\/ga\\\/\"},{\"@type\":\"ListItem\",\"position\":2,\"name\":\"Foghlaim\",\"item\":\"https:\\\/\\\/www.mayodarkskypark.ie\\\/learn\\\/\"},{\"@type\":\"ListItem\",\"position\":3,\"name\":\"An raibh a fhios agat\"}]},{\"@type\":\"WebSite\",\"@id\":\"https:\\\/\\\/www.mayodarkskypark.ie\\\/#website\",\"url\":\"https:\\\/\\\/www.mayodarkskypark.ie\\\/\",\"name\":\"Mayo Dark Sky Park\",\"description\":\"International Dark Sky Place of the Year 2024\",\"publisher\":{\"@id\":\"https:\\\/\\\/www.mayodarkskypark.ie\\\/#organization\"},\"potentialAction\":[{\"@type\":\"SearchAction\",\"target\":{\"@type\":\"EntryPoint\",\"urlTemplate\":\"https:\\\/\\\/www.mayodarkskypark.ie\\\/?s={search_term_string}\"},\"query-input\":{\"@type\":\"PropertyValueSpecification\",\"valueRequired\":true,\"valueName\":\"search_term_string\"}}],\"inLanguage\":\"ga-IE\"},{\"@type\":\"Organization\",\"@id\":\"https:\\\/\\\/www.mayodarkskypark.ie\\\/#organization\",\"name\":\"Mayo Dark Sky Park\",\"url\":\"https:\\\/\\\/www.mayodarkskypark.ie\\\/\",\"logo\":{\"@type\":\"ImageObject\",\"inLanguage\":\"ga-IE\",\"@id\":\"https:\\\/\\\/www.mayodarkskypark.ie\\\/#\\\/schema\\\/logo\\\/image\\\/\",\"url\":\"https:\\\/\\\/www.mayodarkskypark.ie\\\/wp-content\\\/uploads\\\/2023\\\/11\\\/mayo-dark-sky-park.png\",\"contentUrl\":\"https:\\\/\\\/www.mayodarkskypark.ie\\\/wp-content\\\/uploads\\\/2023\\\/11\\\/mayo-dark-sky-park.png\",\"width\":246,\"height\":70,\"caption\":\"Mayo Dark Sky Park\"},\"image\":{\"@id\":\"https:\\\/\\\/www.mayodarkskypark.ie\\\/#\\\/schema\\\/logo\\\/image\\\/\"},\"sameAs\":[\"https:\\\/\\\/www.facebook.com\\\/mayodarkskies\\\/\"]}]}<\/script>\n<!-- \/ Yoast SEO plugin. -->","yoast_head_json":{"title":"An raibh a fhios agat - P\u00e1irc Sp\u00e9ire Dorcha Mhaigh Eo","robots":{"index":"index","follow":"follow","max-snippet":"max-snippet:-1","max-image-preview":"max-image-preview:large","max-video-preview":"max-video-preview:-1"},"canonical":"https:\/\/www.mayodarkskypark.ie\/ga\/foghlaim\/an-raibh-a-fhios-agat\/","og_locale":"ga_IE","og_type":"article","og_title":"An raibh a fhios agat - P\u00e1irc Sp\u00e9ire Dorcha Mhaigh Eo","og_description":"An raibh a fhios agat Tiocfaidh Vega in ionad Polaris mar an R\u00e9alta Thuaidh i gceann thart ar 13,000 bliain mar gheall ar shuaitheadh i ais an domhain. Bealach na B\u00f3 Finne \u2013 Mar gheall ar thruailli\u00fa solais, n\u00edl radharc na B\u00f3 Finne \u2013 \u00e1r r\u00e9altra f\u00e9in \u2013 le feice\u00e1il a thuilleadh ag n\u00edos m\u00f3 [&hellip;]","og_url":"https:\/\/www.mayodarkskypark.ie\/ga\/foghlaim\/an-raibh-a-fhios-agat\/","og_site_name":"P\u00e1irc Sp\u00e9ire Dorcha Mhaigh Eo","article_publisher":"https:\/\/www.facebook.com\/mayodarkskies\/","article_modified_time":"2025-01-09T08:54:59+00:00","og_image":[{"width":1200,"height":400,"url":"https:\/\/www.mayodarkskypark.ie\/wp-content\/uploads\/2023\/11\/slide04-1.jpg","type":"image\/jpeg"}],"twitter_card":"summary_large_image","twitter_misc":{"Est. reading time":"3 minutes"},"schema":{"@context":"https:\/\/schema.org","@graph":[{"@type":"WebPage","@id":"https:\/\/www.mayodarkskypark.ie\/ga\/foghlaim\/an-raibh-a-fhios-agat\/","url":"https:\/\/www.mayodarkskypark.ie\/ga\/foghlaim\/an-raibh-a-fhios-agat\/","name":"An raibh a fhios agat - P\u00e1irc Sp\u00e9ire Dorcha Mhaigh Eo","isPartOf":{"@id":"https:\/\/www.mayodarkskypark.ie\/#website"},"primaryImageOfPage":{"@id":"https:\/\/www.mayodarkskypark.ie\/ga\/foghlaim\/an-raibh-a-fhios-agat\/#primaryimage"},"image":{"@id":"https:\/\/www.mayodarkskypark.ie\/ga\/foghlaim\/an-raibh-a-fhios-agat\/#primaryimage"},"thumbnailUrl":"https:\/\/www.mayodarkskypark.ie\/wp-content\/uploads\/2023\/11\/slide04-1.jpg","datePublished":"2023-11-28T14:04:50+00:00","dateModified":"2025-01-09T08:54:59+00:00","breadcrumb":{"@id":"https:\/\/www.mayodarkskypark.ie\/ga\/foghlaim\/an-raibh-a-fhios-agat\/#breadcrumb"},"inLanguage":"ga-IE","potentialAction":[{"@type":"ReadAction","target":["https:\/\/www.mayodarkskypark.ie\/ga\/foghlaim\/an-raibh-a-fhios-agat\/"]}]},{"@type":"ImageObject","inLanguage":"ga-IE","@id":"https:\/\/www.mayodarkskypark.ie\/ga\/foghlaim\/an-raibh-a-fhios-agat\/#primaryimage","url":"https:\/\/www.mayodarkskypark.ie\/wp-content\/uploads\/2023\/11\/slide04-1.jpg","contentUrl":"https:\/\/www.mayodarkskypark.ie\/wp-content\/uploads\/2023\/11\/slide04-1.jpg","width":1200,"height":400},{"@type":"BreadcrumbList","@id":"https:\/\/www.mayodarkskypark.ie\/ga\/foghlaim\/an-raibh-a-fhios-agat\/#breadcrumb","itemListElement":[{"@type":"ListItem","position":1,"name":"Home","item":"https:\/\/www.mayodarkskypark.ie\/ga\/"},{"@type":"ListItem","position":2,"name":"Foghlaim","item":"https:\/\/www.mayodarkskypark.ie\/learn\/"},{"@type":"ListItem","position":3,"name":"An raibh a fhios agat"}]},{"@type":"WebSite","@id":"https:\/\/www.mayodarkskypark.ie\/#website","url":"https:\/\/www.mayodarkskypark.ie\/","name":"Mayo Dark Sky Park","description":"International Dark Sky Place of the Year 2024","publisher":{"@id":"https:\/\/www.mayodarkskypark.ie\/#organization"},"potentialAction":[{"@type":"SearchAction","target":{"@type":"EntryPoint","urlTemplate":"https:\/\/www.mayodarkskypark.ie\/?s={search_term_string}"},"query-input":{"@type":"PropertyValueSpecification","valueRequired":true,"valueName":"search_term_string"}}],"inLanguage":"ga-IE"},{"@type":"Organization","@id":"https:\/\/www.mayodarkskypark.ie\/#organization","name":"Mayo Dark Sky Park","url":"https:\/\/www.mayodarkskypark.ie\/","logo":{"@type":"ImageObject","inLanguage":"ga-IE","@id":"https:\/\/www.mayodarkskypark.ie\/#\/schema\/logo\/image\/","url":"https:\/\/www.mayodarkskypark.ie\/wp-content\/uploads\/2023\/11\/mayo-dark-sky-park.png","contentUrl":"https:\/\/www.mayodarkskypark.ie\/wp-content\/uploads\/2023\/11\/mayo-dark-sky-park.png","width":246,"height":70,"caption":"Mayo Dark Sky Park"},"image":{"@id":"https:\/\/www.mayodarkskypark.ie\/#\/schema\/logo\/image\/"},"sameAs":["https:\/\/www.facebook.com\/mayodarkskies\/"]}]}},"spectra_custom_meta":{"adv-header-id-meta":[""],"stick-header-meta":[""],"site-post-title":["disabled"],"ast-featured-img":[""],"theme-transparent-header-meta":[""],"_top_nav_excluded":[""],"_cms_nav_minihome":[""],"_thumbnail_id":["467"],"_last_translation_edit_mode":["translation-editor"],"_tribe_ticket_capacity":["0"],"_tribe_ticket_version":["5.13.4"],"ast-banner-title-visibility":[""],"_wp_page_template":[""],"_uag_css_file_name":["uag-css-627.css"],"_uag_page_assets":["a:9:{s:3:\"css\";s:263:\".uag-blocks-common-selector{z-index:var(--z-index-desktop) !important}@media (max-width: 976px){.uag-blocks-common-selector{z-index:var(--z-index-tablet) !important}}@media (max-width: 767px){.uag-blocks-common-selector{z-index:var(--z-index-mobile) !important}}\n\";s:2:\"js\";s:0:\"\";s:18:\"current_block_list\";a:11:{i:0;s:12:\"core\/heading\";i:1;s:12:\"core\/columns\";i:2;s:11:\"core\/column\";i:3;s:14:\"core\/paragraph\";i:6;s:28:\"tiptip\/hyperlink-group-block\";i:7;s:10:\"core\/image\";i:8;s:10:\"core\/group\";i:9;s:12:\"core\/buttons\";i:10;s:11:\"core\/button\";i:12;s:9:\"core\/html\";i:13;s:11:\"core\/spacer\";}s:8:\"uag_flag\";b:0;s:11:\"uag_version\";s:10:\"1775050265\";s:6:\"gfonts\";a:0:{}s:10:\"gfonts_url\";s:0:\"\";s:12:\"gfonts_files\";a:0:{}s:14:\"uag_faq_layout\";b:0;}"]},"uagb_featured_image_src":{"full":["https:\/\/www.mayodarkskypark.ie\/wp-content\/uploads\/2023\/11\/slide04-1.jpg",1200,400,false],"thumbnail":["https:\/\/www.mayodarkskypark.ie\/wp-content\/uploads\/2023\/11\/slide04-1-150x150.jpg",150,150,true],"medium":["https:\/\/www.mayodarkskypark.ie\/wp-content\/uploads\/2023\/11\/slide04-1-300x100.jpg",300,100,true],"medium_large":["https:\/\/www.mayodarkskypark.ie\/wp-content\/uploads\/2023\/11\/slide04-1-768x256.jpg",768,256,true],"large":["https:\/\/www.mayodarkskypark.ie\/wp-content\/uploads\/2023\/11\/slide04-1-1024x341.jpg",1024,341,true],"1536x1536":["https:\/\/www.mayodarkskypark.ie\/wp-content\/uploads\/2023\/11\/slide04-1.jpg",1200,400,false],"2048x2048":["https:\/\/www.mayodarkskypark.ie\/wp-content\/uploads\/2023\/11\/slide04-1.jpg",1200,400,false]},"uagb_author_info":{"display_name":"Robert Lockwood","author_link":"https:\/\/www.mayodarkskypark.ie\/ga\/author\/robert-lockwood\/"},"uagb_comment_info":0,"uagb_excerpt":"An raibh a fhios agat Tiocfaidh Vega in ionad Polaris mar an R\u00e9alta Thuaidh i gceann thart ar 13,000 bliain mar gheall ar shuaitheadh i ais an domhain. Bealach na B\u00f3 Finne \u2013 Mar gheall ar thruailli\u00fa solais, n\u00edl radharc na B\u00f3 Finne \u2013 \u00e1r r\u00e9altra f\u00e9in \u2013 le feice\u00e1il a thuilleadh ag n\u00edos m\u00f3&hellip;","_links":{"self":[{"href":"https:\/\/www.mayodarkskypark.ie\/ga\/wp-json\/wp\/v2\/pages\/627","targetHints":{"allow":["GET"]}}],"collection":[{"href":"https:\/\/www.mayodarkskypark.ie\/ga\/wp-json\/wp\/v2\/pages"}],"about":[{"href":"https:\/\/www.mayodarkskypark.ie\/ga\/wp-json\/wp\/v2\/types\/page"}],"author":[{"embeddable":true,"href":"https:\/\/www.mayodarkskypark.ie\/ga\/wp-json\/wp\/v2\/users\/1"}],"replies":[{"embeddable":true,"href":"https:\/\/www.mayodarkskypark.ie\/ga\/wp-json\/wp\/v2\/comments?post=627"}],"version-history":[{"count":2,"href":"https:\/\/www.mayodarkskypark.ie\/ga\/wp-json\/wp\/v2\/pages\/627\/revisions"}],"predecessor-version":[{"id":1715,"href":"https:\/\/www.mayodarkskypark.ie\/ga\/wp-json\/wp\/v2\/pages\/627\/revisions\/1715"}],"up":[{"embeddable":true,"href":"https:\/\/www.mayodarkskypark.ie\/ga\/wp-json\/wp\/v2\/pages\/600"}],"wp:featuredmedia":[{"embeddable":true,"href":"https:\/\/www.mayodarkskypark.ie\/ga\/wp-json\/wp\/v2\/media\/467"}],"wp:attachment":[{"href":"https:\/\/www.mayodarkskypark.ie\/ga\/wp-json\/wp\/v2\/media?parent=627"}],"curies":[{"name":"wp","href":"https:\/\/api.w.org\/{rel}","templated":true}]}}