{"id":633,"date":"2023-11-28T14:11:16","date_gmt":"2023-11-28T14:11:16","guid":{"rendered":"https:\/\/www.mayodarkskypark.ie\/faigh-amach\/ag-tosu\/"},"modified":"2025-01-09T08:40:11","modified_gmt":"2025-01-09T08:40:11","slug":"ag-tosu","status":"publish","type":"page","link":"https:\/\/www.mayodarkskypark.ie\/ga\/faigh-amach\/ag-tosu\/","title":{"rendered":"Ag tos\u00fa"},"content":{"rendered":"\n<h1 class=\"wp-block-heading\">Ag <mark style=\"background-color:rgba(0, 0, 0, 0)\" class=\"has-inline-color has-ast-global-color-1-color\">tos\u00fa<\/mark><\/h1>\n\n<div class=\"wp-block-columns is-layout-flex wp-container-core-columns-is-layout-e0e4babd wp-block-columns-is-layout-flex\" style=\"padding-right:0;padding-left:0\">\n<div class=\"wp-block-column is-layout-flow wp-block-column-is-layout-flow\">\n<p>T\u00e1 roinnt uirlis\u00ed forbartha againn chun cabhr\u00fa leat do bhealach a dh\u00e9anamh timpeall sp\u00e9artha na ho\u00edche. Mar thosaitheoir\u00ed r\u00e9alt\u00f3ireachta, roghnaigh o\u00edche glan timpeall na geala\u00ed \u00fara (baineann an t-am is dorcha den ciogal geala\u00ed le hamanna na geala\u00ed &amp; lu\u00ed na gr\u00e9ine). Bain sult as f\u00e9achaint thart!<\/p>\n\n\n\n<h2 class=\"wp-block-heading\">Seicliosta do dhaoine a dh\u00e9anann r\u00e9alt\u00f3ireacht:<\/h2>\n\n\n\n<ul class=\"wp-block-list\">\n<li>Beir leat dh\u00e9sh\u00failigh (n\u00e1 d\u00edrigh d\u00e9sh\u00failigh n\u00e1 aon lionsa riamh go d\u00edreach ar an nGrian)<\/li>\n\n\n\n<li>N\u00e1 h\u00fas\u00e1id ach solas t\u00f3irse dearg (t\u00e1 20 n\u00f3im\u00e9ad ag teast\u00e1il \u00f3 do sh\u00faile chun iad a shocr\u00fa leis an dorchadas)<\/li>\n\n\n\n<li>\u00cdosl\u00f3d\u00e1il \u00e1r <a href=\"https:\/\/www.mayodarkskypark.ie\/wp-content\/uploads\/2023\/11\/MDSP-Starchart-v1.pdf\" target=\"_blank\" rel=\"noreferrer noopener\">L\u00e9arsc\u00e1ileanna R\u00e9alta<\/a> agus <a href=\"https:\/\/www.mayodarkskypark.ie\/wp-content\/uploads\/2023\/11\/MDSP-Planisphere-v1.pdf\" target=\"_blank\" rel=\"noreferrer noopener\">Pl\u00e1naisf\u00e9ar<\/a> s\u00e9as\u00farach<\/li>\n\n\n\n<li>Seice\u00e1il an aimsir, na coinn\u00edollacha scamaill agus c\u00e9im na geala\u00ed<\/li>\n\n\n\n<li>Caith \u00e9ada\u00ed te \u2013 hata\u00ed, l\u00e1mhainn\u00ed, buatais\u00ed n\u00f3 br\u00f3ga l\u00e1idre<\/li>\n\n\n\n<li>Is fearr r\u00e9alt\u00f3ireacht a dh\u00e9anamh ar do dhroim \u2013 tabhair leat blainc\u00e9ad<\/li>\n\n\n\n<li>Beir leat deochanna te agus sneaiceanna<\/li>\n\n\n\n<li>Cuireann leabhair chlasaiceacha le l\u00e9amh atmaisf\u00e9arach o\u00edche. Bain triail as \u2018Fairy and Folk Tales of Ireland\u2019 ag W.B Yeats<\/li>\n<\/ul>\n\n\n\n<p><strong>Tabhair aire d\u00e1r gc\u00f3naitheoir\u00ed agus t\u00fa ag p\u00e1irce\u00e1il n\u00f3 ag druidim chuig l\u00e1ithre\u00e1in san o\u00edche<br\/><\/strong><\/p>\n\n\n\n<h3 class=\"wp-block-heading\">Leideanna R\u00e9alteola\u00edocht<\/h3>\n\n\n\n<p>Is caitheamh aimsire taitneamhach \u00e9 an r\u00e9alteola\u00edocht, agus t\u00e1 s\u00e9 \u00e9asca tos\u00fa! Seo do 10 gc\u00e9ad ch\u00e9im chun t\u00fa a chur chun cinn:<\/p>\n\n\n\n<figure class=\"wp-block-image alignwide size-full\"><a href=\"https:\/\/www.mayodarkskypark.ie\/wp-content\/uploads\/2023\/11\/Planisphere.jpg\" target=\"_blank\" rel=\"noreferrer noopener\"><img loading=\"lazy\" decoding=\"async\" width=\"972\" height=\"400\" src=\"https:\/\/www.mayodarkskypark.ie\/wp-content\/uploads\/2023\/11\/Planisphere.jpg\" alt=\"\" class=\"wp-image-286\" srcset=\"https:\/\/www.mayodarkskypark.ie\/wp-content\/uploads\/2023\/11\/Planisphere.jpg 972w, https:\/\/www.mayodarkskypark.ie\/wp-content\/uploads\/2023\/11\/Planisphere-300x123.jpg 300w, https:\/\/www.mayodarkskypark.ie\/wp-content\/uploads\/2023\/11\/Planisphere-768x316.jpg 768w\" sizes=\"auto, (max-width: 972px) 100vw, 972px\" \/><\/a><\/figure>\n\n\n\n<ol class=\"wp-block-list\">\n<li><strong>Priont\u00e1il cairt r\u00e9alta<\/strong> don mh\u00ed reatha n\u00f3 priont\u00e1il amach agus cuir le ch\u00e9ile \u00e1r <a href=\"https:\/\/www.mayodarkskypark.ie\/wp-content\/uploads\/2023\/11\/MDSP-Planisphere-v1.pdf\" target=\"_blank\" rel=\"noreferrer noopener\">Pl\u00e1naisf\u00e9ar (roth r\u00e9alta) in-\u00edosl\u00f3d\u00e1ilte<\/a>, t\u00e1 treoracha san \u00e1ireamh san \u00edosl\u00f3d\u00e1il.<\/li>\n<\/ol>\n\n\n\n<ol class=\"wp-block-list\" start=\"2\">\n<li><strong>Foghlaim conas dul tr\u00edd an sp\u00e9ir na ho\u00edche.<\/strong> Ag gach tr\u00e1th den bhliain, t\u00e1 gr\u00fapa\u00ed soil\u00e9ire, dea-shainithe de r\u00e9alta\u00ed (ar a dtugtar r\u00e9altbhu\u00edonta) at\u00e1 \u00e9asca a aithint agus at\u00e1 mar phointe tosaigh agus mar chomhartha\u00ed do na cinn eile go l\u00e9ir. Mar shampla, t\u00e1 an Camch\u00e9achta (an C\u00e9achta, Ursa Major) le feice\u00e1il ar feadh na bliana agus t\u00e1 s\u00e9 r\u00e9as\u00fanta \u00e9asca a fheice\u00e1il. Coinnigh i gcuimhne nach g\u00e1 duit \u00e9 seo go l\u00e9ir a fhoghlaim asat f\u00e9in &#8211; is f\u00e9idir le do chlub R\u00e9alteola\u00edochta \u00e1iti\u00fail cabhr\u00fa leat. Freastal ar sheisi\u00fan breathn\u00f3ireachta; ba ch\u00f3ir go mbeadh turas treoraithe le pointeoir l\u00e9asair timpeall na sp\u00e9ire.<\/li>\n<\/ol>\n\n\n\n<figure class=\"wp-block-image aligncenter size-full\"><img loading=\"lazy\" decoding=\"async\" width=\"400\" height=\"245\" src=\"https:\/\/www.mayodarkskypark.ie\/wp-content\/uploads\/2023\/11\/GettingStarted-B.jpg\" alt=\"L&#xE9;ar&#xE1;id Nasclean&#xFA;na R&#xE9;alta\" class=\"wp-image-290\" srcset=\"https:\/\/www.mayodarkskypark.ie\/wp-content\/uploads\/2023\/11\/GettingStarted-B.jpg 400w, https:\/\/www.mayodarkskypark.ie\/wp-content\/uploads\/2023\/11\/GettingStarted-B-300x184.jpg 300w\" sizes=\"auto, (max-width: 400px) 100vw, 400px\" \/><\/figure>\n\n\n\n<ol class=\"wp-block-list\" start=\"3\">\n<li><strong>Bain triail as l\u00e9im r\u00e9alta<\/strong>. Nuair a bheidh do ch\u00e9ad r\u00e9altbhu\u00edon aitheanta agat, bain \u00fas\u00e1id as mar phointe tosaigh chun an ch\u00e9ad r\u00e9altbhu\u00edon eile a aimsi\u00fa. Mar shampla, nuair a bheidh an C\u00e9achta aimsithe agat, dul \u00f3 na pointeoir\u00ed go dt\u00ed an R\u00e9alta Thuaidh (Polaris, san C\u00e9achta) agus ansin trasna na sp\u00e9ire go Cassiopeia, a bhfuil cruth \u2018W\u2019 an-saini\u00fail aige.<\/li>\n\n\n\n<li><strong>Faigh do dh\u00e9sh\u00failigh amach<\/strong>. Nochtfaidh fi\u00fa na cinn is bun\u00fasa\u00ed saibhreas sonra\u00ed nach bhfeicfidh t\u00fa leis an ts\u00fail f\u00e9in \u2013 r\u00e9alta\u00ed d\u00fabailte, braisl\u00ed r\u00e9alta, scamaill gh\u00e1is agus r\u00e9altra\u00ed i bhfad i gc\u00e9in.<\/li>\n\n\n\n<li><strong>N\u00e1 rith amach chun teileasc\u00f3p a cheannach<\/strong>. Sea, beidh ceann ag teast\u00e1il uait m\u00e1s rud \u00e9 gur m\u00f3 sp\u00e9ise at\u00e1 agat sa R\u00e9alteola\u00edocht &#8211; ach beidh an ceann is ceart duit ag teast\u00e1il uait. Ar\u00eds, is f\u00e9idir le do Chlub R\u00e9alteola\u00edochta \u00e1iti\u00fail cabhr\u00fa leat \u2013 tr\u00ed fhreastal ar sheisi\u00fan breathnad\u00f3ireachta, gheobhaidh t\u00fa cuardach tr\u00ed \u00e9ags\u00falacht uirlis\u00ed agus foghlaimeoidh t\u00fa f\u00e9in na bunt\u00e1ist\u00ed agus na m\u00edbhunt\u00e1ist\u00ed a bhaineann le gach ceann acu. Cuimhnigh gur ceist mh\u00f3r \u00ed an inaistritheacht \u2013 m\u00e1 bh\u00edonn ort taisteal chuig do shu\u00edomh breathnad\u00f3ireachta (agus is \u00e9 sin at\u00e1 i gceist maidir le cuid is m\u00f3 againn ag d\u00e9anamh), beidh teileasc\u00f3p m\u00f3r an\u00e1sta at\u00e1 deacair a chur ar bun ina hobair mhaslach gan mhoill.<\/li>\n\n\n\n<li><strong>Smaoinigh ar<\/strong> iris R\u00e9alteola\u00edocht mh\u00edos\u00fail amh\u00e1in a cheannach. Taispe\u00e1nfaidh an rann\u00e1n \u2018Sp\u00e9ir an Mh\u00ed seo\u2019 go h\u00e1irithe duit na buaicphoint\u00ed, su\u00edomhanna na bpl\u00e1in\u00e9ad, aon dreigecheathanna agus go leor eile.<\/li>\n\n\n\n<li><strong>Ceannaigh leabhar amh\u00e1in <\/strong> &#8211; \u2018Turn Left at Orion\u2019 le Guy Consolmagno agus Dan M. Davis Scr\u00edofa do thosaitheoir\u00ed, is treoir ioml\u00e1n \u00e9 an leabhar iontach seo do sp\u00e9ir na ho\u00edche &#8211; ach seice\u00e1il ar l\u00edne \u00e9 sula gceanna\u00edonn t\u00fa.<\/li>\n<\/ol>\n\n\n\n<figure class=\"wp-block-image aligncenter size-full\"><img loading=\"lazy\" decoding=\"async\" width=\"400\" height=\"245\" src=\"https:\/\/www.mayodarkskypark.ie\/wp-content\/uploads\/2023\/11\/GettingStarted-C.jpg\" alt=\"Stellarium\" class=\"wp-image-291\" srcset=\"https:\/\/www.mayodarkskypark.ie\/wp-content\/uploads\/2023\/11\/GettingStarted-C.jpg 400w, https:\/\/www.mayodarkskypark.ie\/wp-content\/uploads\/2023\/11\/GettingStarted-C-300x184.jpg 300w\" sizes=\"auto, (max-width: 400px) 100vw, 400px\" \/><\/figure>\n\n\n\n<ol class=\"wp-block-list\" start=\"8\">\n<li><strong>\u00cdosl\u00f3d\u00e1il agus suite\u00e1il Stellarium<\/strong>, bogearra\u00ed pl\u00e1in\u00e9adlainne a thaispe\u00e1nann go d\u00edreach cad a fheiceann t\u00fa nuair a bhreathna\u00edonn t\u00fa suas ar na r\u00e9alta\u00ed. T\u00e1 s\u00e9 \u00e9asca le h\u00fas\u00e1id, agus saor in aisce do PC agus MAC.<\/li>\n\n\n\n<li><strong>D\u00e9an t\u00fa f\u00e9in a ghl\u00e9asadh don \u00f3c\u00e1id!<\/strong> N\u00edl aon rud cos\u00fail le cosa reoite chun an snasta a bhaint de sheisi\u00fan breathnad\u00f3ireachta agus fi\u00fa an breathn\u00f3ir is crua a chur ag scinn ar ais taobh istigh &#8211; t\u00e1 raon leathan de sheasamh thart i gceist agus is f\u00e9idir fi\u00fa o\u00edcheanta samhraidh a bheith fuar. Ag brath ar shu\u00edomh an tsu\u00edmh bhreathnaithe, b&#8217;fh\u00e9idir go mbeadh ort smaoineamh ar \u00e9arthach feithid\u00ed.<\/li>\n\n\n\n<li><strong>Dul amach agus bain sult as<\/strong> \u2013 cuirfidh iontais sp\u00e9ire na ho\u00edche saol l\u00e1ntaitneamhach ar f\u00e1il duit, go h\u00e1irithe anseo i Maigh Eo \u00e1it a bhfuil sp\u00e9artha dorcha den scoth againn.<\/li>\n<\/ol>\n<\/div>\n<\/div>\n","protected":false},"excerpt":{"rendered":"<p>Ag tos\u00fa T\u00e1 roinnt uirlis\u00ed forbartha againn chun cabhr\u00fa leat do bhealach a dh\u00e9anamh timpeall sp\u00e9artha na ho\u00edche. Mar thosaitheoir\u00ed r\u00e9alt\u00f3ireachta, roghnaigh o\u00edche glan timpeall na geala\u00ed \u00fara (baineann an t-am is dorcha den ciogal geala\u00ed le hamanna na geala\u00ed &amp; lu\u00ed na gr\u00e9ine). Bain sult as f\u00e9achaint thart! Seicliosta do dhaoine a dh\u00e9anann r\u00e9alt\u00f3ireacht: [&hellip;]<\/p>\n","protected":false},"author":1,"featured_media":519,"parent":599,"menu_order":0,"comment_status":"closed","ping_status":"closed","template":"","meta":{"_uag_custom_page_level_css":"","site-sidebar-layout":"default","site-content-layout":"","ast-site-content-layout":"default","site-content-style":"default","site-sidebar-style":"default","ast-global-header-display":"","ast-banner-title-visibility":"","ast-main-header-display":"","ast-hfb-above-header-display":"","ast-hfb-below-header-display":"","ast-hfb-mobile-header-display":"","site-post-title":"disabled","ast-breadcrumbs-content":"","ast-featured-img":"","footer-sml-layout":"","ast-disable-related-posts":"","theme-transparent-header-meta":"","adv-header-id-meta":"","stick-header-meta":"","header-above-stick-meta":"","header-main-stick-meta":"","header-below-stick-meta":"","astra-migrate-meta-layouts":"default","ast-page-background-enabled":"default","ast-page-background-meta":{"desktop":{"background-color":"var(--ast-global-color-4)","background-image":"","background-repeat":"repeat","background-position":"center center","background-size":"auto","background-attachment":"scroll","background-type":"","background-media":"","overlay-type":"","overlay-color":"","overlay-opacity":"","overlay-gradient":""},"tablet":{"background-color":"","background-image":"","background-repeat":"repeat","background-position":"center center","background-size":"auto","background-attachment":"scroll","background-type":"","background-media":"","overlay-type":"","overlay-color":"","overlay-opacity":"","overlay-gradient":""},"mobile":{"background-color":"","background-image":"","background-repeat":"repeat","background-position":"center center","background-size":"auto","background-attachment":"scroll","background-type":"","background-media":"","overlay-type":"","overlay-color":"","overlay-opacity":"","overlay-gradient":""}},"ast-content-background-meta":{"desktop":{"background-color":"var(--ast-global-color-5)","background-image":"","background-repeat":"repeat","background-position":"center center","background-size":"auto","background-attachment":"scroll","background-type":"","background-media":"","overlay-type":"","overlay-color":"","overlay-opacity":"","overlay-gradient":""},"tablet":{"background-color":"var(--ast-global-color-5)","background-image":"","background-repeat":"repeat","background-position":"center center","background-size":"auto","background-attachment":"scroll","background-type":"","background-media":"","overlay-type":"","overlay-color":"","overlay-opacity":"","overlay-gradient":""},"mobile":{"background-color":"var(--ast-global-color-5)","background-image":"","background-repeat":"repeat","background-position":"center center","background-size":"auto","background-attachment":"scroll","background-type":"","background-media":"","overlay-type":"","overlay-color":"","overlay-opacity":"","overlay-gradient":""}},"footnotes":""},"class_list":["post-633","page","type-page","status-publish","has-post-thumbnail","hentry"],"yoast_head":"<!-- This site is optimized with the Yoast SEO plugin v27.3 - https:\/\/yoast.com\/product\/yoast-seo-wordpress\/ -->\n<title>Ag tos\u00fa - P\u00e1irc Sp\u00e9ire Dorcha Mhaigh Eo<\/title>\n<meta name=\"robots\" content=\"index, follow, max-snippet:-1, max-image-preview:large, max-video-preview:-1\" \/>\n<link rel=\"canonical\" href=\"https:\/\/www.mayodarkskypark.ie\/ga\/faigh-amach\/ag-tosu\/\" \/>\n<meta property=\"og:locale\" content=\"ga_IE\" \/>\n<meta property=\"og:type\" content=\"article\" \/>\n<meta property=\"og:title\" content=\"Ag tos\u00fa - P\u00e1irc Sp\u00e9ire Dorcha Mhaigh Eo\" \/>\n<meta property=\"og:description\" content=\"Ag tos\u00fa T\u00e1 roinnt uirlis\u00ed forbartha againn chun cabhr\u00fa leat do bhealach a dh\u00e9anamh timpeall sp\u00e9artha na ho\u00edche. Mar thosaitheoir\u00ed r\u00e9alt\u00f3ireachta, roghnaigh o\u00edche glan timpeall na geala\u00ed \u00fara (baineann an t-am is dorcha den ciogal geala\u00ed le hamanna na geala\u00ed &amp; lu\u00ed na gr\u00e9ine). Bain sult as f\u00e9achaint thart! Seicliosta do dhaoine a dh\u00e9anann r\u00e9alt\u00f3ireacht: [&hellip;]\" \/>\n<meta property=\"og:url\" content=\"https:\/\/www.mayodarkskypark.ie\/ga\/faigh-amach\/ag-tosu\/\" \/>\n<meta property=\"og:site_name\" content=\"P\u00e1irc Sp\u00e9ire Dorcha Mhaigh Eo\" \/>\n<meta property=\"article:publisher\" content=\"https:\/\/www.facebook.com\/mayodarkskies\/\" \/>\n<meta property=\"article:modified_time\" content=\"2025-01-09T08:40:11+00:00\" \/>\n<meta property=\"og:image\" content=\"https:\/\/www.mayodarkskypark.ie\/wp-content\/uploads\/2023\/11\/Banner09-scaled.jpg\" \/>\n\t<meta property=\"og:image:width\" content=\"2560\" \/>\n\t<meta property=\"og:image:height\" content=\"732\" \/>\n\t<meta property=\"og:image:type\" content=\"image\/jpeg\" \/>\n<meta name=\"twitter:card\" content=\"summary_large_image\" \/>\n<meta name=\"twitter:label1\" content=\"Est. reading time\" \/>\n\t<meta name=\"twitter:data1\" content=\"5 minutes\" \/>\n<script type=\"application\/ld+json\" class=\"yoast-schema-graph\">{\"@context\":\"https:\\\/\\\/schema.org\",\"@graph\":[{\"@type\":\"WebPage\",\"@id\":\"https:\\\/\\\/www.mayodarkskypark.ie\\\/ga\\\/faigh-amach\\\/ag-tosu\\\/\",\"url\":\"https:\\\/\\\/www.mayodarkskypark.ie\\\/ga\\\/faigh-amach\\\/ag-tosu\\\/\",\"name\":\"Ag tos\u00fa - P\u00e1irc Sp\u00e9ire Dorcha Mhaigh Eo\",\"isPartOf\":{\"@id\":\"https:\\\/\\\/www.mayodarkskypark.ie\\\/#website\"},\"primaryImageOfPage\":{\"@id\":\"https:\\\/\\\/www.mayodarkskypark.ie\\\/ga\\\/faigh-amach\\\/ag-tosu\\\/#primaryimage\"},\"image\":{\"@id\":\"https:\\\/\\\/www.mayodarkskypark.ie\\\/ga\\\/faigh-amach\\\/ag-tosu\\\/#primaryimage\"},\"thumbnailUrl\":\"https:\\\/\\\/www.mayodarkskypark.ie\\\/wp-content\\\/uploads\\\/2023\\\/11\\\/Banner09-scaled.jpg\",\"datePublished\":\"2023-11-28T14:11:16+00:00\",\"dateModified\":\"2025-01-09T08:40:11+00:00\",\"breadcrumb\":{\"@id\":\"https:\\\/\\\/www.mayodarkskypark.ie\\\/ga\\\/faigh-amach\\\/ag-tosu\\\/#breadcrumb\"},\"inLanguage\":\"ga-IE\",\"potentialAction\":[{\"@type\":\"ReadAction\",\"target\":[\"https:\\\/\\\/www.mayodarkskypark.ie\\\/ga\\\/faigh-amach\\\/ag-tosu\\\/\"]}]},{\"@type\":\"ImageObject\",\"inLanguage\":\"ga-IE\",\"@id\":\"https:\\\/\\\/www.mayodarkskypark.ie\\\/ga\\\/faigh-amach\\\/ag-tosu\\\/#primaryimage\",\"url\":\"https:\\\/\\\/www.mayodarkskypark.ie\\\/wp-content\\\/uploads\\\/2023\\\/11\\\/Banner09-scaled.jpg\",\"contentUrl\":\"https:\\\/\\\/www.mayodarkskypark.ie\\\/wp-content\\\/uploads\\\/2023\\\/11\\\/Banner09-scaled.jpg\",\"width\":2560,\"height\":732},{\"@type\":\"BreadcrumbList\",\"@id\":\"https:\\\/\\\/www.mayodarkskypark.ie\\\/ga\\\/faigh-amach\\\/ag-tosu\\\/#breadcrumb\",\"itemListElement\":[{\"@type\":\"ListItem\",\"position\":1,\"name\":\"Home\",\"item\":\"https:\\\/\\\/www.mayodarkskypark.ie\\\/ga\\\/\"},{\"@type\":\"ListItem\",\"position\":2,\"name\":\"Faigh Amach\",\"item\":\"https:\\\/\\\/www.mayodarkskypark.ie\\\/discover\\\/\"},{\"@type\":\"ListItem\",\"position\":3,\"name\":\"Ag tos\u00fa\"}]},{\"@type\":\"WebSite\",\"@id\":\"https:\\\/\\\/www.mayodarkskypark.ie\\\/#website\",\"url\":\"https:\\\/\\\/www.mayodarkskypark.ie\\\/\",\"name\":\"Mayo Dark Sky Park\",\"description\":\"International Dark Sky Place of the Year 2024\",\"publisher\":{\"@id\":\"https:\\\/\\\/www.mayodarkskypark.ie\\\/#organization\"},\"potentialAction\":[{\"@type\":\"SearchAction\",\"target\":{\"@type\":\"EntryPoint\",\"urlTemplate\":\"https:\\\/\\\/www.mayodarkskypark.ie\\\/?s={search_term_string}\"},\"query-input\":{\"@type\":\"PropertyValueSpecification\",\"valueRequired\":true,\"valueName\":\"search_term_string\"}}],\"inLanguage\":\"ga-IE\"},{\"@type\":\"Organization\",\"@id\":\"https:\\\/\\\/www.mayodarkskypark.ie\\\/#organization\",\"name\":\"Mayo Dark Sky Park\",\"url\":\"https:\\\/\\\/www.mayodarkskypark.ie\\\/\",\"logo\":{\"@type\":\"ImageObject\",\"inLanguage\":\"ga-IE\",\"@id\":\"https:\\\/\\\/www.mayodarkskypark.ie\\\/#\\\/schema\\\/logo\\\/image\\\/\",\"url\":\"https:\\\/\\\/www.mayodarkskypark.ie\\\/wp-content\\\/uploads\\\/2023\\\/11\\\/mayo-dark-sky-park.png\",\"contentUrl\":\"https:\\\/\\\/www.mayodarkskypark.ie\\\/wp-content\\\/uploads\\\/2023\\\/11\\\/mayo-dark-sky-park.png\",\"width\":246,\"height\":70,\"caption\":\"Mayo Dark Sky Park\"},\"image\":{\"@id\":\"https:\\\/\\\/www.mayodarkskypark.ie\\\/#\\\/schema\\\/logo\\\/image\\\/\"},\"sameAs\":[\"https:\\\/\\\/www.facebook.com\\\/mayodarkskies\\\/\"]}]}<\/script>\n<!-- \/ Yoast SEO plugin. -->","yoast_head_json":{"title":"Ag tos\u00fa - P\u00e1irc Sp\u00e9ire Dorcha Mhaigh Eo","robots":{"index":"index","follow":"follow","max-snippet":"max-snippet:-1","max-image-preview":"max-image-preview:large","max-video-preview":"max-video-preview:-1"},"canonical":"https:\/\/www.mayodarkskypark.ie\/ga\/faigh-amach\/ag-tosu\/","og_locale":"ga_IE","og_type":"article","og_title":"Ag tos\u00fa - P\u00e1irc Sp\u00e9ire Dorcha Mhaigh Eo","og_description":"Ag tos\u00fa T\u00e1 roinnt uirlis\u00ed forbartha againn chun cabhr\u00fa leat do bhealach a dh\u00e9anamh timpeall sp\u00e9artha na ho\u00edche. Mar thosaitheoir\u00ed r\u00e9alt\u00f3ireachta, roghnaigh o\u00edche glan timpeall na geala\u00ed \u00fara (baineann an t-am is dorcha den ciogal geala\u00ed le hamanna na geala\u00ed &amp; lu\u00ed na gr\u00e9ine). Bain sult as f\u00e9achaint thart! Seicliosta do dhaoine a dh\u00e9anann r\u00e9alt\u00f3ireacht: [&hellip;]","og_url":"https:\/\/www.mayodarkskypark.ie\/ga\/faigh-amach\/ag-tosu\/","og_site_name":"P\u00e1irc Sp\u00e9ire Dorcha Mhaigh Eo","article_publisher":"https:\/\/www.facebook.com\/mayodarkskies\/","article_modified_time":"2025-01-09T08:40:11+00:00","og_image":[{"width":2560,"height":732,"url":"https:\/\/www.mayodarkskypark.ie\/wp-content\/uploads\/2023\/11\/Banner09-scaled.jpg","type":"image\/jpeg"}],"twitter_card":"summary_large_image","twitter_misc":{"Est. reading time":"5 minutes"},"schema":{"@context":"https:\/\/schema.org","@graph":[{"@type":"WebPage","@id":"https:\/\/www.mayodarkskypark.ie\/ga\/faigh-amach\/ag-tosu\/","url":"https:\/\/www.mayodarkskypark.ie\/ga\/faigh-amach\/ag-tosu\/","name":"Ag tos\u00fa - P\u00e1irc Sp\u00e9ire Dorcha Mhaigh Eo","isPartOf":{"@id":"https:\/\/www.mayodarkskypark.ie\/#website"},"primaryImageOfPage":{"@id":"https:\/\/www.mayodarkskypark.ie\/ga\/faigh-amach\/ag-tosu\/#primaryimage"},"image":{"@id":"https:\/\/www.mayodarkskypark.ie\/ga\/faigh-amach\/ag-tosu\/#primaryimage"},"thumbnailUrl":"https:\/\/www.mayodarkskypark.ie\/wp-content\/uploads\/2023\/11\/Banner09-scaled.jpg","datePublished":"2023-11-28T14:11:16+00:00","dateModified":"2025-01-09T08:40:11+00:00","breadcrumb":{"@id":"https:\/\/www.mayodarkskypark.ie\/ga\/faigh-amach\/ag-tosu\/#breadcrumb"},"inLanguage":"ga-IE","potentialAction":[{"@type":"ReadAction","target":["https:\/\/www.mayodarkskypark.ie\/ga\/faigh-amach\/ag-tosu\/"]}]},{"@type":"ImageObject","inLanguage":"ga-IE","@id":"https:\/\/www.mayodarkskypark.ie\/ga\/faigh-amach\/ag-tosu\/#primaryimage","url":"https:\/\/www.mayodarkskypark.ie\/wp-content\/uploads\/2023\/11\/Banner09-scaled.jpg","contentUrl":"https:\/\/www.mayodarkskypark.ie\/wp-content\/uploads\/2023\/11\/Banner09-scaled.jpg","width":2560,"height":732},{"@type":"BreadcrumbList","@id":"https:\/\/www.mayodarkskypark.ie\/ga\/faigh-amach\/ag-tosu\/#breadcrumb","itemListElement":[{"@type":"ListItem","position":1,"name":"Home","item":"https:\/\/www.mayodarkskypark.ie\/ga\/"},{"@type":"ListItem","position":2,"name":"Faigh Amach","item":"https:\/\/www.mayodarkskypark.ie\/discover\/"},{"@type":"ListItem","position":3,"name":"Ag tos\u00fa"}]},{"@type":"WebSite","@id":"https:\/\/www.mayodarkskypark.ie\/#website","url":"https:\/\/www.mayodarkskypark.ie\/","name":"Mayo Dark Sky Park","description":"International Dark Sky Place of the Year 2024","publisher":{"@id":"https:\/\/www.mayodarkskypark.ie\/#organization"},"potentialAction":[{"@type":"SearchAction","target":{"@type":"EntryPoint","urlTemplate":"https:\/\/www.mayodarkskypark.ie\/?s={search_term_string}"},"query-input":{"@type":"PropertyValueSpecification","valueRequired":true,"valueName":"search_term_string"}}],"inLanguage":"ga-IE"},{"@type":"Organization","@id":"https:\/\/www.mayodarkskypark.ie\/#organization","name":"Mayo Dark Sky Park","url":"https:\/\/www.mayodarkskypark.ie\/","logo":{"@type":"ImageObject","inLanguage":"ga-IE","@id":"https:\/\/www.mayodarkskypark.ie\/#\/schema\/logo\/image\/","url":"https:\/\/www.mayodarkskypark.ie\/wp-content\/uploads\/2023\/11\/mayo-dark-sky-park.png","contentUrl":"https:\/\/www.mayodarkskypark.ie\/wp-content\/uploads\/2023\/11\/mayo-dark-sky-park.png","width":246,"height":70,"caption":"Mayo Dark Sky Park"},"image":{"@id":"https:\/\/www.mayodarkskypark.ie\/#\/schema\/logo\/image\/"},"sameAs":["https:\/\/www.facebook.com\/mayodarkskies\/"]}]}},"spectra_custom_meta":{"adv-header-id-meta":[""],"stick-header-meta":[""],"site-post-title":["disabled"],"ast-featured-img":[""],"theme-transparent-header-meta":[""],"_top_nav_excluded":[""],"_cms_nav_minihome":[""],"_thumbnail_id":["519"],"_last_translation_edit_mode":["translation-editor"],"_tribe_ticket_capacity":["0"],"_tribe_ticket_version":["5.13.4"],"ast-banner-title-visibility":[""],"_uag_css_file_name":["uag-css-633.css"],"_uag_page_assets":["a:9:{s:3:\"css\";s:263:\".uag-blocks-common-selector{z-index:var(--z-index-desktop) !important}@media (max-width: 976px){.uag-blocks-common-selector{z-index:var(--z-index-tablet) !important}}@media (max-width: 767px){.uag-blocks-common-selector{z-index:var(--z-index-mobile) !important}}\n\";s:2:\"js\";s:0:\"\";s:18:\"current_block_list\";a:12:{i:0;s:12:\"core\/heading\";i:1;s:12:\"core\/columns\";i:2;s:11:\"core\/column\";i:3;s:14:\"core\/paragraph\";i:4;s:9:\"core\/list\";i:5;s:14:\"core\/list-item\";i:6;s:10:\"core\/image\";i:7;s:10:\"core\/group\";i:8;s:12:\"core\/buttons\";i:9;s:11:\"core\/button\";i:11;s:9:\"core\/html\";i:12;s:11:\"core\/spacer\";}s:8:\"uag_flag\";b:0;s:11:\"uag_version\";s:10:\"1776089062\";s:6:\"gfonts\";a:0:{}s:10:\"gfonts_url\";s:0:\"\";s:12:\"gfonts_files\";a:0:{}s:14:\"uag_faq_layout\";b:0;}"]},"uagb_featured_image_src":{"full":["https:\/\/www.mayodarkskypark.ie\/wp-content\/uploads\/2023\/11\/Banner09-scaled.jpg",2560,732,false],"thumbnail":["https:\/\/www.mayodarkskypark.ie\/wp-content\/uploads\/2023\/11\/Banner09-150x150.jpg",150,150,true],"medium":["https:\/\/www.mayodarkskypark.ie\/wp-content\/uploads\/2023\/11\/Banner09-300x86.jpg",300,86,true],"medium_large":["https:\/\/www.mayodarkskypark.ie\/wp-content\/uploads\/2023\/11\/Banner09-768x220.jpg",768,220,true],"large":["https:\/\/www.mayodarkskypark.ie\/wp-content\/uploads\/2023\/11\/Banner09-1024x293.jpg",1024,293,true],"1536x1536":["https:\/\/www.mayodarkskypark.ie\/wp-content\/uploads\/2023\/11\/Banner09-1536x439.jpg",1536,439,true],"2048x2048":["https:\/\/www.mayodarkskypark.ie\/wp-content\/uploads\/2023\/11\/Banner09-2048x586.jpg",2048,586,true]},"uagb_author_info":{"display_name":"Robert Lockwood","author_link":"https:\/\/www.mayodarkskypark.ie\/ga\/author\/robert-lockwood\/"},"uagb_comment_info":0,"uagb_excerpt":"Ag tos\u00fa T\u00e1 roinnt uirlis\u00ed forbartha againn chun cabhr\u00fa leat do bhealach a dh\u00e9anamh timpeall sp\u00e9artha na ho\u00edche. Mar thosaitheoir\u00ed r\u00e9alt\u00f3ireachta, roghnaigh o\u00edche glan timpeall na geala\u00ed \u00fara (baineann an t-am is dorcha den ciogal geala\u00ed le hamanna na geala\u00ed &amp; lu\u00ed na gr\u00e9ine). Bain sult as f\u00e9achaint thart! Seicliosta do dhaoine a dh\u00e9anann r\u00e9alt\u00f3ireacht:&hellip;","_links":{"self":[{"href":"https:\/\/www.mayodarkskypark.ie\/ga\/wp-json\/wp\/v2\/pages\/633","targetHints":{"allow":["GET"]}}],"collection":[{"href":"https:\/\/www.mayodarkskypark.ie\/ga\/wp-json\/wp\/v2\/pages"}],"about":[{"href":"https:\/\/www.mayodarkskypark.ie\/ga\/wp-json\/wp\/v2\/types\/page"}],"author":[{"embeddable":true,"href":"https:\/\/www.mayodarkskypark.ie\/ga\/wp-json\/wp\/v2\/users\/1"}],"replies":[{"embeddable":true,"href":"https:\/\/www.mayodarkskypark.ie\/ga\/wp-json\/wp\/v2\/comments?post=633"}],"version-history":[{"count":1,"href":"https:\/\/www.mayodarkskypark.ie\/ga\/wp-json\/wp\/v2\/pages\/633\/revisions"}],"predecessor-version":[{"id":634,"href":"https:\/\/www.mayodarkskypark.ie\/ga\/wp-json\/wp\/v2\/pages\/633\/revisions\/634"}],"up":[{"embeddable":true,"href":"https:\/\/www.mayodarkskypark.ie\/ga\/wp-json\/wp\/v2\/pages\/599"}],"wp:featuredmedia":[{"embeddable":true,"href":"https:\/\/www.mayodarkskypark.ie\/ga\/wp-json\/wp\/v2\/media\/519"}],"wp:attachment":[{"href":"https:\/\/www.mayodarkskypark.ie\/ga\/wp-json\/wp\/v2\/media?parent=633"}],"curies":[{"name":"wp","href":"https:\/\/api.w.org\/{rel}","templated":true}]}}