{"id":635,"date":"2023-11-28T14:11:16","date_gmt":"2023-11-28T14:11:16","guid":{"rendered":"https:\/\/www.mayodarkskypark.ie\/faigh-amach\/an-realta-thuaidh\/"},"modified":"2025-01-09T08:48:27","modified_gmt":"2025-01-09T08:48:27","slug":"an-realta-thuaidh","status":"publish","type":"page","link":"https:\/\/www.mayodarkskypark.ie\/ga\/faigh-amach\/an-realta-thuaidh\/","title":{"rendered":"An R\u00e9alta Thuaidh"},"content":{"rendered":"\n<h1 class=\"wp-block-heading\">Aimsigh an <mark style=\"background-color:rgba(0, 0, 0, 0)\" class=\"has-inline-color has-ast-global-color-1-color\">R\u00e9alta Thuaidh<\/mark><\/h1>\n\n<div class=\"wp-block-columns is-layout-flex wp-container-core-columns-is-layout-e0e4babd wp-block-columns-is-layout-flex\" style=\"padding-right:0;padding-left:0\">\n<div class=\"wp-block-column is-layout-flow wp-block-column-is-layout-flow\">\n<p>R\u00e9alta at\u00e1 beag\u00e1n n\u00edos teo n\u00e1 \u00e1r nGrian f\u00e9in is ea an R\u00e9alta Thuaidh (\u2018Polaris\u2019). T\u00e1 s\u00e9 suite beagnach d\u00edreach os cionn Pol Thuaidh an Domhain, mar sin fanann s\u00e9 ina \u00e1it de r\u00e9ir mar a rothla\u00edonn an Domhan. Bhain mairn\u00e9alaigh \u00fas\u00e1id as chun nasclean\u00faint a dh\u00e9anamh leis na c\u00e9adta bliain. T\u00e1 an C\u00e9achta i gcruth at\u00e1 beag\u00e1n cos\u00fail le s\u00e1span. M\u00e1 tharraing\u00edonn t\u00fa l\u00edne shamhailteach \u00f3n d\u00e1 r\u00e9alta is faide \u00f3na \u2018hanla\u2019, d\u00edreoidh s\u00e9 chuig an R\u00e9alta Thuaidh th\u00fa.<\/p>\n\n\n\n<p>Nuair a bheidh s\u00e9 foghlamtha agat an R\u00e9alta Thuaidh a aithint, is f\u00e9idir leat tos\u00fa ar do thuras mar Threor\u00e1la\u00ed N\u00e1d\u00fartha agus \u00e9 a \u00fas\u00e1id mar phointeoir chun r\u00e9altbhu\u00edonta eile a aimsi\u00fa. F\u00e9ach ar \u00e1r naisc <a href=\"https:\/\/www.mayodarkskypark.ie\/ga\/faigh-amach\/realtoireacht\/\" data-type=\"page\" data-id=\"193\">R\u00e9alt\u00f3ireachta<\/a> agus <a href=\"https:\/\/www.mayodarkskypark.ie\/ga\/faigh-amach\/realtbhuiona\/\" data-type=\"page\" data-id=\"198\">R\u00e9altbhu\u00edne<\/a> chun do bhealach a dh\u00e9anamh timpeall sp\u00e9ir na ho\u00edche.<\/p>\n\n\n\n<figure class=\"wp-block-image aligncenter size-full\"><img loading=\"lazy\" decoding=\"async\" width=\"623\" height=\"382\" src=\"https:\/\/www.mayodarkskypark.ie\/wp-content\/uploads\/2023\/11\/North-Star.jpg\" alt=\"An R&#xE9;alta Thuaidh\" class=\"wp-image-293\" srcset=\"https:\/\/www.mayodarkskypark.ie\/wp-content\/uploads\/2023\/11\/North-Star.jpg 623w, https:\/\/www.mayodarkskypark.ie\/wp-content\/uploads\/2023\/11\/North-Star-300x184.jpg 300w\" sizes=\"auto, (max-width: 623px) 100vw, 623px\" \/><\/figure>\n<\/div>\n<\/div>\n","protected":false},"excerpt":{"rendered":"<p>Aimsigh an R\u00e9alta Thuaidh R\u00e9alta at\u00e1 beag\u00e1n n\u00edos teo n\u00e1 \u00e1r nGrian f\u00e9in is ea an R\u00e9alta Thuaidh (\u2018Polaris\u2019). T\u00e1 s\u00e9 suite beagnach d\u00edreach os cionn Pol Thuaidh an Domhain, mar sin fanann s\u00e9 ina \u00e1it de r\u00e9ir mar a rothla\u00edonn an Domhan. Bhain mairn\u00e9alaigh \u00fas\u00e1id as chun nasclean\u00faint a dh\u00e9anamh leis na c\u00e9adta bliain. [&hellip;]<\/p>\n","protected":false},"author":1,"featured_media":1361,"parent":599,"menu_order":0,"comment_status":"closed","ping_status":"closed","template":"","meta":{"_uag_custom_page_level_css":"","site-sidebar-layout":"default","site-content-layout":"","ast-site-content-layout":"default","site-content-style":"default","site-sidebar-style":"default","ast-global-header-display":"","ast-banner-title-visibility":"","ast-main-header-display":"","ast-hfb-above-header-display":"","ast-hfb-below-header-display":"","ast-hfb-mobile-header-display":"","site-post-title":"disabled","ast-breadcrumbs-content":"","ast-featured-img":"","footer-sml-layout":"","ast-disable-related-posts":"","theme-transparent-header-meta":"","adv-header-id-meta":"","stick-header-meta":"","header-above-stick-meta":"","header-main-stick-meta":"","header-below-stick-meta":"","astra-migrate-meta-layouts":"default","ast-page-background-enabled":"default","ast-page-background-meta":{"desktop":{"background-color":"var(--ast-global-color-4)","background-image":"","background-repeat":"repeat","background-position":"center center","background-size":"auto","background-attachment":"scroll","background-type":"","background-media":"","overlay-type":"","overlay-color":"","overlay-opacity":"","overlay-gradient":""},"tablet":{"background-color":"","background-image":"","background-repeat":"repeat","background-position":"center center","background-size":"auto","background-attachment":"scroll","background-type":"","background-media":"","overlay-type":"","overlay-color":"","overlay-opacity":"","overlay-gradient":""},"mobile":{"background-color":"","background-image":"","background-repeat":"repeat","background-position":"center center","background-size":"auto","background-attachment":"scroll","background-type":"","background-media":"","overlay-type":"","overlay-color":"","overlay-opacity":"","overlay-gradient":""}},"ast-content-background-meta":{"desktop":{"background-color":"var(--ast-global-color-5)","background-image":"","background-repeat":"repeat","background-position":"center center","background-size":"auto","background-attachment":"scroll","background-type":"","background-media":"","overlay-type":"","overlay-color":"","overlay-opacity":"","overlay-gradient":""},"tablet":{"background-color":"var(--ast-global-color-5)","background-image":"","background-repeat":"repeat","background-position":"center center","background-size":"auto","background-attachment":"scroll","background-type":"","background-media":"","overlay-type":"","overlay-color":"","overlay-opacity":"","overlay-gradient":""},"mobile":{"background-color":"var(--ast-global-color-5)","background-image":"","background-repeat":"repeat","background-position":"center center","background-size":"auto","background-attachment":"scroll","background-type":"","background-media":"","overlay-type":"","overlay-color":"","overlay-opacity":"","overlay-gradient":""}},"footnotes":""},"class_list":["post-635","page","type-page","status-publish","has-post-thumbnail","hentry"],"yoast_head":"<!-- This site is optimized with the Yoast SEO plugin v27.3 - https:\/\/yoast.com\/product\/yoast-seo-wordpress\/ -->\n<title>An R\u00e9alta Thuaidh - P\u00e1irc Sp\u00e9ire Dorcha Mhaigh Eo<\/title>\n<meta name=\"robots\" content=\"index, follow, max-snippet:-1, max-image-preview:large, max-video-preview:-1\" \/>\n<link rel=\"canonical\" href=\"https:\/\/www.mayodarkskypark.ie\/ga\/faigh-amach\/an-realta-thuaidh\/\" \/>\n<meta property=\"og:locale\" content=\"ga_IE\" \/>\n<meta property=\"og:type\" content=\"article\" \/>\n<meta property=\"og:title\" content=\"An R\u00e9alta Thuaidh - P\u00e1irc Sp\u00e9ire Dorcha Mhaigh Eo\" \/>\n<meta property=\"og:description\" content=\"Aimsigh an R\u00e9alta Thuaidh R\u00e9alta at\u00e1 beag\u00e1n n\u00edos teo n\u00e1 \u00e1r nGrian f\u00e9in is ea an R\u00e9alta Thuaidh (\u2018Polaris\u2019). T\u00e1 s\u00e9 suite beagnach d\u00edreach os cionn Pol Thuaidh an Domhain, mar sin fanann s\u00e9 ina \u00e1it de r\u00e9ir mar a rothla\u00edonn an Domhan. Bhain mairn\u00e9alaigh \u00fas\u00e1id as chun nasclean\u00faint a dh\u00e9anamh leis na c\u00e9adta bliain. [&hellip;]\" \/>\n<meta property=\"og:url\" content=\"https:\/\/www.mayodarkskypark.ie\/ga\/faigh-amach\/an-realta-thuaidh\/\" \/>\n<meta property=\"og:site_name\" content=\"P\u00e1irc Sp\u00e9ire Dorcha Mhaigh Eo\" \/>\n<meta property=\"article:publisher\" content=\"https:\/\/www.facebook.com\/mayodarkskies\/\" \/>\n<meta property=\"article:modified_time\" content=\"2025-01-09T08:48:27+00:00\" \/>\n<meta property=\"og:image\" content=\"https:\/\/www.mayodarkskypark.ie\/wp-content\/uploads\/2024\/06\/Dun-Briste-Aurora-B-WILSON-scaled-e1735583607441.jpg\" \/>\n\t<meta property=\"og:image:width\" content=\"2560\" \/>\n\t<meta property=\"og:image:height\" content=\"1707\" \/>\n\t<meta property=\"og:image:type\" content=\"image\/jpeg\" \/>\n<meta name=\"twitter:card\" content=\"summary_large_image\" \/>\n<meta name=\"twitter:label1\" content=\"Est. reading time\" \/>\n\t<meta name=\"twitter:data1\" content=\"1 minute\" \/>\n<script type=\"application\/ld+json\" class=\"yoast-schema-graph\">{\"@context\":\"https:\\\/\\\/schema.org\",\"@graph\":[{\"@type\":\"WebPage\",\"@id\":\"https:\\\/\\\/www.mayodarkskypark.ie\\\/ga\\\/faigh-amach\\\/an-realta-thuaidh\\\/\",\"url\":\"https:\\\/\\\/www.mayodarkskypark.ie\\\/ga\\\/faigh-amach\\\/an-realta-thuaidh\\\/\",\"name\":\"An R\u00e9alta Thuaidh - P\u00e1irc Sp\u00e9ire Dorcha Mhaigh Eo\",\"isPartOf\":{\"@id\":\"https:\\\/\\\/www.mayodarkskypark.ie\\\/#website\"},\"primaryImageOfPage\":{\"@id\":\"https:\\\/\\\/www.mayodarkskypark.ie\\\/ga\\\/faigh-amach\\\/an-realta-thuaidh\\\/#primaryimage\"},\"image\":{\"@id\":\"https:\\\/\\\/www.mayodarkskypark.ie\\\/ga\\\/faigh-amach\\\/an-realta-thuaidh\\\/#primaryimage\"},\"thumbnailUrl\":\"https:\\\/\\\/www.mayodarkskypark.ie\\\/wp-content\\\/uploads\\\/2024\\\/06\\\/Dun-Briste-Aurora-B-WILSON-scaled-e1735583607441.jpg\",\"datePublished\":\"2023-11-28T14:11:16+00:00\",\"dateModified\":\"2025-01-09T08:48:27+00:00\",\"breadcrumb\":{\"@id\":\"https:\\\/\\\/www.mayodarkskypark.ie\\\/ga\\\/faigh-amach\\\/an-realta-thuaidh\\\/#breadcrumb\"},\"inLanguage\":\"ga-IE\",\"potentialAction\":[{\"@type\":\"ReadAction\",\"target\":[\"https:\\\/\\\/www.mayodarkskypark.ie\\\/ga\\\/faigh-amach\\\/an-realta-thuaidh\\\/\"]}]},{\"@type\":\"ImageObject\",\"inLanguage\":\"ga-IE\",\"@id\":\"https:\\\/\\\/www.mayodarkskypark.ie\\\/ga\\\/faigh-amach\\\/an-realta-thuaidh\\\/#primaryimage\",\"url\":\"https:\\\/\\\/www.mayodarkskypark.ie\\\/wp-content\\\/uploads\\\/2024\\\/06\\\/Dun-Briste-Aurora-B-WILSON-scaled-e1735583607441.jpg\",\"contentUrl\":\"https:\\\/\\\/www.mayodarkskypark.ie\\\/wp-content\\\/uploads\\\/2024\\\/06\\\/Dun-Briste-Aurora-B-WILSON-scaled-e1735583607441.jpg\",\"width\":2560,\"height\":1707,\"caption\":\"D\u00fan Briste Aurora by Brian Wilson\"},{\"@type\":\"BreadcrumbList\",\"@id\":\"https:\\\/\\\/www.mayodarkskypark.ie\\\/ga\\\/faigh-amach\\\/an-realta-thuaidh\\\/#breadcrumb\",\"itemListElement\":[{\"@type\":\"ListItem\",\"position\":1,\"name\":\"Home\",\"item\":\"https:\\\/\\\/www.mayodarkskypark.ie\\\/ga\\\/\"},{\"@type\":\"ListItem\",\"position\":2,\"name\":\"Faigh Amach\",\"item\":\"https:\\\/\\\/www.mayodarkskypark.ie\\\/discover\\\/\"},{\"@type\":\"ListItem\",\"position\":3,\"name\":\"An R\u00e9alta Thuaidh\"}]},{\"@type\":\"WebSite\",\"@id\":\"https:\\\/\\\/www.mayodarkskypark.ie\\\/#website\",\"url\":\"https:\\\/\\\/www.mayodarkskypark.ie\\\/\",\"name\":\"Mayo Dark Sky Park\",\"description\":\"International Dark Sky Place of the Year 2024\",\"publisher\":{\"@id\":\"https:\\\/\\\/www.mayodarkskypark.ie\\\/#organization\"},\"potentialAction\":[{\"@type\":\"SearchAction\",\"target\":{\"@type\":\"EntryPoint\",\"urlTemplate\":\"https:\\\/\\\/www.mayodarkskypark.ie\\\/?s={search_term_string}\"},\"query-input\":{\"@type\":\"PropertyValueSpecification\",\"valueRequired\":true,\"valueName\":\"search_term_string\"}}],\"inLanguage\":\"ga-IE\"},{\"@type\":\"Organization\",\"@id\":\"https:\\\/\\\/www.mayodarkskypark.ie\\\/#organization\",\"name\":\"Mayo Dark Sky Park\",\"url\":\"https:\\\/\\\/www.mayodarkskypark.ie\\\/\",\"logo\":{\"@type\":\"ImageObject\",\"inLanguage\":\"ga-IE\",\"@id\":\"https:\\\/\\\/www.mayodarkskypark.ie\\\/#\\\/schema\\\/logo\\\/image\\\/\",\"url\":\"https:\\\/\\\/www.mayodarkskypark.ie\\\/wp-content\\\/uploads\\\/2023\\\/11\\\/mayo-dark-sky-park.png\",\"contentUrl\":\"https:\\\/\\\/www.mayodarkskypark.ie\\\/wp-content\\\/uploads\\\/2023\\\/11\\\/mayo-dark-sky-park.png\",\"width\":246,\"height\":70,\"caption\":\"Mayo Dark Sky Park\"},\"image\":{\"@id\":\"https:\\\/\\\/www.mayodarkskypark.ie\\\/#\\\/schema\\\/logo\\\/image\\\/\"},\"sameAs\":[\"https:\\\/\\\/www.facebook.com\\\/mayodarkskies\\\/\"]}]}<\/script>\n<!-- \/ Yoast SEO plugin. -->","yoast_head_json":{"title":"An R\u00e9alta Thuaidh - P\u00e1irc Sp\u00e9ire Dorcha Mhaigh Eo","robots":{"index":"index","follow":"follow","max-snippet":"max-snippet:-1","max-image-preview":"max-image-preview:large","max-video-preview":"max-video-preview:-1"},"canonical":"https:\/\/www.mayodarkskypark.ie\/ga\/faigh-amach\/an-realta-thuaidh\/","og_locale":"ga_IE","og_type":"article","og_title":"An R\u00e9alta Thuaidh - P\u00e1irc Sp\u00e9ire Dorcha Mhaigh Eo","og_description":"Aimsigh an R\u00e9alta Thuaidh R\u00e9alta at\u00e1 beag\u00e1n n\u00edos teo n\u00e1 \u00e1r nGrian f\u00e9in is ea an R\u00e9alta Thuaidh (\u2018Polaris\u2019). T\u00e1 s\u00e9 suite beagnach d\u00edreach os cionn Pol Thuaidh an Domhain, mar sin fanann s\u00e9 ina \u00e1it de r\u00e9ir mar a rothla\u00edonn an Domhan. Bhain mairn\u00e9alaigh \u00fas\u00e1id as chun nasclean\u00faint a dh\u00e9anamh leis na c\u00e9adta bliain. [&hellip;]","og_url":"https:\/\/www.mayodarkskypark.ie\/ga\/faigh-amach\/an-realta-thuaidh\/","og_site_name":"P\u00e1irc Sp\u00e9ire Dorcha Mhaigh Eo","article_publisher":"https:\/\/www.facebook.com\/mayodarkskies\/","article_modified_time":"2025-01-09T08:48:27+00:00","og_image":[{"width":2560,"height":1707,"url":"https:\/\/www.mayodarkskypark.ie\/wp-content\/uploads\/2024\/06\/Dun-Briste-Aurora-B-WILSON-scaled-e1735583607441.jpg","type":"image\/jpeg"}],"twitter_card":"summary_large_image","twitter_misc":{"Est. reading time":"1 minute"},"schema":{"@context":"https:\/\/schema.org","@graph":[{"@type":"WebPage","@id":"https:\/\/www.mayodarkskypark.ie\/ga\/faigh-amach\/an-realta-thuaidh\/","url":"https:\/\/www.mayodarkskypark.ie\/ga\/faigh-amach\/an-realta-thuaidh\/","name":"An R\u00e9alta Thuaidh - P\u00e1irc Sp\u00e9ire Dorcha Mhaigh Eo","isPartOf":{"@id":"https:\/\/www.mayodarkskypark.ie\/#website"},"primaryImageOfPage":{"@id":"https:\/\/www.mayodarkskypark.ie\/ga\/faigh-amach\/an-realta-thuaidh\/#primaryimage"},"image":{"@id":"https:\/\/www.mayodarkskypark.ie\/ga\/faigh-amach\/an-realta-thuaidh\/#primaryimage"},"thumbnailUrl":"https:\/\/www.mayodarkskypark.ie\/wp-content\/uploads\/2024\/06\/Dun-Briste-Aurora-B-WILSON-scaled-e1735583607441.jpg","datePublished":"2023-11-28T14:11:16+00:00","dateModified":"2025-01-09T08:48:27+00:00","breadcrumb":{"@id":"https:\/\/www.mayodarkskypark.ie\/ga\/faigh-amach\/an-realta-thuaidh\/#breadcrumb"},"inLanguage":"ga-IE","potentialAction":[{"@type":"ReadAction","target":["https:\/\/www.mayodarkskypark.ie\/ga\/faigh-amach\/an-realta-thuaidh\/"]}]},{"@type":"ImageObject","inLanguage":"ga-IE","@id":"https:\/\/www.mayodarkskypark.ie\/ga\/faigh-amach\/an-realta-thuaidh\/#primaryimage","url":"https:\/\/www.mayodarkskypark.ie\/wp-content\/uploads\/2024\/06\/Dun-Briste-Aurora-B-WILSON-scaled-e1735583607441.jpg","contentUrl":"https:\/\/www.mayodarkskypark.ie\/wp-content\/uploads\/2024\/06\/Dun-Briste-Aurora-B-WILSON-scaled-e1735583607441.jpg","width":2560,"height":1707,"caption":"D\u00fan Briste Aurora by Brian Wilson"},{"@type":"BreadcrumbList","@id":"https:\/\/www.mayodarkskypark.ie\/ga\/faigh-amach\/an-realta-thuaidh\/#breadcrumb","itemListElement":[{"@type":"ListItem","position":1,"name":"Home","item":"https:\/\/www.mayodarkskypark.ie\/ga\/"},{"@type":"ListItem","position":2,"name":"Faigh Amach","item":"https:\/\/www.mayodarkskypark.ie\/discover\/"},{"@type":"ListItem","position":3,"name":"An R\u00e9alta Thuaidh"}]},{"@type":"WebSite","@id":"https:\/\/www.mayodarkskypark.ie\/#website","url":"https:\/\/www.mayodarkskypark.ie\/","name":"Mayo Dark Sky Park","description":"International Dark Sky Place of the Year 2024","publisher":{"@id":"https:\/\/www.mayodarkskypark.ie\/#organization"},"potentialAction":[{"@type":"SearchAction","target":{"@type":"EntryPoint","urlTemplate":"https:\/\/www.mayodarkskypark.ie\/?s={search_term_string}"},"query-input":{"@type":"PropertyValueSpecification","valueRequired":true,"valueName":"search_term_string"}}],"inLanguage":"ga-IE"},{"@type":"Organization","@id":"https:\/\/www.mayodarkskypark.ie\/#organization","name":"Mayo Dark Sky Park","url":"https:\/\/www.mayodarkskypark.ie\/","logo":{"@type":"ImageObject","inLanguage":"ga-IE","@id":"https:\/\/www.mayodarkskypark.ie\/#\/schema\/logo\/image\/","url":"https:\/\/www.mayodarkskypark.ie\/wp-content\/uploads\/2023\/11\/mayo-dark-sky-park.png","contentUrl":"https:\/\/www.mayodarkskypark.ie\/wp-content\/uploads\/2023\/11\/mayo-dark-sky-park.png","width":246,"height":70,"caption":"Mayo Dark Sky Park"},"image":{"@id":"https:\/\/www.mayodarkskypark.ie\/#\/schema\/logo\/image\/"},"sameAs":["https:\/\/www.facebook.com\/mayodarkskies\/"]}]}},"spectra_custom_meta":{"adv-header-id-meta":[""],"stick-header-meta":[""],"site-post-title":["disabled"],"ast-featured-img":[""],"theme-transparent-header-meta":[""],"_top_nav_excluded":[""],"_cms_nav_minihome":[""],"_thumbnail_id":["1361"],"_last_translation_edit_mode":["translation-editor"],"_tribe_ticket_capacity":["0"],"_tribe_ticket_version":["5.13.4"],"ast-banner-title-visibility":[""],"_wp_page_template":[""],"_uag_css_file_name":["uag-css-635.css"],"_uag_page_assets":["a:9:{s:3:\"css\";s:263:\".uag-blocks-common-selector{z-index:var(--z-index-desktop) !important}@media (max-width: 976px){.uag-blocks-common-selector{z-index:var(--z-index-tablet) !important}}@media (max-width: 767px){.uag-blocks-common-selector{z-index:var(--z-index-mobile) !important}}\n\";s:2:\"js\";s:0:\"\";s:18:\"current_block_list\";a:10:{i:0;s:12:\"core\/heading\";i:1;s:12:\"core\/columns\";i:2;s:11:\"core\/column\";i:3;s:14:\"core\/paragraph\";i:4;s:10:\"core\/image\";i:5;s:10:\"core\/group\";i:6;s:12:\"core\/buttons\";i:7;s:11:\"core\/button\";i:9;s:9:\"core\/html\";i:10;s:11:\"core\/spacer\";}s:8:\"uag_flag\";b:0;s:11:\"uag_version\";s:10:\"1776089062\";s:6:\"gfonts\";a:0:{}s:10:\"gfonts_url\";s:0:\"\";s:12:\"gfonts_files\";a:0:{}s:14:\"uag_faq_layout\";b:0;}"]},"uagb_featured_image_src":{"full":["https:\/\/www.mayodarkskypark.ie\/wp-content\/uploads\/2024\/06\/Dun-Briste-Aurora-B-WILSON-scaled-e1735583607441.jpg",2560,1707,false],"thumbnail":["https:\/\/www.mayodarkskypark.ie\/wp-content\/uploads\/2024\/06\/Dun-Briste-Aurora-B-WILSON-150x150.jpg",150,150,true],"medium":["https:\/\/www.mayodarkskypark.ie\/wp-content\/uploads\/2024\/06\/Dun-Briste-Aurora-B-WILSON-300x200.jpg",300,200,true],"medium_large":["https:\/\/www.mayodarkskypark.ie\/wp-content\/uploads\/2024\/06\/Dun-Briste-Aurora-B-WILSON-768x512.jpg",768,512,true],"large":["https:\/\/www.mayodarkskypark.ie\/wp-content\/uploads\/2024\/06\/Dun-Briste-Aurora-B-WILSON-1024x683.jpg",1024,683,true],"1536x1536":["https:\/\/www.mayodarkskypark.ie\/wp-content\/uploads\/2024\/06\/Dun-Briste-Aurora-B-WILSON-1536x1024.jpg",1536,1024,true],"2048x2048":["https:\/\/www.mayodarkskypark.ie\/wp-content\/uploads\/2024\/06\/Dun-Briste-Aurora-B-WILSON-2048x1365.jpg",2048,1365,true]},"uagb_author_info":{"display_name":"Robert Lockwood","author_link":"https:\/\/www.mayodarkskypark.ie\/ga\/author\/robert-lockwood\/"},"uagb_comment_info":0,"uagb_excerpt":"Aimsigh an R\u00e9alta Thuaidh R\u00e9alta at\u00e1 beag\u00e1n n\u00edos teo n\u00e1 \u00e1r nGrian f\u00e9in is ea an R\u00e9alta Thuaidh (\u2018Polaris\u2019). T\u00e1 s\u00e9 suite beagnach d\u00edreach os cionn Pol Thuaidh an Domhain, mar sin fanann s\u00e9 ina \u00e1it de r\u00e9ir mar a rothla\u00edonn an Domhan. Bhain mairn\u00e9alaigh \u00fas\u00e1id as chun nasclean\u00faint a dh\u00e9anamh leis na c\u00e9adta bliain.&hellip;","_links":{"self":[{"href":"https:\/\/www.mayodarkskypark.ie\/ga\/wp-json\/wp\/v2\/pages\/635","targetHints":{"allow":["GET"]}}],"collection":[{"href":"https:\/\/www.mayodarkskypark.ie\/ga\/wp-json\/wp\/v2\/pages"}],"about":[{"href":"https:\/\/www.mayodarkskypark.ie\/ga\/wp-json\/wp\/v2\/types\/page"}],"author":[{"embeddable":true,"href":"https:\/\/www.mayodarkskypark.ie\/ga\/wp-json\/wp\/v2\/users\/1"}],"replies":[{"embeddable":true,"href":"https:\/\/www.mayodarkskypark.ie\/ga\/wp-json\/wp\/v2\/comments?post=635"}],"version-history":[{"count":2,"href":"https:\/\/www.mayodarkskypark.ie\/ga\/wp-json\/wp\/v2\/pages\/635\/revisions"}],"predecessor-version":[{"id":1714,"href":"https:\/\/www.mayodarkskypark.ie\/ga\/wp-json\/wp\/v2\/pages\/635\/revisions\/1714"}],"up":[{"embeddable":true,"href":"https:\/\/www.mayodarkskypark.ie\/ga\/wp-json\/wp\/v2\/pages\/599"}],"wp:featuredmedia":[{"embeddable":true,"href":"https:\/\/www.mayodarkskypark.ie\/ga\/wp-json\/wp\/v2\/media\/1361"}],"wp:attachment":[{"href":"https:\/\/www.mayodarkskypark.ie\/ga\/wp-json\/wp\/v2\/media?parent=635"}],"curies":[{"name":"wp","href":"https:\/\/api.w.org\/{rel}","templated":true}]}}