{"id":637,"date":"2023-11-28T14:11:16","date_gmt":"2023-11-28T14:11:16","guid":{"rendered":"https:\/\/www.mayodarkskypark.ie\/faigh-amach\/realtoireacht\/"},"modified":"2025-01-09T08:44:35","modified_gmt":"2025-01-09T08:44:35","slug":"realtoireacht","status":"publish","type":"page","link":"https:\/\/www.mayodarkskypark.ie\/ga\/faigh-amach\/realtoireacht\/","title":{"rendered":"R\u00e9alt\u00f3ireacht"},"content":{"rendered":"\n<h1 class=\"wp-block-heading\">R\u00e9alt<mark style=\"background-color:rgba(0, 0, 0, 0)\" class=\"has-inline-color has-ast-global-color-1-color\">\u00f3ireacht<\/mark><\/h1>\n\n<div class=\"wp-block-columns is-layout-flex wp-container-core-columns-is-layout-e0e4babd wp-block-columns-is-layout-flex\" style=\"padding-right:0;padding-left:0\">\n<div class=\"wp-block-column is-layout-flow wp-block-column-is-layout-flow\">\n<p>Feicfidh t\u00fa na r\u00e9alta\u00ed len\u00e1r <a href=\"https:\/\/www.mayodarkskypark.ie\/wp-content\/uploads\/2023\/11\/MDSP-Starchart-v1.pdf\" target=\"_blank\" rel=\"noreferrer noopener\">dtreoir chabhrach<\/a> ar cad ba cheart duit a bheith ag faire amach d\u00f3.<\/p>\n\n\n\n<figure class=\"wp-block-image aligncenter size-large\"><img loading=\"lazy\" decoding=\"async\" width=\"1024\" height=\"641\" src=\"https:\/\/www.mayodarkskypark.ie\/wp-content\/uploads\/2023\/11\/Stargazing-North2x2-1024x641.jpg\" alt=\"Treoir L&#xE9;arsc&#xE1;ile R&#xE9;alta do gach S&#xE9;as&#xFA;r\" class=\"wp-image-296\" srcset=\"https:\/\/www.mayodarkskypark.ie\/wp-content\/uploads\/2023\/11\/Stargazing-North2x2-1024x641.jpg 1024w, https:\/\/www.mayodarkskypark.ie\/wp-content\/uploads\/2023\/11\/Stargazing-North2x2-300x188.jpg 300w, https:\/\/www.mayodarkskypark.ie\/wp-content\/uploads\/2023\/11\/Stargazing-North2x2-768x481.jpg 768w, https:\/\/www.mayodarkskypark.ie\/wp-content\/uploads\/2023\/11\/Stargazing-North2x2.jpg 1206w\" sizes=\"auto, (max-width: 1024px) 100vw, 1024px\" \/><\/figure>\n\n\n\n<h2 class=\"wp-block-heading\">Breathn\u00fa \u00f3 Thuaidh<\/h2>\n\n\n\n<p><strong>R\u00e9altbhu\u00edonta Thimpholacha<\/strong> \u2013 mar a thugann an t-ainm le fios, ciorcla\u00edonn na r\u00e9altghr\u00fapa\u00ed seo an Pol Neamha\u00ed \u2013 an pointe ar an sp\u00e9ir d\u00edreach os cionn an Pol Thuaidh \u2013 agus n\u00ed shocra\u00edtear riamh. Ar an \u00e1bhar sin t\u00e1 siad le feice\u00e1il i gc\u00f3na\u00ed (\u00f3n Leathsf\u00e9ar Thuaidh).<br\/><br\/><strong>Polaris<\/strong> \u2013 Sol\u00e1thra\u00edonn An R\u00e9alta Thuaidh bealach maith chun Tuaisceart a fh\u00e1il. F\u00e9ach ar conas Polaris a aimsi\u00fa ag baint \u00fas\u00e1id as pointeoir r\u00e9alta\u00ed <a href=\"https:\/\/www.mayodarkskypark.ie\/ga\/faigh-amach\/an-realta-thuaidh\/\" data-type=\"page\" data-id=\"199\">in\u00e1r dtreoir<\/a>.<\/p>\n\n\n\n<p><strong>Caiseoip\u00e9<\/strong> \u2013 B\u00ed ag faire amach don ghr\u00fapa r\u00e9alta\u00ed a dh\u00e9anann \u201cM\u201d n\u00f3 \u201cW\u201d ollmh\u00f3r (ag brath ar am na bliana). Is \u00ed Caiseoip\u00e9 banr\u00edon d\u00edomasach &amp; m\u00f3rtasach na hAet\u00f3ipe.<\/p>\n\n\n\n<p><strong>Ursa Major<\/strong> \u2013 An laidin le haghaidh \u201can B\u00e9ar M\u00f3r\u201d, cuims\u00edonn an r\u00e9altbhu\u00edon aitheanta seo na seacht r\u00e9alta a dh\u00e9anann \u201cAn C\u00e9achta\u201d (ar a dtugtar \u201cAn Camch\u00e9achta\u201d freisin).<\/p>\n\n\n\n<p><strong>Ursa Minor<\/strong> \u2013 D\u00e9anann Polaris cr\u00edoch eireaball Ursa Minor, \u201can B\u00e9ar Beag\u201d (\u201cAn Camch\u00e9achta\u201d freisin). Is iad Kochab agus Pherkad an d\u00e1 r\u00e9alta ag an taobh eile agus tugtar Caomhn\u00f3ir\u00ed an Phoil orthu.<\/p>\n\n\n\n<figure class=\"wp-block-image aligncenter size-large\"><img loading=\"lazy\" decoding=\"async\" width=\"1024\" height=\"641\" src=\"https:\/\/www.mayodarkskypark.ie\/wp-content\/uploads\/2023\/11\/Stargazing-South2x2-1024x641.jpg\" alt=\"Treoir L&#xE9;arsc&#xE1;ile R&#xE9;alta R&#xE9;altbhu&#xED;on do gach S&#xE9;as&#xFA;r\" class=\"wp-image-297\" srcset=\"https:\/\/www.mayodarkskypark.ie\/wp-content\/uploads\/2023\/11\/Stargazing-South2x2-1024x641.jpg 1024w, https:\/\/www.mayodarkskypark.ie\/wp-content\/uploads\/2023\/11\/Stargazing-South2x2-300x188.jpg 300w, https:\/\/www.mayodarkskypark.ie\/wp-content\/uploads\/2023\/11\/Stargazing-South2x2-768x481.jpg 768w, https:\/\/www.mayodarkskypark.ie\/wp-content\/uploads\/2023\/11\/Stargazing-South2x2.jpg 1206w\" sizes=\"auto, (max-width: 1024px) 100vw, 1024px\" \/><\/figure>\n\n\n\n<h2 class=\"wp-block-heading\">Breathn\u00fa \u00f3 Dheas<\/h2>\n\n\n\n<p>Athra\u00edonn r\u00e9alta\u00ed sa sp\u00e9ir theas leis na s\u00e9as\u00fair:<\/p>\n\n\n\n<p><strong>Leo<\/strong> \u2013 San Earrach, lorg gr\u00fapa r\u00e9alta\u00ed i gcruth comhartha ceiste droim ar ais. Is \u00e9 seo ceann na r\u00e9altbhu\u00edonta ar a dtugtar Leo (an Leon).<\/p>\n\n\n\n<p>Is cos\u00fail go bhfuil <strong>Cygnus<\/strong> \u2018an Eala\u2019 ag eitilt s\u00edos Bealach na B\u00f3 Finne. B\u00ed ag faire amach don Triant\u00e1n an tSamhraidh freisin \u2013 cruth 3 r\u00e9alta gheala; Deneb, Vega agus Altair.<\/p>\n\n\n\n<p><strong>Pegasus<\/strong> \u2013 T\u00e1 an capall eiteach finsc\u00e9ala\u00edochta feice\u00e1lach san Fh\u00f3mhar. T\u00e1 corp Pegasus cruthaithe ag an gCearn\u00f3g Mh\u00f3r. In ainneoin a mh\u00e9ide, is beag r\u00e9alta at\u00e1 i Pegasus i gcompar\u00e1id le r\u00e9altbhu\u00edonta eile.<\/p>\n\n\n\n<p><strong>Andraim\u00e9ide<\/strong> \u2013 D\u00edreach in aice le Pegasus t\u00e1 an r\u00e9altra m\u00f3r is gaire d\u00fainn \u2013 Andraim\u00e9ide. T\u00e1 s\u00e9 le feice\u00e1il mar blob s\u00ednte doil\u00e9ir i r\u00e9altbhu\u00edon Andraim\u00e9ide, ach t\u00e1 s\u00e9 thart ar dh\u00e1 oiread n\u00edos m\u00f3 n\u00e1 \u00e1r r\u00e9altra f\u00e9in agus \u00e9 2.5 milli\u00fan solasbhliain ar shi\u00fal!<\/p>\n\n\n\n<p><strong>Orion<\/strong> \u2013 I m\u00edonna an gheimhridh, t\u00e1 Orion \u2018an Bhanl\u00e1mh\u2019 \u00f3 mhiotaseola\u00edocht na Gr\u00e9ige feice\u00e1lach. Is furasta a chrios a fheice\u00e1il \u2013 d\u00e9anta ag 3 r\u00e9alta gheala.<\/p>\n\n\n\n<div class=\"wp-block-buttons is-layout-flex wp-block-buttons-is-layout-flex\">\n<div class=\"wp-block-button\"><a class=\"wp-block-button__link wp-element-button\" href=\"https:\/\/www.mayodarkskypark.ie\/wp-content\/uploads\/2023\/11\/MDSP-Starchart-v1.pdf\" target=\"_blank\" rel=\"noreferrer noopener\">L\u00e9arsc\u00e1ileanna R\u00e9alta<\/a><\/div>\n<\/div>\n\n\n\n<figure class=\"wp-block-image aligncenter size-large\"><img loading=\"lazy\" decoding=\"async\" width=\"584\" height=\"1024\" src=\"https:\/\/www.mayodarkskypark.ie\/wp-content\/uploads\/2023\/11\/Stargazing-All-584x1024.jpg\" alt=\"Treoir R&#xE9;alt&#xF3;ireachta\" class=\"wp-image-298\" srcset=\"https:\/\/www.mayodarkskypark.ie\/wp-content\/uploads\/2023\/11\/Stargazing-All-584x1024.jpg 584w, https:\/\/www.mayodarkskypark.ie\/wp-content\/uploads\/2023\/11\/Stargazing-All-171x300.jpg 171w, https:\/\/www.mayodarkskypark.ie\/wp-content\/uploads\/2023\/11\/Stargazing-All-768x1347.jpg 768w, https:\/\/www.mayodarkskypark.ie\/wp-content\/uploads\/2023\/11\/Stargazing-All-876x1536.jpg 876w, https:\/\/www.mayodarkskypark.ie\/wp-content\/uploads\/2023\/11\/Stargazing-All-1168x2048.jpg 1168w, https:\/\/www.mayodarkskypark.ie\/wp-content\/uploads\/2023\/11\/Stargazing-All.jpg 1200w\" sizes=\"auto, (max-width: 584px) 100vw, 584px\" \/><\/figure>\n<\/div>\n<\/div>\n","protected":false},"excerpt":{"rendered":"<p>R\u00e9alt\u00f3ireacht Feicfidh t\u00fa na r\u00e9alta\u00ed len\u00e1r dtreoir chabhrach ar cad ba cheart duit a bheith ag faire amach d\u00f3. Breathn\u00fa \u00f3 Thuaidh R\u00e9altbhu\u00edonta Thimpholacha \u2013 mar a thugann an t-ainm le fios, ciorcla\u00edonn na r\u00e9altghr\u00fapa\u00ed seo an Pol Neamha\u00ed \u2013 an pointe ar an sp\u00e9ir d\u00edreach os cionn an Pol Thuaidh \u2013 agus n\u00ed shocra\u00edtear [&hellip;]<\/p>\n","protected":false},"author":1,"featured_media":520,"parent":599,"menu_order":0,"comment_status":"closed","ping_status":"closed","template":"","meta":{"_uag_custom_page_level_css":"","site-sidebar-layout":"default","site-content-layout":"","ast-site-content-layout":"default","site-content-style":"default","site-sidebar-style":"default","ast-global-header-display":"","ast-banner-title-visibility":"","ast-main-header-display":"","ast-hfb-above-header-display":"","ast-hfb-below-header-display":"","ast-hfb-mobile-header-display":"","site-post-title":"disabled","ast-breadcrumbs-content":"","ast-featured-img":"","footer-sml-layout":"","ast-disable-related-posts":"","theme-transparent-header-meta":"","adv-header-id-meta":"","stick-header-meta":"","header-above-stick-meta":"","header-main-stick-meta":"","header-below-stick-meta":"","astra-migrate-meta-layouts":"default","ast-page-background-enabled":"default","ast-page-background-meta":{"desktop":{"background-color":"var(--ast-global-color-4)","background-image":"","background-repeat":"repeat","background-position":"center center","background-size":"auto","background-attachment":"scroll","background-type":"","background-media":"","overlay-type":"","overlay-color":"","overlay-opacity":"","overlay-gradient":""},"tablet":{"background-color":"","background-image":"","background-repeat":"repeat","background-position":"center center","background-size":"auto","background-attachment":"scroll","background-type":"","background-media":"","overlay-type":"","overlay-color":"","overlay-opacity":"","overlay-gradient":""},"mobile":{"background-color":"","background-image":"","background-repeat":"repeat","background-position":"center center","background-size":"auto","background-attachment":"scroll","background-type":"","background-media":"","overlay-type":"","overlay-color":"","overlay-opacity":"","overlay-gradient":""}},"ast-content-background-meta":{"desktop":{"background-color":"var(--ast-global-color-5)","background-image":"","background-repeat":"repeat","background-position":"center center","background-size":"auto","background-attachment":"scroll","background-type":"","background-media":"","overlay-type":"","overlay-color":"","overlay-opacity":"","overlay-gradient":""},"tablet":{"background-color":"var(--ast-global-color-5)","background-image":"","background-repeat":"repeat","background-position":"center center","background-size":"auto","background-attachment":"scroll","background-type":"","background-media":"","overlay-type":"","overlay-color":"","overlay-opacity":"","overlay-gradient":""},"mobile":{"background-color":"var(--ast-global-color-5)","background-image":"","background-repeat":"repeat","background-position":"center center","background-size":"auto","background-attachment":"scroll","background-type":"","background-media":"","overlay-type":"","overlay-color":"","overlay-opacity":"","overlay-gradient":""}},"footnotes":""},"class_list":["post-637","page","type-page","status-publish","has-post-thumbnail","hentry"],"yoast_head":"<!-- This site is optimized with the Yoast SEO plugin v27.3 - https:\/\/yoast.com\/product\/yoast-seo-wordpress\/ -->\n<title>R\u00e9alt\u00f3ireacht - P\u00e1irc Sp\u00e9ire Dorcha Mhaigh Eo<\/title>\n<meta name=\"robots\" content=\"index, follow, max-snippet:-1, max-image-preview:large, max-video-preview:-1\" \/>\n<link rel=\"canonical\" href=\"https:\/\/www.mayodarkskypark.ie\/ga\/faigh-amach\/realtoireacht\/\" \/>\n<meta property=\"og:locale\" content=\"ga_IE\" \/>\n<meta property=\"og:type\" content=\"article\" \/>\n<meta property=\"og:title\" content=\"R\u00e9alt\u00f3ireacht - P\u00e1irc Sp\u00e9ire Dorcha Mhaigh Eo\" \/>\n<meta property=\"og:description\" content=\"R\u00e9alt\u00f3ireacht Feicfidh t\u00fa na r\u00e9alta\u00ed len\u00e1r dtreoir chabhrach ar cad ba cheart duit a bheith ag faire amach d\u00f3. Breathn\u00fa \u00f3 Thuaidh R\u00e9altbhu\u00edonta Thimpholacha \u2013 mar a thugann an t-ainm le fios, ciorcla\u00edonn na r\u00e9altghr\u00fapa\u00ed seo an Pol Neamha\u00ed \u2013 an pointe ar an sp\u00e9ir d\u00edreach os cionn an Pol Thuaidh \u2013 agus n\u00ed shocra\u00edtear [&hellip;]\" \/>\n<meta property=\"og:url\" content=\"https:\/\/www.mayodarkskypark.ie\/ga\/faigh-amach\/realtoireacht\/\" \/>\n<meta property=\"og:site_name\" content=\"P\u00e1irc Sp\u00e9ire Dorcha Mhaigh Eo\" \/>\n<meta property=\"article:publisher\" content=\"https:\/\/www.facebook.com\/mayodarkskies\/\" \/>\n<meta property=\"article:modified_time\" content=\"2025-01-09T08:44:35+00:00\" \/>\n<meta property=\"og:image\" content=\"https:\/\/www.mayodarkskypark.ie\/wp-content\/uploads\/2023\/11\/Banner11.jpg\" \/>\n\t<meta property=\"og:image:width\" content=\"1200\" \/>\n\t<meta property=\"og:image:height\" content=\"265\" \/>\n\t<meta property=\"og:image:type\" content=\"image\/jpeg\" \/>\n<meta name=\"twitter:card\" content=\"summary_large_image\" \/>\n<meta name=\"twitter:label1\" content=\"Est. reading time\" \/>\n\t<meta name=\"twitter:data1\" content=\"2 minutes\" \/>\n<script type=\"application\/ld+json\" class=\"yoast-schema-graph\">{\"@context\":\"https:\\\/\\\/schema.org\",\"@graph\":[{\"@type\":\"WebPage\",\"@id\":\"https:\\\/\\\/www.mayodarkskypark.ie\\\/ga\\\/faigh-amach\\\/realtoireacht\\\/\",\"url\":\"https:\\\/\\\/www.mayodarkskypark.ie\\\/ga\\\/faigh-amach\\\/realtoireacht\\\/\",\"name\":\"R\u00e9alt\u00f3ireacht - P\u00e1irc Sp\u00e9ire Dorcha Mhaigh Eo\",\"isPartOf\":{\"@id\":\"https:\\\/\\\/www.mayodarkskypark.ie\\\/#website\"},\"primaryImageOfPage\":{\"@id\":\"https:\\\/\\\/www.mayodarkskypark.ie\\\/ga\\\/faigh-amach\\\/realtoireacht\\\/#primaryimage\"},\"image\":{\"@id\":\"https:\\\/\\\/www.mayodarkskypark.ie\\\/ga\\\/faigh-amach\\\/realtoireacht\\\/#primaryimage\"},\"thumbnailUrl\":\"https:\\\/\\\/www.mayodarkskypark.ie\\\/wp-content\\\/uploads\\\/2023\\\/11\\\/Banner11.jpg\",\"datePublished\":\"2023-11-28T14:11:16+00:00\",\"dateModified\":\"2025-01-09T08:44:35+00:00\",\"breadcrumb\":{\"@id\":\"https:\\\/\\\/www.mayodarkskypark.ie\\\/ga\\\/faigh-amach\\\/realtoireacht\\\/#breadcrumb\"},\"inLanguage\":\"ga-IE\",\"potentialAction\":[{\"@type\":\"ReadAction\",\"target\":[\"https:\\\/\\\/www.mayodarkskypark.ie\\\/ga\\\/faigh-amach\\\/realtoireacht\\\/\"]}]},{\"@type\":\"ImageObject\",\"inLanguage\":\"ga-IE\",\"@id\":\"https:\\\/\\\/www.mayodarkskypark.ie\\\/ga\\\/faigh-amach\\\/realtoireacht\\\/#primaryimage\",\"url\":\"https:\\\/\\\/www.mayodarkskypark.ie\\\/wp-content\\\/uploads\\\/2023\\\/11\\\/Banner11.jpg\",\"contentUrl\":\"https:\\\/\\\/www.mayodarkskypark.ie\\\/wp-content\\\/uploads\\\/2023\\\/11\\\/Banner11.jpg\",\"width\":1200,\"height\":265},{\"@type\":\"BreadcrumbList\",\"@id\":\"https:\\\/\\\/www.mayodarkskypark.ie\\\/ga\\\/faigh-amach\\\/realtoireacht\\\/#breadcrumb\",\"itemListElement\":[{\"@type\":\"ListItem\",\"position\":1,\"name\":\"Home\",\"item\":\"https:\\\/\\\/www.mayodarkskypark.ie\\\/ga\\\/\"},{\"@type\":\"ListItem\",\"position\":2,\"name\":\"Faigh Amach\",\"item\":\"https:\\\/\\\/www.mayodarkskypark.ie\\\/discover\\\/\"},{\"@type\":\"ListItem\",\"position\":3,\"name\":\"R\u00e9alt\u00f3ireacht\"}]},{\"@type\":\"WebSite\",\"@id\":\"https:\\\/\\\/www.mayodarkskypark.ie\\\/#website\",\"url\":\"https:\\\/\\\/www.mayodarkskypark.ie\\\/\",\"name\":\"Mayo Dark Sky Park\",\"description\":\"International Dark Sky Place of the Year 2024\",\"publisher\":{\"@id\":\"https:\\\/\\\/www.mayodarkskypark.ie\\\/#organization\"},\"potentialAction\":[{\"@type\":\"SearchAction\",\"target\":{\"@type\":\"EntryPoint\",\"urlTemplate\":\"https:\\\/\\\/www.mayodarkskypark.ie\\\/?s={search_term_string}\"},\"query-input\":{\"@type\":\"PropertyValueSpecification\",\"valueRequired\":true,\"valueName\":\"search_term_string\"}}],\"inLanguage\":\"ga-IE\"},{\"@type\":\"Organization\",\"@id\":\"https:\\\/\\\/www.mayodarkskypark.ie\\\/#organization\",\"name\":\"Mayo Dark Sky Park\",\"url\":\"https:\\\/\\\/www.mayodarkskypark.ie\\\/\",\"logo\":{\"@type\":\"ImageObject\",\"inLanguage\":\"ga-IE\",\"@id\":\"https:\\\/\\\/www.mayodarkskypark.ie\\\/#\\\/schema\\\/logo\\\/image\\\/\",\"url\":\"https:\\\/\\\/www.mayodarkskypark.ie\\\/wp-content\\\/uploads\\\/2023\\\/11\\\/mayo-dark-sky-park.png\",\"contentUrl\":\"https:\\\/\\\/www.mayodarkskypark.ie\\\/wp-content\\\/uploads\\\/2023\\\/11\\\/mayo-dark-sky-park.png\",\"width\":246,\"height\":70,\"caption\":\"Mayo Dark Sky Park\"},\"image\":{\"@id\":\"https:\\\/\\\/www.mayodarkskypark.ie\\\/#\\\/schema\\\/logo\\\/image\\\/\"},\"sameAs\":[\"https:\\\/\\\/www.facebook.com\\\/mayodarkskies\\\/\"]}]}<\/script>\n<!-- \/ Yoast SEO plugin. -->","yoast_head_json":{"title":"R\u00e9alt\u00f3ireacht - P\u00e1irc Sp\u00e9ire Dorcha Mhaigh Eo","robots":{"index":"index","follow":"follow","max-snippet":"max-snippet:-1","max-image-preview":"max-image-preview:large","max-video-preview":"max-video-preview:-1"},"canonical":"https:\/\/www.mayodarkskypark.ie\/ga\/faigh-amach\/realtoireacht\/","og_locale":"ga_IE","og_type":"article","og_title":"R\u00e9alt\u00f3ireacht - P\u00e1irc Sp\u00e9ire Dorcha Mhaigh Eo","og_description":"R\u00e9alt\u00f3ireacht Feicfidh t\u00fa na r\u00e9alta\u00ed len\u00e1r dtreoir chabhrach ar cad ba cheart duit a bheith ag faire amach d\u00f3. Breathn\u00fa \u00f3 Thuaidh R\u00e9altbhu\u00edonta Thimpholacha \u2013 mar a thugann an t-ainm le fios, ciorcla\u00edonn na r\u00e9altghr\u00fapa\u00ed seo an Pol Neamha\u00ed \u2013 an pointe ar an sp\u00e9ir d\u00edreach os cionn an Pol Thuaidh \u2013 agus n\u00ed shocra\u00edtear [&hellip;]","og_url":"https:\/\/www.mayodarkskypark.ie\/ga\/faigh-amach\/realtoireacht\/","og_site_name":"P\u00e1irc Sp\u00e9ire Dorcha Mhaigh Eo","article_publisher":"https:\/\/www.facebook.com\/mayodarkskies\/","article_modified_time":"2025-01-09T08:44:35+00:00","og_image":[{"width":1200,"height":265,"url":"https:\/\/www.mayodarkskypark.ie\/wp-content\/uploads\/2023\/11\/Banner11.jpg","type":"image\/jpeg"}],"twitter_card":"summary_large_image","twitter_misc":{"Est. reading time":"2 minutes"},"schema":{"@context":"https:\/\/schema.org","@graph":[{"@type":"WebPage","@id":"https:\/\/www.mayodarkskypark.ie\/ga\/faigh-amach\/realtoireacht\/","url":"https:\/\/www.mayodarkskypark.ie\/ga\/faigh-amach\/realtoireacht\/","name":"R\u00e9alt\u00f3ireacht - P\u00e1irc Sp\u00e9ire Dorcha Mhaigh Eo","isPartOf":{"@id":"https:\/\/www.mayodarkskypark.ie\/#website"},"primaryImageOfPage":{"@id":"https:\/\/www.mayodarkskypark.ie\/ga\/faigh-amach\/realtoireacht\/#primaryimage"},"image":{"@id":"https:\/\/www.mayodarkskypark.ie\/ga\/faigh-amach\/realtoireacht\/#primaryimage"},"thumbnailUrl":"https:\/\/www.mayodarkskypark.ie\/wp-content\/uploads\/2023\/11\/Banner11.jpg","datePublished":"2023-11-28T14:11:16+00:00","dateModified":"2025-01-09T08:44:35+00:00","breadcrumb":{"@id":"https:\/\/www.mayodarkskypark.ie\/ga\/faigh-amach\/realtoireacht\/#breadcrumb"},"inLanguage":"ga-IE","potentialAction":[{"@type":"ReadAction","target":["https:\/\/www.mayodarkskypark.ie\/ga\/faigh-amach\/realtoireacht\/"]}]},{"@type":"ImageObject","inLanguage":"ga-IE","@id":"https:\/\/www.mayodarkskypark.ie\/ga\/faigh-amach\/realtoireacht\/#primaryimage","url":"https:\/\/www.mayodarkskypark.ie\/wp-content\/uploads\/2023\/11\/Banner11.jpg","contentUrl":"https:\/\/www.mayodarkskypark.ie\/wp-content\/uploads\/2023\/11\/Banner11.jpg","width":1200,"height":265},{"@type":"BreadcrumbList","@id":"https:\/\/www.mayodarkskypark.ie\/ga\/faigh-amach\/realtoireacht\/#breadcrumb","itemListElement":[{"@type":"ListItem","position":1,"name":"Home","item":"https:\/\/www.mayodarkskypark.ie\/ga\/"},{"@type":"ListItem","position":2,"name":"Faigh Amach","item":"https:\/\/www.mayodarkskypark.ie\/discover\/"},{"@type":"ListItem","position":3,"name":"R\u00e9alt\u00f3ireacht"}]},{"@type":"WebSite","@id":"https:\/\/www.mayodarkskypark.ie\/#website","url":"https:\/\/www.mayodarkskypark.ie\/","name":"Mayo Dark Sky Park","description":"International Dark Sky Place of the Year 2024","publisher":{"@id":"https:\/\/www.mayodarkskypark.ie\/#organization"},"potentialAction":[{"@type":"SearchAction","target":{"@type":"EntryPoint","urlTemplate":"https:\/\/www.mayodarkskypark.ie\/?s={search_term_string}"},"query-input":{"@type":"PropertyValueSpecification","valueRequired":true,"valueName":"search_term_string"}}],"inLanguage":"ga-IE"},{"@type":"Organization","@id":"https:\/\/www.mayodarkskypark.ie\/#organization","name":"Mayo Dark Sky Park","url":"https:\/\/www.mayodarkskypark.ie\/","logo":{"@type":"ImageObject","inLanguage":"ga-IE","@id":"https:\/\/www.mayodarkskypark.ie\/#\/schema\/logo\/image\/","url":"https:\/\/www.mayodarkskypark.ie\/wp-content\/uploads\/2023\/11\/mayo-dark-sky-park.png","contentUrl":"https:\/\/www.mayodarkskypark.ie\/wp-content\/uploads\/2023\/11\/mayo-dark-sky-park.png","width":246,"height":70,"caption":"Mayo Dark Sky Park"},"image":{"@id":"https:\/\/www.mayodarkskypark.ie\/#\/schema\/logo\/image\/"},"sameAs":["https:\/\/www.facebook.com\/mayodarkskies\/"]}]}},"spectra_custom_meta":{"adv-header-id-meta":[""],"stick-header-meta":[""],"site-post-title":["disabled"],"ast-featured-img":[""],"theme-transparent-header-meta":[""],"_top_nav_excluded":[""],"_cms_nav_minihome":[""],"_thumbnail_id":["520"],"_last_translation_edit_mode":["translation-editor"],"_tribe_ticket_capacity":["0"],"_tribe_ticket_version":["5.13.4"],"ast-banner-title-visibility":[""],"_uag_css_file_name":["uag-css-637.css"],"_uag_page_assets":["a:9:{s:3:\"css\";s:263:\".uag-blocks-common-selector{z-index:var(--z-index-desktop) !important}@media (max-width: 976px){.uag-blocks-common-selector{z-index:var(--z-index-tablet) !important}}@media (max-width: 767px){.uag-blocks-common-selector{z-index:var(--z-index-mobile) !important}}\n\";s:2:\"js\";s:0:\"\";s:18:\"current_block_list\";a:10:{i:0;s:12:\"core\/heading\";i:1;s:12:\"core\/columns\";i:2;s:11:\"core\/column\";i:3;s:14:\"core\/paragraph\";i:4;s:10:\"core\/image\";i:5;s:12:\"core\/buttons\";i:6;s:11:\"core\/button\";i:7;s:10:\"core\/group\";i:9;s:9:\"core\/html\";i:10;s:11:\"core\/spacer\";}s:8:\"uag_flag\";b:0;s:11:\"uag_version\";s:10:\"1776089062\";s:6:\"gfonts\";a:0:{}s:10:\"gfonts_url\";s:0:\"\";s:12:\"gfonts_files\";a:0:{}s:14:\"uag_faq_layout\";b:0;}"]},"uagb_featured_image_src":{"full":["https:\/\/www.mayodarkskypark.ie\/wp-content\/uploads\/2023\/11\/Banner11.jpg",1200,265,false],"thumbnail":["https:\/\/www.mayodarkskypark.ie\/wp-content\/uploads\/2023\/11\/Banner11-150x150.jpg",150,150,true],"medium":["https:\/\/www.mayodarkskypark.ie\/wp-content\/uploads\/2023\/11\/Banner11-300x66.jpg",300,66,true],"medium_large":["https:\/\/www.mayodarkskypark.ie\/wp-content\/uploads\/2023\/11\/Banner11-768x170.jpg",768,170,true],"large":["https:\/\/www.mayodarkskypark.ie\/wp-content\/uploads\/2023\/11\/Banner11-1024x226.jpg",1024,226,true],"1536x1536":["https:\/\/www.mayodarkskypark.ie\/wp-content\/uploads\/2023\/11\/Banner11.jpg",1200,265,false],"2048x2048":["https:\/\/www.mayodarkskypark.ie\/wp-content\/uploads\/2023\/11\/Banner11.jpg",1200,265,false]},"uagb_author_info":{"display_name":"Robert Lockwood","author_link":"https:\/\/www.mayodarkskypark.ie\/ga\/author\/robert-lockwood\/"},"uagb_comment_info":0,"uagb_excerpt":"R\u00e9alt\u00f3ireacht Feicfidh t\u00fa na r\u00e9alta\u00ed len\u00e1r dtreoir chabhrach ar cad ba cheart duit a bheith ag faire amach d\u00f3. Breathn\u00fa \u00f3 Thuaidh R\u00e9altbhu\u00edonta Thimpholacha \u2013 mar a thugann an t-ainm le fios, ciorcla\u00edonn na r\u00e9altghr\u00fapa\u00ed seo an Pol Neamha\u00ed \u2013 an pointe ar an sp\u00e9ir d\u00edreach os cionn an Pol Thuaidh \u2013 agus n\u00ed shocra\u00edtear&hellip;","_links":{"self":[{"href":"https:\/\/www.mayodarkskypark.ie\/ga\/wp-json\/wp\/v2\/pages\/637","targetHints":{"allow":["GET"]}}],"collection":[{"href":"https:\/\/www.mayodarkskypark.ie\/ga\/wp-json\/wp\/v2\/pages"}],"about":[{"href":"https:\/\/www.mayodarkskypark.ie\/ga\/wp-json\/wp\/v2\/types\/page"}],"author":[{"embeddable":true,"href":"https:\/\/www.mayodarkskypark.ie\/ga\/wp-json\/wp\/v2\/users\/1"}],"replies":[{"embeddable":true,"href":"https:\/\/www.mayodarkskypark.ie\/ga\/wp-json\/wp\/v2\/comments?post=637"}],"version-history":[{"count":1,"href":"https:\/\/www.mayodarkskypark.ie\/ga\/wp-json\/wp\/v2\/pages\/637\/revisions"}],"predecessor-version":[{"id":638,"href":"https:\/\/www.mayodarkskypark.ie\/ga\/wp-json\/wp\/v2\/pages\/637\/revisions\/638"}],"up":[{"embeddable":true,"href":"https:\/\/www.mayodarkskypark.ie\/ga\/wp-json\/wp\/v2\/pages\/599"}],"wp:featuredmedia":[{"embeddable":true,"href":"https:\/\/www.mayodarkskypark.ie\/ga\/wp-json\/wp\/v2\/media\/520"}],"wp:attachment":[{"href":"https:\/\/www.mayodarkskypark.ie\/ga\/wp-json\/wp\/v2\/media?parent=637"}],"curies":[{"name":"wp","href":"https:\/\/api.w.org\/{rel}","templated":true}]}}