{"id":641,"date":"2023-11-28T14:11:16","date_gmt":"2023-11-28T14:11:16","guid":{"rendered":"https:\/\/www.mayodarkskypark.ie\/faigh-amach\/an-ghealach\/"},"modified":"2025-01-09T08:48:00","modified_gmt":"2025-01-09T08:48:00","slug":"an-ghealach","status":"publish","type":"page","link":"https:\/\/www.mayodarkskypark.ie\/ga\/faigh-amach\/an-ghealach\/","title":{"rendered":"An Ghealach"},"content":{"rendered":"\n<h1 class=\"wp-block-heading\">An <mark style=\"background-color:rgba(0, 0, 0, 0)\" class=\"has-inline-color has-ast-global-color-1-color\">Ghealach<\/mark><\/h1>\n\n<div class=\"wp-block-columns is-layout-flex wp-container-core-columns-is-layout-e0e4babd wp-block-columns-is-layout-flex\" style=\"padding-right:0;padding-left:0\">\n<div class=\"wp-block-column is-layout-flow wp-block-column-is-layout-flow\">\n<p><strong>C\u00e9im Bheag Amh\u00e1in<\/strong>\u2026.<\/p>\n\n\n\n<p>Is \u00ed an Ghealach an comharsa is gaire d\u00fainn sa sp\u00e1s. Riala\u00edonn a dtarraingt imtharraingteach \u00e1r dtaoid\u00ed agus athra\u00edonn an m\u00e9id dromchla soilsithe a fheicimid de r\u00e9ir mar a ghluaiseann an Ghealach timpeall an Domhain agus a thugann na c\u00e9imeanna geala\u00ed d\u00fainn. T\u00f3gann s\u00e9 timpeall 29.5 l\u00e1 don Gealach an Domhan a fhithisi\u00fa. Coinn\u00edonn rothl\u00fa na Geala\u00ed suas lena fithis timpeall an Domhain, rud a chialla\u00edonn nach bhfeicimid ach taobh amh\u00e1in \u2013 an Taobh Gar \u2013 den Ghealach. <\/p>\n\n\n\n<p>T\u00e1 \u00e1r m\u00edonna bunaithe ar an timthriall geala\u00ed 29.5 l\u00e1 seo \u2013 n\u00f3 &#8220;moonth&#8221; (is \u00e9 sin an \u00e1it a dtagann an focal \u201cmonth\u201d)!<\/p>\n\n\n\n<figure class=\"wp-block-image aligncenter size-full\"><img loading=\"lazy\" decoding=\"async\" width=\"600\" height=\"416\" src=\"https:\/\/www.mayodarkskypark.ie\/wp-content\/uploads\/2023\/11\/Moon-Phases.jpg\" alt=\"C&#xE9;imeanna Geala&#xED;\" class=\"wp-image-308\" srcset=\"https:\/\/www.mayodarkskypark.ie\/wp-content\/uploads\/2023\/11\/Moon-Phases.jpg 600w, https:\/\/www.mayodarkskypark.ie\/wp-content\/uploads\/2023\/11\/Moon-Phases-300x208.jpg 300w\" sizes=\"auto, (max-width: 600px) 100vw, 600px\" \/><\/figure>\n\n\n\n<p>N\u00ed ghineann an Ghealach aon solas d\u00e1 cuid f\u00e9in; n\u00ed soils\u00edonn s\u00e9 ach tr\u00ed sholas na gr\u00e9ine frithchaite. C\u00e9 go bhf\u00e9adfadh an solas at\u00e1 ag frithchaitheamh \u00f3 ghealach l\u00e1n \u00e1r n-amharc ar na r\u00e9alta\u00ed a cheilt, t\u00e1 a chr\u00e1it\u00e9ar marc\u00e1ilte dromchla &amp; \u201cfarraig\u00ed\u201d laibhe iontacha suimi\u00fail le breathn\u00fa orthu le d\u00e9sh\u00failigh agus pointe tosaigh iontach do r\u00e9alteolaithe \u00f3ga. Is iontach an t-am \u00e9 an Ghealach L\u00e1n freisin chun cleachtadh a dh\u00e9anamh ar \u00e1r scileanna f\u00eds o\u00edche n\u00e1d\u00fartha mar go bhfuil an solas a l\u00e9ir\u00edtear chomh geal sin, is f\u00e9idir leis cabhr\u00fa linn \u00e1r dtimpeallacht a fheice\u00e1il san o\u00edche. Ag an Ghealach L\u00e1n t\u00e1 s\u00e9 geal go leor fi\u00fa leabhar faoi chl\u00fadach bog a l\u00e9amh!<\/p>\n\n\n\n<p>Gn\u00edomha\u00edocht \u2013 C\u00e9n f\u00e1th nach gcuirf\u00ed t\u00fas le Dialann Geala\u00ed?! Breathnaigh ar \u00e1r <a href=\"https:\/\/www.mayodarkskypark.ie\/wp-content\/uploads\/2023\/11\/MDSP-MoonJournal-v1.pdf\" target=\"_blank\" rel=\"noreferrer noopener\">dteimpl\u00e9ad Loga Geala\u00ed<\/a> chun do bhreathnuithe geala\u00ed a thaifeadadh gach l\u00e1 ar feadh m\u00edosa.<\/p>\n\n\n\n<figure class=\"wp-block-image aligncenter size-full\"><img loading=\"lazy\" decoding=\"async\" width=\"600\" height=\"193\" src=\"https:\/\/www.mayodarkskypark.ie\/wp-content\/uploads\/2023\/11\/MoonObsJournal.jpg\" alt=\"Loga Breathnad&#xF3;ireachta na Geala&#xED;\" class=\"wp-image-310\" srcset=\"https:\/\/www.mayodarkskypark.ie\/wp-content\/uploads\/2023\/11\/MoonObsJournal.jpg 600w, https:\/\/www.mayodarkskypark.ie\/wp-content\/uploads\/2023\/11\/MoonObsJournal-300x97.jpg 300w\" sizes=\"auto, (max-width: 600px) 100vw, 600px\" \/><\/figure>\n\n\n\n<p><strong>Treoracha:<\/strong> Scr\u00edobh d\u00e1ta agus am \u00e1r breathnad\u00f3ireachta agus tarraing conas a bhreathna\u00edonn an Ghealach tr\u00ed na ciorcail a sc\u00e1th\u00fa chun cruth na geala\u00ed a l\u00e9iri\u00fa. Mar shampla \u2013 m\u00e1 fheiceann t\u00fa leath na geala\u00ed, sc\u00e1thaigh an taobh nach bhfeiceann t\u00fa sa chiorcal. M\u00e1 t\u00e1 s\u00e9 r\u00f3-scamallach an Ghealach a fheice\u00e1il, d\u00e9an n\u00f3ta de seo i do dhialann.<\/p>\n\n\n\n<p>Is f\u00e9idir leat lean\u00faint ar aghaidh leis an gcine\u00e1l seo iris agus t\u00fa ag foghlaim faoi f\u00e9achaint ar na r\u00e9alta\u00ed i sp\u00e9ir na ho\u00edche.<\/p>\n\n\n\n<script type=\"text\/javascript\" src=\"https:\/\/moonphases.co.uk\/js\/widget.js\" id=\"moonphase_widget\" widget=\"thin\" lat=\"\" lng=\"\" date=\"\"><\/script>\n<\/div>\n<\/div>\n","protected":false},"excerpt":{"rendered":"<p>An Ghealach C\u00e9im Bheag Amh\u00e1in\u2026. Is \u00ed an Ghealach an comharsa is gaire d\u00fainn sa sp\u00e1s. Riala\u00edonn a dtarraingt imtharraingteach \u00e1r dtaoid\u00ed agus athra\u00edonn an m\u00e9id dromchla soilsithe a fheicimid de r\u00e9ir mar a ghluaiseann an Ghealach timpeall an Domhain agus a thugann na c\u00e9imeanna geala\u00ed d\u00fainn. T\u00f3gann s\u00e9 timpeall 29.5 l\u00e1 don Gealach an [&hellip;]<\/p>\n","protected":false},"author":1,"featured_media":522,"parent":599,"menu_order":0,"comment_status":"closed","ping_status":"closed","template":"","meta":{"_uag_custom_page_level_css":"","site-sidebar-layout":"default","site-content-layout":"","ast-site-content-layout":"default","site-content-style":"default","site-sidebar-style":"default","ast-global-header-display":"","ast-banner-title-visibility":"","ast-main-header-display":"","ast-hfb-above-header-display":"","ast-hfb-below-header-display":"","ast-hfb-mobile-header-display":"","site-post-title":"disabled","ast-breadcrumbs-content":"","ast-featured-img":"","footer-sml-layout":"","ast-disable-related-posts":"","theme-transparent-header-meta":"","adv-header-id-meta":"","stick-header-meta":"","header-above-stick-meta":"","header-main-stick-meta":"","header-below-stick-meta":"","astra-migrate-meta-layouts":"default","ast-page-background-enabled":"default","ast-page-background-meta":{"desktop":{"background-color":"var(--ast-global-color-4)","background-image":"","background-repeat":"repeat","background-position":"center center","background-size":"auto","background-attachment":"scroll","background-type":"","background-media":"","overlay-type":"","overlay-color":"","overlay-opacity":"","overlay-gradient":""},"tablet":{"background-color":"","background-image":"","background-repeat":"repeat","background-position":"center center","background-size":"auto","background-attachment":"scroll","background-type":"","background-media":"","overlay-type":"","overlay-color":"","overlay-opacity":"","overlay-gradient":""},"mobile":{"background-color":"","background-image":"","background-repeat":"repeat","background-position":"center center","background-size":"auto","background-attachment":"scroll","background-type":"","background-media":"","overlay-type":"","overlay-color":"","overlay-opacity":"","overlay-gradient":""}},"ast-content-background-meta":{"desktop":{"background-color":"var(--ast-global-color-5)","background-image":"","background-repeat":"repeat","background-position":"center center","background-size":"auto","background-attachment":"scroll","background-type":"","background-media":"","overlay-type":"","overlay-color":"","overlay-opacity":"","overlay-gradient":""},"tablet":{"background-color":"var(--ast-global-color-5)","background-image":"","background-repeat":"repeat","background-position":"center center","background-size":"auto","background-attachment":"scroll","background-type":"","background-media":"","overlay-type":"","overlay-color":"","overlay-opacity":"","overlay-gradient":""},"mobile":{"background-color":"var(--ast-global-color-5)","background-image":"","background-repeat":"repeat","background-position":"center center","background-size":"auto","background-attachment":"scroll","background-type":"","background-media":"","overlay-type":"","overlay-color":"","overlay-opacity":"","overlay-gradient":""}},"footnotes":""},"class_list":["post-641","page","type-page","status-publish","has-post-thumbnail","hentry"],"yoast_head":"<!-- This site is optimized with the Yoast SEO plugin v27.3 - https:\/\/yoast.com\/product\/yoast-seo-wordpress\/ -->\n<title>An Ghealach - P\u00e1irc Sp\u00e9ire Dorcha Mhaigh Eo<\/title>\n<meta name=\"robots\" content=\"index, follow, max-snippet:-1, max-image-preview:large, max-video-preview:-1\" \/>\n<link rel=\"canonical\" href=\"https:\/\/www.mayodarkskypark.ie\/ga\/faigh-amach\/an-ghealach\/\" \/>\n<meta property=\"og:locale\" content=\"ga_IE\" \/>\n<meta property=\"og:type\" content=\"article\" \/>\n<meta property=\"og:title\" content=\"An Ghealach - P\u00e1irc Sp\u00e9ire Dorcha Mhaigh Eo\" \/>\n<meta property=\"og:description\" content=\"An Ghealach C\u00e9im Bheag Amh\u00e1in\u2026. Is \u00ed an Ghealach an comharsa is gaire d\u00fainn sa sp\u00e1s. Riala\u00edonn a dtarraingt imtharraingteach \u00e1r dtaoid\u00ed agus athra\u00edonn an m\u00e9id dromchla soilsithe a fheicimid de r\u00e9ir mar a ghluaiseann an Ghealach timpeall an Domhain agus a thugann na c\u00e9imeanna geala\u00ed d\u00fainn. T\u00f3gann s\u00e9 timpeall 29.5 l\u00e1 don Gealach an [&hellip;]\" \/>\n<meta property=\"og:url\" content=\"https:\/\/www.mayodarkskypark.ie\/ga\/faigh-amach\/an-ghealach\/\" \/>\n<meta property=\"og:site_name\" content=\"P\u00e1irc Sp\u00e9ire Dorcha Mhaigh Eo\" \/>\n<meta property=\"article:publisher\" content=\"https:\/\/www.facebook.com\/mayodarkskies\/\" \/>\n<meta property=\"article:modified_time\" content=\"2025-01-09T08:48:00+00:00\" \/>\n<meta property=\"og:image\" content=\"https:\/\/www.mayodarkskypark.ie\/wp-content\/uploads\/2023\/11\/Banner14.jpg\" \/>\n\t<meta property=\"og:image:width\" content=\"1200\" \/>\n\t<meta property=\"og:image:height\" content=\"265\" \/>\n\t<meta property=\"og:image:type\" content=\"image\/jpeg\" \/>\n<meta name=\"twitter:card\" content=\"summary_large_image\" \/>\n<meta name=\"twitter:label1\" content=\"Est. reading time\" \/>\n\t<meta name=\"twitter:data1\" content=\"2 minutes\" \/>\n<script type=\"application\/ld+json\" class=\"yoast-schema-graph\">{\"@context\":\"https:\\\/\\\/schema.org\",\"@graph\":[{\"@type\":\"WebPage\",\"@id\":\"https:\\\/\\\/www.mayodarkskypark.ie\\\/ga\\\/faigh-amach\\\/an-ghealach\\\/\",\"url\":\"https:\\\/\\\/www.mayodarkskypark.ie\\\/ga\\\/faigh-amach\\\/an-ghealach\\\/\",\"name\":\"An Ghealach - P\u00e1irc Sp\u00e9ire Dorcha Mhaigh Eo\",\"isPartOf\":{\"@id\":\"https:\\\/\\\/www.mayodarkskypark.ie\\\/#website\"},\"primaryImageOfPage\":{\"@id\":\"https:\\\/\\\/www.mayodarkskypark.ie\\\/ga\\\/faigh-amach\\\/an-ghealach\\\/#primaryimage\"},\"image\":{\"@id\":\"https:\\\/\\\/www.mayodarkskypark.ie\\\/ga\\\/faigh-amach\\\/an-ghealach\\\/#primaryimage\"},\"thumbnailUrl\":\"https:\\\/\\\/www.mayodarkskypark.ie\\\/wp-content\\\/uploads\\\/2023\\\/11\\\/Banner14.jpg\",\"datePublished\":\"2023-11-28T14:11:16+00:00\",\"dateModified\":\"2025-01-09T08:48:00+00:00\",\"breadcrumb\":{\"@id\":\"https:\\\/\\\/www.mayodarkskypark.ie\\\/ga\\\/faigh-amach\\\/an-ghealach\\\/#breadcrumb\"},\"inLanguage\":\"ga-IE\",\"potentialAction\":[{\"@type\":\"ReadAction\",\"target\":[\"https:\\\/\\\/www.mayodarkskypark.ie\\\/ga\\\/faigh-amach\\\/an-ghealach\\\/\"]}]},{\"@type\":\"ImageObject\",\"inLanguage\":\"ga-IE\",\"@id\":\"https:\\\/\\\/www.mayodarkskypark.ie\\\/ga\\\/faigh-amach\\\/an-ghealach\\\/#primaryimage\",\"url\":\"https:\\\/\\\/www.mayodarkskypark.ie\\\/wp-content\\\/uploads\\\/2023\\\/11\\\/Banner14.jpg\",\"contentUrl\":\"https:\\\/\\\/www.mayodarkskypark.ie\\\/wp-content\\\/uploads\\\/2023\\\/11\\\/Banner14.jpg\",\"width\":1200,\"height\":265},{\"@type\":\"BreadcrumbList\",\"@id\":\"https:\\\/\\\/www.mayodarkskypark.ie\\\/ga\\\/faigh-amach\\\/an-ghealach\\\/#breadcrumb\",\"itemListElement\":[{\"@type\":\"ListItem\",\"position\":1,\"name\":\"Home\",\"item\":\"https:\\\/\\\/www.mayodarkskypark.ie\\\/ga\\\/\"},{\"@type\":\"ListItem\",\"position\":2,\"name\":\"Faigh Amach\",\"item\":\"https:\\\/\\\/www.mayodarkskypark.ie\\\/discover\\\/\"},{\"@type\":\"ListItem\",\"position\":3,\"name\":\"An Ghealach\"}]},{\"@type\":\"WebSite\",\"@id\":\"https:\\\/\\\/www.mayodarkskypark.ie\\\/#website\",\"url\":\"https:\\\/\\\/www.mayodarkskypark.ie\\\/\",\"name\":\"Mayo Dark Sky Park\",\"description\":\"International Dark Sky Place of the Year 2024\",\"publisher\":{\"@id\":\"https:\\\/\\\/www.mayodarkskypark.ie\\\/#organization\"},\"potentialAction\":[{\"@type\":\"SearchAction\",\"target\":{\"@type\":\"EntryPoint\",\"urlTemplate\":\"https:\\\/\\\/www.mayodarkskypark.ie\\\/?s={search_term_string}\"},\"query-input\":{\"@type\":\"PropertyValueSpecification\",\"valueRequired\":true,\"valueName\":\"search_term_string\"}}],\"inLanguage\":\"ga-IE\"},{\"@type\":\"Organization\",\"@id\":\"https:\\\/\\\/www.mayodarkskypark.ie\\\/#organization\",\"name\":\"Mayo Dark Sky Park\",\"url\":\"https:\\\/\\\/www.mayodarkskypark.ie\\\/\",\"logo\":{\"@type\":\"ImageObject\",\"inLanguage\":\"ga-IE\",\"@id\":\"https:\\\/\\\/www.mayodarkskypark.ie\\\/#\\\/schema\\\/logo\\\/image\\\/\",\"url\":\"https:\\\/\\\/www.mayodarkskypark.ie\\\/wp-content\\\/uploads\\\/2023\\\/11\\\/mayo-dark-sky-park.png\",\"contentUrl\":\"https:\\\/\\\/www.mayodarkskypark.ie\\\/wp-content\\\/uploads\\\/2023\\\/11\\\/mayo-dark-sky-park.png\",\"width\":246,\"height\":70,\"caption\":\"Mayo Dark Sky Park\"},\"image\":{\"@id\":\"https:\\\/\\\/www.mayodarkskypark.ie\\\/#\\\/schema\\\/logo\\\/image\\\/\"},\"sameAs\":[\"https:\\\/\\\/www.facebook.com\\\/mayodarkskies\\\/\"]}]}<\/script>\n<!-- \/ Yoast SEO plugin. -->","yoast_head_json":{"title":"An Ghealach - P\u00e1irc Sp\u00e9ire Dorcha Mhaigh Eo","robots":{"index":"index","follow":"follow","max-snippet":"max-snippet:-1","max-image-preview":"max-image-preview:large","max-video-preview":"max-video-preview:-1"},"canonical":"https:\/\/www.mayodarkskypark.ie\/ga\/faigh-amach\/an-ghealach\/","og_locale":"ga_IE","og_type":"article","og_title":"An Ghealach - P\u00e1irc Sp\u00e9ire Dorcha Mhaigh Eo","og_description":"An Ghealach C\u00e9im Bheag Amh\u00e1in\u2026. Is \u00ed an Ghealach an comharsa is gaire d\u00fainn sa sp\u00e1s. Riala\u00edonn a dtarraingt imtharraingteach \u00e1r dtaoid\u00ed agus athra\u00edonn an m\u00e9id dromchla soilsithe a fheicimid de r\u00e9ir mar a ghluaiseann an Ghealach timpeall an Domhain agus a thugann na c\u00e9imeanna geala\u00ed d\u00fainn. T\u00f3gann s\u00e9 timpeall 29.5 l\u00e1 don Gealach an [&hellip;]","og_url":"https:\/\/www.mayodarkskypark.ie\/ga\/faigh-amach\/an-ghealach\/","og_site_name":"P\u00e1irc Sp\u00e9ire Dorcha Mhaigh Eo","article_publisher":"https:\/\/www.facebook.com\/mayodarkskies\/","article_modified_time":"2025-01-09T08:48:00+00:00","og_image":[{"width":1200,"height":265,"url":"https:\/\/www.mayodarkskypark.ie\/wp-content\/uploads\/2023\/11\/Banner14.jpg","type":"image\/jpeg"}],"twitter_card":"summary_large_image","twitter_misc":{"Est. reading time":"2 minutes"},"schema":{"@context":"https:\/\/schema.org","@graph":[{"@type":"WebPage","@id":"https:\/\/www.mayodarkskypark.ie\/ga\/faigh-amach\/an-ghealach\/","url":"https:\/\/www.mayodarkskypark.ie\/ga\/faigh-amach\/an-ghealach\/","name":"An Ghealach - P\u00e1irc Sp\u00e9ire Dorcha Mhaigh Eo","isPartOf":{"@id":"https:\/\/www.mayodarkskypark.ie\/#website"},"primaryImageOfPage":{"@id":"https:\/\/www.mayodarkskypark.ie\/ga\/faigh-amach\/an-ghealach\/#primaryimage"},"image":{"@id":"https:\/\/www.mayodarkskypark.ie\/ga\/faigh-amach\/an-ghealach\/#primaryimage"},"thumbnailUrl":"https:\/\/www.mayodarkskypark.ie\/wp-content\/uploads\/2023\/11\/Banner14.jpg","datePublished":"2023-11-28T14:11:16+00:00","dateModified":"2025-01-09T08:48:00+00:00","breadcrumb":{"@id":"https:\/\/www.mayodarkskypark.ie\/ga\/faigh-amach\/an-ghealach\/#breadcrumb"},"inLanguage":"ga-IE","potentialAction":[{"@type":"ReadAction","target":["https:\/\/www.mayodarkskypark.ie\/ga\/faigh-amach\/an-ghealach\/"]}]},{"@type":"ImageObject","inLanguage":"ga-IE","@id":"https:\/\/www.mayodarkskypark.ie\/ga\/faigh-amach\/an-ghealach\/#primaryimage","url":"https:\/\/www.mayodarkskypark.ie\/wp-content\/uploads\/2023\/11\/Banner14.jpg","contentUrl":"https:\/\/www.mayodarkskypark.ie\/wp-content\/uploads\/2023\/11\/Banner14.jpg","width":1200,"height":265},{"@type":"BreadcrumbList","@id":"https:\/\/www.mayodarkskypark.ie\/ga\/faigh-amach\/an-ghealach\/#breadcrumb","itemListElement":[{"@type":"ListItem","position":1,"name":"Home","item":"https:\/\/www.mayodarkskypark.ie\/ga\/"},{"@type":"ListItem","position":2,"name":"Faigh Amach","item":"https:\/\/www.mayodarkskypark.ie\/discover\/"},{"@type":"ListItem","position":3,"name":"An Ghealach"}]},{"@type":"WebSite","@id":"https:\/\/www.mayodarkskypark.ie\/#website","url":"https:\/\/www.mayodarkskypark.ie\/","name":"Mayo Dark Sky Park","description":"International Dark Sky Place of the Year 2024","publisher":{"@id":"https:\/\/www.mayodarkskypark.ie\/#organization"},"potentialAction":[{"@type":"SearchAction","target":{"@type":"EntryPoint","urlTemplate":"https:\/\/www.mayodarkskypark.ie\/?s={search_term_string}"},"query-input":{"@type":"PropertyValueSpecification","valueRequired":true,"valueName":"search_term_string"}}],"inLanguage":"ga-IE"},{"@type":"Organization","@id":"https:\/\/www.mayodarkskypark.ie\/#organization","name":"Mayo Dark Sky Park","url":"https:\/\/www.mayodarkskypark.ie\/","logo":{"@type":"ImageObject","inLanguage":"ga-IE","@id":"https:\/\/www.mayodarkskypark.ie\/#\/schema\/logo\/image\/","url":"https:\/\/www.mayodarkskypark.ie\/wp-content\/uploads\/2023\/11\/mayo-dark-sky-park.png","contentUrl":"https:\/\/www.mayodarkskypark.ie\/wp-content\/uploads\/2023\/11\/mayo-dark-sky-park.png","width":246,"height":70,"caption":"Mayo Dark Sky Park"},"image":{"@id":"https:\/\/www.mayodarkskypark.ie\/#\/schema\/logo\/image\/"},"sameAs":["https:\/\/www.facebook.com\/mayodarkskies\/"]}]}},"spectra_custom_meta":{"adv-header-id-meta":[""],"stick-header-meta":[""],"site-post-title":["disabled"],"ast-featured-img":[""],"theme-transparent-header-meta":[""],"_top_nav_excluded":[""],"_cms_nav_minihome":[""],"_thumbnail_id":["522"],"_last_translation_edit_mode":["translation-editor"],"_tribe_ticket_capacity":["0"],"_tribe_ticket_version":["5.13.2"],"ast-banner-title-visibility":[""],"_uag_css_file_name":["uag-css-641.css"],"_uag_page_assets":["a:9:{s:3:\"css\";s:263:\".uag-blocks-common-selector{z-index:var(--z-index-desktop) !important}@media (max-width: 976px){.uag-blocks-common-selector{z-index:var(--z-index-tablet) !important}}@media (max-width: 767px){.uag-blocks-common-selector{z-index:var(--z-index-mobile) !important}}\n\";s:2:\"js\";s:0:\"\";s:18:\"current_block_list\";a:10:{i:0;s:12:\"core\/heading\";i:1;s:12:\"core\/columns\";i:2;s:11:\"core\/column\";i:3;s:14:\"core\/paragraph\";i:4;s:10:\"core\/image\";i:5;s:9:\"core\/html\";i:6;s:10:\"core\/group\";i:7;s:12:\"core\/buttons\";i:8;s:11:\"core\/button\";i:9;s:11:\"core\/spacer\";}s:8:\"uag_flag\";b:0;s:11:\"uag_version\";s:10:\"1776262563\";s:6:\"gfonts\";a:0:{}s:10:\"gfonts_url\";s:0:\"\";s:12:\"gfonts_files\";a:0:{}s:14:\"uag_faq_layout\";b:0;}"]},"uagb_featured_image_src":{"full":["https:\/\/www.mayodarkskypark.ie\/wp-content\/uploads\/2023\/11\/Banner14.jpg",1200,265,false],"thumbnail":["https:\/\/www.mayodarkskypark.ie\/wp-content\/uploads\/2023\/11\/Banner14-150x150.jpg",150,150,true],"medium":["https:\/\/www.mayodarkskypark.ie\/wp-content\/uploads\/2023\/11\/Banner14-300x66.jpg",300,66,true],"medium_large":["https:\/\/www.mayodarkskypark.ie\/wp-content\/uploads\/2023\/11\/Banner14-768x170.jpg",768,170,true],"large":["https:\/\/www.mayodarkskypark.ie\/wp-content\/uploads\/2023\/11\/Banner14-1024x226.jpg",1024,226,true],"1536x1536":["https:\/\/www.mayodarkskypark.ie\/wp-content\/uploads\/2023\/11\/Banner14.jpg",1200,265,false],"2048x2048":["https:\/\/www.mayodarkskypark.ie\/wp-content\/uploads\/2023\/11\/Banner14.jpg",1200,265,false]},"uagb_author_info":{"display_name":"Robert Lockwood","author_link":"https:\/\/www.mayodarkskypark.ie\/ga\/author\/robert-lockwood\/"},"uagb_comment_info":0,"uagb_excerpt":"An Ghealach C\u00e9im Bheag Amh\u00e1in\u2026. Is \u00ed an Ghealach an comharsa is gaire d\u00fainn sa sp\u00e1s. Riala\u00edonn a dtarraingt imtharraingteach \u00e1r dtaoid\u00ed agus athra\u00edonn an m\u00e9id dromchla soilsithe a fheicimid de r\u00e9ir mar a ghluaiseann an Ghealach timpeall an Domhain agus a thugann na c\u00e9imeanna geala\u00ed d\u00fainn. T\u00f3gann s\u00e9 timpeall 29.5 l\u00e1 don Gealach an&hellip;","_links":{"self":[{"href":"https:\/\/www.mayodarkskypark.ie\/ga\/wp-json\/wp\/v2\/pages\/641","targetHints":{"allow":["GET"]}}],"collection":[{"href":"https:\/\/www.mayodarkskypark.ie\/ga\/wp-json\/wp\/v2\/pages"}],"about":[{"href":"https:\/\/www.mayodarkskypark.ie\/ga\/wp-json\/wp\/v2\/types\/page"}],"author":[{"embeddable":true,"href":"https:\/\/www.mayodarkskypark.ie\/ga\/wp-json\/wp\/v2\/users\/1"}],"replies":[{"embeddable":true,"href":"https:\/\/www.mayodarkskypark.ie\/ga\/wp-json\/wp\/v2\/comments?post=641"}],"version-history":[{"count":1,"href":"https:\/\/www.mayodarkskypark.ie\/ga\/wp-json\/wp\/v2\/pages\/641\/revisions"}],"predecessor-version":[{"id":642,"href":"https:\/\/www.mayodarkskypark.ie\/ga\/wp-json\/wp\/v2\/pages\/641\/revisions\/642"}],"up":[{"embeddable":true,"href":"https:\/\/www.mayodarkskypark.ie\/ga\/wp-json\/wp\/v2\/pages\/599"}],"wp:featuredmedia":[{"embeddable":true,"href":"https:\/\/www.mayodarkskypark.ie\/ga\/wp-json\/wp\/v2\/media\/522"}],"wp:attachment":[{"href":"https:\/\/www.mayodarkskypark.ie\/ga\/wp-json\/wp\/v2\/media?parent=641"}],"curies":[{"name":"wp","href":"https:\/\/api.w.org\/{rel}","templated":true}]}}