{"id":643,"date":"2023-11-28T14:11:16","date_gmt":"2023-11-28T14:11:16","guid":{"rendered":"https:\/\/www.mayodarkskypark.ie\/faigh-amach\/clubanna-aitiula\/"},"modified":"2023-12-28T11:47:26","modified_gmt":"2023-12-28T11:47:26","slug":"clubanna-aitiula","status":"publish","type":"page","link":"https:\/\/www.mayodarkskypark.ie\/ga\/faigh-amach\/clubanna-aitiula\/","title":{"rendered":"Clubanna \u00c1iti\u00fala"},"content":{"rendered":"\n<h1 class=\"wp-block-heading\">Clubanna <mark style=\"background-color:rgba(0, 0, 0, 0)\" class=\"has-inline-color has-ast-global-color-1-color\">\u00c1iti\u00fala<\/mark><\/h1>\n\n<div class=\"wp-block-columns is-layout-flex wp-container-core-columns-is-layout-e0e4babd wp-block-columns-is-layout-flex\" style=\"padding-right:0;padding-left:0\">\n<div class=\"wp-block-column is-layout-flow wp-block-column-is-layout-flow\">\n<h2 class=\"wp-block-heading\">Club R\u00e9alteola\u00edochta Baile U\u00ed Fhiach\u00e1in<\/h2>\n\n\n\n<p>Buna\u00edodh club R\u00e9alteola\u00edochta Baile U\u00ed Fhiach\u00e1in ar 11 Bealtaine 2016. M\u00e1s rud \u00e9 go raibh iontas ort riamh ar sp\u00e9ir na ho\u00edche, ar smaoinigh t\u00fa ar d\u2019\u00e1it i sc\u00e9im mh\u00f3r na ruda\u00ed n\u00f3 m\u00e1 t\u00e1 sp\u00e9is agat sa R\u00e9alteola\u00edocht agus gur mhaith leat bualadh le daoine ar aon intinn leat, ansin tar le do thoil chuig ceann d\u00e1r gcruinnithe n\u00f3 d\u00e1r dtuairim\u00ed poibl\u00ed.<br\/><strong>Su\u00edomh gr\u00e9as\u00e1in:<\/strong> <a href=\"http:\/\/www.newportastronomyclub.com\" target=\"_blank\" rel=\"noreferrer noopener\">Club R\u00e9alteola\u00edochta Baile U\u00ed Fhiach\u00e1in<\/a><br\/><strong>F\u00f3n:<\/strong> <a href=\"tel:+353876264145\">(087) 6264145<\/a><br\/><strong>R\u00edomhphost:<\/strong> <a href=\"mailto:dempsey.derek@gmail.com\">dempsey.derek@gmail.com<\/a><\/p>\n\n\n\n<h2 class=\"wp-block-heading\">Gr\u00fapa R\u00e9alteola\u00edochta Bhaile Chruaich<\/h2>\n\n\n\n<p>Buna\u00edodh Gr\u00fapa R\u00e9alteola\u00edochta beag in Ionad Pobail Bhaile Chruaich in Earrach 2015. T\u00e1imid suite taobh istigh d\u2019ionad cuairteoir\u00ed Ph\u00e1irc Sp\u00e9ire Dorcha Mhaigh Eo. Tagann \u00e1r ngr\u00fapa le ch\u00e9ile ar bhonn neamhfhoirmi\u00fail agus cuirtear f\u00e1ilte roimh gach cuairteoir agus baill nua.<br\/>Cuirfear sonra\u00ed faoi imeachta\u00ed sceidealaithe ar leathanach Facebook na Sp\u00e9ire Dorcha Mhaigh Eo. Le haghaidh fiosr\u00fach\u00e1in d\u00e9an teagmh\u00e1il le :<\/p>\n\n\n\n<p><strong>F\u00f3n:<\/strong> <a href=\"tel:+353874551634\">(087) 4551634<\/a> (John Masterson)<\/p>\n<\/div>\n<\/div>\n","protected":false},"excerpt":{"rendered":"<p>Clubanna \u00c1iti\u00fala Club R\u00e9alteola\u00edochta Baile U\u00ed Fhiach\u00e1in Buna\u00edodh club R\u00e9alteola\u00edochta Baile U\u00ed Fhiach\u00e1in ar 11 Bealtaine 2016. M\u00e1s rud \u00e9 go raibh iontas ort riamh ar sp\u00e9ir na ho\u00edche, ar smaoinigh t\u00fa ar d\u2019\u00e1it i sc\u00e9im mh\u00f3r na ruda\u00ed n\u00f3 m\u00e1 t\u00e1 sp\u00e9is agat sa R\u00e9alteola\u00edocht agus gur mhaith leat bualadh le daoine ar aon [&hellip;]<\/p>\n","protected":false},"author":1,"featured_media":1508,"parent":599,"menu_order":0,"comment_status":"closed","ping_status":"closed","template":"","meta":{"_uag_custom_page_level_css":"","site-sidebar-layout":"default","site-content-layout":"","ast-site-content-layout":"default","site-content-style":"default","site-sidebar-style":"default","ast-global-header-display":"","ast-banner-title-visibility":"","ast-main-header-display":"","ast-hfb-above-header-display":"","ast-hfb-below-header-display":"","ast-hfb-mobile-header-display":"","site-post-title":"disabled","ast-breadcrumbs-content":"","ast-featured-img":"","footer-sml-layout":"","ast-disable-related-posts":"","theme-transparent-header-meta":"","adv-header-id-meta":"","stick-header-meta":"","header-above-stick-meta":"","header-main-stick-meta":"","header-below-stick-meta":"","astra-migrate-meta-layouts":"default","ast-page-background-enabled":"default","ast-page-background-meta":{"desktop":{"background-color":"var(--ast-global-color-4)","background-image":"","background-repeat":"repeat","background-position":"center center","background-size":"auto","background-attachment":"scroll","background-type":"","background-media":"","overlay-type":"","overlay-color":"","overlay-opacity":"","overlay-gradient":""},"tablet":{"background-color":"","background-image":"","background-repeat":"repeat","background-position":"center center","background-size":"auto","background-attachment":"scroll","background-type":"","background-media":"","overlay-type":"","overlay-color":"","overlay-opacity":"","overlay-gradient":""},"mobile":{"background-color":"","background-image":"","background-repeat":"repeat","background-position":"center center","background-size":"auto","background-attachment":"scroll","background-type":"","background-media":"","overlay-type":"","overlay-color":"","overlay-opacity":"","overlay-gradient":""}},"ast-content-background-meta":{"desktop":{"background-color":"var(--ast-global-color-5)","background-image":"","background-repeat":"repeat","background-position":"center center","background-size":"auto","background-attachment":"scroll","background-type":"","background-media":"","overlay-type":"","overlay-color":"","overlay-opacity":"","overlay-gradient":""},"tablet":{"background-color":"var(--ast-global-color-5)","background-image":"","background-repeat":"repeat","background-position":"center center","background-size":"auto","background-attachment":"scroll","background-type":"","background-media":"","overlay-type":"","overlay-color":"","overlay-opacity":"","overlay-gradient":""},"mobile":{"background-color":"var(--ast-global-color-5)","background-image":"","background-repeat":"repeat","background-position":"center center","background-size":"auto","background-attachment":"scroll","background-type":"","background-media":"","overlay-type":"","overlay-color":"","overlay-opacity":"","overlay-gradient":""}},"footnotes":""},"class_list":["post-643","page","type-page","status-publish","has-post-thumbnail","hentry"],"yoast_head":"<!-- This site is optimized with the Yoast SEO plugin v27.3 - https:\/\/yoast.com\/product\/yoast-seo-wordpress\/ -->\n<title>Clubanna \u00c1iti\u00fala - P\u00e1irc Sp\u00e9ire Dorcha Mhaigh Eo<\/title>\n<meta name=\"robots\" content=\"index, follow, max-snippet:-1, max-image-preview:large, max-video-preview:-1\" \/>\n<link rel=\"canonical\" href=\"https:\/\/www.mayodarkskypark.ie\/discover\/local-clubs\/\" \/>\n<meta property=\"og:locale\" content=\"ga_IE\" \/>\n<meta property=\"og:type\" content=\"article\" \/>\n<meta property=\"og:title\" content=\"Clubanna \u00c1iti\u00fala - P\u00e1irc Sp\u00e9ire Dorcha Mhaigh Eo\" \/>\n<meta property=\"og:description\" content=\"Clubanna \u00c1iti\u00fala Club R\u00e9alteola\u00edochta Baile U\u00ed Fhiach\u00e1in Buna\u00edodh club R\u00e9alteola\u00edochta Baile U\u00ed Fhiach\u00e1in ar 11 Bealtaine 2016. M\u00e1s rud \u00e9 go raibh iontas ort riamh ar sp\u00e9ir na ho\u00edche, ar smaoinigh t\u00fa ar d\u2019\u00e1it i sc\u00e9im mh\u00f3r na ruda\u00ed n\u00f3 m\u00e1 t\u00e1 sp\u00e9is agat sa R\u00e9alteola\u00edocht agus gur mhaith leat bualadh le daoine ar aon [&hellip;]\" \/>\n<meta property=\"og:url\" content=\"https:\/\/www.mayodarkskypark.ie\/discover\/local-clubs\/\" \/>\n<meta property=\"og:site_name\" content=\"P\u00e1irc Sp\u00e9ire Dorcha Mhaigh Eo\" \/>\n<meta property=\"article:publisher\" content=\"https:\/\/www.facebook.com\/mayodarkskies\/\" \/>\n<meta property=\"article:modified_time\" content=\"2023-12-28T11:47:26+00:00\" \/>\n<meta property=\"og:image\" content=\"https:\/\/www.mayodarkskypark.ie\/wp-content\/uploads\/2023\/11\/Banner01.jpg\" \/>\n\t<meta property=\"og:image:width\" content=\"1200\" \/>\n\t<meta property=\"og:image:height\" content=\"265\" \/>\n\t<meta property=\"og:image:type\" content=\"image\/jpeg\" \/>\n<meta name=\"twitter:card\" content=\"summary_large_image\" \/>\n<meta name=\"twitter:label1\" content=\"Est. reading time\" \/>\n\t<meta name=\"twitter:data1\" content=\"1 minute\" \/>\n<script type=\"application\/ld+json\" class=\"yoast-schema-graph\">{\"@context\":\"https:\\\/\\\/schema.org\",\"@graph\":[{\"@type\":\"WebPage\",\"@id\":\"https:\\\/\\\/www.mayodarkskypark.ie\\\/discover\\\/local-clubs\\\/\",\"url\":\"https:\\\/\\\/www.mayodarkskypark.ie\\\/discover\\\/local-clubs\\\/\",\"name\":\"Clubanna \u00c1iti\u00fala - P\u00e1irc Sp\u00e9ire Dorcha Mhaigh Eo\",\"isPartOf\":{\"@id\":\"https:\\\/\\\/www.mayodarkskypark.ie\\\/#website\"},\"primaryImageOfPage\":{\"@id\":\"https:\\\/\\\/www.mayodarkskypark.ie\\\/discover\\\/local-clubs\\\/#primaryimage\"},\"image\":{\"@id\":\"https:\\\/\\\/www.mayodarkskypark.ie\\\/discover\\\/local-clubs\\\/#primaryimage\"},\"thumbnailUrl\":\"https:\\\/\\\/www.mayodarkskypark.ie\\\/wp-content\\\/uploads\\\/2024\\\/10\\\/AchillMilkyway_II-scaled-e1735583347679.jpg\",\"datePublished\":\"2023-11-28T14:11:16+00:00\",\"dateModified\":\"2023-12-28T11:47:26+00:00\",\"breadcrumb\":{\"@id\":\"https:\\\/\\\/www.mayodarkskypark.ie\\\/discover\\\/local-clubs\\\/#breadcrumb\"},\"inLanguage\":\"ga-IE\",\"potentialAction\":[{\"@type\":\"ReadAction\",\"target\":[\"https:\\\/\\\/www.mayodarkskypark.ie\\\/discover\\\/local-clubs\\\/\"]}]},{\"@type\":\"ImageObject\",\"inLanguage\":\"ga-IE\",\"@id\":\"https:\\\/\\\/www.mayodarkskypark.ie\\\/discover\\\/local-clubs\\\/#primaryimage\",\"url\":\"https:\\\/\\\/www.mayodarkskypark.ie\\\/wp-content\\\/uploads\\\/2024\\\/10\\\/AchillMilkyway_II-scaled-e1735583347679.jpg\",\"contentUrl\":\"https:\\\/\\\/www.mayodarkskypark.ie\\\/wp-content\\\/uploads\\\/2024\\\/10\\\/AchillMilkyway_II-scaled-e1735583347679.jpg\",\"width\":1788,\"height\":2560,\"caption\":\"Experience the dark skies of Mayo's coastline. Photo by Shane Lavelle\"},{\"@type\":\"BreadcrumbList\",\"@id\":\"https:\\\/\\\/www.mayodarkskypark.ie\\\/discover\\\/local-clubs\\\/#breadcrumb\",\"itemListElement\":[{\"@type\":\"ListItem\",\"position\":1,\"name\":\"Home\",\"item\":\"https:\\\/\\\/www.mayodarkskypark.ie\\\/ga\\\/\"},{\"@type\":\"ListItem\",\"position\":2,\"name\":\"Faigh Amach\",\"item\":\"https:\\\/\\\/www.mayodarkskypark.ie\\\/discover\\\/\"},{\"@type\":\"ListItem\",\"position\":3,\"name\":\"Clubanna \u00c1iti\u00fala\"}]},{\"@type\":\"WebSite\",\"@id\":\"https:\\\/\\\/www.mayodarkskypark.ie\\\/#website\",\"url\":\"https:\\\/\\\/www.mayodarkskypark.ie\\\/\",\"name\":\"Mayo Dark Sky Park\",\"description\":\"International Dark Sky Place of the Year 2024\",\"publisher\":{\"@id\":\"https:\\\/\\\/www.mayodarkskypark.ie\\\/#organization\"},\"potentialAction\":[{\"@type\":\"SearchAction\",\"target\":{\"@type\":\"EntryPoint\",\"urlTemplate\":\"https:\\\/\\\/www.mayodarkskypark.ie\\\/?s={search_term_string}\"},\"query-input\":{\"@type\":\"PropertyValueSpecification\",\"valueRequired\":true,\"valueName\":\"search_term_string\"}}],\"inLanguage\":\"ga-IE\"},{\"@type\":\"Organization\",\"@id\":\"https:\\\/\\\/www.mayodarkskypark.ie\\\/#organization\",\"name\":\"Mayo Dark Sky Park\",\"url\":\"https:\\\/\\\/www.mayodarkskypark.ie\\\/\",\"logo\":{\"@type\":\"ImageObject\",\"inLanguage\":\"ga-IE\",\"@id\":\"https:\\\/\\\/www.mayodarkskypark.ie\\\/#\\\/schema\\\/logo\\\/image\\\/\",\"url\":\"https:\\\/\\\/www.mayodarkskypark.ie\\\/wp-content\\\/uploads\\\/2023\\\/11\\\/mayo-dark-sky-park.png\",\"contentUrl\":\"https:\\\/\\\/www.mayodarkskypark.ie\\\/wp-content\\\/uploads\\\/2023\\\/11\\\/mayo-dark-sky-park.png\",\"width\":246,\"height\":70,\"caption\":\"Mayo Dark Sky Park\"},\"image\":{\"@id\":\"https:\\\/\\\/www.mayodarkskypark.ie\\\/#\\\/schema\\\/logo\\\/image\\\/\"},\"sameAs\":[\"https:\\\/\\\/www.facebook.com\\\/mayodarkskies\\\/\"]}]}<\/script>\n<!-- \/ Yoast SEO plugin. -->","yoast_head_json":{"title":"Clubanna \u00c1iti\u00fala - P\u00e1irc Sp\u00e9ire Dorcha Mhaigh Eo","robots":{"index":"index","follow":"follow","max-snippet":"max-snippet:-1","max-image-preview":"max-image-preview:large","max-video-preview":"max-video-preview:-1"},"canonical":"https:\/\/www.mayodarkskypark.ie\/discover\/local-clubs\/","og_locale":"ga_IE","og_type":"article","og_title":"Clubanna \u00c1iti\u00fala - P\u00e1irc Sp\u00e9ire Dorcha Mhaigh Eo","og_description":"Clubanna \u00c1iti\u00fala Club R\u00e9alteola\u00edochta Baile U\u00ed Fhiach\u00e1in Buna\u00edodh club R\u00e9alteola\u00edochta Baile U\u00ed Fhiach\u00e1in ar 11 Bealtaine 2016. M\u00e1s rud \u00e9 go raibh iontas ort riamh ar sp\u00e9ir na ho\u00edche, ar smaoinigh t\u00fa ar d\u2019\u00e1it i sc\u00e9im mh\u00f3r na ruda\u00ed n\u00f3 m\u00e1 t\u00e1 sp\u00e9is agat sa R\u00e9alteola\u00edocht agus gur mhaith leat bualadh le daoine ar aon [&hellip;]","og_url":"https:\/\/www.mayodarkskypark.ie\/discover\/local-clubs\/","og_site_name":"P\u00e1irc Sp\u00e9ire Dorcha Mhaigh Eo","article_publisher":"https:\/\/www.facebook.com\/mayodarkskies\/","article_modified_time":"2023-12-28T11:47:26+00:00","og_image":[{"width":1200,"height":265,"url":"https:\/\/www.mayodarkskypark.ie\/wp-content\/uploads\/2023\/11\/Banner01.jpg","type":"image\/jpeg"}],"twitter_card":"summary_large_image","twitter_misc":{"Est. reading time":"1 minute"},"schema":{"@context":"https:\/\/schema.org","@graph":[{"@type":"WebPage","@id":"https:\/\/www.mayodarkskypark.ie\/discover\/local-clubs\/","url":"https:\/\/www.mayodarkskypark.ie\/discover\/local-clubs\/","name":"Clubanna \u00c1iti\u00fala - P\u00e1irc Sp\u00e9ire Dorcha Mhaigh Eo","isPartOf":{"@id":"https:\/\/www.mayodarkskypark.ie\/#website"},"primaryImageOfPage":{"@id":"https:\/\/www.mayodarkskypark.ie\/discover\/local-clubs\/#primaryimage"},"image":{"@id":"https:\/\/www.mayodarkskypark.ie\/discover\/local-clubs\/#primaryimage"},"thumbnailUrl":"https:\/\/www.mayodarkskypark.ie\/wp-content\/uploads\/2024\/10\/AchillMilkyway_II-scaled-e1735583347679.jpg","datePublished":"2023-11-28T14:11:16+00:00","dateModified":"2023-12-28T11:47:26+00:00","breadcrumb":{"@id":"https:\/\/www.mayodarkskypark.ie\/discover\/local-clubs\/#breadcrumb"},"inLanguage":"ga-IE","potentialAction":[{"@type":"ReadAction","target":["https:\/\/www.mayodarkskypark.ie\/discover\/local-clubs\/"]}]},{"@type":"ImageObject","inLanguage":"ga-IE","@id":"https:\/\/www.mayodarkskypark.ie\/discover\/local-clubs\/#primaryimage","url":"https:\/\/www.mayodarkskypark.ie\/wp-content\/uploads\/2024\/10\/AchillMilkyway_II-scaled-e1735583347679.jpg","contentUrl":"https:\/\/www.mayodarkskypark.ie\/wp-content\/uploads\/2024\/10\/AchillMilkyway_II-scaled-e1735583347679.jpg","width":1788,"height":2560,"caption":"Experience the dark skies of Mayo's coastline. Photo by Shane Lavelle"},{"@type":"BreadcrumbList","@id":"https:\/\/www.mayodarkskypark.ie\/discover\/local-clubs\/#breadcrumb","itemListElement":[{"@type":"ListItem","position":1,"name":"Home","item":"https:\/\/www.mayodarkskypark.ie\/ga\/"},{"@type":"ListItem","position":2,"name":"Faigh Amach","item":"https:\/\/www.mayodarkskypark.ie\/discover\/"},{"@type":"ListItem","position":3,"name":"Clubanna \u00c1iti\u00fala"}]},{"@type":"WebSite","@id":"https:\/\/www.mayodarkskypark.ie\/#website","url":"https:\/\/www.mayodarkskypark.ie\/","name":"Mayo Dark Sky Park","description":"International Dark Sky Place of the Year 2024","publisher":{"@id":"https:\/\/www.mayodarkskypark.ie\/#organization"},"potentialAction":[{"@type":"SearchAction","target":{"@type":"EntryPoint","urlTemplate":"https:\/\/www.mayodarkskypark.ie\/?s={search_term_string}"},"query-input":{"@type":"PropertyValueSpecification","valueRequired":true,"valueName":"search_term_string"}}],"inLanguage":"ga-IE"},{"@type":"Organization","@id":"https:\/\/www.mayodarkskypark.ie\/#organization","name":"Mayo Dark Sky Park","url":"https:\/\/www.mayodarkskypark.ie\/","logo":{"@type":"ImageObject","inLanguage":"ga-IE","@id":"https:\/\/www.mayodarkskypark.ie\/#\/schema\/logo\/image\/","url":"https:\/\/www.mayodarkskypark.ie\/wp-content\/uploads\/2023\/11\/mayo-dark-sky-park.png","contentUrl":"https:\/\/www.mayodarkskypark.ie\/wp-content\/uploads\/2023\/11\/mayo-dark-sky-park.png","width":246,"height":70,"caption":"Mayo Dark Sky Park"},"image":{"@id":"https:\/\/www.mayodarkskypark.ie\/#\/schema\/logo\/image\/"},"sameAs":["https:\/\/www.facebook.com\/mayodarkskies\/"]}]}},"spectra_custom_meta":{"adv-header-id-meta":[""],"stick-header-meta":[""],"site-post-title":["disabled"],"ast-featured-img":[""],"theme-transparent-header-meta":[""],"_top_nav_excluded":[""],"_cms_nav_minihome":[""],"_thumbnail_id":["1508"],"_last_translation_edit_mode":["translation-editor"],"ast-banner-title-visibility":[""],"_wp_page_template":[""],"_tribe_ticket_capacity":["0"],"_tribe_ticket_version":["5.13.4"],"_uag_css_file_name":["uag-css-643.css"],"_uag_page_assets":["a:9:{s:3:\"css\";s:263:\".uag-blocks-common-selector{z-index:var(--z-index-desktop) !important}@media (max-width: 976px){.uag-blocks-common-selector{z-index:var(--z-index-tablet) !important}}@media (max-width: 767px){.uag-blocks-common-selector{z-index:var(--z-index-mobile) !important}}\n\";s:2:\"js\";s:0:\"\";s:18:\"current_block_list\";a:10:{i:0;s:12:\"core\/heading\";i:1;s:12:\"core\/columns\";i:2;s:11:\"core\/column\";i:3;s:14:\"core\/paragraph\";i:4;s:10:\"core\/group\";i:5;s:12:\"core\/buttons\";i:6;s:11:\"core\/button\";i:8;s:10:\"core\/image\";i:10;s:9:\"core\/html\";i:11;s:11:\"core\/spacer\";}s:8:\"uag_flag\";b:0;s:11:\"uag_version\";s:10:\"1775758550\";s:6:\"gfonts\";a:0:{}s:10:\"gfonts_url\";s:0:\"\";s:12:\"gfonts_files\";a:0:{}s:14:\"uag_faq_layout\";b:0;}"]},"uagb_featured_image_src":{"full":["https:\/\/www.mayodarkskypark.ie\/wp-content\/uploads\/2024\/10\/AchillMilkyway_II-scaled-e1735583347679.jpg",1788,2560,false],"thumbnail":["https:\/\/www.mayodarkskypark.ie\/wp-content\/uploads\/2024\/10\/AchillMilkyway_II-150x150.jpg",150,150,true],"medium":["https:\/\/www.mayodarkskypark.ie\/wp-content\/uploads\/2024\/10\/AchillMilkyway_II-210x300.jpg",210,300,true],"medium_large":["https:\/\/www.mayodarkskypark.ie\/wp-content\/uploads\/2024\/10\/AchillMilkyway_II-768x1099.jpg",768,1099,true],"large":["https:\/\/www.mayodarkskypark.ie\/wp-content\/uploads\/2024\/10\/AchillMilkyway_II-715x1024.jpg",715,1024,true],"1536x1536":["https:\/\/www.mayodarkskypark.ie\/wp-content\/uploads\/2024\/10\/AchillMilkyway_II-1073x1536.jpg",1073,1536,true],"2048x2048":["https:\/\/www.mayodarkskypark.ie\/wp-content\/uploads\/2024\/10\/AchillMilkyway_II-1431x2048.jpg",1431,2048,true]},"uagb_author_info":{"display_name":"Robert Lockwood","author_link":"https:\/\/www.mayodarkskypark.ie\/ga\/author\/robert-lockwood\/"},"uagb_comment_info":0,"uagb_excerpt":"Clubanna \u00c1iti\u00fala Club R\u00e9alteola\u00edochta Baile U\u00ed Fhiach\u00e1in Buna\u00edodh club R\u00e9alteola\u00edochta Baile U\u00ed Fhiach\u00e1in ar 11 Bealtaine 2016. M\u00e1s rud \u00e9 go raibh iontas ort riamh ar sp\u00e9ir na ho\u00edche, ar smaoinigh t\u00fa ar d\u2019\u00e1it i sc\u00e9im mh\u00f3r na ruda\u00ed n\u00f3 m\u00e1 t\u00e1 sp\u00e9is agat sa R\u00e9alteola\u00edocht agus gur mhaith leat bualadh le daoine ar aon&hellip;","_links":{"self":[{"href":"https:\/\/www.mayodarkskypark.ie\/ga\/wp-json\/wp\/v2\/pages\/643","targetHints":{"allow":["GET"]}}],"collection":[{"href":"https:\/\/www.mayodarkskypark.ie\/ga\/wp-json\/wp\/v2\/pages"}],"about":[{"href":"https:\/\/www.mayodarkskypark.ie\/ga\/wp-json\/wp\/v2\/types\/page"}],"author":[{"embeddable":true,"href":"https:\/\/www.mayodarkskypark.ie\/ga\/wp-json\/wp\/v2\/users\/1"}],"replies":[{"embeddable":true,"href":"https:\/\/www.mayodarkskypark.ie\/ga\/wp-json\/wp\/v2\/comments?post=643"}],"version-history":[{"count":1,"href":"https:\/\/www.mayodarkskypark.ie\/ga\/wp-json\/wp\/v2\/pages\/643\/revisions"}],"predecessor-version":[{"id":644,"href":"https:\/\/www.mayodarkskypark.ie\/ga\/wp-json\/wp\/v2\/pages\/643\/revisions\/644"}],"up":[{"embeddable":true,"href":"https:\/\/www.mayodarkskypark.ie\/ga\/wp-json\/wp\/v2\/pages\/599"}],"wp:featuredmedia":[{"embeddable":true,"href":"https:\/\/www.mayodarkskypark.ie\/ga\/wp-json\/wp\/v2\/media\/1508"}],"wp:attachment":[{"href":"https:\/\/www.mayodarkskypark.ie\/ga\/wp-json\/wp\/v2\/media?parent=643"}],"curies":[{"name":"wp","href":"https:\/\/api.w.org\/{rel}","templated":true}]}}