{"id":645,"date":"2023-11-28T14:11:16","date_gmt":"2023-11-28T14:11:16","guid":{"rendered":"https:\/\/www.mayodarkskypark.ie\/faigh-amach\/naisc-usaideacha\/"},"modified":"2025-01-09T08:49:11","modified_gmt":"2025-01-09T08:49:11","slug":"naisc-usaideacha","status":"publish","type":"page","link":"https:\/\/www.mayodarkskypark.ie\/ga\/faigh-amach\/naisc-usaideacha\/","title":{"rendered":"Naisc \u00das\u00e1ideacha"},"content":{"rendered":"\n<h1 class=\"wp-block-heading\">Naisc <mark style=\"background-color:rgba(0, 0, 0, 0)\" class=\"has-inline-color has-ast-global-color-1-color\">\u00das\u00e1ideacha<\/mark><\/h1>\n\n<div class=\"wp-block-columns is-layout-flex wp-container-core-columns-is-layout-e0e4babd wp-block-columns-is-layout-flex\" style=\"padding-right:0;padding-left:0\">\n<div class=\"wp-block-column is-layout-flow wp-block-column-is-layout-flow\">\n<h2 class=\"wp-block-heading\">P\u00e1irc N\u00e1isi\u00fanta N\u00e9ifinne Fi\u00e1ine Bhaile Chruaich<\/h2>\n\n\n\n<p>Foireann bainist\u00edochta na P\u00e1irce Sp\u00e9ire Dorcha Mhaigh Eo. Is \u00ed P\u00e1irc N\u00e1isi\u00fanta Bhaile Chruaich an s\u00e9\u00fa P\u00e1irc N\u00e1isi\u00fanta in \u00c9irinn (1998) agus t\u00e1 s\u00ed suite ar ch\u00f3sta an Iarthair in iarthuaisceart Mhaigh Eo. T\u00e1 s\u00e9 comhdh\u00e9anta de 11,000 heicte\u00e1r de bhratphortach Atlantach agus de thalamh sl\u00e9ibhti\u00fail, ag cl\u00fadach f\u00e1sach m\u00f3r gan \u00e1itri\u00fa agus gan mhilleadh a bhfuil an sliabhraon Nephin Beag i gceannas air. <a href=\"http:\/\/www.wildnephinnationalpark.ie\/\" target=\"_blank\" rel=\"noreferrer noopener\">www.wildnephinnationalpark.ie<\/a><\/p>\n\n\n\n<h2 class=\"wp-block-heading\">Cumann Idirn\u00e1isi\u00fanta na Sp\u00e9ir Dorcha (IDA)<\/h2>\n\n\n\n<p>Bunaithe i SAM, eagra\u00edocht neamhbhrab\u00fais a oibr\u00edonn chun \u00e1r n-oidhreacht sp\u00e9ir na ho\u00edche a chaomhn\u00fa agus a chosaint do na gl\u00faine at\u00e1 le teacht. Cuireann a gcl\u00e1r caomhnaithe suaitheanta a bhuaigh duaiseanna maoirsi\u00fa sp\u00e9ir na ho\u00edche chun cinn. <a href=\"https:\/\/darksky.org\/\" target=\"_blank\" rel=\"noreferrer noopener\">Cumann Idirn\u00e1isi\u00fanta na Sp\u00e9ir Dorcha<\/a>.<\/p>\n\n\n\n<h2 class=\"wp-block-heading\">Dark Sky Ireland<\/h2>\n\n\n\n<p>Sp\u00e9artha Dorcha na h\u00c9ireann a chur chun cinn agus a chaomhn\u00fa. Roimhe seo bh\u00ed Feachtas Truaillithe Solais na h\u00c9ireann, Dark Sky Ireland ina chaibidil oifigi\u00fail sp\u00e9ire dorcha den IDA in 2003. <a href=\"https:\/\/www.darksky.ie\/\" target=\"_blank\" rel=\"noreferrer noopener\">Dark Sky Ireland<\/a>.<\/p>\n\n\n\n<h2 class=\"wp-block-heading\">C\u00f3naidhm Chumainn R\u00e9alteola\u00edochta na h\u00c9ireann<\/h2>\n\n\n\n<p>C\u00f3naidhm na h\u00c9ireann um Chumainn R\u00e9alteola\u00edochta (IFAS), sc\u00e1thghr\u00fapa de Chlubanna &amp; Cumainn R\u00e9alteola\u00edocha a bhfuil ionada\u00edocht acu ar fud na h\u00c9ireann. <a href=\"https:\/\/www.irishastronomy.org\/\" target=\"_blank\" rel=\"noreferrer noopener\">C\u00f3naidhm Chumainn R\u00e9alteola\u00edochta na h\u00c9ireann<\/a>.<\/p>\n\n\n\n<h2 class=\"wp-block-heading\">Mayo.ie<\/h2>\n\n\n\n<p>Su\u00edomh oifigi\u00fail cuairteoir\u00ed Chomhairle Contae Mhaigh Eo chun eolas a fh\u00e1il ar ch\u00f3na\u00ed, oibri\u00fa n\u00f3 cuairt a thabhairt ar Chontae Mhaigh Eo. <a href=\"https:\/\/www.mayo.ie\/\" target=\"_blank\" rel=\"noreferrer noopener\">Tabhair cuairt ar Mhaigh Eo<\/a>.<\/p>\n\n\n\n<h2 class=\"wp-block-heading\">N\u00e1 F\u00e1g Rian<\/h2>\n\n\n\n<p>Is Baill N\u00e1 F\u00e1g Rian muid. Is cl\u00e1r eitice allamuigh \u00e9 N\u00e1 F\u00e1g Rian at\u00e1 deartha chun caitheamh aimsire freagrach lasmuigh a chur chun cinn agus a spreagadh tr\u00ed oideachas, tr\u00ed thaighde agus tr\u00ed bhallra\u00edocht. <a href=\"https:\/\/www.leavenotraceireland.org\/\" target=\"_blank\" rel=\"noreferrer noopener\">Leave No Trace Ireland<\/a>.<\/p>\n\n\n\n<h2 class=\"wp-block-heading\">Club R\u00e9alteola\u00edochta Baile U\u00ed Fhiach\u00e1in<\/h2>\n\n\n\n<p>Laistigh de rochtain \u00e9asca ar Ph\u00e1irc Sp\u00e9ire Dorcha Mhaigh Eo, buna\u00edodh Club R\u00e9alteola\u00edochta an Bhaile U\u00ed Fhiach\u00e1in in 2016 agus t\u00e1 f\u00e9ilire imeachta\u00ed gn\u00edomhach ar l\u00edne aige. F\u00e1ilte roimh bhaill nua. <a href=\"http:\/\/www.newportastronomyclub.com\/\" target=\"_blank\" rel=\"noreferrer noopener\">Club R\u00e9alteola\u00edochta Baile U\u00ed Fhiach\u00e1in<\/a>.<\/p>\n\n\n\n<h2 class=\"wp-block-heading\">D\u00fachan na hO\u00edche \u2013 \u00c1r Sp\u00e9artha Dorcha a Athghairm<\/h2>\n\n\n\n<p>Oibr\u00edonn eagra\u00edocht at\u00e1 bunaithe sa RA, CPRE, chun sp\u00e9artha na ho\u00edche a chosaint i dtuath Shasana agus t\u00e1 roinnt taighde agus treoracha \u00fas\u00e1ideacha curtha ar f\u00e1il aici maidir le conas truailli\u00fa solais a chomhrac. <a href=\"https:\/\/www.cpre.org.uk\/what-we-care-about\/nature-and-landscapes\/dark-skies\/\" target=\"_blank\" rel=\"noreferrer noopener\">D\u00fachan O\u00edche \u2013 CPRE: An Carthanacht Tuaithe<\/a>.<\/p>\n\n\n\n<h2 class=\"wp-block-heading\">L\u00e1ithre\u00e1in ghr\u00e9as\u00e1in \u00das\u00e1ideacha<\/h2>\n\n\n\n<h3 class=\"wp-block-heading\">Soilse an Tuaiscirt (Aurora Borealis)<\/h3>\n\n\n\n<p>Foghlaim conas na graif a l\u00e9amh chun r\u00e9amhaisn\u00e9is chruinn a thabhairt don ghn\u00edomha\u00edocht l\u00e1rleithead. Bain \u00fas\u00e1id as na su\u00edomhanna seo le heolas a bhaili\u00fa sula mbreathna\u00edtear n\u00f3 sula nglactar grianghraif den sp\u00e9ir san o\u00edche.<\/p>\n\n\n\n<ul class=\"wp-block-list\">\n<li><a href=\"https:\/\/www.spaceweather.com\/\" target=\"_blank\" rel=\"noreferrer noopener\">Aimsir sp\u00e1is<\/a><\/li>\n\n\n\n<li><a href=\"http:\/\/www.marsport.org.uk\/observatory\/\" target=\"_blank\" rel=\"noreferrer noopener\">R\u00e9adlann Willowbank<\/a><\/li>\n<\/ul>\n\n\n\n<h3 class=\"wp-block-heading\">Su\u00edomh na R\u00e9alta\u00ed, na Pl\u00e1in\u00e9id, na Geala\u00ed srl.<\/h3>\n\n\n\n<ul class=\"wp-block-list\">\n<li><a href=\"https:\/\/www.astroviewer.net\/iss\/en\/\">ISS Astroviewer<\/a><\/li>\n\n\n\n<li><a href=\"https:\/\/www.heavens-above.com\/\" target=\"_blank\" rel=\"noreferrer noopener\">Na flaithis thuas<\/a><\/li>\n\n\n\n<li><a href=\"https:\/\/www.skymaps.com\/\" target=\"_blank\" rel=\"noreferrer noopener\">Skymaps<\/a><\/li>\n\n\n\n<li>Is bogearra\u00ed pl\u00e1in\u00e9adlainne foinse oscailte saor in aisce \u00e9 <a href=\"https:\/\/stellarium.org\/\" target=\"_blank\" rel=\"noreferrer noopener\">Stellarium<\/a>. Taispe\u00e1nann s\u00e9 sp\u00e9ir r\u00e9ala\u00edoch i 3D, d\u00edreach mar a fheiceann t\u00fa leis an ts\u00fail f\u00e9in, d\u00e9sh\u00failigh n\u00f3 teileasc\u00f3p.<\/li>\n<\/ul>\n\n\n\n<h2 class=\"wp-block-heading\">Grianghrafad\u00f3ir\u00ed<\/h2>\n\n\n\n<p><em>Creidi\u00faint\u00ed grianghraf: Baineadh \u00fas\u00e1id as seatanna r\u00e9altfh\u00f3tagrafa\u00edochta at\u00e1 le feice\u00e1il ar an su\u00edomh Gr\u00e9as\u00e1in seo le cead \u00f3 na grianghrafad\u00f3ir\u00ed \u00e1iti\u00fala seo a leanas:<\/em><\/p>\n\n\n\n<ul class=\"wp-block-list\">\n<li>Brian Wilson Photography &#8211; <a href=\"https:\/\/www.flickr.com\/people\/55738210@N05\/\">Brian Wilson Flickr<\/a><\/li>\n\n\n\n<li>Stephen Hanley Photography &#8211; <a href=\"https:\/\/www.flickr.com\/photos\/151856753@N08\/\">Stephen Hanley Flickr<\/a><\/li>\n\n\n\n<li>Conor Ledwith Photography &#8211; <a href=\"https:\/\/www.facebook.com\/Conor-Ledwith-Photography-508733612472051\/\">Conor Ledwith Photography<\/a><\/li>\n\n\n\n<li>Mike Kinsella Photography &#8211; <a href=\"https:\/\/www.facebook.com\/mike.kinsella.photography\">Mike Kinsella Photography<\/a><\/li>\n<\/ul>\n<\/div>\n<\/div>\n","protected":false},"excerpt":{"rendered":"<p>Naisc \u00das\u00e1ideacha P\u00e1irc N\u00e1isi\u00fanta N\u00e9ifinne Fi\u00e1ine Bhaile Chruaich Foireann bainist\u00edochta na P\u00e1irce Sp\u00e9ire Dorcha Mhaigh Eo. Is \u00ed P\u00e1irc N\u00e1isi\u00fanta Bhaile Chruaich an s\u00e9\u00fa P\u00e1irc N\u00e1isi\u00fanta in \u00c9irinn (1998) agus t\u00e1 s\u00ed suite ar ch\u00f3sta an Iarthair in iarthuaisceart Mhaigh Eo. T\u00e1 s\u00e9 comhdh\u00e9anta de 11,000 heicte\u00e1r de bhratphortach Atlantach agus de thalamh sl\u00e9ibhti\u00fail, ag [&hellip;]<\/p>\n","protected":false},"author":1,"featured_media":523,"parent":599,"menu_order":0,"comment_status":"closed","ping_status":"closed","template":"","meta":{"_uag_custom_page_level_css":"","site-sidebar-layout":"default","site-content-layout":"","ast-site-content-layout":"default","site-content-style":"default","site-sidebar-style":"default","ast-global-header-display":"","ast-banner-title-visibility":"","ast-main-header-display":"","ast-hfb-above-header-display":"","ast-hfb-below-header-display":"","ast-hfb-mobile-header-display":"","site-post-title":"disabled","ast-breadcrumbs-content":"","ast-featured-img":"","footer-sml-layout":"","ast-disable-related-posts":"","theme-transparent-header-meta":"","adv-header-id-meta":"","stick-header-meta":"","header-above-stick-meta":"","header-main-stick-meta":"","header-below-stick-meta":"","astra-migrate-meta-layouts":"default","ast-page-background-enabled":"default","ast-page-background-meta":{"desktop":{"background-color":"var(--ast-global-color-4)","background-image":"","background-repeat":"repeat","background-position":"center center","background-size":"auto","background-attachment":"scroll","background-type":"","background-media":"","overlay-type":"","overlay-color":"","overlay-opacity":"","overlay-gradient":""},"tablet":{"background-color":"","background-image":"","background-repeat":"repeat","background-position":"center center","background-size":"auto","background-attachment":"scroll","background-type":"","background-media":"","overlay-type":"","overlay-color":"","overlay-opacity":"","overlay-gradient":""},"mobile":{"background-color":"","background-image":"","background-repeat":"repeat","background-position":"center center","background-size":"auto","background-attachment":"scroll","background-type":"","background-media":"","overlay-type":"","overlay-color":"","overlay-opacity":"","overlay-gradient":""}},"ast-content-background-meta":{"desktop":{"background-color":"var(--ast-global-color-5)","background-image":"","background-repeat":"repeat","background-position":"center center","background-size":"auto","background-attachment":"scroll","background-type":"","background-media":"","overlay-type":"","overlay-color":"","overlay-opacity":"","overlay-gradient":""},"tablet":{"background-color":"var(--ast-global-color-5)","background-image":"","background-repeat":"repeat","background-position":"center center","background-size":"auto","background-attachment":"scroll","background-type":"","background-media":"","overlay-type":"","overlay-color":"","overlay-opacity":"","overlay-gradient":""},"mobile":{"background-color":"var(--ast-global-color-5)","background-image":"","background-repeat":"repeat","background-position":"center center","background-size":"auto","background-attachment":"scroll","background-type":"","background-media":"","overlay-type":"","overlay-color":"","overlay-opacity":"","overlay-gradient":""}},"footnotes":""},"class_list":["post-645","page","type-page","status-publish","has-post-thumbnail","hentry"],"yoast_head":"<!-- This site is optimized with the Yoast SEO plugin v27.3 - https:\/\/yoast.com\/product\/yoast-seo-wordpress\/ -->\n<title>Naisc \u00das\u00e1ideacha - P\u00e1irc Sp\u00e9ire Dorcha Mhaigh Eo<\/title>\n<meta name=\"robots\" content=\"index, follow, max-snippet:-1, max-image-preview:large, max-video-preview:-1\" \/>\n<link rel=\"canonical\" href=\"https:\/\/www.mayodarkskypark.ie\/ga\/faigh-amach\/naisc-usaideacha\/\" \/>\n<meta property=\"og:locale\" content=\"ga_IE\" \/>\n<meta property=\"og:type\" content=\"article\" \/>\n<meta property=\"og:title\" content=\"Naisc \u00das\u00e1ideacha - P\u00e1irc Sp\u00e9ire Dorcha Mhaigh Eo\" \/>\n<meta property=\"og:description\" content=\"Naisc \u00das\u00e1ideacha P\u00e1irc N\u00e1isi\u00fanta N\u00e9ifinne Fi\u00e1ine Bhaile Chruaich Foireann bainist\u00edochta na P\u00e1irce Sp\u00e9ire Dorcha Mhaigh Eo. Is \u00ed P\u00e1irc N\u00e1isi\u00fanta Bhaile Chruaich an s\u00e9\u00fa P\u00e1irc N\u00e1isi\u00fanta in \u00c9irinn (1998) agus t\u00e1 s\u00ed suite ar ch\u00f3sta an Iarthair in iarthuaisceart Mhaigh Eo. T\u00e1 s\u00e9 comhdh\u00e9anta de 11,000 heicte\u00e1r de bhratphortach Atlantach agus de thalamh sl\u00e9ibhti\u00fail, ag [&hellip;]\" \/>\n<meta property=\"og:url\" content=\"https:\/\/www.mayodarkskypark.ie\/ga\/faigh-amach\/naisc-usaideacha\/\" \/>\n<meta property=\"og:site_name\" content=\"P\u00e1irc Sp\u00e9ire Dorcha Mhaigh Eo\" \/>\n<meta property=\"article:publisher\" content=\"https:\/\/www.facebook.com\/mayodarkskies\/\" \/>\n<meta property=\"article:modified_time\" content=\"2025-01-09T08:49:11+00:00\" \/>\n<meta property=\"og:image\" content=\"https:\/\/www.mayodarkskypark.ie\/wp-content\/uploads\/2023\/11\/Banner10.jpg\" \/>\n\t<meta property=\"og:image:width\" content=\"1200\" \/>\n\t<meta property=\"og:image:height\" content=\"265\" \/>\n\t<meta property=\"og:image:type\" content=\"image\/jpeg\" \/>\n<meta name=\"twitter:card\" content=\"summary_large_image\" \/>\n<meta name=\"twitter:label1\" content=\"Est. reading time\" \/>\n\t<meta name=\"twitter:data1\" content=\"3 minutes\" \/>\n<script type=\"application\/ld+json\" class=\"yoast-schema-graph\">{\"@context\":\"https:\\\/\\\/schema.org\",\"@graph\":[{\"@type\":\"WebPage\",\"@id\":\"https:\\\/\\\/www.mayodarkskypark.ie\\\/ga\\\/faigh-amach\\\/naisc-usaideacha\\\/\",\"url\":\"https:\\\/\\\/www.mayodarkskypark.ie\\\/ga\\\/faigh-amach\\\/naisc-usaideacha\\\/\",\"name\":\"Naisc \u00das\u00e1ideacha - P\u00e1irc Sp\u00e9ire Dorcha Mhaigh Eo\",\"isPartOf\":{\"@id\":\"https:\\\/\\\/www.mayodarkskypark.ie\\\/#website\"},\"primaryImageOfPage\":{\"@id\":\"https:\\\/\\\/www.mayodarkskypark.ie\\\/ga\\\/faigh-amach\\\/naisc-usaideacha\\\/#primaryimage\"},\"image\":{\"@id\":\"https:\\\/\\\/www.mayodarkskypark.ie\\\/ga\\\/faigh-amach\\\/naisc-usaideacha\\\/#primaryimage\"},\"thumbnailUrl\":\"https:\\\/\\\/www.mayodarkskypark.ie\\\/wp-content\\\/uploads\\\/2023\\\/11\\\/Banner10.jpg\",\"datePublished\":\"2023-11-28T14:11:16+00:00\",\"dateModified\":\"2025-01-09T08:49:11+00:00\",\"breadcrumb\":{\"@id\":\"https:\\\/\\\/www.mayodarkskypark.ie\\\/ga\\\/faigh-amach\\\/naisc-usaideacha\\\/#breadcrumb\"},\"inLanguage\":\"ga-IE\",\"potentialAction\":[{\"@type\":\"ReadAction\",\"target\":[\"https:\\\/\\\/www.mayodarkskypark.ie\\\/ga\\\/faigh-amach\\\/naisc-usaideacha\\\/\"]}]},{\"@type\":\"ImageObject\",\"inLanguage\":\"ga-IE\",\"@id\":\"https:\\\/\\\/www.mayodarkskypark.ie\\\/ga\\\/faigh-amach\\\/naisc-usaideacha\\\/#primaryimage\",\"url\":\"https:\\\/\\\/www.mayodarkskypark.ie\\\/wp-content\\\/uploads\\\/2023\\\/11\\\/Banner10.jpg\",\"contentUrl\":\"https:\\\/\\\/www.mayodarkskypark.ie\\\/wp-content\\\/uploads\\\/2023\\\/11\\\/Banner10.jpg\",\"width\":1200,\"height\":265},{\"@type\":\"BreadcrumbList\",\"@id\":\"https:\\\/\\\/www.mayodarkskypark.ie\\\/ga\\\/faigh-amach\\\/naisc-usaideacha\\\/#breadcrumb\",\"itemListElement\":[{\"@type\":\"ListItem\",\"position\":1,\"name\":\"Home\",\"item\":\"https:\\\/\\\/www.mayodarkskypark.ie\\\/ga\\\/\"},{\"@type\":\"ListItem\",\"position\":2,\"name\":\"Faigh Amach\",\"item\":\"https:\\\/\\\/www.mayodarkskypark.ie\\\/discover\\\/\"},{\"@type\":\"ListItem\",\"position\":3,\"name\":\"Naisc \u00das\u00e1ideacha\"}]},{\"@type\":\"WebSite\",\"@id\":\"https:\\\/\\\/www.mayodarkskypark.ie\\\/#website\",\"url\":\"https:\\\/\\\/www.mayodarkskypark.ie\\\/\",\"name\":\"Mayo Dark Sky Park\",\"description\":\"International Dark Sky Place of the Year 2024\",\"publisher\":{\"@id\":\"https:\\\/\\\/www.mayodarkskypark.ie\\\/#organization\"},\"potentialAction\":[{\"@type\":\"SearchAction\",\"target\":{\"@type\":\"EntryPoint\",\"urlTemplate\":\"https:\\\/\\\/www.mayodarkskypark.ie\\\/?s={search_term_string}\"},\"query-input\":{\"@type\":\"PropertyValueSpecification\",\"valueRequired\":true,\"valueName\":\"search_term_string\"}}],\"inLanguage\":\"ga-IE\"},{\"@type\":\"Organization\",\"@id\":\"https:\\\/\\\/www.mayodarkskypark.ie\\\/#organization\",\"name\":\"Mayo Dark Sky Park\",\"url\":\"https:\\\/\\\/www.mayodarkskypark.ie\\\/\",\"logo\":{\"@type\":\"ImageObject\",\"inLanguage\":\"ga-IE\",\"@id\":\"https:\\\/\\\/www.mayodarkskypark.ie\\\/#\\\/schema\\\/logo\\\/image\\\/\",\"url\":\"https:\\\/\\\/www.mayodarkskypark.ie\\\/wp-content\\\/uploads\\\/2023\\\/11\\\/mayo-dark-sky-park.png\",\"contentUrl\":\"https:\\\/\\\/www.mayodarkskypark.ie\\\/wp-content\\\/uploads\\\/2023\\\/11\\\/mayo-dark-sky-park.png\",\"width\":246,\"height\":70,\"caption\":\"Mayo Dark Sky Park\"},\"image\":{\"@id\":\"https:\\\/\\\/www.mayodarkskypark.ie\\\/#\\\/schema\\\/logo\\\/image\\\/\"},\"sameAs\":[\"https:\\\/\\\/www.facebook.com\\\/mayodarkskies\\\/\"]}]}<\/script>\n<!-- \/ Yoast SEO plugin. -->","yoast_head_json":{"title":"Naisc \u00das\u00e1ideacha - P\u00e1irc Sp\u00e9ire Dorcha Mhaigh Eo","robots":{"index":"index","follow":"follow","max-snippet":"max-snippet:-1","max-image-preview":"max-image-preview:large","max-video-preview":"max-video-preview:-1"},"canonical":"https:\/\/www.mayodarkskypark.ie\/ga\/faigh-amach\/naisc-usaideacha\/","og_locale":"ga_IE","og_type":"article","og_title":"Naisc \u00das\u00e1ideacha - P\u00e1irc Sp\u00e9ire Dorcha Mhaigh Eo","og_description":"Naisc \u00das\u00e1ideacha P\u00e1irc N\u00e1isi\u00fanta N\u00e9ifinne Fi\u00e1ine Bhaile Chruaich Foireann bainist\u00edochta na P\u00e1irce Sp\u00e9ire Dorcha Mhaigh Eo. Is \u00ed P\u00e1irc N\u00e1isi\u00fanta Bhaile Chruaich an s\u00e9\u00fa P\u00e1irc N\u00e1isi\u00fanta in \u00c9irinn (1998) agus t\u00e1 s\u00ed suite ar ch\u00f3sta an Iarthair in iarthuaisceart Mhaigh Eo. T\u00e1 s\u00e9 comhdh\u00e9anta de 11,000 heicte\u00e1r de bhratphortach Atlantach agus de thalamh sl\u00e9ibhti\u00fail, ag [&hellip;]","og_url":"https:\/\/www.mayodarkskypark.ie\/ga\/faigh-amach\/naisc-usaideacha\/","og_site_name":"P\u00e1irc Sp\u00e9ire Dorcha Mhaigh Eo","article_publisher":"https:\/\/www.facebook.com\/mayodarkskies\/","article_modified_time":"2025-01-09T08:49:11+00:00","og_image":[{"width":1200,"height":265,"url":"https:\/\/www.mayodarkskypark.ie\/wp-content\/uploads\/2023\/11\/Banner10.jpg","type":"image\/jpeg"}],"twitter_card":"summary_large_image","twitter_misc":{"Est. reading time":"3 minutes"},"schema":{"@context":"https:\/\/schema.org","@graph":[{"@type":"WebPage","@id":"https:\/\/www.mayodarkskypark.ie\/ga\/faigh-amach\/naisc-usaideacha\/","url":"https:\/\/www.mayodarkskypark.ie\/ga\/faigh-amach\/naisc-usaideacha\/","name":"Naisc \u00das\u00e1ideacha - P\u00e1irc Sp\u00e9ire Dorcha Mhaigh Eo","isPartOf":{"@id":"https:\/\/www.mayodarkskypark.ie\/#website"},"primaryImageOfPage":{"@id":"https:\/\/www.mayodarkskypark.ie\/ga\/faigh-amach\/naisc-usaideacha\/#primaryimage"},"image":{"@id":"https:\/\/www.mayodarkskypark.ie\/ga\/faigh-amach\/naisc-usaideacha\/#primaryimage"},"thumbnailUrl":"https:\/\/www.mayodarkskypark.ie\/wp-content\/uploads\/2023\/11\/Banner10.jpg","datePublished":"2023-11-28T14:11:16+00:00","dateModified":"2025-01-09T08:49:11+00:00","breadcrumb":{"@id":"https:\/\/www.mayodarkskypark.ie\/ga\/faigh-amach\/naisc-usaideacha\/#breadcrumb"},"inLanguage":"ga-IE","potentialAction":[{"@type":"ReadAction","target":["https:\/\/www.mayodarkskypark.ie\/ga\/faigh-amach\/naisc-usaideacha\/"]}]},{"@type":"ImageObject","inLanguage":"ga-IE","@id":"https:\/\/www.mayodarkskypark.ie\/ga\/faigh-amach\/naisc-usaideacha\/#primaryimage","url":"https:\/\/www.mayodarkskypark.ie\/wp-content\/uploads\/2023\/11\/Banner10.jpg","contentUrl":"https:\/\/www.mayodarkskypark.ie\/wp-content\/uploads\/2023\/11\/Banner10.jpg","width":1200,"height":265},{"@type":"BreadcrumbList","@id":"https:\/\/www.mayodarkskypark.ie\/ga\/faigh-amach\/naisc-usaideacha\/#breadcrumb","itemListElement":[{"@type":"ListItem","position":1,"name":"Home","item":"https:\/\/www.mayodarkskypark.ie\/ga\/"},{"@type":"ListItem","position":2,"name":"Faigh Amach","item":"https:\/\/www.mayodarkskypark.ie\/discover\/"},{"@type":"ListItem","position":3,"name":"Naisc \u00das\u00e1ideacha"}]},{"@type":"WebSite","@id":"https:\/\/www.mayodarkskypark.ie\/#website","url":"https:\/\/www.mayodarkskypark.ie\/","name":"Mayo Dark Sky Park","description":"International Dark Sky Place of the Year 2024","publisher":{"@id":"https:\/\/www.mayodarkskypark.ie\/#organization"},"potentialAction":[{"@type":"SearchAction","target":{"@type":"EntryPoint","urlTemplate":"https:\/\/www.mayodarkskypark.ie\/?s={search_term_string}"},"query-input":{"@type":"PropertyValueSpecification","valueRequired":true,"valueName":"search_term_string"}}],"inLanguage":"ga-IE"},{"@type":"Organization","@id":"https:\/\/www.mayodarkskypark.ie\/#organization","name":"Mayo Dark Sky Park","url":"https:\/\/www.mayodarkskypark.ie\/","logo":{"@type":"ImageObject","inLanguage":"ga-IE","@id":"https:\/\/www.mayodarkskypark.ie\/#\/schema\/logo\/image\/","url":"https:\/\/www.mayodarkskypark.ie\/wp-content\/uploads\/2023\/11\/mayo-dark-sky-park.png","contentUrl":"https:\/\/www.mayodarkskypark.ie\/wp-content\/uploads\/2023\/11\/mayo-dark-sky-park.png","width":246,"height":70,"caption":"Mayo Dark Sky Park"},"image":{"@id":"https:\/\/www.mayodarkskypark.ie\/#\/schema\/logo\/image\/"},"sameAs":["https:\/\/www.facebook.com\/mayodarkskies\/"]}]}},"spectra_custom_meta":{"adv-header-id-meta":[""],"stick-header-meta":[""],"site-post-title":["disabled"],"ast-featured-img":[""],"theme-transparent-header-meta":[""],"_top_nav_excluded":[""],"_cms_nav_minihome":[""],"_thumbnail_id":["523"],"_last_translation_edit_mode":["translation-editor"],"_tribe_ticket_capacity":["0"],"_tribe_ticket_version":["5.13.4"],"ast-banner-title-visibility":[""],"_uag_css_file_name":["uag-css-645.css"],"_uag_page_assets":["a:9:{s:3:\"css\";s:263:\".uag-blocks-common-selector{z-index:var(--z-index-desktop) !important}@media (max-width: 976px){.uag-blocks-common-selector{z-index:var(--z-index-tablet) !important}}@media (max-width: 767px){.uag-blocks-common-selector{z-index:var(--z-index-mobile) !important}}\n\";s:2:\"js\";s:0:\"\";s:18:\"current_block_list\";a:12:{i:0;s:12:\"core\/heading\";i:1;s:12:\"core\/columns\";i:2;s:11:\"core\/column\";i:3;s:14:\"core\/paragraph\";i:4;s:9:\"core\/list\";i:5;s:14:\"core\/list-item\";i:6;s:10:\"core\/group\";i:7;s:12:\"core\/buttons\";i:8;s:11:\"core\/button\";i:10;s:10:\"core\/image\";i:12;s:9:\"core\/html\";i:13;s:11:\"core\/spacer\";}s:8:\"uag_flag\";b:0;s:11:\"uag_version\";s:10:\"1776262563\";s:6:\"gfonts\";a:0:{}s:10:\"gfonts_url\";s:0:\"\";s:12:\"gfonts_files\";a:0:{}s:14:\"uag_faq_layout\";b:0;}"]},"uagb_featured_image_src":{"full":["https:\/\/www.mayodarkskypark.ie\/wp-content\/uploads\/2023\/11\/Banner10.jpg",1200,265,false],"thumbnail":["https:\/\/www.mayodarkskypark.ie\/wp-content\/uploads\/2023\/11\/Banner10-150x150.jpg",150,150,true],"medium":["https:\/\/www.mayodarkskypark.ie\/wp-content\/uploads\/2023\/11\/Banner10-300x66.jpg",300,66,true],"medium_large":["https:\/\/www.mayodarkskypark.ie\/wp-content\/uploads\/2023\/11\/Banner10-768x170.jpg",768,170,true],"large":["https:\/\/www.mayodarkskypark.ie\/wp-content\/uploads\/2023\/11\/Banner10-1024x226.jpg",1024,226,true],"1536x1536":["https:\/\/www.mayodarkskypark.ie\/wp-content\/uploads\/2023\/11\/Banner10.jpg",1200,265,false],"2048x2048":["https:\/\/www.mayodarkskypark.ie\/wp-content\/uploads\/2023\/11\/Banner10.jpg",1200,265,false]},"uagb_author_info":{"display_name":"Robert Lockwood","author_link":"https:\/\/www.mayodarkskypark.ie\/ga\/author\/robert-lockwood\/"},"uagb_comment_info":0,"uagb_excerpt":"Naisc \u00das\u00e1ideacha P\u00e1irc N\u00e1isi\u00fanta N\u00e9ifinne Fi\u00e1ine Bhaile Chruaich Foireann bainist\u00edochta na P\u00e1irce Sp\u00e9ire Dorcha Mhaigh Eo. Is \u00ed P\u00e1irc N\u00e1isi\u00fanta Bhaile Chruaich an s\u00e9\u00fa P\u00e1irc N\u00e1isi\u00fanta in \u00c9irinn (1998) agus t\u00e1 s\u00ed suite ar ch\u00f3sta an Iarthair in iarthuaisceart Mhaigh Eo. T\u00e1 s\u00e9 comhdh\u00e9anta de 11,000 heicte\u00e1r de bhratphortach Atlantach agus de thalamh sl\u00e9ibhti\u00fail, ag&hellip;","_links":{"self":[{"href":"https:\/\/www.mayodarkskypark.ie\/ga\/wp-json\/wp\/v2\/pages\/645","targetHints":{"allow":["GET"]}}],"collection":[{"href":"https:\/\/www.mayodarkskypark.ie\/ga\/wp-json\/wp\/v2\/pages"}],"about":[{"href":"https:\/\/www.mayodarkskypark.ie\/ga\/wp-json\/wp\/v2\/types\/page"}],"author":[{"embeddable":true,"href":"https:\/\/www.mayodarkskypark.ie\/ga\/wp-json\/wp\/v2\/users\/1"}],"replies":[{"embeddable":true,"href":"https:\/\/www.mayodarkskypark.ie\/ga\/wp-json\/wp\/v2\/comments?post=645"}],"version-history":[{"count":1,"href":"https:\/\/www.mayodarkskypark.ie\/ga\/wp-json\/wp\/v2\/pages\/645\/revisions"}],"predecessor-version":[{"id":646,"href":"https:\/\/www.mayodarkskypark.ie\/ga\/wp-json\/wp\/v2\/pages\/645\/revisions\/646"}],"up":[{"embeddable":true,"href":"https:\/\/www.mayodarkskypark.ie\/ga\/wp-json\/wp\/v2\/pages\/599"}],"wp:featuredmedia":[{"embeddable":true,"href":"https:\/\/www.mayodarkskypark.ie\/ga\/wp-json\/wp\/v2\/media\/523"}],"wp:attachment":[{"href":"https:\/\/www.mayodarkskypark.ie\/ga\/wp-json\/wp\/v2\/media?parent=645"}],"curies":[{"name":"wp","href":"https:\/\/api.w.org\/{rel}","templated":true}]}}