{"id":647,"date":"2023-11-28T14:11:16","date_gmt":"2023-11-28T14:11:16","guid":{"rendered":"https:\/\/www.mayodarkskypark.ie\/faigh-amach\/stellarium\/"},"modified":"2025-01-09T08:45:50","modified_gmt":"2025-01-09T08:45:50","slug":"stellarium","status":"publish","type":"page","link":"https:\/\/www.mayodarkskypark.ie\/ga\/faigh-amach\/stellarium\/","title":{"rendered":"Stellarium"},"content":{"rendered":"\n<h1 class=\"wp-block-heading\">Stellarium<\/h1>\n\n<div class=\"wp-block-columns is-layout-flex wp-container-core-columns-is-layout-e0e4babd wp-block-columns-is-layout-flex\" style=\"padding-right:0;padding-left:0\">\n<div class=\"wp-block-column is-layout-flow wp-block-column-is-layout-flow\">\n<p>T\u00e1 \u00e1thas ar <strong>Gr\u00fapa Pobail Sp\u00e9ire Dorcha Mhaigh Eo<\/strong>, i gcomhar le <strong>hInstiti\u00faid Teicneola\u00edochta Bhaile \u00c1tha Cliath<\/strong>, eisp\u00e9ireas f\u00edor\u00fail digiteach ar Ph\u00e1irc Sp\u00e9ire Dorcha Mhaigh Eo a sheoladh. Tar \u00e9is \u00ed a ainmni\u00fa mar Ph\u00e1irc Idirn\u00e1isi\u00fanta Sp\u00e9ire Dorcha (Sraith \u00d3ir), is f\u00e9idir anois taith\u00ed a fh\u00e1il ar chuid den sp\u00e9ire iontach seo ar do r\u00edomhaire. T\u00e1 s\u00e9 seo ind\u00e9anta tr\u00ed \u00fas\u00e1id a bhaint as bogearra\u00ed foinse oscailte (Stellarium <a href=\"http:\/\/www.stellarium.org\/\">http:\/\/www.stellarium.org\/<\/a>) agus l\u00e1nl\u00e9argas digiteach a coimisi\u00fana\u00edodh go speisialta ar na sp\u00e9ire timpeall Ionad Cuairteoir\u00ed Bhaile Chruaich, P\u00e1irc N\u00e1isi\u00fanta N\u00e9ifinne Fi\u00e1ine.<\/p>\n\n\n\n<p>Pl\u00e1in\u00e9adlann foinse oscailte is ea Stellarium do do r\u00edomhaire agus taispe\u00e1nann s\u00e9 sp\u00e9ir dhigiteach ioml\u00e1n r\u00e9ala\u00edoch. Forbra\u00edodh an comhad t\u00edrdhreacha saincheaptha do Stellarium go speisialta don tionscadal comhoibr\u00edoch seo. Nuair a bheidh s\u00e9 suite\u00e1ilte ar do r\u00edomhaire, su\u00edonn s\u00e9 seo do dhearcadh ag an gcruinni\u00fa mullaigh d\u00edreach os cionn an Ionaid Chuairteoir\u00ed. Feictear radharcanna r\u00e9adacha ar an sc\u00e1ile\u00e1n agus, den ch\u00e9ad uair, is f\u00e9idir taith\u00ed agus taitneamh a bhaint as na sp\u00e9irdhreacha athraitheacha i rith na bliana. Sol\u00e1thra\u00edonn rial\u00fa \u00fas\u00e1ideoir\u00ed ar shu\u00edomhanna, am agus treo an chl\u00e1ir uirlis thar a bheith cumhachtach oideachais chun an r\u00e9alteola\u00edocht phraitici\u00fail a fhoghlaim.<\/p>\n\n\n\n<p>Chun comhad t\u00edrdhreacha saincheaptha a \u00edosl\u00f3d\u00e1il do Bhaile Chruaich agus p\u00f3staer taispe\u00e1na den l\u00e1nl\u00e9argas m\u00f3rthimpeall ar an Ionad Cuairteoir\u00ed chomh maith le treoracha suite\u00e1la clice\u00e1il le do thoil ar na naisc seo a leanas.<\/p>\n\n\n\n<div class=\"wp-block-columns is-layout-flex wp-container-core-columns-is-layout-28f84493 wp-block-columns-is-layout-flex\">\n<div class=\"wp-block-column is-layout-flow wp-block-column-is-layout-flow\"><a href=\"https:\/\/www.mayodarkskypark.ie\/wp-content\/uploads\/2023\/11\/Ballycroy.zip\"    style=\"--color-bkg:#f6f6f6;--color-bkg-hover:#cfcfcf;padding-right:1rem;padding-left:1rem;\" class=\"wp-block-tiptip-hyperlink-group-block\" >\n<div class=\"wp-block-outermost-icon-block items-justified-center\"><div class=\"icon-container\" style=\"--color-bkg:#f6f6f6;--color-bkg-hover:#cfcfcf;width:48px\"><svg xmlns=\"http:\/\/www.w3.org\/2000\/svg\" viewbox=\"0 0 24 24\" aria-hidden=\"true\"><path d=\"M19 6.2h-5.9l-.6-1.1c-.3-.7-1-1.1-1.8-1.1H5c-1.1 0-2 .9-2 2v11.8c0 1.1.9 2 2 2h14c1.1 0 2-.9 2-2V8.2c0-1.1-.9-2-2-2zm.5 11.6c0 .3-.2.5-.5.5H5c-.3 0-.5-.2-.5-.5V6c0-.3.2-.5.5-.5h5.8c.2 0 .4.1.4.3l1 2H19c.3 0 .5.2.5.5v9.5z\"><\/path><\/svg><\/div><\/div>\n\n<p class=\"has-text-align-center\">\u00cdosl\u00f3d\u00e1il comhad t\u00edrdhreacha saincheaptha do Bhaile Chruaich (Ballycroy.zip)<\/p>\n\n<div class=\"wp-block-buttons is-content-justification-center is-layout-flex wp-container-core-buttons-is-layout-66c865a0 wp-block-buttons-is-layout-flex\" style=\"--color-bkg:#f6f6f6;--color-bkg-hover:#cfcfcf;margin-bottom:1rem\">\n\n<div class=\"wp-block-button\"><span class=\"wp-block-button__link wp-element-button\">Ballycroy.zip<\/span><\/div>\n\n<\/div>\n<\/a><\/div>\n\n\n\n<div class=\"wp-block-column is-layout-flow wp-block-column-is-layout-flow\"><a href=\"https:\/\/www.mayodarkskypark.ie\/wp-content\/uploads\/2023\/11\/stellarium-for-ballycroy-poster.pdf\" rel=\"noreferrer noopener\"   style=\"--color-bkg:#f6f6f6;--color-bkg-hover:#cfcfcf;padding-right:1rem;padding-left:1rem;\" class=\"wp-block-tiptip-hyperlink-group-block\" target=\"_blank\">\n<div class=\"wp-block-outermost-icon-block items-justified-center\"><div class=\"icon-container\" style=\"--color-bkg:#f6f6f6;--color-bkg-hover:#cfcfcf;width:48px\"><svg xmlns=\"http:\/\/www.w3.org\/2000\/svg\" viewbox=\"0 0 24 24\" aria-hidden=\"true\"><path d=\"M19 3H5c-1.1 0-2 .9-2 2v14c0 1.1.9 2 2 2h14c1.1 0 2-.9 2-2V5c0-1.1-.9-2-2-2zM5 4.5h14c.3 0 .5.2.5.5v8.4l-3-2.9c-.3-.3-.8-.3-1 0L11.9 14 9 12c-.3-.2-.6-.2-.8 0l-3.6 2.6V5c-.1-.3.1-.5.4-.5zm14 15H5c-.3 0-.5-.2-.5-.5v-2.4l4.1-3 3 1.9c.3.2.7.2.9-.1L16 12l3.5 3.4V19c0 .3-.2.5-.5.5z\"><\/path><\/svg><\/div><\/div>\n\n<p class=\"has-text-align-center\">Taispe\u00e1in p\u00f3staer den l\u00e1nl\u00e9argas m\u00f3rthimpeall an Ionaid Chuairteoir\u00ed<\/p>\n\n<div class=\"wp-block-buttons is-content-justification-center is-layout-flex wp-container-core-buttons-is-layout-66c865a0 wp-block-buttons-is-layout-flex\" style=\"--color-bkg:#f6f6f6;--color-bkg-hover:#cfcfcf;margin-bottom:1rem\">\n\n<div class=\"wp-block-button\"><span class=\"wp-block-button__link wp-element-button\">P\u00f3staer<\/span><\/div>\n\n<\/div>\n<\/a><\/div>\n\n\n\n<div class=\"wp-block-column is-layout-flow wp-block-column-is-layout-flow\"><a href=\"https:\/\/www.mayodarkskypark.ie\/wp-content\/uploads\/2023\/11\/stellarium-for-ballycroy-instructions.pdf\" rel=\"noreferrer noopener\"   style=\"--color-bkg:#f6f6f6;--color-bkg-hover:#cfcfcf;padding-right:1rem;padding-left:1rem;\" class=\"wp-block-tiptip-hyperlink-group-block\" target=\"_blank\">\n<div class=\"wp-block-outermost-icon-block items-justified-center\"><div class=\"icon-container\" style=\"--color-bkg:#f6f6f6;--color-bkg-hover:#cfcfcf;width:48px\"><svg xmlns=\"http:\/\/www.w3.org\/2000\/svg\" viewbox=\"0 0 24 24\" aria-hidden=\"true\"><path d=\"M7 5.5h10a.5.5 0 01.5.5v12a.5.5 0 01-.5.5H7a.5.5 0 01-.5-.5V6a.5.5 0 01.5-.5zM17 4H7a2 2 0 00-2 2v12a2 2 0 002 2h10a2 2 0 002-2V6a2 2 0 00-2-2zm-1 3.75H8v1.5h8v-1.5zM8 11h8v1.5H8V11zm6 3.25H8v1.5h6v-1.5z\"><\/path><\/svg><\/div><\/div>\n\n<p class=\"has-text-align-center\">Treoracha suite\u00e1la do chomhad t\u00edrdhreacha Stellarium agus Bhaile Chruaich<\/p>\n\n<div class=\"wp-block-buttons is-content-justification-center is-layout-flex wp-container-core-buttons-is-layout-66c865a0 wp-block-buttons-is-layout-flex\" style=\"--color-bkg:#f6f6f6;--color-bkg-hover:#cfcfcf;margin-bottom:1rem\">\n\n<div class=\"wp-block-button\"><span class=\"wp-block-button__link wp-element-button\">Treoracha suite\u00e1la<\/span><\/div>\n\n<\/div>\n<\/a><\/div>\n<\/div>\n<\/div>\n<\/div>\n","protected":false},"excerpt":{"rendered":"<p>Stellarium T\u00e1 \u00e1thas ar Gr\u00fapa Pobail Sp\u00e9ire Dorcha Mhaigh Eo, i gcomhar le hInstiti\u00faid Teicneola\u00edochta Bhaile \u00c1tha Cliath, eisp\u00e9ireas f\u00edor\u00fail digiteach ar Ph\u00e1irc Sp\u00e9ire Dorcha Mhaigh Eo a sheoladh. Tar \u00e9is \u00ed a ainmni\u00fa mar Ph\u00e1irc Idirn\u00e1isi\u00fanta Sp\u00e9ire Dorcha (Sraith \u00d3ir), is f\u00e9idir anois taith\u00ed a fh\u00e1il ar chuid den sp\u00e9ire iontach seo ar do [&hellip;]<\/p>\n","protected":false},"author":1,"featured_media":524,"parent":599,"menu_order":0,"comment_status":"closed","ping_status":"closed","template":"","meta":{"_uag_custom_page_level_css":"","site-sidebar-layout":"default","site-content-layout":"","ast-site-content-layout":"default","site-content-style":"default","site-sidebar-style":"default","ast-global-header-display":"","ast-banner-title-visibility":"","ast-main-header-display":"","ast-hfb-above-header-display":"","ast-hfb-below-header-display":"","ast-hfb-mobile-header-display":"","site-post-title":"disabled","ast-breadcrumbs-content":"","ast-featured-img":"","footer-sml-layout":"","ast-disable-related-posts":"","theme-transparent-header-meta":"","adv-header-id-meta":"","stick-header-meta":"","header-above-stick-meta":"","header-main-stick-meta":"","header-below-stick-meta":"","astra-migrate-meta-layouts":"default","ast-page-background-enabled":"default","ast-page-background-meta":{"desktop":{"background-color":"var(--ast-global-color-4)","background-image":"","background-repeat":"repeat","background-position":"center center","background-size":"auto","background-attachment":"scroll","background-type":"","background-media":"","overlay-type":"","overlay-color":"","overlay-opacity":"","overlay-gradient":""},"tablet":{"background-color":"","background-image":"","background-repeat":"repeat","background-position":"center center","background-size":"auto","background-attachment":"scroll","background-type":"","background-media":"","overlay-type":"","overlay-color":"","overlay-opacity":"","overlay-gradient":""},"mobile":{"background-color":"","background-image":"","background-repeat":"repeat","background-position":"center center","background-size":"auto","background-attachment":"scroll","background-type":"","background-media":"","overlay-type":"","overlay-color":"","overlay-opacity":"","overlay-gradient":""}},"ast-content-background-meta":{"desktop":{"background-color":"var(--ast-global-color-5)","background-image":"","background-repeat":"repeat","background-position":"center center","background-size":"auto","background-attachment":"scroll","background-type":"","background-media":"","overlay-type":"","overlay-color":"","overlay-opacity":"","overlay-gradient":""},"tablet":{"background-color":"var(--ast-global-color-5)","background-image":"","background-repeat":"repeat","background-position":"center center","background-size":"auto","background-attachment":"scroll","background-type":"","background-media":"","overlay-type":"","overlay-color":"","overlay-opacity":"","overlay-gradient":""},"mobile":{"background-color":"var(--ast-global-color-5)","background-image":"","background-repeat":"repeat","background-position":"center center","background-size":"auto","background-attachment":"scroll","background-type":"","background-media":"","overlay-type":"","overlay-color":"","overlay-opacity":"","overlay-gradient":""}},"footnotes":""},"class_list":["post-647","page","type-page","status-publish","has-post-thumbnail","hentry"],"yoast_head":"<!-- This site is optimized with the Yoast SEO plugin v27.3 - https:\/\/yoast.com\/product\/yoast-seo-wordpress\/ -->\n<title>Stellarium - P\u00e1irc Sp\u00e9ire Dorcha Mhaigh Eo<\/title>\n<meta name=\"robots\" content=\"index, follow, max-snippet:-1, max-image-preview:large, max-video-preview:-1\" \/>\n<link rel=\"canonical\" href=\"https:\/\/www.mayodarkskypark.ie\/ga\/faigh-amach\/stellarium\/\" \/>\n<meta property=\"og:locale\" content=\"ga_IE\" \/>\n<meta property=\"og:type\" content=\"article\" \/>\n<meta property=\"og:title\" content=\"Stellarium - P\u00e1irc Sp\u00e9ire Dorcha Mhaigh Eo\" \/>\n<meta property=\"og:description\" content=\"Stellarium T\u00e1 \u00e1thas ar Gr\u00fapa Pobail Sp\u00e9ire Dorcha Mhaigh Eo, i gcomhar le hInstiti\u00faid Teicneola\u00edochta Bhaile \u00c1tha Cliath, eisp\u00e9ireas f\u00edor\u00fail digiteach ar Ph\u00e1irc Sp\u00e9ire Dorcha Mhaigh Eo a sheoladh. Tar \u00e9is \u00ed a ainmni\u00fa mar Ph\u00e1irc Idirn\u00e1isi\u00fanta Sp\u00e9ire Dorcha (Sraith \u00d3ir), is f\u00e9idir anois taith\u00ed a fh\u00e1il ar chuid den sp\u00e9ire iontach seo ar do [&hellip;]\" \/>\n<meta property=\"og:url\" content=\"https:\/\/www.mayodarkskypark.ie\/ga\/faigh-amach\/stellarium\/\" \/>\n<meta property=\"og:site_name\" content=\"P\u00e1irc Sp\u00e9ire Dorcha Mhaigh Eo\" \/>\n<meta property=\"article:publisher\" content=\"https:\/\/www.facebook.com\/mayodarkskies\/\" \/>\n<meta property=\"article:modified_time\" content=\"2025-01-09T08:45:50+00:00\" \/>\n<meta property=\"og:image\" content=\"https:\/\/www.mayodarkskypark.ie\/wp-content\/uploads\/2023\/11\/Banner12.jpg\" \/>\n\t<meta property=\"og:image:width\" content=\"1200\" \/>\n\t<meta property=\"og:image:height\" content=\"265\" \/>\n\t<meta property=\"og:image:type\" content=\"image\/jpeg\" \/>\n<meta name=\"twitter:card\" content=\"summary_large_image\" \/>\n<meta name=\"twitter:label1\" content=\"Est. reading time\" \/>\n\t<meta name=\"twitter:data1\" content=\"2 minutes\" \/>\n<script type=\"application\/ld+json\" class=\"yoast-schema-graph\">{\"@context\":\"https:\\\/\\\/schema.org\",\"@graph\":[{\"@type\":\"WebPage\",\"@id\":\"https:\\\/\\\/www.mayodarkskypark.ie\\\/ga\\\/faigh-amach\\\/stellarium\\\/\",\"url\":\"https:\\\/\\\/www.mayodarkskypark.ie\\\/ga\\\/faigh-amach\\\/stellarium\\\/\",\"name\":\"Stellarium - P\u00e1irc Sp\u00e9ire Dorcha Mhaigh Eo\",\"isPartOf\":{\"@id\":\"https:\\\/\\\/www.mayodarkskypark.ie\\\/#website\"},\"primaryImageOfPage\":{\"@id\":\"https:\\\/\\\/www.mayodarkskypark.ie\\\/ga\\\/faigh-amach\\\/stellarium\\\/#primaryimage\"},\"image\":{\"@id\":\"https:\\\/\\\/www.mayodarkskypark.ie\\\/ga\\\/faigh-amach\\\/stellarium\\\/#primaryimage\"},\"thumbnailUrl\":\"https:\\\/\\\/www.mayodarkskypark.ie\\\/wp-content\\\/uploads\\\/2023\\\/11\\\/Banner12.jpg\",\"datePublished\":\"2023-11-28T14:11:16+00:00\",\"dateModified\":\"2025-01-09T08:45:50+00:00\",\"breadcrumb\":{\"@id\":\"https:\\\/\\\/www.mayodarkskypark.ie\\\/ga\\\/faigh-amach\\\/stellarium\\\/#breadcrumb\"},\"inLanguage\":\"ga-IE\",\"potentialAction\":[{\"@type\":\"ReadAction\",\"target\":[\"https:\\\/\\\/www.mayodarkskypark.ie\\\/ga\\\/faigh-amach\\\/stellarium\\\/\"]}]},{\"@type\":\"ImageObject\",\"inLanguage\":\"ga-IE\",\"@id\":\"https:\\\/\\\/www.mayodarkskypark.ie\\\/ga\\\/faigh-amach\\\/stellarium\\\/#primaryimage\",\"url\":\"https:\\\/\\\/www.mayodarkskypark.ie\\\/wp-content\\\/uploads\\\/2023\\\/11\\\/Banner12.jpg\",\"contentUrl\":\"https:\\\/\\\/www.mayodarkskypark.ie\\\/wp-content\\\/uploads\\\/2023\\\/11\\\/Banner12.jpg\",\"width\":1200,\"height\":265},{\"@type\":\"BreadcrumbList\",\"@id\":\"https:\\\/\\\/www.mayodarkskypark.ie\\\/ga\\\/faigh-amach\\\/stellarium\\\/#breadcrumb\",\"itemListElement\":[{\"@type\":\"ListItem\",\"position\":1,\"name\":\"Home\",\"item\":\"https:\\\/\\\/www.mayodarkskypark.ie\\\/ga\\\/\"},{\"@type\":\"ListItem\",\"position\":2,\"name\":\"Faigh Amach\",\"item\":\"https:\\\/\\\/www.mayodarkskypark.ie\\\/discover\\\/\"},{\"@type\":\"ListItem\",\"position\":3,\"name\":\"Stellarium\"}]},{\"@type\":\"WebSite\",\"@id\":\"https:\\\/\\\/www.mayodarkskypark.ie\\\/#website\",\"url\":\"https:\\\/\\\/www.mayodarkskypark.ie\\\/\",\"name\":\"Mayo Dark Sky Park\",\"description\":\"International Dark Sky Place of the Year 2024\",\"publisher\":{\"@id\":\"https:\\\/\\\/www.mayodarkskypark.ie\\\/#organization\"},\"potentialAction\":[{\"@type\":\"SearchAction\",\"target\":{\"@type\":\"EntryPoint\",\"urlTemplate\":\"https:\\\/\\\/www.mayodarkskypark.ie\\\/?s={search_term_string}\"},\"query-input\":{\"@type\":\"PropertyValueSpecification\",\"valueRequired\":true,\"valueName\":\"search_term_string\"}}],\"inLanguage\":\"ga-IE\"},{\"@type\":\"Organization\",\"@id\":\"https:\\\/\\\/www.mayodarkskypark.ie\\\/#organization\",\"name\":\"Mayo Dark Sky Park\",\"url\":\"https:\\\/\\\/www.mayodarkskypark.ie\\\/\",\"logo\":{\"@type\":\"ImageObject\",\"inLanguage\":\"ga-IE\",\"@id\":\"https:\\\/\\\/www.mayodarkskypark.ie\\\/#\\\/schema\\\/logo\\\/image\\\/\",\"url\":\"https:\\\/\\\/www.mayodarkskypark.ie\\\/wp-content\\\/uploads\\\/2023\\\/11\\\/mayo-dark-sky-park.png\",\"contentUrl\":\"https:\\\/\\\/www.mayodarkskypark.ie\\\/wp-content\\\/uploads\\\/2023\\\/11\\\/mayo-dark-sky-park.png\",\"width\":246,\"height\":70,\"caption\":\"Mayo Dark Sky Park\"},\"image\":{\"@id\":\"https:\\\/\\\/www.mayodarkskypark.ie\\\/#\\\/schema\\\/logo\\\/image\\\/\"},\"sameAs\":[\"https:\\\/\\\/www.facebook.com\\\/mayodarkskies\\\/\"]}]}<\/script>\n<!-- \/ Yoast SEO plugin. -->","yoast_head_json":{"title":"Stellarium - P\u00e1irc Sp\u00e9ire Dorcha Mhaigh Eo","robots":{"index":"index","follow":"follow","max-snippet":"max-snippet:-1","max-image-preview":"max-image-preview:large","max-video-preview":"max-video-preview:-1"},"canonical":"https:\/\/www.mayodarkskypark.ie\/ga\/faigh-amach\/stellarium\/","og_locale":"ga_IE","og_type":"article","og_title":"Stellarium - P\u00e1irc Sp\u00e9ire Dorcha Mhaigh Eo","og_description":"Stellarium T\u00e1 \u00e1thas ar Gr\u00fapa Pobail Sp\u00e9ire Dorcha Mhaigh Eo, i gcomhar le hInstiti\u00faid Teicneola\u00edochta Bhaile \u00c1tha Cliath, eisp\u00e9ireas f\u00edor\u00fail digiteach ar Ph\u00e1irc Sp\u00e9ire Dorcha Mhaigh Eo a sheoladh. Tar \u00e9is \u00ed a ainmni\u00fa mar Ph\u00e1irc Idirn\u00e1isi\u00fanta Sp\u00e9ire Dorcha (Sraith \u00d3ir), is f\u00e9idir anois taith\u00ed a fh\u00e1il ar chuid den sp\u00e9ire iontach seo ar do [&hellip;]","og_url":"https:\/\/www.mayodarkskypark.ie\/ga\/faigh-amach\/stellarium\/","og_site_name":"P\u00e1irc Sp\u00e9ire Dorcha Mhaigh Eo","article_publisher":"https:\/\/www.facebook.com\/mayodarkskies\/","article_modified_time":"2025-01-09T08:45:50+00:00","og_image":[{"width":1200,"height":265,"url":"https:\/\/www.mayodarkskypark.ie\/wp-content\/uploads\/2023\/11\/Banner12.jpg","type":"image\/jpeg"}],"twitter_card":"summary_large_image","twitter_misc":{"Est. reading time":"2 minutes"},"schema":{"@context":"https:\/\/schema.org","@graph":[{"@type":"WebPage","@id":"https:\/\/www.mayodarkskypark.ie\/ga\/faigh-amach\/stellarium\/","url":"https:\/\/www.mayodarkskypark.ie\/ga\/faigh-amach\/stellarium\/","name":"Stellarium - P\u00e1irc Sp\u00e9ire Dorcha Mhaigh Eo","isPartOf":{"@id":"https:\/\/www.mayodarkskypark.ie\/#website"},"primaryImageOfPage":{"@id":"https:\/\/www.mayodarkskypark.ie\/ga\/faigh-amach\/stellarium\/#primaryimage"},"image":{"@id":"https:\/\/www.mayodarkskypark.ie\/ga\/faigh-amach\/stellarium\/#primaryimage"},"thumbnailUrl":"https:\/\/www.mayodarkskypark.ie\/wp-content\/uploads\/2023\/11\/Banner12.jpg","datePublished":"2023-11-28T14:11:16+00:00","dateModified":"2025-01-09T08:45:50+00:00","breadcrumb":{"@id":"https:\/\/www.mayodarkskypark.ie\/ga\/faigh-amach\/stellarium\/#breadcrumb"},"inLanguage":"ga-IE","potentialAction":[{"@type":"ReadAction","target":["https:\/\/www.mayodarkskypark.ie\/ga\/faigh-amach\/stellarium\/"]}]},{"@type":"ImageObject","inLanguage":"ga-IE","@id":"https:\/\/www.mayodarkskypark.ie\/ga\/faigh-amach\/stellarium\/#primaryimage","url":"https:\/\/www.mayodarkskypark.ie\/wp-content\/uploads\/2023\/11\/Banner12.jpg","contentUrl":"https:\/\/www.mayodarkskypark.ie\/wp-content\/uploads\/2023\/11\/Banner12.jpg","width":1200,"height":265},{"@type":"BreadcrumbList","@id":"https:\/\/www.mayodarkskypark.ie\/ga\/faigh-amach\/stellarium\/#breadcrumb","itemListElement":[{"@type":"ListItem","position":1,"name":"Home","item":"https:\/\/www.mayodarkskypark.ie\/ga\/"},{"@type":"ListItem","position":2,"name":"Faigh Amach","item":"https:\/\/www.mayodarkskypark.ie\/discover\/"},{"@type":"ListItem","position":3,"name":"Stellarium"}]},{"@type":"WebSite","@id":"https:\/\/www.mayodarkskypark.ie\/#website","url":"https:\/\/www.mayodarkskypark.ie\/","name":"Mayo Dark Sky Park","description":"International Dark Sky Place of the Year 2024","publisher":{"@id":"https:\/\/www.mayodarkskypark.ie\/#organization"},"potentialAction":[{"@type":"SearchAction","target":{"@type":"EntryPoint","urlTemplate":"https:\/\/www.mayodarkskypark.ie\/?s={search_term_string}"},"query-input":{"@type":"PropertyValueSpecification","valueRequired":true,"valueName":"search_term_string"}}],"inLanguage":"ga-IE"},{"@type":"Organization","@id":"https:\/\/www.mayodarkskypark.ie\/#organization","name":"Mayo Dark Sky Park","url":"https:\/\/www.mayodarkskypark.ie\/","logo":{"@type":"ImageObject","inLanguage":"ga-IE","@id":"https:\/\/www.mayodarkskypark.ie\/#\/schema\/logo\/image\/","url":"https:\/\/www.mayodarkskypark.ie\/wp-content\/uploads\/2023\/11\/mayo-dark-sky-park.png","contentUrl":"https:\/\/www.mayodarkskypark.ie\/wp-content\/uploads\/2023\/11\/mayo-dark-sky-park.png","width":246,"height":70,"caption":"Mayo Dark Sky Park"},"image":{"@id":"https:\/\/www.mayodarkskypark.ie\/#\/schema\/logo\/image\/"},"sameAs":["https:\/\/www.facebook.com\/mayodarkskies\/"]}]}},"spectra_custom_meta":{"adv-header-id-meta":[""],"stick-header-meta":[""],"site-post-title":["disabled"],"ast-featured-img":[""],"theme-transparent-header-meta":[""],"_top_nav_excluded":[""],"_cms_nav_minihome":[""],"_thumbnail_id":["524"],"_last_translation_edit_mode":["translation-editor"],"_tribe_ticket_capacity":["0"],"_tribe_ticket_version":["5.13.4"],"ast-banner-title-visibility":[""],"_uag_css_file_name":["uag-css-647.css"],"_uag_page_assets":["a:9:{s:3:\"css\";s:263:\".uag-blocks-common-selector{z-index:var(--z-index-desktop) !important}@media (max-width: 976px){.uag-blocks-common-selector{z-index:var(--z-index-tablet) !important}}@media (max-width: 767px){.uag-blocks-common-selector{z-index:var(--z-index-mobile) !important}}\n\";s:2:\"js\";s:0:\"\";s:18:\"current_block_list\";a:12:{i:0;s:12:\"core\/heading\";i:1;s:12:\"core\/columns\";i:2;s:11:\"core\/column\";i:3;s:14:\"core\/paragraph\";i:6;s:28:\"tiptip\/hyperlink-group-block\";i:7;s:20:\"outermost\/icon-block\";i:8;s:12:\"core\/buttons\";i:9;s:11:\"core\/button\";i:10;s:10:\"core\/group\";i:12;s:10:\"core\/image\";i:14;s:9:\"core\/html\";i:15;s:11:\"core\/spacer\";}s:8:\"uag_flag\";b:0;s:11:\"uag_version\";s:10:\"1775758550\";s:6:\"gfonts\";a:0:{}s:10:\"gfonts_url\";s:0:\"\";s:12:\"gfonts_files\";a:0:{}s:14:\"uag_faq_layout\";b:0;}"]},"uagb_featured_image_src":{"full":["https:\/\/www.mayodarkskypark.ie\/wp-content\/uploads\/2023\/11\/Banner12.jpg",1200,265,false],"thumbnail":["https:\/\/www.mayodarkskypark.ie\/wp-content\/uploads\/2023\/11\/Banner12-150x150.jpg",150,150,true],"medium":["https:\/\/www.mayodarkskypark.ie\/wp-content\/uploads\/2023\/11\/Banner12-300x66.jpg",300,66,true],"medium_large":["https:\/\/www.mayodarkskypark.ie\/wp-content\/uploads\/2023\/11\/Banner12-768x170.jpg",768,170,true],"large":["https:\/\/www.mayodarkskypark.ie\/wp-content\/uploads\/2023\/11\/Banner12-1024x226.jpg",1024,226,true],"1536x1536":["https:\/\/www.mayodarkskypark.ie\/wp-content\/uploads\/2023\/11\/Banner12.jpg",1200,265,false],"2048x2048":["https:\/\/www.mayodarkskypark.ie\/wp-content\/uploads\/2023\/11\/Banner12.jpg",1200,265,false]},"uagb_author_info":{"display_name":"Robert Lockwood","author_link":"https:\/\/www.mayodarkskypark.ie\/ga\/author\/robert-lockwood\/"},"uagb_comment_info":0,"uagb_excerpt":"Stellarium T\u00e1 \u00e1thas ar Gr\u00fapa Pobail Sp\u00e9ire Dorcha Mhaigh Eo, i gcomhar le hInstiti\u00faid Teicneola\u00edochta Bhaile \u00c1tha Cliath, eisp\u00e9ireas f\u00edor\u00fail digiteach ar Ph\u00e1irc Sp\u00e9ire Dorcha Mhaigh Eo a sheoladh. Tar \u00e9is \u00ed a ainmni\u00fa mar Ph\u00e1irc Idirn\u00e1isi\u00fanta Sp\u00e9ire Dorcha (Sraith \u00d3ir), is f\u00e9idir anois taith\u00ed a fh\u00e1il ar chuid den sp\u00e9ire iontach seo ar do&hellip;","_links":{"self":[{"href":"https:\/\/www.mayodarkskypark.ie\/ga\/wp-json\/wp\/v2\/pages\/647","targetHints":{"allow":["GET"]}}],"collection":[{"href":"https:\/\/www.mayodarkskypark.ie\/ga\/wp-json\/wp\/v2\/pages"}],"about":[{"href":"https:\/\/www.mayodarkskypark.ie\/ga\/wp-json\/wp\/v2\/types\/page"}],"author":[{"embeddable":true,"href":"https:\/\/www.mayodarkskypark.ie\/ga\/wp-json\/wp\/v2\/users\/1"}],"replies":[{"embeddable":true,"href":"https:\/\/www.mayodarkskypark.ie\/ga\/wp-json\/wp\/v2\/comments?post=647"}],"version-history":[{"count":1,"href":"https:\/\/www.mayodarkskypark.ie\/ga\/wp-json\/wp\/v2\/pages\/647\/revisions"}],"predecessor-version":[{"id":648,"href":"https:\/\/www.mayodarkskypark.ie\/ga\/wp-json\/wp\/v2\/pages\/647\/revisions\/648"}],"up":[{"embeddable":true,"href":"https:\/\/www.mayodarkskypark.ie\/ga\/wp-json\/wp\/v2\/pages\/599"}],"wp:featuredmedia":[{"embeddable":true,"href":"https:\/\/www.mayodarkskypark.ie\/ga\/wp-json\/wp\/v2\/media\/524"}],"wp:attachment":[{"href":"https:\/\/www.mayodarkskypark.ie\/ga\/wp-json\/wp\/v2\/media?parent=647"}],"curies":[{"name":"wp","href":"https:\/\/api.w.org\/{rel}","templated":true}]}}