{"id":653,"date":"2023-11-28T14:29:32","date_gmt":"2023-11-28T14:29:32","guid":{"rendered":"https:\/\/www.mayodarkskypark.ie\/cad-ata-ar-suil\/feile-speire-dorcha-mhaigh-eo\/"},"modified":"2025-01-09T09:27:49","modified_gmt":"2025-01-09T09:27:49","slug":"feile-speire-dorcha-mhaigh-eo","status":"publish","type":"page","link":"https:\/\/www.mayodarkskypark.ie\/ga\/cad-ata-ar-suil\/feile-speire-dorcha-mhaigh-eo\/","title":{"rendered":"F\u00e9ile Sp\u00e9ire Dorcha Mhaigh Eo"},"content":{"rendered":"\n<h1 class=\"wp-block-heading\">F\u00e9ile Sp\u00e9ire Dorcha <mark style=\"background-color:rgba(0, 0, 0, 0)\" class=\"has-inline-color has-ast-global-color-1-color\">Mhaigh Eo<\/mark><\/h1>\n\n<div class=\"wp-block-columns is-layout-flex wp-container-core-columns-is-layout-e0e4babd wp-block-columns-is-layout-flex\" style=\"padding-right:0;padding-left:0\">\n<div class=\"wp-block-column is-layout-flow wp-block-column-is-layout-flow\">\n<figure class=\"wp-block-embed is-type-video is-provider-youtube wp-block-embed-youtube wp-embed-aspect-16-9 wp-has-aspect-ratio\"><div class=\"wp-block-embed__wrapper\"> \n<iframe loading=\"lazy\" title=\"Mayo Dark Sky Festival Trailer | A taste of our Dark Side!\" width=\"500\" height=\"281\" src=\"https:\/\/www.youtube.com\/embed\/XjEsYStUM1E?feature=oembed\" frameborder=\"0\" allow=\"accelerometer; autoplay; clipboard-write; encrypted-media; gyroscope; picture-in-picture; web-share\" referrerpolicy=\"strict-origin-when-cross-origin\" allowfullscreen><\/iframe>\n <\/div><figcaption class=\"wp-element-caption\">Footage taken from Mayo Dark Sky Festival 2022<\/figcaption><\/figure>\n\n\n\n<p><strong>Date: Mayo Dark Sky Festival will take place 1st to 3rd November 2024<br\/>Venue : Newport, Mulranny and Ballycroy<\/strong><\/p>\n\n\n\n<p> We&#8217;re delighted to bring you 5 minutes of the Mayo Dark Sky Festival footage taken from our 2022 Festival to give a taste of what to expect this year for our next Festival in 2024!<\/p>\n\n\n\n<p>2024 highlights include a fun, thought-provoking talk about the science of Star Trek and an interview with Jonathan Shackleton about his cousin Ernest Shackleton&#8217;s legacy. Fusion engineer Leah Morgan will bring us the latest exciting news about the remarkable world of fusion energy engineering, where scientists are revolutionizing our global energy landscape by trying to build a star in a doughnut. <\/p>\n\n\n\n<p>Adventurer and social media phenomenon Joshua Nueva will reveal how he captured a very special photograph of 2024\u2019s spectacular aurora display at 2.30am from the cave at Downpatrick Head which can only be accessed under specific tide conditions. All of this, plus planetarium shows, a seashore safari and Lego and rocket workshops for children.<br\/>We will end the festival weekend with the wonderful Avoca String Quartet who will perform a space themed candle-lit finale concert with music by Holst, Beethoven, Pink Floyd and David Bowie. <br\/>A magical weekend \u2013 and, as always, KIDS GO FREE!<\/p>\n\n\n\n<figure class=\"wp-block-image size-large\"><img loading=\"lazy\" decoding=\"async\" width=\"1024\" height=\"576\" src=\"https:\/\/www.mayodarkskypark.ie\/wp-content\/uploads\/2024\/10\/Festival-Programme-sample-1024x576.jpg\" alt=\"\" class=\"wp-image-1530\" srcset=\"https:\/\/www.mayodarkskypark.ie\/wp-content\/uploads\/2024\/10\/Festival-Programme-sample-1024x576.jpg 1024w, https:\/\/www.mayodarkskypark.ie\/wp-content\/uploads\/2024\/10\/Festival-Programme-sample-300x169.jpg 300w, https:\/\/www.mayodarkskypark.ie\/wp-content\/uploads\/2024\/10\/Festival-Programme-sample-768x432.jpg 768w, https:\/\/www.mayodarkskypark.ie\/wp-content\/uploads\/2024\/10\/Festival-Programme-sample-1536x864.jpg 1536w, https:\/\/www.mayodarkskypark.ie\/wp-content\/uploads\/2024\/10\/Festival-Programme-sample.jpg 1920w\" sizes=\"auto, (max-width: 1024px) 100vw, 1024px\" \/><\/figure>\n\n\n\n<p><strong>ASTRONOMY TALKS | NATURE WALKS | STARGAZING | BIODIVERSITY TALKS | ARTS &amp; CULTURE | KIDS GO FREE | AMAZING SCENERY | NEWPORT | MULRANNY | BALLYCROY | WILD NEPHIN NATIONAL PARK<\/strong><\/p>\n\n\n\n<p>As always this will be a three day extravaganza, exploring the realms of Astronomy, Heritage and the Environment in a fusion of family friendly events held in County Mayo in the west of Ireland.<\/p>\n\n\n\n<p>Our eclectic programme celebrates the natural nightscapes with stargazing and astronomy sessions, art and storytelling workshops, rocket making displays, educational talks and activities for all the family to enjoy. People can look forward to world class speakers in a friendly and welcoming atmosphere. <\/p>\n\n\n\n<p>More news soon &#8211; EARLY BIRD tickets can now be purchased from our festival website here: <\/p>\n\n\n\n<p><strong>For more information<\/strong>:<\/p>\n\n\n\n<div class=\"wp-block-buttons is-layout-flex wp-block-buttons-is-layout-flex\">\n<div class=\"wp-block-button\"><a class=\"wp-block-button__link wp-element-button\" href=\"https:\/\/www.mayodarkskyfestival.ie\/\" target=\"_blank\" rel=\"noreferrer noopener\">Visit Mayo Dark Sky Festival Website<\/a><\/div>\n<\/div>\n<\/div>\n<\/div>\n","protected":false},"excerpt":{"rendered":"<p>F\u00e9ile Sp\u00e9ire Dorcha Mhaigh Eo Date: Mayo Dark Sky Festival will take place 1st to 3rd November 2024Venue : Newport, Mulranny and Ballycroy We&#8217;re delighted to bring you 5 minutes of the Mayo Dark Sky Festival footage taken from our 2022 Festival to give a taste of what to expect this year for our next [&hellip;]<\/p>\n","protected":false},"author":1,"featured_media":477,"parent":602,"menu_order":0,"comment_status":"closed","ping_status":"closed","template":"","meta":{"_uag_custom_page_level_css":"","site-sidebar-layout":"default","site-content-layout":"","ast-site-content-layout":"default","site-content-style":"default","site-sidebar-style":"default","ast-global-header-display":"","ast-banner-title-visibility":"","ast-main-header-display":"","ast-hfb-above-header-display":"","ast-hfb-below-header-display":"","ast-hfb-mobile-header-display":"","site-post-title":"disabled","ast-breadcrumbs-content":"","ast-featured-img":"","footer-sml-layout":"","ast-disable-related-posts":"","theme-transparent-header-meta":"","adv-header-id-meta":"","stick-header-meta":"","header-above-stick-meta":"","header-main-stick-meta":"","header-below-stick-meta":"","astra-migrate-meta-layouts":"default","ast-page-background-enabled":"default","ast-page-background-meta":{"desktop":{"background-color":"var(--ast-global-color-4)","background-image":"","background-repeat":"repeat","background-position":"center center","background-size":"auto","background-attachment":"scroll","background-type":"","background-media":"","overlay-type":"","overlay-color":"","overlay-opacity":"","overlay-gradient":""},"tablet":{"background-color":"","background-image":"","background-repeat":"repeat","background-position":"center center","background-size":"auto","background-attachment":"scroll","background-type":"","background-media":"","overlay-type":"","overlay-color":"","overlay-opacity":"","overlay-gradient":""},"mobile":{"background-color":"","background-image":"","background-repeat":"repeat","background-position":"center center","background-size":"auto","background-attachment":"scroll","background-type":"","background-media":"","overlay-type":"","overlay-color":"","overlay-opacity":"","overlay-gradient":""}},"ast-content-background-meta":{"desktop":{"background-color":"var(--ast-global-color-5)","background-image":"","background-repeat":"repeat","background-position":"center center","background-size":"auto","background-attachment":"scroll","background-type":"","background-media":"","overlay-type":"","overlay-color":"","overlay-opacity":"","overlay-gradient":""},"tablet":{"background-color":"var(--ast-global-color-5)","background-image":"","background-repeat":"repeat","background-position":"center center","background-size":"auto","background-attachment":"scroll","background-type":"","background-media":"","overlay-type":"","overlay-color":"","overlay-opacity":"","overlay-gradient":""},"mobile":{"background-color":"var(--ast-global-color-5)","background-image":"","background-repeat":"repeat","background-position":"center center","background-size":"auto","background-attachment":"scroll","background-type":"","background-media":"","overlay-type":"","overlay-color":"","overlay-opacity":"","overlay-gradient":""}},"footnotes":""},"class_list":["post-653","page","type-page","status-publish","has-post-thumbnail","hentry"],"yoast_head":"<!-- This site is optimized with the Yoast SEO plugin v27.3 - https:\/\/yoast.com\/product\/yoast-seo-wordpress\/ -->\n<title>F\u00e9ile Sp\u00e9ire Dorcha Mhaigh Eo - P\u00e1irc Sp\u00e9ire Dorcha Mhaigh Eo<\/title>\n<meta name=\"robots\" content=\"index, follow, max-snippet:-1, max-image-preview:large, max-video-preview:-1\" \/>\n<link rel=\"canonical\" href=\"https:\/\/www.mayodarkskypark.ie\/ga\/cad-ata-ar-suil\/feile-speire-dorcha-mhaigh-eo\/\" \/>\n<meta property=\"og:locale\" content=\"ga_IE\" \/>\n<meta property=\"og:type\" content=\"article\" \/>\n<meta property=\"og:title\" content=\"F\u00e9ile Sp\u00e9ire Dorcha Mhaigh Eo - P\u00e1irc Sp\u00e9ire Dorcha Mhaigh Eo\" \/>\n<meta property=\"og:description\" content=\"F\u00e9ile Sp\u00e9ire Dorcha Mhaigh Eo Date: Mayo Dark Sky Festival will take place 1st to 3rd November 2024Venue : Newport, Mulranny and Ballycroy We&#8217;re delighted to bring you 5 minutes of the Mayo Dark Sky Festival footage taken from our 2022 Festival to give a taste of what to expect this year for our next [&hellip;]\" \/>\n<meta property=\"og:url\" content=\"https:\/\/www.mayodarkskypark.ie\/ga\/cad-ata-ar-suil\/feile-speire-dorcha-mhaigh-eo\/\" \/>\n<meta property=\"og:site_name\" content=\"P\u00e1irc Sp\u00e9ire Dorcha Mhaigh Eo\" \/>\n<meta property=\"article:publisher\" content=\"https:\/\/www.facebook.com\/mayodarkskies\/\" \/>\n<meta property=\"article:modified_time\" content=\"2025-01-09T09:27:49+00:00\" \/>\n<meta property=\"og:image\" content=\"https:\/\/www.mayodarkskypark.ie\/wp-content\/uploads\/2023\/11\/Banner03.jpg\" \/>\n\t<meta property=\"og:image:width\" content=\"1200\" \/>\n\t<meta property=\"og:image:height\" content=\"265\" \/>\n\t<meta property=\"og:image:type\" content=\"image\/jpeg\" \/>\n<meta name=\"twitter:card\" content=\"summary_large_image\" \/>\n<meta name=\"twitter:label1\" content=\"Est. reading time\" \/>\n\t<meta name=\"twitter:data1\" content=\"2 minutes\" \/>\n<script type=\"application\/ld+json\" class=\"yoast-schema-graph\">{\"@context\":\"https:\\\/\\\/schema.org\",\"@graph\":[{\"@type\":\"WebPage\",\"@id\":\"https:\\\/\\\/www.mayodarkskypark.ie\\\/ga\\\/cad-ata-ar-suil\\\/feile-speire-dorcha-mhaigh-eo\\\/\",\"url\":\"https:\\\/\\\/www.mayodarkskypark.ie\\\/ga\\\/cad-ata-ar-suil\\\/feile-speire-dorcha-mhaigh-eo\\\/\",\"name\":\"F\u00e9ile Sp\u00e9ire Dorcha Mhaigh Eo - P\u00e1irc Sp\u00e9ire Dorcha Mhaigh Eo\",\"isPartOf\":{\"@id\":\"https:\\\/\\\/www.mayodarkskypark.ie\\\/#website\"},\"primaryImageOfPage\":{\"@id\":\"https:\\\/\\\/www.mayodarkskypark.ie\\\/ga\\\/cad-ata-ar-suil\\\/feile-speire-dorcha-mhaigh-eo\\\/#primaryimage\"},\"image\":{\"@id\":\"https:\\\/\\\/www.mayodarkskypark.ie\\\/ga\\\/cad-ata-ar-suil\\\/feile-speire-dorcha-mhaigh-eo\\\/#primaryimage\"},\"thumbnailUrl\":\"https:\\\/\\\/www.mayodarkskypark.ie\\\/wp-content\\\/uploads\\\/2023\\\/11\\\/Banner03.jpg\",\"datePublished\":\"2023-11-28T14:29:32+00:00\",\"dateModified\":\"2025-01-09T09:27:49+00:00\",\"breadcrumb\":{\"@id\":\"https:\\\/\\\/www.mayodarkskypark.ie\\\/ga\\\/cad-ata-ar-suil\\\/feile-speire-dorcha-mhaigh-eo\\\/#breadcrumb\"},\"inLanguage\":\"ga-IE\",\"potentialAction\":[{\"@type\":\"ReadAction\",\"target\":[\"https:\\\/\\\/www.mayodarkskypark.ie\\\/ga\\\/cad-ata-ar-suil\\\/feile-speire-dorcha-mhaigh-eo\\\/\"]}]},{\"@type\":\"ImageObject\",\"inLanguage\":\"ga-IE\",\"@id\":\"https:\\\/\\\/www.mayodarkskypark.ie\\\/ga\\\/cad-ata-ar-suil\\\/feile-speire-dorcha-mhaigh-eo\\\/#primaryimage\",\"url\":\"https:\\\/\\\/www.mayodarkskypark.ie\\\/wp-content\\\/uploads\\\/2023\\\/11\\\/Banner03.jpg\",\"contentUrl\":\"https:\\\/\\\/www.mayodarkskypark.ie\\\/wp-content\\\/uploads\\\/2023\\\/11\\\/Banner03.jpg\",\"width\":1200,\"height\":265},{\"@type\":\"BreadcrumbList\",\"@id\":\"https:\\\/\\\/www.mayodarkskypark.ie\\\/ga\\\/cad-ata-ar-suil\\\/feile-speire-dorcha-mhaigh-eo\\\/#breadcrumb\",\"itemListElement\":[{\"@type\":\"ListItem\",\"position\":1,\"name\":\"Home\",\"item\":\"https:\\\/\\\/www.mayodarkskypark.ie\\\/ga\\\/\"},{\"@type\":\"ListItem\",\"position\":2,\"name\":\"Cad at\u00e1 ar Suil\",\"item\":\"https:\\\/\\\/www.mayodarkskypark.ie\\\/what-s-on\\\/\"},{\"@type\":\"ListItem\",\"position\":3,\"name\":\"F\u00e9ile Sp\u00e9ire Dorcha Mhaigh Eo\"}]},{\"@type\":\"WebSite\",\"@id\":\"https:\\\/\\\/www.mayodarkskypark.ie\\\/#website\",\"url\":\"https:\\\/\\\/www.mayodarkskypark.ie\\\/\",\"name\":\"Mayo Dark Sky Park\",\"description\":\"International Dark Sky Place of the Year 2024\",\"publisher\":{\"@id\":\"https:\\\/\\\/www.mayodarkskypark.ie\\\/#organization\"},\"potentialAction\":[{\"@type\":\"SearchAction\",\"target\":{\"@type\":\"EntryPoint\",\"urlTemplate\":\"https:\\\/\\\/www.mayodarkskypark.ie\\\/?s={search_term_string}\"},\"query-input\":{\"@type\":\"PropertyValueSpecification\",\"valueRequired\":true,\"valueName\":\"search_term_string\"}}],\"inLanguage\":\"ga-IE\"},{\"@type\":\"Organization\",\"@id\":\"https:\\\/\\\/www.mayodarkskypark.ie\\\/#organization\",\"name\":\"Mayo Dark Sky Park\",\"url\":\"https:\\\/\\\/www.mayodarkskypark.ie\\\/\",\"logo\":{\"@type\":\"ImageObject\",\"inLanguage\":\"ga-IE\",\"@id\":\"https:\\\/\\\/www.mayodarkskypark.ie\\\/#\\\/schema\\\/logo\\\/image\\\/\",\"url\":\"https:\\\/\\\/www.mayodarkskypark.ie\\\/wp-content\\\/uploads\\\/2023\\\/11\\\/mayo-dark-sky-park.png\",\"contentUrl\":\"https:\\\/\\\/www.mayodarkskypark.ie\\\/wp-content\\\/uploads\\\/2023\\\/11\\\/mayo-dark-sky-park.png\",\"width\":246,\"height\":70,\"caption\":\"Mayo Dark Sky Park\"},\"image\":{\"@id\":\"https:\\\/\\\/www.mayodarkskypark.ie\\\/#\\\/schema\\\/logo\\\/image\\\/\"},\"sameAs\":[\"https:\\\/\\\/www.facebook.com\\\/mayodarkskies\\\/\"]}]}<\/script>\n<!-- \/ Yoast SEO plugin. -->","yoast_head_json":{"title":"F\u00e9ile Sp\u00e9ire Dorcha Mhaigh Eo - P\u00e1irc Sp\u00e9ire Dorcha Mhaigh Eo","robots":{"index":"index","follow":"follow","max-snippet":"max-snippet:-1","max-image-preview":"max-image-preview:large","max-video-preview":"max-video-preview:-1"},"canonical":"https:\/\/www.mayodarkskypark.ie\/ga\/cad-ata-ar-suil\/feile-speire-dorcha-mhaigh-eo\/","og_locale":"ga_IE","og_type":"article","og_title":"F\u00e9ile Sp\u00e9ire Dorcha Mhaigh Eo - P\u00e1irc Sp\u00e9ire Dorcha Mhaigh Eo","og_description":"F\u00e9ile Sp\u00e9ire Dorcha Mhaigh Eo Date: Mayo Dark Sky Festival will take place 1st to 3rd November 2024Venue : Newport, Mulranny and Ballycroy We&#8217;re delighted to bring you 5 minutes of the Mayo Dark Sky Festival footage taken from our 2022 Festival to give a taste of what to expect this year for our next [&hellip;]","og_url":"https:\/\/www.mayodarkskypark.ie\/ga\/cad-ata-ar-suil\/feile-speire-dorcha-mhaigh-eo\/","og_site_name":"P\u00e1irc Sp\u00e9ire Dorcha Mhaigh Eo","article_publisher":"https:\/\/www.facebook.com\/mayodarkskies\/","article_modified_time":"2025-01-09T09:27:49+00:00","og_image":[{"width":1200,"height":265,"url":"https:\/\/www.mayodarkskypark.ie\/wp-content\/uploads\/2023\/11\/Banner03.jpg","type":"image\/jpeg"}],"twitter_card":"summary_large_image","twitter_misc":{"Est. reading time":"2 minutes"},"schema":{"@context":"https:\/\/schema.org","@graph":[{"@type":"WebPage","@id":"https:\/\/www.mayodarkskypark.ie\/ga\/cad-ata-ar-suil\/feile-speire-dorcha-mhaigh-eo\/","url":"https:\/\/www.mayodarkskypark.ie\/ga\/cad-ata-ar-suil\/feile-speire-dorcha-mhaigh-eo\/","name":"F\u00e9ile Sp\u00e9ire Dorcha Mhaigh Eo - P\u00e1irc Sp\u00e9ire Dorcha Mhaigh Eo","isPartOf":{"@id":"https:\/\/www.mayodarkskypark.ie\/#website"},"primaryImageOfPage":{"@id":"https:\/\/www.mayodarkskypark.ie\/ga\/cad-ata-ar-suil\/feile-speire-dorcha-mhaigh-eo\/#primaryimage"},"image":{"@id":"https:\/\/www.mayodarkskypark.ie\/ga\/cad-ata-ar-suil\/feile-speire-dorcha-mhaigh-eo\/#primaryimage"},"thumbnailUrl":"https:\/\/www.mayodarkskypark.ie\/wp-content\/uploads\/2023\/11\/Banner03.jpg","datePublished":"2023-11-28T14:29:32+00:00","dateModified":"2025-01-09T09:27:49+00:00","breadcrumb":{"@id":"https:\/\/www.mayodarkskypark.ie\/ga\/cad-ata-ar-suil\/feile-speire-dorcha-mhaigh-eo\/#breadcrumb"},"inLanguage":"ga-IE","potentialAction":[{"@type":"ReadAction","target":["https:\/\/www.mayodarkskypark.ie\/ga\/cad-ata-ar-suil\/feile-speire-dorcha-mhaigh-eo\/"]}]},{"@type":"ImageObject","inLanguage":"ga-IE","@id":"https:\/\/www.mayodarkskypark.ie\/ga\/cad-ata-ar-suil\/feile-speire-dorcha-mhaigh-eo\/#primaryimage","url":"https:\/\/www.mayodarkskypark.ie\/wp-content\/uploads\/2023\/11\/Banner03.jpg","contentUrl":"https:\/\/www.mayodarkskypark.ie\/wp-content\/uploads\/2023\/11\/Banner03.jpg","width":1200,"height":265},{"@type":"BreadcrumbList","@id":"https:\/\/www.mayodarkskypark.ie\/ga\/cad-ata-ar-suil\/feile-speire-dorcha-mhaigh-eo\/#breadcrumb","itemListElement":[{"@type":"ListItem","position":1,"name":"Home","item":"https:\/\/www.mayodarkskypark.ie\/ga\/"},{"@type":"ListItem","position":2,"name":"Cad at\u00e1 ar Suil","item":"https:\/\/www.mayodarkskypark.ie\/what-s-on\/"},{"@type":"ListItem","position":3,"name":"F\u00e9ile Sp\u00e9ire Dorcha Mhaigh Eo"}]},{"@type":"WebSite","@id":"https:\/\/www.mayodarkskypark.ie\/#website","url":"https:\/\/www.mayodarkskypark.ie\/","name":"Mayo Dark Sky Park","description":"International Dark Sky Place of the Year 2024","publisher":{"@id":"https:\/\/www.mayodarkskypark.ie\/#organization"},"potentialAction":[{"@type":"SearchAction","target":{"@type":"EntryPoint","urlTemplate":"https:\/\/www.mayodarkskypark.ie\/?s={search_term_string}"},"query-input":{"@type":"PropertyValueSpecification","valueRequired":true,"valueName":"search_term_string"}}],"inLanguage":"ga-IE"},{"@type":"Organization","@id":"https:\/\/www.mayodarkskypark.ie\/#organization","name":"Mayo Dark Sky Park","url":"https:\/\/www.mayodarkskypark.ie\/","logo":{"@type":"ImageObject","inLanguage":"ga-IE","@id":"https:\/\/www.mayodarkskypark.ie\/#\/schema\/logo\/image\/","url":"https:\/\/www.mayodarkskypark.ie\/wp-content\/uploads\/2023\/11\/mayo-dark-sky-park.png","contentUrl":"https:\/\/www.mayodarkskypark.ie\/wp-content\/uploads\/2023\/11\/mayo-dark-sky-park.png","width":246,"height":70,"caption":"Mayo Dark Sky Park"},"image":{"@id":"https:\/\/www.mayodarkskypark.ie\/#\/schema\/logo\/image\/"},"sameAs":["https:\/\/www.facebook.com\/mayodarkskies\/"]}]}},"spectra_custom_meta":{"adv-header-id-meta":[""],"stick-header-meta":[""],"site-post-title":["disabled"],"ast-featured-img":[""],"theme-transparent-header-meta":[""],"_top_nav_excluded":[""],"_cms_nav_minihome":[""],"_thumbnail_id":["477"],"_last_translation_edit_mode":["translation-editor"],"_oembed_807e37ca2514ddbbb903d923f91fca97":["<iframe title=\"Mayo Dark Sky Festival Trailer | A taste of our Dark Side!\" width=\"1200\" height=\"675\" src=\"https:\/\/www.youtube.com\/embed\/7kxWPSKJsO4?feature=oembed\" frameborder=\"0\" allow=\"accelerometer; autoplay; clipboard-write; encrypted-media; gyroscope; picture-in-picture; web-share\" allowfullscreen><\/iframe>"],"_oembed_time_807e37ca2514ddbbb903d923f91fca97":["1703776880"],"_oembed_a31e434bfb4e7876eefbc6a51d01f975":["<iframe title=\"Mayo Dark Sky Festival Trailer | A taste of our Dark Side!\" width=\"500\" height=\"281\" src=\"https:\/\/www.youtube.com\/embed\/7kxWPSKJsO4?feature=oembed\" frameborder=\"0\" allow=\"accelerometer; autoplay; clipboard-write; encrypted-media; gyroscope; picture-in-picture; web-share\" allowfullscreen><\/iframe>"],"_oembed_time_a31e434bfb4e7876eefbc6a51d01f975":["1703780733"],"_oembed_5e1d4659fd704b7c6910e433e78c1833":["<iframe title=\"Mayo Dark Sky Festival Trailer | A taste of our Dark Side!\" width=\"500\" height=\"281\" src=\"https:\/\/www.youtube.com\/embed\/7kxWPSKJsO4?feature=oembed\" frameborder=\"0\" allow=\"accelerometer; autoplay; clipboard-write; encrypted-media; gyroscope; picture-in-picture; web-share\" referrerpolicy=\"strict-origin-when-cross-origin\" allowfullscreen><\/iframe>"],"_oembed_time_5e1d4659fd704b7c6910e433e78c1833":["1712501362"],"_tribe_ticket_capacity":["0"],"_tribe_ticket_version":["5.13.4"],"ast-banner-title-visibility":[""],"_wp_page_template":[""],"_oembed_72f3901a1108a3f5670b833bf2fd0c10":["<iframe title=\"Mayo Dark Sky Festival Trailer | A taste of our Dark Side!\" width=\"500\" height=\"281\" src=\"https:\/\/www.youtube.com\/embed\/XjEsYStUM1E?feature=oembed\" frameborder=\"0\" allow=\"accelerometer; autoplay; clipboard-write; encrypted-media; gyroscope; picture-in-picture; web-share\" referrerpolicy=\"strict-origin-when-cross-origin\" allowfullscreen><\/iframe>"],"_oembed_time_72f3901a1108a3f5670b833bf2fd0c10":["1736414870"],"_oembed_b16ba0ef6c268dada210f92ce8339035":["<iframe title=\"Mayo Dark Sky Festival Trailer | A taste of our Dark Side!\" width=\"1200\" height=\"675\" src=\"https:\/\/www.youtube.com\/embed\/XjEsYStUM1E?feature=oembed\" frameborder=\"0\" allow=\"accelerometer; autoplay; clipboard-write; encrypted-media; gyroscope; picture-in-picture; web-share\" referrerpolicy=\"strict-origin-when-cross-origin\" allowfullscreen><\/iframe>"],"_oembed_time_b16ba0ef6c268dada210f92ce8339035":["1736442625"],"_uag_css_file_name":["uag-css-653.css"],"_uag_page_assets":["a:9:{s:3:\"css\";s:263:\".uag-blocks-common-selector{z-index:var(--z-index-desktop) !important}@media (max-width: 976px){.uag-blocks-common-selector{z-index:var(--z-index-tablet) !important}}@media (max-width: 767px){.uag-blocks-common-selector{z-index:var(--z-index-mobile) !important}}\n\";s:2:\"js\";s:0:\"\";s:18:\"current_block_list\";a:11:{i:0;s:12:\"core\/heading\";i:1;s:12:\"core\/columns\";i:2;s:11:\"core\/column\";i:3;s:10:\"core\/embed\";i:4;s:14:\"core\/paragraph\";i:5;s:10:\"core\/image\";i:6;s:12:\"core\/buttons\";i:7;s:11:\"core\/button\";i:8;s:10:\"core\/group\";i:10;s:9:\"core\/html\";i:11;s:11:\"core\/spacer\";}s:8:\"uag_flag\";b:0;s:11:\"uag_version\";s:10:\"1775050265\";s:6:\"gfonts\";a:0:{}s:10:\"gfonts_url\";s:0:\"\";s:12:\"gfonts_files\";a:0:{}s:14:\"uag_faq_layout\";b:0;}"]},"uagb_featured_image_src":{"full":["https:\/\/www.mayodarkskypark.ie\/wp-content\/uploads\/2023\/11\/Banner03.jpg",1200,265,false],"thumbnail":["https:\/\/www.mayodarkskypark.ie\/wp-content\/uploads\/2023\/11\/Banner03-150x150.jpg",150,150,true],"medium":["https:\/\/www.mayodarkskypark.ie\/wp-content\/uploads\/2023\/11\/Banner03-300x66.jpg",300,66,true],"medium_large":["https:\/\/www.mayodarkskypark.ie\/wp-content\/uploads\/2023\/11\/Banner03-768x170.jpg",768,170,true],"large":["https:\/\/www.mayodarkskypark.ie\/wp-content\/uploads\/2023\/11\/Banner03-1024x226.jpg",1024,226,true],"1536x1536":["https:\/\/www.mayodarkskypark.ie\/wp-content\/uploads\/2023\/11\/Banner03.jpg",1200,265,false],"2048x2048":["https:\/\/www.mayodarkskypark.ie\/wp-content\/uploads\/2023\/11\/Banner03.jpg",1200,265,false]},"uagb_author_info":{"display_name":"Robert Lockwood","author_link":"https:\/\/www.mayodarkskypark.ie\/ga\/author\/robert-lockwood\/"},"uagb_comment_info":0,"uagb_excerpt":"F\u00e9ile Sp\u00e9ire Dorcha Mhaigh Eo Date: Mayo Dark Sky Festival will take place 1st to 3rd November 2024Venue : Newport, Mulranny and Ballycroy We&#8217;re delighted to bring you 5 minutes of the Mayo Dark Sky Festival footage taken from our 2022 Festival to give a taste of what to expect this year for our next&hellip;","_links":{"self":[{"href":"https:\/\/www.mayodarkskypark.ie\/ga\/wp-json\/wp\/v2\/pages\/653","targetHints":{"allow":["GET"]}}],"collection":[{"href":"https:\/\/www.mayodarkskypark.ie\/ga\/wp-json\/wp\/v2\/pages"}],"about":[{"href":"https:\/\/www.mayodarkskypark.ie\/ga\/wp-json\/wp\/v2\/types\/page"}],"author":[{"embeddable":true,"href":"https:\/\/www.mayodarkskypark.ie\/ga\/wp-json\/wp\/v2\/users\/1"}],"replies":[{"embeddable":true,"href":"https:\/\/www.mayodarkskypark.ie\/ga\/wp-json\/wp\/v2\/comments?post=653"}],"version-history":[{"count":2,"href":"https:\/\/www.mayodarkskypark.ie\/ga\/wp-json\/wp\/v2\/pages\/653\/revisions"}],"predecessor-version":[{"id":1720,"href":"https:\/\/www.mayodarkskypark.ie\/ga\/wp-json\/wp\/v2\/pages\/653\/revisions\/1720"}],"up":[{"embeddable":true,"href":"https:\/\/www.mayodarkskypark.ie\/ga\/wp-json\/wp\/v2\/pages\/602"}],"wp:featuredmedia":[{"embeddable":true,"href":"https:\/\/www.mayodarkskypark.ie\/ga\/wp-json\/wp\/v2\/media\/477"}],"wp:attachment":[{"href":"https:\/\/www.mayodarkskypark.ie\/ga\/wp-json\/wp\/v2\/media?parent=653"}],"curies":[{"name":"wp","href":"https:\/\/api.w.org\/{rel}","templated":true}]}}