{"id":655,"date":"2023-11-22T12:14:30","date_gmt":"2023-11-22T12:14:30","guid":{"rendered":"https:\/\/www.mayodarkskypark.ie\/dean-teagmhail-linn\/"},"modified":"2025-01-13T10:40:08","modified_gmt":"2025-01-13T10:40:08","slug":"dean-teagmhail-linn","status":"publish","type":"page","link":"https:\/\/www.mayodarkskypark.ie\/ga\/dean-teagmhail-linn\/","title":{"rendered":"D\u00e9an Teagmh\u00e1il Linn"},"content":{"rendered":"\n<h1 class=\"wp-block-heading\">D\u00e9an Teagmh\u00e1il <mark style=\"background-color:rgba(0, 0, 0, 0)\" class=\"has-inline-color has-ast-global-color-1-color\">Linn<\/mark><\/h1>\n\n<h2 class=\"wp-block-heading\">P\u00e1irc Sp\u00e9ire Dorcha Mhaigh Eo \/ P\u00e1irc N\u00e1isi\u00fanta N\u00e9ifinne Fi\u00e1ine<\/h2>\n\n<p>Cuireann an fhoireann Oideachais in Ionad Cuairteoir\u00ed Bhaile Chruaich cl\u00e1ir oideachais um sp\u00e9artha dorcha ar f\u00e1il do scoileanna agus gr\u00fapa\u00ed (riachtanais a chur in \u00e1irithe roimh r\u00e9) agus faisn\u00e9is l\u00e9irmh\u00ednithe do chuairteoir\u00ed. <\/p>\n\n<p><br\/><strong>Ionad Cuairteoir\u00ed Bhaile Chruaich<\/strong><br\/>P\u00e1irc N\u00e1isi\u00fanta N\u00e9ifinne Fi\u00e1ine<br\/>An tSeirbh\u00eds P\u00e1irceanna N\u00e1isi\u00fanta &amp; Fiadh\u00falra<br\/>An Roinn Tith\u00edochta, Rialtais \u00c1iti\u00fail agus Oidhreachta<br\/>Sr\u00e1idbhaile Bhaile Chruaich,<br\/>Contae Mhaigh Eo<br\/>F\u00f3n: +353 (0)98 49 888<br\/>R\u00edomhphost: <a href=\"mailto:ballycroyvisitorcentre@npws.gov.ie\">ballycroyvisitorcentre@npws.gov.ie<\/a> \/ <a href=\"mailto:mayodarkskypark@npws.gov.ie\">mayodarkskypark@npws.gov.ie<\/a> <\/p>\n\n<h2 class=\"wp-block-heading\">Tionscadal PhD at\u00e1 bunaithe ar Oifigeach Forbartha na P\u00e1irce Sp\u00e9ire Dorcha Mhaigh Eo\/fhosta\u00edocht de chuid an IRC<\/h2>\n\n<p>T\u00e1 bainist\u00edocht agus oibri\u00fa na P\u00e1irce Sp\u00e9ire Dorcha Mhaigh Eo \u00e1 rith ag P\u00e1irceanna N\u00e1isi\u00fanta &amp; Fiadh\u00falra le hOifigeach Forbartha Sp\u00e9ire Dorcha tiomnaithe.<\/p>\n\n<p>T\u00e1 s\u00e9 seo mar chuid de thionscadal taighde 4 bliana maoinithe tr\u00edd an gComhairle um Thaighde in \u00c9irinn chun staid\u00e9ar a dh\u00e9anamh ar luach na sp\u00e9artha dorcha mar thionscnamh turas\u00f3ireachta inbhuanaithe agus mar fheinim\u00e9an n\u00e1d\u00fartha. <\/p>\n\n<p>Is f\u00e9idir turais speisialaithe, cainteanna agus imeachta\u00ed sp\u00e9ir dorcha a chur in \u00e1irithe tr\u00ed Oifigeach Forbartha Sp\u00e9ire Dorcha Mhaigh Eo tr\u00ed r\u00edomhphost chuig: mayodarkskypark@npws.gov.ie<\/p>\n\n<p>R\u00edomhphost: <a href=\"mailto:mayodarkskypark@housing.gov.ie\">mayodarkskypark@npws.gov.ie<\/a><\/p>\n\n<h2 class=\"wp-block-heading\">Cairde na Sp\u00e9artha Dorcha Mhaigh Eo<\/h2>\n\n<p>Is Caibidil faofa de Chumann Idirn\u00e1isi\u00fanta na Sp\u00e9ire Dorcha \u00e9 Cairde na Sp\u00e9artha Dorcha Mhaigh Eo. Re\u00e1cht\u00e1lann an gr\u00fapa pobail seo F\u00e9ile Sp\u00e9ire Dorcha Mhaigh Eo i gcomhar le P\u00e1irc Sp\u00e9ire Dorcha Mhaigh Eo gach bliain. <\/p>\n\n<p>Mar ghr\u00fapa pobail deonach taca\u00edonn s\u00e9 le cusp\u00f3ir\u00ed uile na P\u00e1irce Sp\u00e9ir Dhorcha Mhaigh Eo agus leanann s\u00e9 le taighde agus forbairt tionscnamh na sp\u00e9ire dorcha. <\/p>\n\n<p>M\u00e1s mian leat a bheith p\u00e1irteach in\u00e1r Sc\u00e9im Ambasad\u00f3ra Sp\u00e9ire Dorcha n\u00f3 in aon tionscadal pobail gaolmhar, d\u00e9an teagmh\u00e1il linn le do thoil.<\/p>\n\n<p><strong>The Friends of Mayo Dark Skies<\/strong><br\/>R\u00edomhphost: <a href=\"mailto:mayodarksky@gmail.com\">mayodarksky@gmail.com<\/a><\/p>\n","protected":false},"excerpt":{"rendered":"<p>D\u00e9an Teagmh\u00e1il Linn P\u00e1irc Sp\u00e9ire Dorcha Mhaigh Eo \/ P\u00e1irc N\u00e1isi\u00fanta N\u00e9ifinne Fi\u00e1ine Cuireann an fhoireann Oideachais in Ionad Cuairteoir\u00ed Bhaile Chruaich cl\u00e1ir oideachais um sp\u00e9artha dorcha ar f\u00e1il do scoileanna agus gr\u00fapa\u00ed (riachtanais a chur in \u00e1irithe roimh r\u00e9) agus faisn\u00e9is l\u00e9irmh\u00ednithe do chuairteoir\u00ed. Ionad Cuairteoir\u00ed Bhaile ChruaichP\u00e1irc N\u00e1isi\u00fanta N\u00e9ifinne Fi\u00e1ineAn tSeirbh\u00eds P\u00e1irceanna N\u00e1isi\u00fanta [&hellip;]<\/p>\n","protected":false},"author":1,"featured_media":475,"parent":0,"menu_order":0,"comment_status":"closed","ping_status":"closed","template":"","meta":{"_uag_custom_page_level_css":"","site-sidebar-layout":"default","site-content-layout":"","ast-site-content-layout":"default","site-content-style":"default","site-sidebar-style":"default","ast-global-header-display":"","ast-banner-title-visibility":"","ast-main-header-display":"","ast-hfb-above-header-display":"","ast-hfb-below-header-display":"","ast-hfb-mobile-header-display":"","site-post-title":"disabled","ast-breadcrumbs-content":"","ast-featured-img":"","footer-sml-layout":"","ast-disable-related-posts":"","theme-transparent-header-meta":"","adv-header-id-meta":"","stick-header-meta":"","header-above-stick-meta":"","header-main-stick-meta":"","header-below-stick-meta":"","astra-migrate-meta-layouts":"default","ast-page-background-enabled":"default","ast-page-background-meta":{"desktop":{"background-color":"var(--ast-global-color-4)","background-image":"","background-repeat":"repeat","background-position":"center center","background-size":"auto","background-attachment":"scroll","background-type":"","background-media":"","overlay-type":"","overlay-color":"","overlay-opacity":"","overlay-gradient":""},"tablet":{"background-color":"","background-image":"","background-repeat":"repeat","background-position":"center center","background-size":"auto","background-attachment":"scroll","background-type":"","background-media":"","overlay-type":"","overlay-color":"","overlay-opacity":"","overlay-gradient":""},"mobile":{"background-color":"","background-image":"","background-repeat":"repeat","background-position":"center center","background-size":"auto","background-attachment":"scroll","background-type":"","background-media":"","overlay-type":"","overlay-color":"","overlay-opacity":"","overlay-gradient":""}},"ast-content-background-meta":{"desktop":{"background-color":"var(--ast-global-color-5)","background-image":"","background-repeat":"repeat","background-position":"center center","background-size":"auto","background-attachment":"scroll","background-type":"","background-media":"","overlay-type":"","overlay-color":"","overlay-opacity":"","overlay-gradient":""},"tablet":{"background-color":"var(--ast-global-color-5)","background-image":"","background-repeat":"repeat","background-position":"center center","background-size":"auto","background-attachment":"scroll","background-type":"","background-media":"","overlay-type":"","overlay-color":"","overlay-opacity":"","overlay-gradient":""},"mobile":{"background-color":"var(--ast-global-color-5)","background-image":"","background-repeat":"repeat","background-position":"center center","background-size":"auto","background-attachment":"scroll","background-type":"","background-media":"","overlay-type":"","overlay-color":"","overlay-opacity":"","overlay-gradient":""}},"footnotes":""},"class_list":["post-655","page","type-page","status-publish","has-post-thumbnail","hentry"],"yoast_head":"<!-- This site is optimized with the Yoast SEO plugin v27.4 - https:\/\/yoast.com\/product\/yoast-seo-wordpress\/ -->\n<title>D\u00e9an Teagmh\u00e1il Linn - P\u00e1irc Sp\u00e9ire Dorcha Mhaigh Eo<\/title>\n<meta name=\"robots\" content=\"index, follow, max-snippet:-1, max-image-preview:large, max-video-preview:-1\" \/>\n<link rel=\"canonical\" href=\"https:\/\/www.mayodarkskypark.ie\/ga\/dean-teagmhail-linn\/\" \/>\n<meta property=\"og:locale\" content=\"ga_IE\" \/>\n<meta property=\"og:type\" content=\"article\" \/>\n<meta property=\"og:title\" content=\"D\u00e9an Teagmh\u00e1il Linn - P\u00e1irc Sp\u00e9ire Dorcha Mhaigh Eo\" \/>\n<meta property=\"og:description\" content=\"D\u00e9an Teagmh\u00e1il Linn P\u00e1irc Sp\u00e9ire Dorcha Mhaigh Eo \/ P\u00e1irc N\u00e1isi\u00fanta N\u00e9ifinne Fi\u00e1ine Cuireann an fhoireann Oideachais in Ionad Cuairteoir\u00ed Bhaile Chruaich cl\u00e1ir oideachais um sp\u00e9artha dorcha ar f\u00e1il do scoileanna agus gr\u00fapa\u00ed (riachtanais a chur in \u00e1irithe roimh r\u00e9) agus faisn\u00e9is l\u00e9irmh\u00ednithe do chuairteoir\u00ed. Ionad Cuairteoir\u00ed Bhaile ChruaichP\u00e1irc N\u00e1isi\u00fanta N\u00e9ifinne Fi\u00e1ineAn tSeirbh\u00eds P\u00e1irceanna N\u00e1isi\u00fanta [&hellip;]\" \/>\n<meta property=\"og:url\" content=\"https:\/\/www.mayodarkskypark.ie\/ga\/dean-teagmhail-linn\/\" \/>\n<meta property=\"og:site_name\" content=\"P\u00e1irc Sp\u00e9ire Dorcha Mhaigh Eo\" \/>\n<meta property=\"article:publisher\" content=\"https:\/\/www.facebook.com\/mayodarkskies\/\" \/>\n<meta property=\"article:modified_time\" content=\"2025-01-13T10:40:08+00:00\" \/>\n<meta property=\"og:image\" content=\"https:\/\/www.mayodarkskypark.ie\/wp-content\/uploads\/2023\/11\/Banner02.jpg\" \/>\n\t<meta property=\"og:image:width\" content=\"1200\" \/>\n\t<meta property=\"og:image:height\" content=\"265\" \/>\n\t<meta property=\"og:image:type\" content=\"image\/jpeg\" \/>\n<meta name=\"twitter:card\" content=\"summary_large_image\" \/>\n<meta name=\"twitter:label1\" content=\"Est. reading time\" \/>\n\t<meta name=\"twitter:data1\" content=\"2 minutes\" \/>\n<script type=\"application\/ld+json\" class=\"yoast-schema-graph\">{\"@context\":\"https:\\\/\\\/schema.org\",\"@graph\":[{\"@type\":\"WebPage\",\"@id\":\"https:\\\/\\\/www.mayodarkskypark.ie\\\/ga\\\/dean-teagmhail-linn\\\/\",\"url\":\"https:\\\/\\\/www.mayodarkskypark.ie\\\/ga\\\/dean-teagmhail-linn\\\/\",\"name\":\"D\u00e9an Teagmh\u00e1il Linn - P\u00e1irc Sp\u00e9ire Dorcha Mhaigh Eo\",\"isPartOf\":{\"@id\":\"https:\\\/\\\/www.mayodarkskypark.ie\\\/#website\"},\"primaryImageOfPage\":{\"@id\":\"https:\\\/\\\/www.mayodarkskypark.ie\\\/ga\\\/dean-teagmhail-linn\\\/#primaryimage\"},\"image\":{\"@id\":\"https:\\\/\\\/www.mayodarkskypark.ie\\\/ga\\\/dean-teagmhail-linn\\\/#primaryimage\"},\"thumbnailUrl\":\"https:\\\/\\\/www.mayodarkskypark.ie\\\/wp-content\\\/uploads\\\/2023\\\/11\\\/Banner02.jpg\",\"datePublished\":\"2023-11-22T12:14:30+00:00\",\"dateModified\":\"2025-01-13T10:40:08+00:00\",\"breadcrumb\":{\"@id\":\"https:\\\/\\\/www.mayodarkskypark.ie\\\/ga\\\/dean-teagmhail-linn\\\/#breadcrumb\"},\"inLanguage\":\"ga-IE\",\"potentialAction\":[{\"@type\":\"ReadAction\",\"target\":[\"https:\\\/\\\/www.mayodarkskypark.ie\\\/ga\\\/dean-teagmhail-linn\\\/\"]}]},{\"@type\":\"ImageObject\",\"inLanguage\":\"ga-IE\",\"@id\":\"https:\\\/\\\/www.mayodarkskypark.ie\\\/ga\\\/dean-teagmhail-linn\\\/#primaryimage\",\"url\":\"https:\\\/\\\/www.mayodarkskypark.ie\\\/wp-content\\\/uploads\\\/2023\\\/11\\\/Banner02.jpg\",\"contentUrl\":\"https:\\\/\\\/www.mayodarkskypark.ie\\\/wp-content\\\/uploads\\\/2023\\\/11\\\/Banner02.jpg\",\"width\":1200,\"height\":265},{\"@type\":\"BreadcrumbList\",\"@id\":\"https:\\\/\\\/www.mayodarkskypark.ie\\\/ga\\\/dean-teagmhail-linn\\\/#breadcrumb\",\"itemListElement\":[{\"@type\":\"ListItem\",\"position\":1,\"name\":\"Home\",\"item\":\"https:\\\/\\\/www.mayodarkskypark.ie\\\/ga\\\/\"},{\"@type\":\"ListItem\",\"position\":2,\"name\":\"D\u00e9an Teagmh\u00e1il Linn\"}]},{\"@type\":\"WebSite\",\"@id\":\"https:\\\/\\\/www.mayodarkskypark.ie\\\/#website\",\"url\":\"https:\\\/\\\/www.mayodarkskypark.ie\\\/\",\"name\":\"Mayo Dark Sky Park\",\"description\":\"International Dark Sky Place of the Year 2024\",\"publisher\":{\"@id\":\"https:\\\/\\\/www.mayodarkskypark.ie\\\/#organization\"},\"potentialAction\":[{\"@type\":\"SearchAction\",\"target\":{\"@type\":\"EntryPoint\",\"urlTemplate\":\"https:\\\/\\\/www.mayodarkskypark.ie\\\/?s={search_term_string}\"},\"query-input\":{\"@type\":\"PropertyValueSpecification\",\"valueRequired\":true,\"valueName\":\"search_term_string\"}}],\"inLanguage\":\"ga-IE\"},{\"@type\":\"Organization\",\"@id\":\"https:\\\/\\\/www.mayodarkskypark.ie\\\/#organization\",\"name\":\"Mayo Dark Sky Park\",\"url\":\"https:\\\/\\\/www.mayodarkskypark.ie\\\/\",\"logo\":{\"@type\":\"ImageObject\",\"inLanguage\":\"ga-IE\",\"@id\":\"https:\\\/\\\/www.mayodarkskypark.ie\\\/#\\\/schema\\\/logo\\\/image\\\/\",\"url\":\"https:\\\/\\\/www.mayodarkskypark.ie\\\/wp-content\\\/uploads\\\/2023\\\/11\\\/mayo-dark-sky-park.png\",\"contentUrl\":\"https:\\\/\\\/www.mayodarkskypark.ie\\\/wp-content\\\/uploads\\\/2023\\\/11\\\/mayo-dark-sky-park.png\",\"width\":246,\"height\":70,\"caption\":\"Mayo Dark Sky Park\"},\"image\":{\"@id\":\"https:\\\/\\\/www.mayodarkskypark.ie\\\/#\\\/schema\\\/logo\\\/image\\\/\"},\"sameAs\":[\"https:\\\/\\\/www.facebook.com\\\/mayodarkskies\\\/\"]}]}<\/script>\n<!-- \/ Yoast SEO plugin. -->","yoast_head_json":{"title":"D\u00e9an Teagmh\u00e1il Linn - P\u00e1irc Sp\u00e9ire Dorcha Mhaigh Eo","robots":{"index":"index","follow":"follow","max-snippet":"max-snippet:-1","max-image-preview":"max-image-preview:large","max-video-preview":"max-video-preview:-1"},"canonical":"https:\/\/www.mayodarkskypark.ie\/ga\/dean-teagmhail-linn\/","og_locale":"ga_IE","og_type":"article","og_title":"D\u00e9an Teagmh\u00e1il Linn - P\u00e1irc Sp\u00e9ire Dorcha Mhaigh Eo","og_description":"D\u00e9an Teagmh\u00e1il Linn P\u00e1irc Sp\u00e9ire Dorcha Mhaigh Eo \/ P\u00e1irc N\u00e1isi\u00fanta N\u00e9ifinne Fi\u00e1ine Cuireann an fhoireann Oideachais in Ionad Cuairteoir\u00ed Bhaile Chruaich cl\u00e1ir oideachais um sp\u00e9artha dorcha ar f\u00e1il do scoileanna agus gr\u00fapa\u00ed (riachtanais a chur in \u00e1irithe roimh r\u00e9) agus faisn\u00e9is l\u00e9irmh\u00ednithe do chuairteoir\u00ed. Ionad Cuairteoir\u00ed Bhaile ChruaichP\u00e1irc N\u00e1isi\u00fanta N\u00e9ifinne Fi\u00e1ineAn tSeirbh\u00eds P\u00e1irceanna N\u00e1isi\u00fanta [&hellip;]","og_url":"https:\/\/www.mayodarkskypark.ie\/ga\/dean-teagmhail-linn\/","og_site_name":"P\u00e1irc Sp\u00e9ire Dorcha Mhaigh Eo","article_publisher":"https:\/\/www.facebook.com\/mayodarkskies\/","article_modified_time":"2025-01-13T10:40:08+00:00","og_image":[{"width":1200,"height":265,"url":"https:\/\/www.mayodarkskypark.ie\/wp-content\/uploads\/2023\/11\/Banner02.jpg","type":"image\/jpeg"}],"twitter_card":"summary_large_image","twitter_misc":{"Est. reading time":"2 minutes"},"schema":{"@context":"https:\/\/schema.org","@graph":[{"@type":"WebPage","@id":"https:\/\/www.mayodarkskypark.ie\/ga\/dean-teagmhail-linn\/","url":"https:\/\/www.mayodarkskypark.ie\/ga\/dean-teagmhail-linn\/","name":"D\u00e9an Teagmh\u00e1il Linn - P\u00e1irc Sp\u00e9ire Dorcha Mhaigh Eo","isPartOf":{"@id":"https:\/\/www.mayodarkskypark.ie\/#website"},"primaryImageOfPage":{"@id":"https:\/\/www.mayodarkskypark.ie\/ga\/dean-teagmhail-linn\/#primaryimage"},"image":{"@id":"https:\/\/www.mayodarkskypark.ie\/ga\/dean-teagmhail-linn\/#primaryimage"},"thumbnailUrl":"https:\/\/www.mayodarkskypark.ie\/wp-content\/uploads\/2023\/11\/Banner02.jpg","datePublished":"2023-11-22T12:14:30+00:00","dateModified":"2025-01-13T10:40:08+00:00","breadcrumb":{"@id":"https:\/\/www.mayodarkskypark.ie\/ga\/dean-teagmhail-linn\/#breadcrumb"},"inLanguage":"ga-IE","potentialAction":[{"@type":"ReadAction","target":["https:\/\/www.mayodarkskypark.ie\/ga\/dean-teagmhail-linn\/"]}]},{"@type":"ImageObject","inLanguage":"ga-IE","@id":"https:\/\/www.mayodarkskypark.ie\/ga\/dean-teagmhail-linn\/#primaryimage","url":"https:\/\/www.mayodarkskypark.ie\/wp-content\/uploads\/2023\/11\/Banner02.jpg","contentUrl":"https:\/\/www.mayodarkskypark.ie\/wp-content\/uploads\/2023\/11\/Banner02.jpg","width":1200,"height":265},{"@type":"BreadcrumbList","@id":"https:\/\/www.mayodarkskypark.ie\/ga\/dean-teagmhail-linn\/#breadcrumb","itemListElement":[{"@type":"ListItem","position":1,"name":"Home","item":"https:\/\/www.mayodarkskypark.ie\/ga\/"},{"@type":"ListItem","position":2,"name":"D\u00e9an Teagmh\u00e1il Linn"}]},{"@type":"WebSite","@id":"https:\/\/www.mayodarkskypark.ie\/#website","url":"https:\/\/www.mayodarkskypark.ie\/","name":"Mayo Dark Sky Park","description":"International Dark Sky Place of the Year 2024","publisher":{"@id":"https:\/\/www.mayodarkskypark.ie\/#organization"},"potentialAction":[{"@type":"SearchAction","target":{"@type":"EntryPoint","urlTemplate":"https:\/\/www.mayodarkskypark.ie\/?s={search_term_string}"},"query-input":{"@type":"PropertyValueSpecification","valueRequired":true,"valueName":"search_term_string"}}],"inLanguage":"ga-IE"},{"@type":"Organization","@id":"https:\/\/www.mayodarkskypark.ie\/#organization","name":"Mayo Dark Sky Park","url":"https:\/\/www.mayodarkskypark.ie\/","logo":{"@type":"ImageObject","inLanguage":"ga-IE","@id":"https:\/\/www.mayodarkskypark.ie\/#\/schema\/logo\/image\/","url":"https:\/\/www.mayodarkskypark.ie\/wp-content\/uploads\/2023\/11\/mayo-dark-sky-park.png","contentUrl":"https:\/\/www.mayodarkskypark.ie\/wp-content\/uploads\/2023\/11\/mayo-dark-sky-park.png","width":246,"height":70,"caption":"Mayo Dark Sky Park"},"image":{"@id":"https:\/\/www.mayodarkskypark.ie\/#\/schema\/logo\/image\/"},"sameAs":["https:\/\/www.facebook.com\/mayodarkskies\/"]}]}},"spectra_custom_meta":{"adv-header-id-meta":[""],"stick-header-meta":[""],"site-post-title":["disabled"],"theme-transparent-header-meta":[""],"_top_nav_excluded":[""],"_cms_nav_minihome":[""],"_thumbnail_id":["475"],"_last_translation_edit_mode":["translation-editor"],"_tribe_ticket_capacity":["0"],"_tribe_ticket_version":["5.13.4"],"_uag_css_file_name":["uag-css-655.css"],"_uagb_previous_block_counts":["a:90:{s:21:\"uagb\/advanced-heading\";i:0;s:15:\"uagb\/blockquote\";i:0;s:12:\"uagb\/buttons\";i:0;s:18:\"uagb\/buttons-child\";i:0;s:19:\"uagb\/call-to-action\";i:0;s:15:\"uagb\/cf7-styler\";i:0;s:11:\"uagb\/column\";i:0;s:12:\"uagb\/columns\";i:0;s:14:\"uagb\/container\";i:0;s:21:\"uagb\/content-timeline\";i:0;s:27:\"uagb\/content-timeline-child\";i:0;s:14:\"uagb\/countdown\";i:0;s:12:\"uagb\/counter\";i:0;s:8:\"uagb\/faq\";i:0;s:14:\"uagb\/faq-child\";i:0;s:10:\"uagb\/forms\";i:0;s:17:\"uagb\/forms-accept\";i:0;s:19:\"uagb\/forms-checkbox\";i:0;s:15:\"uagb\/forms-date\";i:0;s:16:\"uagb\/forms-email\";i:0;s:17:\"uagb\/forms-hidden\";i:0;s:15:\"uagb\/forms-name\";i:0;s:16:\"uagb\/forms-phone\";i:0;s:16:\"uagb\/forms-radio\";i:0;s:17:\"uagb\/forms-select\";i:0;s:19:\"uagb\/forms-textarea\";i:0;s:17:\"uagb\/forms-toggle\";i:0;s:14:\"uagb\/forms-url\";i:0;s:14:\"uagb\/gf-styler\";i:0;s:15:\"uagb\/google-map\";i:0;s:11:\"uagb\/how-to\";i:0;s:16:\"uagb\/how-to-step\";i:0;s:9:\"uagb\/icon\";i:0;s:14:\"uagb\/icon-list\";i:0;s:20:\"uagb\/icon-list-child\";i:0;s:10:\"uagb\/image\";i:0;s:18:\"uagb\/image-gallery\";i:0;s:13:\"uagb\/info-box\";i:0;s:18:\"uagb\/inline-notice\";i:0;s:11:\"uagb\/lottie\";i:0;s:21:\"uagb\/marketing-button\";i:0;s:10:\"uagb\/modal\";i:0;s:18:\"uagb\/popup-builder\";i:0;s:16:\"uagb\/post-button\";i:0;s:18:\"uagb\/post-carousel\";i:0;s:17:\"uagb\/post-excerpt\";i:0;s:14:\"uagb\/post-grid\";i:0;s:15:\"uagb\/post-image\";i:0;s:17:\"uagb\/post-masonry\";i:0;s:14:\"uagb\/post-meta\";i:0;s:18:\"uagb\/post-taxonomy\";i:0;s:18:\"uagb\/post-timeline\";i:0;s:15:\"uagb\/post-title\";i:0;s:20:\"uagb\/restaurant-menu\";i:0;s:26:\"uagb\/restaurant-menu-child\";i:0;s:11:\"uagb\/review\";i:0;s:12:\"uagb\/section\";i:0;s:14:\"uagb\/separator\";i:0;s:11:\"uagb\/slider\";i:0;s:17:\"uagb\/slider-child\";i:0;s:17:\"uagb\/social-share\";i:0;s:23:\"uagb\/social-share-child\";i:0;s:16:\"uagb\/star-rating\";i:0;s:23:\"uagb\/sure-cart-checkout\";i:0;s:22:\"uagb\/sure-cart-product\";i:0;s:15:\"uagb\/sure-forms\";i:0;s:22:\"uagb\/table-of-contents\";i:0;s:9:\"uagb\/tabs\";i:0;s:15:\"uagb\/tabs-child\";i:0;s:18:\"uagb\/taxonomy-list\";i:0;s:9:\"uagb\/team\";i:0;s:16:\"uagb\/testimonial\";i:0;s:14:\"uagb\/wp-search\";i:0;s:19:\"uagb\/instagram-feed\";i:0;s:10:\"uagb\/login\";i:0;s:17:\"uagb\/loop-builder\";i:0;s:18:\"uagb\/loop-category\";i:0;s:20:\"uagb\/loop-pagination\";i:0;s:15:\"uagb\/loop-reset\";i:0;s:16:\"uagb\/loop-search\";i:0;s:14:\"uagb\/loop-sort\";i:0;s:17:\"uagb\/loop-wrapper\";i:0;s:13:\"uagb\/register\";i:0;s:19:\"uagb\/register-email\";i:0;s:24:\"uagb\/register-first-name\";i:0;s:23:\"uagb\/register-last-name\";i:0;s:22:\"uagb\/register-password\";i:0;s:30:\"uagb\/register-reenter-password\";i:0;s:19:\"uagb\/register-terms\";i:0;s:22:\"uagb\/register-username\";i:0;}"],"_uag_page_assets":["a:9:{s:3:\"css\";s:260:\".uag-blocks-common-selector{z-index:var(--z-index-desktop) !important}@media(max-width: 976px){.uag-blocks-common-selector{z-index:var(--z-index-tablet) !important}}@media(max-width: 767px){.uag-blocks-common-selector{z-index:var(--z-index-mobile) !important}}\";s:2:\"js\";s:0:\"\";s:18:\"current_block_list\";a:8:{i:0;s:12:\"core\/heading\";i:1;s:14:\"core\/paragraph\";i:2;s:10:\"core\/group\";i:3;s:12:\"core\/buttons\";i:4;s:11:\"core\/button\";i:6;s:10:\"core\/image\";i:8;s:9:\"core\/html\";i:9;s:11:\"core\/spacer\";}s:8:\"uag_flag\";b:0;s:11:\"uag_version\";s:10:\"1776864362\";s:6:\"gfonts\";a:0:{}s:10:\"gfonts_url\";s:0:\"\";s:12:\"gfonts_files\";a:0:{}s:14:\"uag_faq_layout\";b:0;}"]},"uagb_featured_image_src":{"full":["https:\/\/www.mayodarkskypark.ie\/wp-content\/uploads\/2023\/11\/Banner02.jpg",1200,265,false],"thumbnail":["https:\/\/www.mayodarkskypark.ie\/wp-content\/uploads\/2023\/11\/Banner02-150x150.jpg",150,150,true],"medium":["https:\/\/www.mayodarkskypark.ie\/wp-content\/uploads\/2023\/11\/Banner02-300x66.jpg",300,66,true],"medium_large":["https:\/\/www.mayodarkskypark.ie\/wp-content\/uploads\/2023\/11\/Banner02-768x170.jpg",768,170,true],"large":["https:\/\/www.mayodarkskypark.ie\/wp-content\/uploads\/2023\/11\/Banner02-1024x226.jpg",1024,226,true],"1536x1536":["https:\/\/www.mayodarkskypark.ie\/wp-content\/uploads\/2023\/11\/Banner02.jpg",1200,265,false],"2048x2048":["https:\/\/www.mayodarkskypark.ie\/wp-content\/uploads\/2023\/11\/Banner02.jpg",1200,265,false]},"uagb_author_info":{"display_name":"Robert Lockwood","author_link":"https:\/\/www.mayodarkskypark.ie\/ga\/author\/robert-lockwood\/"},"uagb_comment_info":0,"uagb_excerpt":"D\u00e9an Teagmh\u00e1il Linn P\u00e1irc Sp\u00e9ire Dorcha Mhaigh Eo \/ P\u00e1irc N\u00e1isi\u00fanta N\u00e9ifinne Fi\u00e1ine Cuireann an fhoireann Oideachais in Ionad Cuairteoir\u00ed Bhaile Chruaich cl\u00e1ir oideachais um sp\u00e9artha dorcha ar f\u00e1il do scoileanna agus gr\u00fapa\u00ed (riachtanais a chur in \u00e1irithe roimh r\u00e9) agus faisn\u00e9is l\u00e9irmh\u00ednithe do chuairteoir\u00ed. Ionad Cuairteoir\u00ed Bhaile ChruaichP\u00e1irc N\u00e1isi\u00fanta N\u00e9ifinne Fi\u00e1ineAn tSeirbh\u00eds P\u00e1irceanna N\u00e1isi\u00fanta&hellip;","_links":{"self":[{"href":"https:\/\/www.mayodarkskypark.ie\/ga\/wp-json\/wp\/v2\/pages\/655","targetHints":{"allow":["GET"]}}],"collection":[{"href":"https:\/\/www.mayodarkskypark.ie\/ga\/wp-json\/wp\/v2\/pages"}],"about":[{"href":"https:\/\/www.mayodarkskypark.ie\/ga\/wp-json\/wp\/v2\/types\/page"}],"author":[{"embeddable":true,"href":"https:\/\/www.mayodarkskypark.ie\/ga\/wp-json\/wp\/v2\/users\/1"}],"replies":[{"embeddable":true,"href":"https:\/\/www.mayodarkskypark.ie\/ga\/wp-json\/wp\/v2\/comments?post=655"}],"version-history":[{"count":2,"href":"https:\/\/www.mayodarkskypark.ie\/ga\/wp-json\/wp\/v2\/pages\/655\/revisions"}],"predecessor-version":[{"id":1724,"href":"https:\/\/www.mayodarkskypark.ie\/ga\/wp-json\/wp\/v2\/pages\/655\/revisions\/1724"}],"wp:featuredmedia":[{"embeddable":true,"href":"https:\/\/www.mayodarkskypark.ie\/ga\/wp-json\/wp\/v2\/media\/475"}],"wp:attachment":[{"href":"https:\/\/www.mayodarkskypark.ie\/ga\/wp-json\/wp\/v2\/media?parent=655"}],"curies":[{"name":"wp","href":"https:\/\/api.w.org\/{rel}","templated":true}]}}